{"id":12201,"date":"2018-09-12T11:01:38","date_gmt":"2018-09-12T11:01:38","guid":{"rendered":"https:\/\/www.jvmmetal.cz\/pasovy-dopravnik-profi\/"},"modified":"2026-03-18T08:39:47","modified_gmt":"2026-03-18T08:39:47","slug":"profi-foerderband","status":"publish","type":"page","link":"https:\/\/www.jvmmetal.cz\/de\/profi-foerderband\/","title":{"rendered":"PROFI F\u00f6rderband"},"content":{"rendered":"<div class=\"wpb-content-wrapper\"><p>[vc_row][vc_column width=&#8221;2\/3&#8243;][vc_custom_heading source=&#8221;post_title&#8221; font_container=&#8221;tag:h1|text_align:left&#8221; use_theme_fonts=&#8221;yes&#8221; css=&#8221;&#8221;][vc_column_text css=&#8221;&#8221;]Das F\u00f6rderband, das auf jeder Baustelle oder in Ihrer Produktionslinie eingesetzt werden kann.<br \/>\nWenn Sie ein Bauunternehmen sind oder ein eigenes Haus bauen und Material einfach und schnell transportieren m\u00fcssen, ist unser Bauf\u00f6rderband die ideale L\u00f6sung.<\/p>\n<p>Eine weitere M\u00f6glichkeit besteht darin, das F\u00f6rderband in die Produktionstechnologie zu integrieren, wobei wir den Maschinenbau so anpassen, dass er Ihrer Technologie entspricht.<\/p>\n<p>Unter dem Band sind freilaufende Rollen in V-Form angebracht. Dies sorgt daf\u00fcr, dass das F\u00f6rderband eine Rinne bildet und das Material in der Mitte des Bandes transportiert wird.<\/p>\n<p><strong>Das PROFI F\u00f6rderband<\/strong> ist aus einem Stahlrahmen gefertigt, um den Bedingungen auf Baustellen oder in Produktionsumgebungen standzuhalten. Gleichzeitig ist die Konstruktion so leicht wie m\u00f6glich, um eine einfache Handhabung zu gew\u00e4hrleisten.[\/vc_column_text][vc_column_text]<\/p>\n<style type=\"text\/css\">\n#foogallery-gallery-10598 .fg-image { width: 240px; }\n#foogallery-gallery-10598 { --fg-gutter: 5px; }<\/style>\n\t\t\t<div class=\"foogallery foogallery-container foogallery-default foogallery-lightbox-foobox fg-left fg-default fg-ready fg-light fg-loading-default fg-loaded-fade-in fg-caption-hover fg-hover-fade fg-hover-zoom\" id=\"foogallery-gallery-10598\" data-foogallery=\"{&quot;item&quot;:{&quot;showCaptionTitle&quot;:true,&quot;showCaptionDescription&quot;:true},&quot;lazy&quot;:true}\" style=\"--fg-title-line-clamp: 0; --fg-description-line-clamp: 0;\" >\n\t<div class=\"fg-item fg-type-image fg-idle\"><figure class=\"fg-item-inner\"><a href=\"https:\/\/www.jvmmetal.cz\/wp-content\/uploads\/2021\/08\/20210610-183748.jpg\" data-attachment-id=\"13744\" data-type=\"image\" class=\"fg-thumb\"><span class=\"fg-image-wrap\"><img decoding=\"async\" width=\"240\" height=\"150\" class=\"skip-lazy fg-image\" data-src-fg=\"https:\/\/www.jvmmetal.cz\/wp-content\/uploads\/cache\/2021\/08\/20210610-183748\/2991750397.jpg\" src=\"data:image\/svg+xml,%3Csvg%20xmlns%3D%22http%3A%2F%2Fwww.w3.org%2F2000%2Fsvg%22%20width%3D%22240%22%20height%3D%22150%22%20viewBox%3D%220%200%20240%20150%22%3E%3C%2Fsvg%3E\" loading=\"eager\"><\/span><span class=\"fg-image-overlay\"><\/span><\/a><\/figure><div class=\"fg-loader\"><\/div><\/div><div class=\"fg-item fg-type-image fg-idle\"><figure class=\"fg-item-inner\"><a href=\"https:\/\/www.jvmmetal.cz\/wp-content\/uploads\/2021\/08\/20210624-145819.jpg\" data-attachment-id=\"13742\" data-type=\"image\" class=\"fg-thumb\"><span class=\"fg-image-wrap\"><img decoding=\"async\" width=\"240\" height=\"150\" class=\"skip-lazy fg-image\" data-src-fg=\"https:\/\/www.jvmmetal.cz\/wp-content\/uploads\/cache\/2021\/08\/20210624-145819\/4086353462.jpg\" src=\"data:image\/svg+xml,%3Csvg%20xmlns%3D%22http%3A%2F%2Fwww.w3.org%2F2000%2Fsvg%22%20width%3D%22240%22%20height%3D%22150%22%20viewBox%3D%220%200%20240%20150%22%3E%3C%2Fsvg%3E\" loading=\"eager\"><\/span><span class=\"fg-image-overlay\"><\/span><\/a><\/figure><div class=\"fg-loader\"><\/div><\/div><div class=\"fg-item fg-type-image fg-idle\"><figure class=\"fg-item-inner\"><a href=\"https:\/\/www.jvmmetal.cz\/wp-content\/uploads\/2021\/08\/stojan-1.jpg\" data-attachment-id=\"13740\" data-type=\"image\" class=\"fg-thumb\"><span class=\"fg-image-wrap\"><img decoding=\"async\" width=\"240\" height=\"150\" class=\"skip-lazy fg-image\" data-src-fg=\"https:\/\/www.jvmmetal.cz\/wp-content\/uploads\/cache\/2021\/08\/stojan-1\/2778944096.jpg\" src=\"data:image\/svg+xml,%3Csvg%20xmlns%3D%22http%3A%2F%2Fwww.w3.org%2F2000%2Fsvg%22%20width%3D%22240%22%20height%3D%22150%22%20viewBox%3D%220%200%20240%20150%22%3E%3C%2Fsvg%3E\" loading=\"eager\"><\/span><span class=\"fg-image-overlay\"><\/span><\/a><\/figure><div class=\"fg-loader\"><\/div><\/div><\/div>\n\n<p>[\/vc_column_text][vc_empty_space css=&#8221;.vc_custom_1581584713012{margin: 0px !important;padding: 0px !important;}&#8221;][vc_raw_html css=&#8221;&#8221;]JTNDZGl2JTIwY2xhc3MlM0QlMjJ2aWRlb1dyYXBwZXIlMjIlM0UlMEElMjAlMjAlMjAlMjAlM0MlMjEtLSUyMENvcHklMjAlMjYlMjBQYXN0ZWQlMjBmcm9tJTIwWW91VHViZSUyMC0tJTNFJTBBJTNDaWZyYW1lJTIwd2lkdGglM0QlMjI1NjAlMjIlMjBoZWlnaHQlM0QlMjIzMTUlMjIlMjBzcmMlM0QlMjJodHRwcyUzQSUyRiUyRnd3dy55b3V0dWJlLmNvbSUyRmVtYmVkJTJGcDZDaDdHRFdUcGMlMjIlMjBmcmFtZWJvcmRlciUzRCUyMjAlMjIlMjBhbGxvdyUzRCUyMmFjY2VsZXJvbWV0ZXIlM0IlMjBhdXRvcGxheSUzQiUyMGVuY3J5cHRlZC1tZWRpYSUzQiUyMGd5cm9zY29wZSUzQiUyMHBpY3R1cmUtaW4tcGljdHVyZSUyMiUyMGFsbG93ZnVsbHNjcmVlbiUzRSUzQyUyRmlmcmFtZSUzRSUwQSUzQyUyRmRpdiUzRQ==[\/vc_raw_html][vc_empty_space css=&#8221;.vc_custom_1581584713012{margin: 0px !important;padding: 0px !important;}&#8221;][vc_column_text css=&#8221;&#8221;]Standardl\u00e4ngen des F\u00f6rderbands: 3 \/ 4 \/ 5 \/ 6 \/ 7 \/ 8 Meter<br \/>\nF\u00fcr individuelle Anwendungen bieten wir F\u00f6rderb\u00e4nder bis zu 50 Meter L\u00e4nge an.<\/p>\n<p>Das universelle PROFI F\u00f6rderband in Standardl\u00e4ngen finden Sie in unserem <a href=\"https:\/\/www.jvmmetal.de\/product\/profi-bandforderer\/?_gl=1*18jhzo9*_gcl_au*MTk5OTIyMTM4Ny4xNzY5NjAzMTcw\" target=\"_blank\" rel=\"noopener\">E-Shop<\/a><strong> auf Lager<\/strong>.[\/vc_column_text]<a href=\"https:\/\/www.jvmmetal.de\/product\/profi-bandforderer\/?_gl=1*12wj2ip*_gcl_au*MTk5OTIyMTM4Ny4xNzY5NjAzMTcw\" target=\"_blank\" title=\"\" data-id=\"mpc_button-556a096d6aa51cd\" class=\"mpc-button mpc-init mpc-transition mpc-typography--preset_2 objednat-button\" rel=\"noopener\"><div class=\"mpc-button__content mpc-effect-type--none mpc-effect-side--none\"><span class=\"mpc-button__title mpc-transition\">Im E-Shop bestellen<\/span><\/div><div class=\"mpc-button__background mpc-transition mpc-effect-type--fade mpc-effect-side--in\"><\/div><\/a>[vc_empty_space height=&#8221;22px&#8221; css=&#8221;.vc_custom_1628770353612{margin-top: 0px !important;margin-right: 0px !important;margin-bottom: 0px !important;margin-left: 0px !important;padding-top: 0px !important;padding-right: 0px !important;padding-bottom: 0px !important;padding-left: 0px !important;}&#8221;][vc_column_text css=&#8221;&#8221;]<strong><span style=\"font-weight: normal;\">Standardbreiten des F\u00f6rderbandes<\/span>:<\/strong> 400 \/ 600 \/ 800 \/ 1000 mm<\/p>\n<h4><strong><u>Antrieb des F\u00f6rderbands<\/u><\/strong><\/h4>\n<p>Der Antrieb des F\u00f6rderbands erfolgt \u00fcber einen Elektromotor mit Schneckengetriebe, das ausreichend Leistung bietet, um auch gro\u00dfe Lasten zu bew\u00e4ltigen. Die Stromversorgung des F\u00f6rderbands erfolgt \u00fcber 400 V 16 A, gesteuert von einem Elektroschaltkasten mit entsprechender Absicherung.<\/p>\n<style type=\"text\/css\">\n#foogallery-gallery-10824 .fg-image { width: 220px; }\n#foogallery-gallery-10824 { --fg-gutter: 5px; }<\/style>\n\t\t\t<div class=\"foogallery foogallery-container foogallery-default foogallery-lightbox-foobox fg-left fg-default fg-ready fg-light fg-loading-default fg-loaded-fade-in fg-caption-hover fg-hover-fade fg-hover-zoom\" id=\"foogallery-gallery-10824\" data-foogallery=\"{&quot;item&quot;:{&quot;showCaptionTitle&quot;:true,&quot;showCaptionDescription&quot;:true},&quot;lazy&quot;:true}\" style=\"--fg-title-line-clamp: 0; --fg-description-line-clamp: 0;\" >\n\t<div class=\"fg-item fg-type-image fg-idle\"><figure class=\"fg-item-inner\"><a href=\"https:\/\/www.jvmmetal.cz\/wp-content\/uploads\/2018\/09\/Dopravnik-s-gumovym-pasem.jpg\" data-caption-title=\"Dopravn\u00edk s gumov\u00fdm p\u00e1sem\" data-attachment-id=\"12952\" data-type=\"image\" class=\"fg-thumb\"><span class=\"fg-image-wrap\"><img decoding=\"async\" title=\"Dopravn\u00edk s gumov\u00fdm p\u00e1sem\" width=\"220\" height=\"150\" class=\"skip-lazy fg-image\" data-src-fg=\"https:\/\/www.jvmmetal.cz\/wp-content\/uploads\/cache\/2018\/09\/Dopravnik-s-gumovym-pasem\/2502380615.jpg\" src=\"data:image\/svg+xml,%3Csvg%20xmlns%3D%22http%3A%2F%2Fwww.w3.org%2F2000%2Fsvg%22%20width%3D%22220%22%20height%3D%22150%22%20viewBox%3D%220%200%20220%20150%22%3E%3C%2Fsvg%3E\" loading=\"eager\"><\/span><span class=\"fg-image-overlay\"><\/span><\/a><figcaption class=\"fg-caption\"><div class=\"fg-caption-inner\"><div class=\"fg-caption-title\">Dopravn\u00edk s gumov\u00fdm p\u00e1sem<\/div><\/div><\/figcaption><\/figure><div class=\"fg-loader\"><\/div><\/div><div class=\"fg-item fg-type-image fg-idle\"><figure class=\"fg-item-inner\"><a href=\"https:\/\/www.jvmmetal.cz\/wp-content\/uploads\/2018\/09\/pasove-dopravniky.jpg\" data-caption-title=\"P\u00e1sov\u00fd dopravn\u00edk - detail\" data-attachment-id=\"12954\" data-type=\"image\" class=\"fg-thumb\"><span class=\"fg-image-wrap\"><img decoding=\"async\" title=\"P\u00e1sov\u00fd dopravn\u00edk - detail\" width=\"220\" height=\"150\" class=\"skip-lazy fg-image\" data-src-fg=\"https:\/\/www.jvmmetal.cz\/wp-content\/uploads\/cache\/2018\/09\/pasove-dopravniky\/4243140137.jpg\" src=\"data:image\/svg+xml,%3Csvg%20xmlns%3D%22http%3A%2F%2Fwww.w3.org%2F2000%2Fsvg%22%20width%3D%22220%22%20height%3D%22150%22%20viewBox%3D%220%200%20220%20150%22%3E%3C%2Fsvg%3E\" loading=\"eager\"><\/span><span class=\"fg-image-overlay\"><\/span><\/a><figcaption class=\"fg-caption\"><div class=\"fg-caption-inner\"><div class=\"fg-caption-title\">P\u00e1sov\u00fd dopravn\u00edk - detail<\/div><\/div><\/figcaption><\/figure><div class=\"fg-loader\"><\/div><\/div><\/div>\n\n<h4><u>Trichter des F\u00f6rderbands<\/u><\/h4>\n<ul>\n<li>Zu Beginn wird das F\u00f6rderband mit einem erweiterten Trichter ausgestattet, um das Bef\u00fcllen zu erleichtern.<\/li>\n<\/ul>\n<p>Es gibt drei Optionen f\u00fcr Trichter:<\/p>\n<ul>\n<li>Standard kleiner Trichter (f\u00fcr manuelle Bef\u00fcllung)<\/li>\n<li>Standard gro\u00dfer Trichter (f\u00fcr Bef\u00fcllung mit Bagger oder Radlader)<\/li>\n<li>SPECIAL Trichter (ma\u00dfgeschneiderte L\u00f6sung f\u00fcr Ihre spezifische Anwendung)<\/li>\n<\/ul>\n<p>[\/vc_column_text][vc_raw_html css=&#8221;&#8221;]JTVCc2MlMjBuYW1lJTNEJTIya29udGFrdG5pLWZvcm0tYWNjb3JkZW9uLWRlJTIyJTVEJTVCJTJGc2MlNUQ=[\/vc_raw_html][vc_column_text css=&#8221;&#8221;]<\/p>\n<h4><u>F\u00f6rderband<\/u><\/h4>\n<p>Das F\u00f6rderband besteht aus schwarzem Gummi, das widerstandsf\u00e4hig gegen\u00fcber Steinen, Ziegeln, Sand und anderem schwerem Material ist.<\/p>\n<p>Wenn das F\u00f6rderband horizontal oder mit einer Neigung von bis zu 15 Grad verwendet wird, wird ein glattes Band montiert.<br \/>\nF\u00fcr eine Neigung von bis zu 30 Grad wird das Band mit Chevron-F\u00f6rderelementen von 16 mm ausgestattet.<br \/>\nF\u00fcr extreme Neigungen werden h\u00f6here F\u00f6rderelemente von bis zu 80 mm verwendet.<\/p>\n<p><a href=\"https:\/\/www.jvmmetal.cz\/wp-content\/uploads\/2018\/09\/gumov\u00fd-p\u00e1s-chevron.jpg\"><img loading=\"lazy\" decoding=\"async\" class=\"foobox wp-image-6757 size-thumbnail\" src=\"https:\/\/www.jvmmetal.cz\/wp-content\/uploads\/2018\/09\/gumov\u00fd-p\u00e1s-chevron-200x150.jpg\" alt=\"\" width=\"200\" height=\"150\" srcset=\"https:\/\/www.jvmmetal.cz\/wp-content\/uploads\/2018\/09\/gumov\u00fd-p\u00e1s-chevron-200x150.jpg 200w, https:\/\/www.jvmmetal.cz\/wp-content\/uploads\/2018\/09\/gumov\u00fd-p\u00e1s-chevron-400x300.jpg 400w, https:\/\/www.jvmmetal.cz\/wp-content\/uploads\/2018\/09\/gumov\u00fd-p\u00e1s-chevron-600x450.jpg 600w, https:\/\/www.jvmmetal.cz\/wp-content\/uploads\/2018\/09\/gumov\u00fd-p\u00e1s-chevron.jpg 650w\" sizes=\"auto, (max-width: 200px) 100vw, 200px\" \/><\/a><\/p>\n<h4><u>Tr\u00e4ger des F\u00f6rderbands<\/u><\/h4>\n<p>F\u00fcr die Standardausf\u00fchrung des F\u00f6rderbands bieten wir drei Arten von Tr\u00e4gern an:<\/p>\n<ul>\n<li>Horizontale Tr\u00e4ger 500 mm<\/li>\n<li>Schr\u00e4ge Tr\u00e4ger STANDARD (Neigung und Entladestandardh\u00f6he je nach F\u00f6rderbandl\u00e4nge)<\/li>\n<li>Sondertr\u00e4ger SPECIAL (ma\u00dfgefertigt nach Ihrer speziellen Anwendung)<\/li>\n<\/ul>\n<h4><u>Elektroinstallation des F\u00f6rderbands<\/u><\/h4>\n<p>Die Steuerung des F\u00f6rderbands erfolgt \u00fcber einen Elektroschaltkasten.<br \/>\nSteuerungselemente \u2013 Start, Stopp, zentraler Stopp<br \/>\nAusf\u00fchrung: 230 V oder 400 V 16 A<\/p>\n<p>Falls erforderlich, kann das F\u00f6rderband mit einem Sicherheits-Notaus-Seilabschalter ausgestattet werden, der \u00fcber die gesamte L\u00e4nge des F\u00f6rderbands verl\u00e4uft.<\/p>\n<p>Variante mit Frequenzumrichter f\u00fcr eine stufenlose Drehzahlregelung[\/vc_column_text][vc_empty_space css=&#8221;.vc_custom_1581924848346{margin: 0px !important;padding: 0px !important;}&#8221;][vc_raw_html]JTNDZGl2JTIwY2xhc3MlM0QlMjJ2aWRlb1dyYXBwZXIlMjIlM0UlMEElMjAlMjAlMjAlMjAlM0MlMjEtLSUyMENvcHklMjAlMjYlMjBQYXN0ZWQlMjBmcm9tJTIwWW91VHViZSUyMC0tJTNFJTBBJTNDaWZyYW1lJTIwd2lkdGglM0QlMjI1NjAlMjIlMjBoZWlnaHQlM0QlMjIzMTUlMjIlMjBzcmMlM0QlMjJodHRwcyUzQSUyRiUyRnd3dy55b3V0dWJlLmNvbSUyRmVtYmVkJTJGeHJfODgzSk53ZFklMjIlMjBmcmFtZWJvcmRlciUzRCUyMjAlMjIlMjBhbGxvdyUzRCUyMmFjY2VsZXJvbWV0ZXIlM0IlMjBhdXRvcGxheSUzQiUyMGVuY3J5cHRlZC1tZWRpYSUzQiUyMGd5cm9zY29wZSUzQiUyMHBpY3R1cmUtaW4tcGljdHVyZSUyMiUyMGFsbG93ZnVsbHNjcmVlbiUzRSUzQyUyRmlmcmFtZSUzRSUwQSUzQyUyRmRpdiUzRQ==[\/vc_raw_html][vc_empty_space css=&#8221;.vc_custom_1581924848346{margin: 0px !important;padding: 0px !important;}&#8221;][vc_column_text css=&#8221;&#8221;]Ersatzteile f\u00fcr F\u00f6rderb\u00e4nder wie B\u00e4nder und Rollen finden Sie in der Kategorie F\u00f6rderbandkomponenten <a href=\"https:\/\/www.jvmmetal.cz\/dopravnikove-komponenty-stranka\/\">HIER.<\/a>[\/vc_column_text][\/vc_column][vc_column width=&#8221;1\/3&#8243;][vc_widget_sidebar sidebar_id=&#8221;blog-sidebar&#8221;][\/vc_column][\/vc_row]<\/p>\n<\/div>","protected":false},"excerpt":{"rendered":"<p>[vc_row][vc_column width=&#8221;2\/3&#8243;][vc_custom_heading source=&#8221;post_title&#8221; font_container=&#8221;tag:h1|text_align:left&#8221; use_theme_fonts=&#8221;yes&#8221; css=&#8221;&#8221;][vc_column_text css=&#8221;&#8221;]Das F\u00f6rderband, das auf jeder Baustelle oder in Ihrer Produktionslinie eingesetzt werden kann. Wenn Sie ein Bauunternehmen sind oder ein eigenes<\/p>\n","protected":false},"author":1,"featured_media":12203,"parent":0,"menu_order":0,"comment_status":"closed","ping_status":"open","template":"","meta":{"footnotes":""},"categories":[154],"tags":[186],"class_list":["post-12201","page","type-page","status-publish","has-post-thumbnail","hentry","category-unkategorisiert","tag-dopravniky"],"_links":{"self":[{"href":"https:\/\/www.jvmmetal.cz\/de\/wp-json\/wp\/v2\/pages\/12201","targetHints":{"allow":["GET"]}}],"collection":[{"href":"https:\/\/www.jvmmetal.cz\/de\/wp-json\/wp\/v2\/pages"}],"about":[{"href":"https:\/\/www.jvmmetal.cz\/de\/wp-json\/wp\/v2\/types\/page"}],"author":[{"embeddable":true,"href":"https:\/\/www.jvmmetal.cz\/de\/wp-json\/wp\/v2\/users\/1"}],"replies":[{"embeddable":true,"href":"https:\/\/www.jvmmetal.cz\/de\/wp-json\/wp\/v2\/comments?post=12201"}],"version-history":[{"count":10,"href":"https:\/\/www.jvmmetal.cz\/de\/wp-json\/wp\/v2\/pages\/12201\/revisions"}],"predecessor-version":[{"id":13954,"href":"https:\/\/www.jvmmetal.cz\/de\/wp-json\/wp\/v2\/pages\/12201\/revisions\/13954"}],"wp:featuredmedia":[{"embeddable":true,"href":"https:\/\/www.jvmmetal.cz\/de\/wp-json\/wp\/v2\/media\/12203"}],"wp:attachment":[{"href":"https:\/\/www.jvmmetal.cz\/de\/wp-json\/wp\/v2\/media?parent=12201"}],"wp:term":[{"taxonomy":"category","embeddable":true,"href":"https:\/\/www.jvmmetal.cz\/de\/wp-json\/wp\/v2\/categories?post=12201"},{"taxonomy":"post_tag","embeddable":true,"href":"https:\/\/www.jvmmetal.cz\/de\/wp-json\/wp\/v2\/tags?post=12201"}],"curies":[{"name":"wp","href":"https:\/\/api.w.org\/{rel}","templated":true}]}}