{"id":12223,"date":"2018-09-12T11:08:58","date_gmt":"2018-09-12T11:08:58","guid":{"rendered":"https:\/\/www.jvmmetal.cz\/pasovy-dopravnik-standard\/"},"modified":"2026-02-12T19:44:40","modified_gmt":"2026-02-12T19:44:40","slug":"standard-foerderband","status":"publish","type":"page","link":"https:\/\/www.jvmmetal.cz\/de\/standard-foerderband\/","title":{"rendered":"Standard F\u00f6rderband"},"content":{"rendered":"<div class=\"wpb-content-wrapper\"><p>[vc_row][vc_column width=&#8221;2\/3&#8243;][vc_custom_heading source=&#8221;post_title&#8221; font_container=&#8221;tag:h1|text_align:left&#8221; use_theme_fonts=&#8221;yes&#8221; css=&#8221;&#8221;][vc_column_text css=&#8221;&#8221;]<strong>Das universelle F\u00f6rderband<\/strong> ist f\u00fcr mittlere Belastungen ausgelegt. Es findet Anwendung bei der Handhabung von Material jeglicher Art. Am h\u00e4ufigsten wird es als F\u00f6rderband f\u00fcr Kohle, Holz, Hackschnitzel, S\u00e4gemehl, Baumaterialien oder Schutt verwendet.<\/p>\n<p>Die Grundlage des F\u00f6rderbands ist ein leichter <strong>Stahlrahmen<\/strong>. <strong>Die F\u00f6rderb\u00e4nder<\/strong> werden mit einem Trichter und einer Gleitschiene geliefert, um das Material pr\u00e4zise zu bewegen. Das F\u00f6rderband kann mit einem <strong>glatten Band<\/strong> (f\u00fcr den Einsatz in horizontaler Position) oder mit einem <strong>Band mit Aufnehmern<\/strong> (f\u00fcr den Einsatz unter Neigung) ausgestattet werden. Das <strong>F\u00f6rderband<\/strong> selbst besteht <strong>aus PVC<\/strong> und hat eine Breite von <strong>280 mm<\/strong>.<\/p>\n<p><strong>Das STANDARD F\u00f6rderband<\/strong> kann im <a href=\"https:\/\/www.jvmmetal.de\/?_gl=1*10cl4zk*_gcl_au*MTk5OTIyMTM4Ny4xNzY5NjAzMTcw\" target=\"_blank\" rel=\"noopener\">Online-Shop<\/a> <a href=\"https:\/\/www.jvmmetal.de\/product\/standard-forderband\/?_gl=1*10cl4zk*_gcl_au*MTk5OTIyMTM4Ny4xNzY5NjAzMTcw\" target=\"_blank\" rel=\"noopener\">bestellt werden<\/a>. Wir bieten die folgenden Standardl\u00e4ngen an: <strong>2 m, 3 m, 4 m, 5 m, 6 m, 7 m, 8 m.<\/strong> Alle angebotenen Varianten sind <strong>auf Lager.<\/strong>[\/vc_column_text]<a href=\"https:\/\/www.jvmmetal.de\/product\/standard-forderband\/?_gl=1*1v4fcd7*_gcl_au*MTk5OTIyMTM4Ny4xNzY5NjAzMTcw&#038;xdomain_data=Dvtd0FOKZt%2BoG6pbHoRbJ%2FrVUr2NtQ720HZJXoO07IYp61uA0HXgjr5fKNX%2FwNmB\" target=\"_blank\" title=\"\" data-id=\"mpc_button-676a096d709ea8e\" class=\"mpc-button mpc-init mpc-transition mpc-typography--preset_2 objednat-button\" rel=\"noopener\"><div class=\"mpc-button__content mpc-effect-type--none mpc-effect-side--none\"><span class=\"mpc-button__title mpc-transition\">Im Online-Shop bestellen<\/span><\/div><div class=\"mpc-button__background mpc-transition mpc-effect-type--fade mpc-effect-side--in\"><\/div><\/a>[vc_empty_space height=&#8221;22px&#8221; css=&#8221;.vc_custom_1628770353612{margin-top: 0px !important;margin-right: 0px !important;margin-bottom: 0px !important;margin-left: 0px !important;padding-top: 0px !important;padding-right: 0px !important;padding-bottom: 0px !important;padding-left: 0px !important;}&#8221;][vc_column_text]<\/p>\n<style type=\"text\/css\">\n#foogallery-gallery-8826.fg-justified .fg-item { margin-right: 2px; margin-bottom: 2px; }\n#foogallery-gallery-8826.fg-justified .fg-image { height: 200px; }<\/style>\n\t\t\t<div class=\"foogallery foogallery-container foogallery-justified foogallery-lightbox-foobox fg-justified fg-ready fg-light fg-loading-default fg-loaded-fade-in fg-caption-always fg-hover-fade fg-hover-zoom2\" id=\"foogallery-gallery-8826\" data-foogallery=\"{&quot;item&quot;:{&quot;showCaptionTitle&quot;:true,&quot;showCaptionDescription&quot;:false},&quot;lazy&quot;:true,&quot;template&quot;:{&quot;rowHeight&quot;:200,&quot;maxRowHeight&quot;:300,&quot;margins&quot;:2,&quot;align&quot;:&quot;center&quot;,&quot;lastRow&quot;:&quot;smart&quot;}}\" style=\"--fg-title-line-clamp: 0; --fg-description-line-clamp: 0;\" >\n\t<div class=\"fg-item fg-type-image fg-idle\"><figure class=\"fg-item-inner\"><a href=\"https:\/\/www.jvmmetal.cz\/wp-content\/uploads\/2020\/02\/belt-conveyor-400-mm.jpg\" data-attachment-id=\"13727\" data-type=\"image\" class=\"fg-thumb\"><span class=\"fg-image-wrap\"><img fetchpriority=\"high\" decoding=\"async\" height=\"300\" width=\"533\" class=\"skip-lazy fg-image\" data-src-fg=\"https:\/\/www.jvmmetal.cz\/wp-content\/uploads\/cache\/2020\/02\/belt-conveyor-400-mm\/4123402463.jpg\" src=\"data:image\/svg+xml,%3Csvg%20xmlns%3D%22http%3A%2F%2Fwww.w3.org%2F2000%2Fsvg%22%20width%3D%22533%22%20height%3D%22300%22%20viewBox%3D%220%200%20533%20300%22%3E%3C%2Fsvg%3E\" loading=\"eager\"><\/span><span class=\"fg-image-overlay\"><\/span><\/a><\/figure><div class=\"fg-loader\"><\/div><\/div><div class=\"fg-item fg-type-image fg-idle\"><figure class=\"fg-item-inner\"><a href=\"https:\/\/www.jvmmetal.cz\/wp-content\/uploads\/2020\/02\/belt-conveyor-for-stones.jpg\" data-attachment-id=\"13729\" data-type=\"image\" class=\"fg-thumb\"><span class=\"fg-image-wrap\"><img decoding=\"async\" height=\"300\" width=\"533\" class=\"skip-lazy fg-image\" data-src-fg=\"https:\/\/www.jvmmetal.cz\/wp-content\/uploads\/cache\/2020\/02\/belt-conveyor-for-stones\/2060479458.jpg\" src=\"data:image\/svg+xml,%3Csvg%20xmlns%3D%22http%3A%2F%2Fwww.w3.org%2F2000%2Fsvg%22%20width%3D%22533%22%20height%3D%22300%22%20viewBox%3D%220%200%20533%20300%22%3E%3C%2Fsvg%3E\" loading=\"eager\"><\/span><span class=\"fg-image-overlay\"><\/span><\/a><\/figure><div class=\"fg-loader\"><\/div><\/div><div class=\"fg-item fg-type-image fg-idle\"><figure class=\"fg-item-inner\"><a href=\"https:\/\/www.jvmmetal.cz\/wp-content\/uploads\/2020\/02\/belt-conveyor-for-wood.jpg\" data-attachment-id=\"13731\" data-type=\"image\" class=\"fg-thumb\"><span class=\"fg-image-wrap\"><img decoding=\"async\" height=\"300\" width=\"533\" class=\"skip-lazy fg-image\" data-src-fg=\"https:\/\/www.jvmmetal.cz\/wp-content\/uploads\/cache\/2020\/02\/belt-conveyor-for-wood\/3067830148.jpg\" src=\"data:image\/svg+xml,%3Csvg%20xmlns%3D%22http%3A%2F%2Fwww.w3.org%2F2000%2Fsvg%22%20width%3D%22533%22%20height%3D%22300%22%20viewBox%3D%220%200%20533%20300%22%3E%3C%2Fsvg%3E\" loading=\"eager\"><\/span><span class=\"fg-image-overlay\"><\/span><\/a><\/figure><div class=\"fg-loader\"><\/div><\/div><div class=\"fg-item fg-type-image fg-idle\"><figure class=\"fg-item-inner\"><a href=\"https:\/\/www.jvmmetal.cz\/wp-content\/uploads\/2020\/02\/coal-belt-conveyor.jpg\" data-attachment-id=\"13733\" data-type=\"image\" class=\"fg-thumb\"><span class=\"fg-image-wrap\"><img decoding=\"async\" height=\"300\" width=\"533\" class=\"skip-lazy fg-image\" data-src-fg=\"https:\/\/www.jvmmetal.cz\/wp-content\/uploads\/cache\/2020\/02\/coal-belt-conveyor\/1129692827.jpg\" src=\"data:image\/svg+xml,%3Csvg%20xmlns%3D%22http%3A%2F%2Fwww.w3.org%2F2000%2Fsvg%22%20width%3D%22533%22%20height%3D%22300%22%20viewBox%3D%220%200%20533%20300%22%3E%3C%2Fsvg%3E\" loading=\"eager\"><\/span><span class=\"fg-image-overlay\"><\/span><\/a><\/figure><div class=\"fg-loader\"><\/div><\/div><div class=\"fg-item fg-type-image fg-idle\"><figure class=\"fg-item-inner\"><a href=\"https:\/\/www.jvmmetal.cz\/wp-content\/uploads\/2020\/02\/conveyor-belt-standard.jpg\" data-attachment-id=\"12225\" data-type=\"image\" class=\"fg-thumb\"><span class=\"fg-image-wrap\"><img decoding=\"async\" height=\"300\" width=\"533\" class=\"skip-lazy fg-image\" data-src-fg=\"https:\/\/www.jvmmetal.cz\/wp-content\/uploads\/cache\/2020\/02\/conveyor-belt-standard\/1912632127.jpg\" src=\"data:image\/svg+xml,%3Csvg%20xmlns%3D%22http%3A%2F%2Fwww.w3.org%2F2000%2Fsvg%22%20width%3D%22533%22%20height%3D%22300%22%20viewBox%3D%220%200%20533%20300%22%3E%3C%2Fsvg%3E\" loading=\"eager\"><\/span><span class=\"fg-image-overlay\"><\/span><\/a><\/figure><div class=\"fg-loader\"><\/div><\/div><div class=\"fg-item fg-type-image fg-idle\"><figure class=\"fg-item-inner\"><a href=\"https:\/\/www.jvmmetal.cz\/wp-content\/uploads\/2020\/02\/conveyor.jpg\" data-attachment-id=\"13738\" data-type=\"image\" class=\"fg-thumb\"><span class=\"fg-image-wrap\"><img decoding=\"async\" height=\"300\" width=\"533\" class=\"skip-lazy fg-image\" data-src-fg=\"https:\/\/www.jvmmetal.cz\/wp-content\/uploads\/cache\/2020\/02\/conveyor\/104902551.jpg\" src=\"data:image\/svg+xml,%3Csvg%20xmlns%3D%22http%3A%2F%2Fwww.w3.org%2F2000%2Fsvg%22%20width%3D%22533%22%20height%3D%22300%22%20viewBox%3D%220%200%20533%20300%22%3E%3C%2Fsvg%3E\" loading=\"eager\"><\/span><span class=\"fg-image-overlay\"><\/span><\/a><\/figure><div class=\"fg-loader\"><\/div><\/div><\/div>\n\n<p>[\/vc_column_text][vc_empty_space css=&#8221;.vc_custom_1581584713012{margin: 0px !important;padding: 0px !important;}&#8221;][vc_column_text css=&#8221;&#8221;]STANDARD ist ein mobiler F\u00f6rderband mit <strong>Handhabungsr\u00e4dern<\/strong>. Er l\u00e4sst sich leicht bewegen und ist in der Grundversion mit verstellbaren St\u00e4ndern ausgestattet. Diese erm\u00f6glichen die Einstellung des ben\u00f6tigten Neigungswinkels.<\/p>\n<p><strong>Der Elektromotor<\/strong> des F\u00f6rderbands und <strong>das Schneckengetriebe<\/strong> bieten eine starke <strong>Leistung von 0,75 kW<\/strong>. Die Stromversorgung des F\u00f6rderbands erfolgt \u00fcber eine Steckdose mit einer Spannung von <strong>230 V<\/strong>. Der strapazierf\u00e4hige <strong>F\u00f6rderband <\/strong>kann \u00fcber ein Steuergeh\u00e4use bedient werden, das die Funktionen <strong>Start, Stop<\/strong> und <strong>Zentralstopp<\/strong> bietet. Die w\u00e4hlbare <strong>Bandgeschwindigkeit <\/strong>betr\u00e4gt <strong>1750 mm\/s, 850 mm\/s<\/strong> oder <strong>450 mm\/s.<\/strong><\/p>\n<p>In unserem Online-Shop finden Sie auch Verpackungsmaschinen, <strong><a href=\"https:\/\/www.jvmmetal.cz\/dopravnikove-systemy\/\">F\u00f6rdersysteme <\/a><\/strong>oder <strong><a href=\"https:\/\/www.jvmmetal.cz\/valeckove-dopravniky\/\">Rollf\u00f6rderb\u00e4nder<\/a>.<\/strong><\/p>\n<h3>Optionale Zubeh\u00f6rteile:<\/h3>\n<ul>\n<li>Seitenw\u00e4nde des F\u00f6rderbands, 100 mm hoch + seitliche Schutzb\u00e4nder.<\/li>\n<li>Die Seitenw\u00e4nde sind besonders n\u00fctzlich bei der F\u00f6rderung von Sch\u00fcttg\u00fctern.<\/li>\n<\/ul>\n<p>[\/vc_column_text][vc_raw_html css=&#8221;&#8221;]JTVCc2MlMjBuYW1lJTNEJTIya29udGFrdG5pLWZvcm0tYWNjb3JkZW9uLWRlJTIyJTVEJTVCJTJGc2MlNUQ=[\/vc_raw_html][\/vc_column][vc_column width=&#8221;1\/3&#8243;][vc_widget_sidebar sidebar_id=&#8221;blog-sidebar&#8221;][\/vc_column][\/vc_row]<\/p>\n<\/div>","protected":false},"excerpt":{"rendered":"<p>[vc_row][vc_column width=&#8221;2\/3&#8243;][vc_custom_heading source=&#8221;post_title&#8221; font_container=&#8221;tag:h1|text_align:left&#8221; use_theme_fonts=&#8221;yes&#8221; css=&#8221;&#8221;][vc_column_text css=&#8221;&#8221;]Das universelle F\u00f6rderband ist f\u00fcr mittlere Belastungen ausgelegt. Es findet Anwendung bei der Handhabung von Material jeglicher Art. Am h\u00e4ufigsten wird<\/p>\n","protected":false},"author":3,"featured_media":12225,"parent":0,"menu_order":0,"comment_status":"closed","ping_status":"closed","template":"","meta":{"footnotes":""},"categories":[154],"tags":[],"class_list":["post-12223","page","type-page","status-publish","has-post-thumbnail","hentry","category-unkategorisiert"],"_links":{"self":[{"href":"https:\/\/www.jvmmetal.cz\/de\/wp-json\/wp\/v2\/pages\/12223","targetHints":{"allow":["GET"]}}],"collection":[{"href":"https:\/\/www.jvmmetal.cz\/de\/wp-json\/wp\/v2\/pages"}],"about":[{"href":"https:\/\/www.jvmmetal.cz\/de\/wp-json\/wp\/v2\/types\/page"}],"author":[{"embeddable":true,"href":"https:\/\/www.jvmmetal.cz\/de\/wp-json\/wp\/v2\/users\/3"}],"replies":[{"embeddable":true,"href":"https:\/\/www.jvmmetal.cz\/de\/wp-json\/wp\/v2\/comments?post=12223"}],"version-history":[{"count":11,"href":"https:\/\/www.jvmmetal.cz\/de\/wp-json\/wp\/v2\/pages\/12223\/revisions"}],"predecessor-version":[{"id":12815,"href":"https:\/\/www.jvmmetal.cz\/de\/wp-json\/wp\/v2\/pages\/12223\/revisions\/12815"}],"wp:featuredmedia":[{"embeddable":true,"href":"https:\/\/www.jvmmetal.cz\/de\/wp-json\/wp\/v2\/media\/12225"}],"wp:attachment":[{"href":"https:\/\/www.jvmmetal.cz\/de\/wp-json\/wp\/v2\/media?parent=12223"}],"wp:term":[{"taxonomy":"category","embeddable":true,"href":"https:\/\/www.jvmmetal.cz\/de\/wp-json\/wp\/v2\/categories?post=12223"},{"taxonomy":"post_tag","embeddable":true,"href":"https:\/\/www.jvmmetal.cz\/de\/wp-json\/wp\/v2\/tags?post=12223"}],"curies":[{"name":"wp","href":"https:\/\/api.w.org\/{rel}","templated":true}]}}