{"id":12263,"date":"2020-03-01T08:07:26","date_gmt":"2020-03-01T08:07:26","guid":{"rendered":"https:\/\/www.jvmmetal.cz\/dopravnik-s-detektory-kovu\/"},"modified":"2026-02-12T19:53:54","modified_gmt":"2026-02-12T19:53:54","slug":"foerderbaender-mit-metalldetektoren","status":"publish","type":"page","link":"https:\/\/www.jvmmetal.cz\/de\/foerderbaender-mit-metalldetektoren\/","title":{"rendered":"F\u00f6rderb\u00e4nder mit Metalldetektoren"},"content":{"rendered":"<div class=\"wpb-content-wrapper\"><p>[vc_row][vc_column width=&#8221;2\/3&#8243;][vc_custom_heading source=&#8221;post_title&#8221; font_container=&#8221;tag:h1|text_align:left&#8221; use_theme_fonts=&#8221;yes&#8221; css=&#8221;&#8221;][vc_column_text css=&#8221;&#8221;]<a href=\"https:\/\/www.jvmmetal.cz\/wp-content\/uploads\/2019\/02\/P\u00e1sov\u00fd-dopravn\u00edk-s-detektorem-kov\u016f.png\"><img loading=\"lazy\" decoding=\"async\" class=\"foobox alignnone wp-image-8160 size-large\" src=\"https:\/\/www.jvmmetal.cz\/wp-content\/uploads\/2019\/02\/P\u00e1sov\u00fd-dopravn\u00edk-s-detektorem-kov\u016f-800x388.png\" alt=\"\" width=\"800\" height=\"388\" srcset=\"https:\/\/www.jvmmetal.cz\/wp-content\/uploads\/2019\/02\/P\u00e1sov\u00fd-dopravn\u00edk-s-detektorem-kov\u016f-800x388.png 800w, https:\/\/www.jvmmetal.cz\/wp-content\/uploads\/2019\/02\/P\u00e1sov\u00fd-dopravn\u00edk-s-detektorem-kov\u016f-400x194.png 400w, https:\/\/www.jvmmetal.cz\/wp-content\/uploads\/2019\/02\/P\u00e1sov\u00fd-dopravn\u00edk-s-detektorem-kov\u016f-600x291.png 600w, https:\/\/www.jvmmetal.cz\/wp-content\/uploads\/2019\/02\/P\u00e1sov\u00fd-dopravn\u00edk-s-detektorem-kov\u016f.png 2048w\" sizes=\"auto, (max-width: 800px) 100vw, 800px\" \/><\/a><\/p>\n<p><strong>F\u00f6rderb\u00e4nder <\/strong><strong>mit Metalldetektoren im Tunnel<\/strong> finden Anwendung dort, wo es erforderlich ist, dass im Endprodukt keine Metallpartikel zur\u00fcckbleiben.<\/p>\n<p><strong>Der Tunnel-Metalldetektor<\/strong> ist auf einer speziellen F\u00f6rderbandkonstruktion montiert, die an die Eigenschaften des Detektors angepasst ist. Wenn der Metalldetektor ein metallisches Teil auf dem Band erkennt, stoppt das F\u00f6rderband.<\/p>\n<p>Der Tunnel-Metalldetektor verf\u00fcgt \u00fcber eine einstellbare Detektionsst\u00e4rke, die je nach Materialtyp angepasst werden kann.[\/vc_column_text][vc_row_inner][vc_column_inner width=&#8221;2\/3&#8243;][vc_column_text css=&#8221;&#8221;]<\/p>\n<h3>Einsatz von Tunnel-Metalldetektoren:<\/h3>\n<ul>\n<li>Kunststoffindustrie<\/li>\n<li>Lebensmittelindustrie \u2013 weitere Informationen <a href=\"https:\/\/www.jvmmetal.cz\/de\/lebensmittel-foerderbaender\/\">Lebensmittel-F\u00f6rderb\u00e4nder<\/a><\/li>\n<li>Abfallwirtschaft<\/li>\n<\/ul>\n<p>Ein F\u00f6rderband mit Tunnel-Metalldetektor kann mit einer magnetischen Trennung kombiniert werden, die metallische Partikel entfernt. Der Metalldetektor dient dann nur noch zur Kontrolle.[\/vc_column_text][\/vc_column_inner][vc_column_inner width=&#8221;1\/3&#8243;][vc_single_image image=&#8221;8159&#8243; img_size=&#8221;large&#8221; onclick=&#8221;link_image&#8221; el_class=&#8221;foobox&#8221;][\/vc_column_inner][\/vc_row_inner][vc_empty_space css=&#8221;.vc_custom_1581924848346{margin: 0px !important;padding: 0px !important;}&#8221;][vc_raw_html]JTNDZGl2JTIwY2xhc3MlM0QlMjJ2aWRlb1dyYXBwZXIlMjIlM0UlMEElMjAlMjAlMjAlMjAlM0MlMjEtLSUyMENvcHklMjAlMjYlMjBQYXN0ZWQlMjBmcm9tJTIwWW91VHViZSUyMC0tJTNFJTBBJTNDaWZyYW1lJTIwd2lkdGglM0QlMjI1NjAlMjIlMjBoZWlnaHQlM0QlMjIzMTUlMjIlMjBzcmMlM0QlMjJodHRwcyUzQSUyRiUyRnd3dy55b3V0dWJlLmNvbSUyRmVtYmVkJTJGTi1td1lvVDhQd2clMjIlMjBmcmFtZWJvcmRlciUzRCUyMjAlMjIlMjBhbGxvdyUzRCUyMmFjY2VsZXJvbWV0ZXIlM0IlMjBhdXRvcGxheSUzQiUyMGVuY3J5cHRlZC1tZWRpYSUzQiUyMGd5cm9zY29wZSUzQiUyMHBpY3R1cmUtaW4tcGljdHVyZSUyMiUyMGFsbG93ZnVsbHNjcmVlbiUzRSUzQyUyRmlmcmFtZSUzRSUwQSUzQyUyRmRpdiUzRQ==[\/vc_raw_html][vc_empty_space css=&#8221;.vc_custom_1581924848346{margin: 0px !important;padding: 0px !important;}&#8221;][vc_raw_html css=&#8221;&#8221;]JTVCc2MlMjBuYW1lJTNEJTIya29udGFrdG5pLWZvcm0tYWNjb3JkZW9uLWRlJTIyJTVEJTVCJTJGc2MlNUQ=[\/vc_raw_html][\/vc_column][vc_column width=&#8221;1\/3&#8243;][vc_widget_sidebar sidebar_id=&#8221;blog-sidebar&#8221;][\/vc_column][\/vc_row]<\/p>\n<\/div>","protected":false},"excerpt":{"rendered":"<p>P\u00e1sov\u00e9 dopravn\u00edky s tunelov\u00fdmi detektory kov\u016f nach\u00e1zej\u00ed uplatn\u011bn\u00ed tam, kde je nutn\u00e9, aby ve fin\u00e1ln\u00edm produktu nez\u016fstala \u017e\u00e1dn\u00e1 kovov\u00e1 \u010d\u00e1stice.<\/p>\n","protected":false},"author":3,"featured_media":12264,"parent":0,"menu_order":0,"comment_status":"closed","ping_status":"open","template":"","meta":{"footnotes":""},"categories":[154],"tags":[186],"class_list":["post-12263","page","type-page","status-publish","has-post-thumbnail","hentry","category-unkategorisiert","tag-dopravniky"],"_links":{"self":[{"href":"https:\/\/www.jvmmetal.cz\/de\/wp-json\/wp\/v2\/pages\/12263","targetHints":{"allow":["GET"]}}],"collection":[{"href":"https:\/\/www.jvmmetal.cz\/de\/wp-json\/wp\/v2\/pages"}],"about":[{"href":"https:\/\/www.jvmmetal.cz\/de\/wp-json\/wp\/v2\/types\/page"}],"author":[{"embeddable":true,"href":"https:\/\/www.jvmmetal.cz\/de\/wp-json\/wp\/v2\/users\/3"}],"replies":[{"embeddable":true,"href":"https:\/\/www.jvmmetal.cz\/de\/wp-json\/wp\/v2\/comments?post=12263"}],"version-history":[{"count":8,"href":"https:\/\/www.jvmmetal.cz\/de\/wp-json\/wp\/v2\/pages\/12263\/revisions"}],"predecessor-version":[{"id":12821,"href":"https:\/\/www.jvmmetal.cz\/de\/wp-json\/wp\/v2\/pages\/12263\/revisions\/12821"}],"wp:featuredmedia":[{"embeddable":true,"href":"https:\/\/www.jvmmetal.cz\/de\/wp-json\/wp\/v2\/media\/12264"}],"wp:attachment":[{"href":"https:\/\/www.jvmmetal.cz\/de\/wp-json\/wp\/v2\/media?parent=12263"}],"wp:term":[{"taxonomy":"category","embeddable":true,"href":"https:\/\/www.jvmmetal.cz\/de\/wp-json\/wp\/v2\/categories?post=12263"},{"taxonomy":"post_tag","embeddable":true,"href":"https:\/\/www.jvmmetal.cz\/de\/wp-json\/wp\/v2\/tags?post=12263"}],"curies":[{"name":"wp","href":"https:\/\/api.w.org\/{rel}","templated":true}]}}