{"id":12274,"date":"2020-03-02T22:48:47","date_gmt":"2020-03-02T22:48:47","guid":{"rendered":"https:\/\/www.jvmmetal.cz\/forderanlagen-fur-stuckgut\/"},"modified":"2026-02-12T20:03:40","modified_gmt":"2026-02-12T20:03:40","slug":"foerderanlagen-fuer-stueckgut","status":"publish","type":"page","link":"https:\/\/www.jvmmetal.cz\/de\/foerderanlagen-fuer-stueckgut\/","title":{"rendered":"F\u00f6rderanlagen f\u00fcr St\u00fcckgut"},"content":{"rendered":"<div class=\"wpb-content-wrapper\"><p>[vc_row][vc_column width=&#8221;2\/3&#8243;][vc_custom_heading source=&#8221;post_title&#8221; font_container=&#8221;tag:h1|text_align:left&#8221; use_theme_fonts=&#8221;yes&#8221; css=&#8221;&#8221;][vc_column_text css=&#8221;&#8221;]<\/p>\n<h3>Bandf\u00f6rderer<\/h3>\n<p>f\u00fcr den Transport von St\u00fcckg\u00fctern in der Produktion und in der Lagerhaltung.<br \/>\nSie finden Einsatz in allen Industriezweigen.<\/p>\n<p><a href=\"https:\/\/www.jvmmetal.cz\/wp-content\/uploads\/2019\/02\/P\u00e1sov\u00fd-dopravn\u00edk.png\"><img loading=\"lazy\" decoding=\"async\" class=\"foobox wp-image-8098 size-large\" src=\"https:\/\/www.jvmmetal.cz\/wp-content\/uploads\/2019\/02\/P\u00e1sov\u00fd-dopravn\u00edk-800x291.png\" alt=\"\" width=\"800\" height=\"291\" srcset=\"https:\/\/www.jvmmetal.cz\/wp-content\/uploads\/2019\/02\/P\u00e1sov\u00fd-dopravn\u00edk-800x291.png 800w, https:\/\/www.jvmmetal.cz\/wp-content\/uploads\/2019\/02\/P\u00e1sov\u00fd-dopravn\u00edk-400x146.png 400w, https:\/\/www.jvmmetal.cz\/wp-content\/uploads\/2019\/02\/P\u00e1sov\u00fd-dopravn\u00edk-600x218.png 600w, https:\/\/www.jvmmetal.cz\/wp-content\/uploads\/2019\/02\/P\u00e1sov\u00fd-dopravn\u00edk.png 2048w\" sizes=\"auto, (max-width: 800px) 100vw, 800px\" \/><\/a><\/p>\n<h3>Beispiele f\u00fcr den Einsatz von Bandf\u00f6rderern:<\/h3>\n<ul>\n<li>Transport von Stahlpressteilen (hohe Temperatur, \u00f6lverschmutzt, scharfe Kanten)<\/li>\n<li>Transport von S\u00e4cken und Kartons<\/li>\n<li>Transport von Kunststoffprodukten<\/li>\n<\/ul>\n<p>Wir liefern auch komplett aus Edelstahl gefertigte Bandf\u00f6rderer f\u00fcr die Lebensmittelindustrie.<br \/>\nMehr zu Maschinen f\u00fcr die Lebensmittelindustrie finden Sie in der <a href=\"https:\/\/www.jvmmetal.cz\/de\/lebensmittel-foerderbaender\/\">Kategorie HIER.<\/a><\/p>\n<p><style type=\"text\/css\">\n#foogallery-gallery-10919 .fg-image { width: 180px; }\n#foogallery-gallery-10919 { --fg-gutter: 5px; }<\/style>\n\t\t\t<div class=\"foogallery foogallery-container foogallery-default foogallery-lightbox-foobox fg-left fg-default fg-ready fg-light fg-loading-default fg-loaded-fade-in fg-caption-hover fg-hover-fade fg-hover-zoom\" id=\"foogallery-gallery-10919\" data-foogallery=\"{&quot;item&quot;:{&quot;showCaptionTitle&quot;:true,&quot;showCaptionDescription&quot;:true},&quot;lazy&quot;:true}\" style=\"--fg-title-line-clamp: 0; --fg-description-line-clamp: 0;\" >\n\t<div class=\"fg-item fg-type-image fg-idle\"><figure class=\"fg-item-inner\"><a href=\"https:\/\/www.jvmmetal.cz\/wp-content\/uploads\/2019\/02\/dopravn\u00edk-na-pytle.jpg\" data-caption-title=\"F\u00f6rderer f\u00fcr S\u00e4cke\" data-attachment-id=\"12276\" data-type=\"image\" class=\"fg-thumb\"><span class=\"fg-image-wrap\"><img decoding=\"async\" title=\"F\u00f6rderer f\u00fcr S\u00e4cke\" width=\"180\" height=\"140\" class=\"skip-lazy fg-image\" data-src-fg=\"https:\/\/www.jvmmetal.cz\/wp-content\/uploads\/cache\/2019\/02\/dopravn\u00edk-na-pytle\/1426480432.jpg\" src=\"data:image\/svg+xml,%3Csvg%20xmlns%3D%22http%3A%2F%2Fwww.w3.org%2F2000%2Fsvg%22%20width%3D%22180%22%20height%3D%22140%22%20viewBox%3D%220%200%20180%20140%22%3E%3C%2Fsvg%3E\" loading=\"eager\"><\/span><span class=\"fg-image-overlay\"><\/span><\/a><figcaption class=\"fg-caption\"><div class=\"fg-caption-inner\"><div class=\"fg-caption-title\">F\u00f6rderer f\u00fcr S\u00e4cke<\/div><\/div><\/figcaption><\/figure><div class=\"fg-loader\"><\/div><\/div><div class=\"fg-item fg-type-image fg-idle\"><figure class=\"fg-item-inner\"><a href=\"https:\/\/www.jvmmetal.cz\/wp-content\/uploads\/2019\/02\/Dopravnik-na-vylisky.png\" data-caption-title=\"F\u00f6rderer f\u00fcr Spritzgussteile\" data-attachment-id=\"13445\" data-type=\"image\" class=\"fg-thumb\"><span class=\"fg-image-wrap\"><img decoding=\"async\" title=\"F\u00f6rderer f\u00fcr Spritzgussteile\" width=\"180\" height=\"140\" class=\"skip-lazy fg-image\" data-src-fg=\"https:\/\/www.jvmmetal.cz\/wp-content\/uploads\/cache\/2019\/02\/Dopravnik-na-vylisky\/866210907.png\" src=\"data:image\/svg+xml,%3Csvg%20xmlns%3D%22http%3A%2F%2Fwww.w3.org%2F2000%2Fsvg%22%20width%3D%22180%22%20height%3D%22140%22%20viewBox%3D%220%200%20180%20140%22%3E%3C%2Fsvg%3E\" loading=\"eager\"><\/span><span class=\"fg-image-overlay\"><\/span><\/a><figcaption class=\"fg-caption\"><div class=\"fg-caption-inner\"><div class=\"fg-caption-title\">F\u00f6rderer f\u00fcr Spritzgussteile<\/div><\/div><\/figcaption><\/figure><div class=\"fg-loader\"><\/div><\/div><div class=\"fg-item fg-type-image fg-idle\"><figure class=\"fg-item-inner\"><a href=\"https:\/\/www.jvmmetal.cz\/wp-content\/uploads\/2019\/02\/Dopravn\u00edk.png\" data-caption-title=\"F\u00f6rderband\" data-attachment-id=\"13455\" data-type=\"image\" class=\"fg-thumb\"><span class=\"fg-image-wrap\"><img decoding=\"async\" title=\"F\u00f6rderband\" width=\"180\" height=\"140\" class=\"skip-lazy fg-image\" data-src-fg=\"https:\/\/www.jvmmetal.cz\/wp-content\/uploads\/cache\/2019\/02\/Dopravn\u00edk\/1497923984.png\" src=\"data:image\/svg+xml,%3Csvg%20xmlns%3D%22http%3A%2F%2Fwww.w3.org%2F2000%2Fsvg%22%20width%3D%22180%22%20height%3D%22140%22%20viewBox%3D%220%200%20180%20140%22%3E%3C%2Fsvg%3E\" loading=\"eager\"><\/span><span class=\"fg-image-overlay\"><\/span><\/a><figcaption class=\"fg-caption\"><div class=\"fg-caption-inner\"><div class=\"fg-caption-title\">F\u00f6rderband<\/div><\/div><\/figcaption><\/figure><div class=\"fg-loader\"><\/div><\/div><div class=\"fg-item fg-type-image fg-idle\"><figure class=\"fg-item-inner\"><a href=\"https:\/\/www.jvmmetal.cz\/wp-content\/uploads\/2019\/02\/dopravn\u00edk-p\u00e1sov\u00fd.jpg\" data-caption-title=\"F\u00f6rderband\" data-attachment-id=\"13457\" data-type=\"image\" class=\"fg-thumb\"><span class=\"fg-image-wrap\"><img decoding=\"async\" title=\"F\u00f6rderband\" width=\"180\" height=\"140\" class=\"skip-lazy fg-image\" data-src-fg=\"https:\/\/www.jvmmetal.cz\/wp-content\/uploads\/cache\/2019\/02\/dopravn\u00edk-p\u00e1sov\u00fd\/2431015113.jpg\" src=\"data:image\/svg+xml,%3Csvg%20xmlns%3D%22http%3A%2F%2Fwww.w3.org%2F2000%2Fsvg%22%20width%3D%22180%22%20height%3D%22140%22%20viewBox%3D%220%200%20180%20140%22%3E%3C%2Fsvg%3E\" loading=\"eager\"><\/span><span class=\"fg-image-overlay\"><\/span><\/a><figcaption class=\"fg-caption\"><div class=\"fg-caption-inner\"><div class=\"fg-caption-title\">F\u00f6rderband<\/div><\/div><\/figcaption><\/figure><div class=\"fg-loader\"><\/div><\/div><\/div>\n[\/vc_column_text][vc_empty_space][vc_column_text css=&#8221;&#8221;]<strong>Unser Angebot f\u00fcr Kunden, die einen Bandf\u00f6rderer suchen:<br \/>\n<\/strong>Auswahl aus standardisierten Katalogf\u00f6rderern<br \/>\nKundenspezifische Fertigung eines F\u00f6rderers \u201eschl\u00fcsselfertig\u201c<\/p>\n<p>Wir liefern F\u00f6rderanlagen in verschiedenen Ausf\u00fchrungen je nach konkretem Einsatzzweck.[\/vc_column_text][vc_raw_html css=&#8221;&#8221;]JTVCc2MlMjBuYW1lJTNEJTIya29udGFrdG5pLWZvcm0tYWNjb3JkZW9uLWRlJTIyJTVEJTVCJTJGc2MlNUQ=[\/vc_raw_html][vc_column_text css=&#8221;&#8221;]<u>Grundausf\u00fchrungen von Bandf\u00f6rderern:<\/u><\/p>\n<ul>\n<li>Horizontalf\u00f6rderer<\/li>\n<li>Schr\u00e4gf\u00f6rderer<\/li>\n<li>Knickf\u00f6rderer<\/li>\n<\/ul>\n<p><u>Konstruktive Ausf\u00fchrungen von Bandf\u00f6rderern:<\/u><\/p>\n<ul>\n<li>F\u00f6rderkonstruktion aus Aluminiumprofilen<\/li>\n<li>Stahlkonstruktion + Lackierung<\/li>\n<\/ul>\n<p>Unsere F\u00f6rderanlagen sind standardm\u00e4\u00dfig mit einem Schaltschrank zur einfachen Bedienung ausgestattet.<br \/>\nOptional ist auch ein Schaltschrank mit Frequenzumrichter zur stufenlosen Drehzahlregelung erh\u00e4ltlich.<\/p>\n<p>Die Bandf\u00f6rderer werden je nach Anwendung mit einem spezifischen F\u00f6rderbandtyp ausgestattet, damit dieser den Eigenschaften des transportierten Materials optimal widersteht.<br \/>\nAlle Informationen zu den Bandtypen finden Sie in der Kategorie <strong>F\u00f6rderb\u00e4nder<\/strong><strong>.<\/strong><\/p>\n<p>F\u00fcr unsere Kunden realisieren wir komplette F\u00f6rderlinien und F\u00f6rdersysteme \u2013 von der Systemauslegung \u00fcber die Lieferung bis hin zur Inbetriebnahme und \u00dcbergabe. Dabei werden Bandf\u00f6rderer als eines der Systemelemente eingesetzt. Weitere Elemente k\u00f6nnen z. B. Rollenf\u00f6rderer oder Verpackungsmaschinen sein.<\/p>\n<p>Das gesamte F\u00f6rdersystem ist in der Regel automatisch oder halbautomatisch, was zur umfassenden Automatisierung der Produktion beitr\u00e4gt. Die Steuerung der F\u00f6rderlinie \u00fcbernimmt \u00fcblicherweise ein SPS-Steuersystem, das im Hauptschaltschrank untergebracht ist. Standard moderner Produktionslinien ist ein Touch-LCD-Display f\u00fcr eine einfache und intuitive Bedienung.<br \/>\nMehr \u00fcber F\u00f6rdersysteme erfahren Sie <a href=\"https:\/\/www.jvmmetal.cz\/dopravnikove-systemy\/\">hier<\/a>.<\/p>\n<p><style type=\"text\/css\">\n#foogallery-gallery-10920 .fg-image { width: 180px; }\n#foogallery-gallery-10920 { --fg-gutter: 5px; }<\/style>\n\t\t\t<div class=\"foogallery foogallery-container foogallery-default foogallery-lightbox-foobox fg-left fg-default fg-ready fg-light fg-loading-default fg-loaded-fade-in fg-caption-hover fg-hover-fade fg-hover-zoom\" id=\"foogallery-gallery-10920\" data-foogallery=\"{&quot;item&quot;:{&quot;showCaptionTitle&quot;:true,&quot;showCaptionDescription&quot;:true},&quot;lazy&quot;:true}\" style=\"--fg-title-line-clamp: 0; --fg-description-line-clamp: 0;\" >\n\t<div class=\"fg-item fg-type-image fg-idle\"><figure class=\"fg-item-inner\"><a href=\"https:\/\/www.jvmmetal.cz\/wp-content\/uploads\/2019\/02\/Dopravnik-nerezovy.jpg\" data-caption-title=\"Edelstahlf\u00f6rderer\" data-attachment-id=\"13451\" data-type=\"image\" class=\"fg-thumb\"><span class=\"fg-image-wrap\"><img decoding=\"async\" title=\"Edelstahlf\u00f6rderer\" width=\"180\" height=\"140\" class=\"skip-lazy fg-image\" data-src-fg=\"https:\/\/www.jvmmetal.cz\/wp-content\/uploads\/cache\/2019\/02\/Dopravnik-nerezovy\/578626246.jpg\" src=\"data:image\/svg+xml,%3Csvg%20xmlns%3D%22http%3A%2F%2Fwww.w3.org%2F2000%2Fsvg%22%20width%3D%22180%22%20height%3D%22140%22%20viewBox%3D%220%200%20180%20140%22%3E%3C%2Fsvg%3E\" loading=\"eager\"><\/span><span class=\"fg-image-overlay\"><\/span><\/a><figcaption class=\"fg-caption\"><div class=\"fg-caption-inner\"><div class=\"fg-caption-title\">Edelstahlf\u00f6rderer<\/div><\/div><\/figcaption><\/figure><div class=\"fg-loader\"><\/div><\/div><div class=\"fg-item fg-type-image fg-idle\"><figure class=\"fg-item-inner\"><a href=\"https:\/\/www.jvmmetal.cz\/wp-content\/uploads\/2019\/02\/Dopravn\u00edk-posuvn\u00fd.jpg\" data-caption-title=\"Schiebef\u00f6rderer\" data-attachment-id=\"13449\" data-type=\"image\" class=\"fg-thumb\"><span class=\"fg-image-wrap\"><img decoding=\"async\" title=\"Schiebef\u00f6rderer\" width=\"180\" height=\"140\" class=\"skip-lazy fg-image\" data-src-fg=\"https:\/\/www.jvmmetal.cz\/wp-content\/uploads\/cache\/2019\/02\/Dopravn\u00edk-posuvn\u00fd\/2545955835.jpg\" src=\"data:image\/svg+xml,%3Csvg%20xmlns%3D%22http%3A%2F%2Fwww.w3.org%2F2000%2Fsvg%22%20width%3D%22180%22%20height%3D%22140%22%20viewBox%3D%220%200%20180%20140%22%3E%3C%2Fsvg%3E\" loading=\"eager\"><\/span><span class=\"fg-image-overlay\"><\/span><\/a><figcaption class=\"fg-caption\"><div class=\"fg-caption-inner\"><div class=\"fg-caption-title\">Schiebef\u00f6rderer<\/div><\/div><\/figcaption><\/figure><div class=\"fg-loader\"><\/div><\/div><div class=\"fg-item fg-type-image fg-idle\"><figure class=\"fg-item-inner\"><a href=\"https:\/\/www.jvmmetal.cz\/wp-content\/uploads\/2019\/02\/Dopravn\u00edk-k-lisu.jpg\" data-caption-title=\"F\u00f6rderband zur Presse\" data-attachment-id=\"13447\" data-type=\"image\" class=\"fg-thumb\"><span class=\"fg-image-wrap\"><img decoding=\"async\" title=\"F\u00f6rderband zur Presse\" width=\"180\" height=\"140\" class=\"skip-lazy fg-image\" data-src-fg=\"https:\/\/www.jvmmetal.cz\/wp-content\/uploads\/cache\/2019\/02\/Dopravn\u00edk-k-lisu\/1916186785.jpg\" src=\"data:image\/svg+xml,%3Csvg%20xmlns%3D%22http%3A%2F%2Fwww.w3.org%2F2000%2Fsvg%22%20width%3D%22180%22%20height%3D%22140%22%20viewBox%3D%220%200%20180%20140%22%3E%3C%2Fsvg%3E\" loading=\"eager\"><\/span><span class=\"fg-image-overlay\"><\/span><\/a><figcaption class=\"fg-caption\"><div class=\"fg-caption-inner\"><div class=\"fg-caption-title\">F\u00f6rderband zur Presse<\/div><\/div><\/figcaption><\/figure><div class=\"fg-loader\"><\/div><\/div><div class=\"fg-item fg-type-image fg-idle\"><figure class=\"fg-item-inner\"><a href=\"https:\/\/www.jvmmetal.cz\/wp-content\/uploads\/2019\/02\/pasovy-dopravnik.jpg\" data-caption-title=\"F\u00f6rderband\" data-attachment-id=\"13453\" data-type=\"image\" class=\"fg-thumb\"><span class=\"fg-image-wrap\"><img decoding=\"async\" title=\"F\u00f6rderband\" width=\"180\" height=\"140\" class=\"skip-lazy fg-image\" data-src-fg=\"https:\/\/www.jvmmetal.cz\/wp-content\/uploads\/cache\/2019\/02\/pasovy-dopravnik\/327148939.jpg\" src=\"data:image\/svg+xml,%3Csvg%20xmlns%3D%22http%3A%2F%2Fwww.w3.org%2F2000%2Fsvg%22%20width%3D%22180%22%20height%3D%22140%22%20viewBox%3D%220%200%20180%20140%22%3E%3C%2Fsvg%3E\" loading=\"eager\"><\/span><span class=\"fg-image-overlay\"><\/span><\/a><figcaption class=\"fg-caption\"><div class=\"fg-caption-inner\"><div class=\"fg-caption-title\">F\u00f6rderband<\/div><\/div><\/figcaption><\/figure><div class=\"fg-loader\"><\/div><\/div><\/div>\n[\/vc_column_text][vc_empty_space][vc_raw_html]JTNDZGl2JTIwY2xhc3MlM0QlMjJ2aWRlb1dyYXBwZXIlMjIlM0UlMEElMjAlMjAlMjAlMjAlM0MlMjEtLSUyMENvcHklMjAlMjYlMjBQYXN0ZWQlMjBmcm9tJTIwWW91VHViZSUyMC0tJTNFJTBBJTNDaWZyYW1lJTIwd2lkdGglM0QlMjI1NjAlMjIlMjBoZWlnaHQlM0QlMjIzMTUlMjIlMjBzcmMlM0QlMjJodHRwcyUzQSUyRiUyRnd3dy55b3V0dWJlLmNvbSUyRmVtYmVkJTJGeFlEbE5jUmRNMVklMjIlMjBmcmFtZWJvcmRlciUzRCUyMjAlMjIlMjBhbGxvdyUzRCUyMmFjY2VsZXJvbWV0ZXIlM0IlMjBhdXRvcGxheSUzQiUyMGVuY3J5cHRlZC1tZWRpYSUzQiUyMGd5cm9zY29wZSUzQiUyMHBpY3R1cmUtaW4tcGljdHVyZSUyMiUyMGFsbG93ZnVsbHNjcmVlbiUzRSUzQyUyRmlmcmFtZSUzRSUwQSUzQyUyRmRpdiUzRQ==[\/vc_raw_html][\/vc_column][vc_column width=&#8221;1\/3&#8243;][vc_widget_sidebar sidebar_id=&#8221;blog-sidebar&#8221;][\/vc_column][\/vc_row]<\/p>\n<\/div>","protected":false},"excerpt":{"rendered":"<p>[vc_row][vc_column width=&#8221;2\/3&#8243;][vc_custom_heading source=&#8221;post_title&#8221; font_container=&#8221;tag:h1|text_align:left&#8221; use_theme_fonts=&#8221;yes&#8221; css=&#8221;&#8221;][vc_column_text css=&#8221;&#8221;] Bandf\u00f6rderer f\u00fcr den Transport von St\u00fcckg\u00fctern in der Produktion und in der Lagerhaltung. Sie finden Einsatz in allen Industriezweigen. Beispiele<\/p>\n","protected":false},"author":1,"featured_media":12276,"parent":0,"menu_order":0,"comment_status":"closed","ping_status":"open","template":"","meta":{"footnotes":""},"categories":[154],"tags":[186],"class_list":["post-12274","page","type-page","status-publish","has-post-thumbnail","hentry","category-unkategorisiert","tag-dopravniky"],"_links":{"self":[{"href":"https:\/\/www.jvmmetal.cz\/de\/wp-json\/wp\/v2\/pages\/12274","targetHints":{"allow":["GET"]}}],"collection":[{"href":"https:\/\/www.jvmmetal.cz\/de\/wp-json\/wp\/v2\/pages"}],"about":[{"href":"https:\/\/www.jvmmetal.cz\/de\/wp-json\/wp\/v2\/types\/page"}],"author":[{"embeddable":true,"href":"https:\/\/www.jvmmetal.cz\/de\/wp-json\/wp\/v2\/users\/1"}],"replies":[{"embeddable":true,"href":"https:\/\/www.jvmmetal.cz\/de\/wp-json\/wp\/v2\/comments?post=12274"}],"version-history":[{"count":6,"href":"https:\/\/www.jvmmetal.cz\/de\/wp-json\/wp\/v2\/pages\/12274\/revisions"}],"predecessor-version":[{"id":12824,"href":"https:\/\/www.jvmmetal.cz\/de\/wp-json\/wp\/v2\/pages\/12274\/revisions\/12824"}],"wp:featuredmedia":[{"embeddable":true,"href":"https:\/\/www.jvmmetal.cz\/de\/wp-json\/wp\/v2\/media\/12276"}],"wp:attachment":[{"href":"https:\/\/www.jvmmetal.cz\/de\/wp-json\/wp\/v2\/media?parent=12274"}],"wp:term":[{"taxonomy":"category","embeddable":true,"href":"https:\/\/www.jvmmetal.cz\/de\/wp-json\/wp\/v2\/categories?post=12274"},{"taxonomy":"post_tag","embeddable":true,"href":"https:\/\/www.jvmmetal.cz\/de\/wp-json\/wp\/v2\/tags?post=12274"}],"curies":[{"name":"wp","href":"https:\/\/api.w.org\/{rel}","templated":true}]}}