{"id":12282,"date":"2020-03-11T19:44:38","date_gmt":"2020-03-11T19:44:38","guid":{"rendered":"https:\/\/www.jvmmetal.cz\/dopravnikove-komponenty-stranka\/"},"modified":"2026-02-13T11:10:42","modified_gmt":"2026-02-13T11:10:42","slug":"foerderbandkomponenten","status":"publish","type":"page","link":"https:\/\/www.jvmmetal.cz\/de\/foerderbandkomponenten\/","title":{"rendered":"F\u00f6rderbandkomponenten"},"content":{"rendered":"<div class=\"wpb-content-wrapper\"><p>[vc_row][vc_column width=&#8221;2\/3&#8243;][vc_raw_html css=&#8221;&#8221;]JTNDaDElM0VGJTI2b3VtbCUzQnJkZXJiYW5ka29tcG9uZW50ZW4lM0MlMkZoMSUzRQ==[\/vc_raw_html][vc_row_inner][vc_column_inner][vc_empty_space]<header class=\"kd-section-title vc_col-lg-6 vc_col-sm-8 text-left solid-line sep-border-width-2     vc_custom_1769715685505\" ><h2 class=\"separator_on\" >Unser Angebot<\/h2><div class=\"kd-separator below_title\" ><div class=\"kd-separator-line\" ><\/div><\/div><\/header><div id=\"mpc_grid_posts_86a096d6a8f498\" class=\"mpc-grid-posts mpc-init mpc-init mpc-transition mpc-overlay--fade mpc-item--fade mpc-layout--style_1  \"  data-grid-cols=\"3\"><div class=\"mpc-grid-sizer\"><\/div><div onclick=\"\" class=\"mpc-post\"><div class=\"mpc-post__wrapper\"><div class=\"mpc-post__thumbnail\" data-mpc_src=\"https:\/\/www.jvmmetal.cz\/wp-content\/uploads\/2018\/09\/v\u00e9le\u010dky-dopravn\u00edkov\u00e9-gravita\u010dn\u00ed-1-360x300.png\" data-mpc_link=\"https:\/\/www.jvmmetal.cz\/de\/foerderrollen\/\"><div class=\"mpc-post__overlay mpc-transition\"><div class=\"mpc-post--vertical-wrap\"><div class=\"mpc-post--vertical\" data-mpc_link=\"https:\/\/www.jvmmetal.cz\/de\/foerderrollen\/\"><a href=\"https:\/\/www.jvmmetal.cz\/de\/foerderrollen\/\" title=\"Read more about F\u00f6rderrollen\" class=\"mpc-icon-anchor\"><i class=\"mpc-post-overlay__icon mpc-type--readmore fa fa-stop\"><\/i><\/a><div class=\"mpc-post__content mpc-transition\"><h3 class=\"mpc-post__heading mpc-transition mpc-text-overflow\"><a href=\"https:\/\/www.jvmmetal.cz\/de\/foerderrollen\/\" title=\"F\u00f6rderrollen\">F\u00f6rderrollen<\/a><\/h3><\/div><\/div><\/div><\/div><\/div><div class=\"mpc-post__content mpc-transition\"><h3 class=\"mpc-post__heading mpc-transition mpc-text-overflow\"><a href=\"https:\/\/www.jvmmetal.cz\/de\/foerderrollen\/\" title=\"F\u00f6rderrollen\">F\u00f6rderrollen<\/a><\/h3><\/div><\/div><\/div><div onclick=\"\" class=\"mpc-post\"><div class=\"mpc-post__wrapper\"><div class=\"mpc-post__thumbnail\" data-mpc_src=\"https:\/\/www.jvmmetal.cz\/wp-content\/uploads\/2018\/09\/p\u00e1s_960x554-400x231.jpg\" data-mpc_link=\"https:\/\/www.jvmmetal.cz\/de\/foerderbaender\/\"><div class=\"mpc-post__overlay mpc-transition\"><div class=\"mpc-post--vertical-wrap\"><div class=\"mpc-post--vertical\" data-mpc_link=\"https:\/\/www.jvmmetal.cz\/de\/foerderbaender\/\"><a href=\"https:\/\/www.jvmmetal.cz\/de\/foerderbaender\/\" title=\"Read more about F\u00f6rderb\u00e4nder\" class=\"mpc-icon-anchor\"><i class=\"mpc-post-overlay__icon mpc-type--readmore fa fa-stop\"><\/i><\/a><div class=\"mpc-post__content mpc-transition\"><h3 class=\"mpc-post__heading mpc-transition mpc-text-overflow\"><a href=\"https:\/\/www.jvmmetal.cz\/de\/foerderbaender\/\" title=\"F\u00f6rderb\u00e4nder\">F\u00f6rderb\u00e4nder<\/a><\/h3><\/div><\/div><\/div><\/div><\/div><div class=\"mpc-post__content mpc-transition\"><h3 class=\"mpc-post__heading mpc-transition mpc-text-overflow\"><a href=\"https:\/\/www.jvmmetal.cz\/de\/foerderbaender\/\" title=\"F\u00f6rderb\u00e4nder\">F\u00f6rderb\u00e4nder<\/a><\/h3><\/div><\/div><\/div><div onclick=\"\" class=\"mpc-post\"><div class=\"mpc-post__wrapper\"><div class=\"mpc-post__thumbnail\" data-mpc_src=\"https:\/\/www.jvmmetal.cz\/wp-content\/uploads\/2019\/02\/Elektromotory-p\u0159evodovky-400x240.png\" data-mpc_link=\"https:\/\/www.jvmmetal.cz\/de\/elektromotoren-und-getriebe\/\"><div class=\"mpc-post__overlay mpc-transition\"><div class=\"mpc-post--vertical-wrap\"><div class=\"mpc-post--vertical\" data-mpc_link=\"https:\/\/www.jvmmetal.cz\/de\/elektromotoren-und-getriebe\/\"><a href=\"https:\/\/www.jvmmetal.cz\/de\/elektromotoren-und-getriebe\/\" title=\"Read more about Elektromotoren und Getriebe\" class=\"mpc-icon-anchor\"><i class=\"mpc-post-overlay__icon mpc-type--readmore fa fa-stop\"><\/i><\/a><div class=\"mpc-post__content mpc-transition\"><h3 class=\"mpc-post__heading mpc-transition mpc-text-overflow\"><a href=\"https:\/\/www.jvmmetal.cz\/de\/elektromotoren-und-getriebe\/\" title=\"Elektromotoren und Getriebe\">Elektromotoren und Getriebe<\/a><\/h3><\/div><\/div><\/div><\/div><\/div><div class=\"mpc-post__content mpc-transition\"><h3 class=\"mpc-post__heading mpc-transition mpc-text-overflow\"><a href=\"https:\/\/www.jvmmetal.cz\/de\/elektromotoren-und-getriebe\/\" title=\"Elektromotoren und Getriebe\">Elektromotoren und Getriebe<\/a><\/h3><\/div><\/div><\/div><\/div>[vc_empty_space][vc_column_text css=&#8221;&#8221;]<strong><span style=\"font-weight: normal;\">Wir bieten unseren Kunden die Lieferung von Komponenten f\u00fcr F\u00f6rderb\u00e4nder und Rollf\u00f6rderer an.<\/span><\/strong><b><br \/>\n<\/b><strong><span style=\"font-weight: normal;\">F\u00f6rderb\u00e4nder oder Rollen f\u00fcr F\u00f6rderb\u00e4nder entwerfen und liefern wir genau so, dass sie den gew\u00fcnschten Zweck erf\u00fcllen und auch unter anspruchsvollen Betriebsbedingungen lange haltbar sind.<\/span><\/strong><b><br \/>\n<\/b><strong><span style=\"font-weight: normal;\">F\u00f6rderb\u00e4nder oder Rollen f\u00fcr F\u00f6rderanlagen entwerfen und liefern wir genau so, dass sie den vorgesehenen Zweck erf\u00fcllen und auch bei anspruchsvollem Betrieb langfristig bestehen. Au\u00dferdem bieten wir f\u00fcr F\u00f6rderanlagen Elektromotoren mit Getrieben an, die eine ausreichende Leistung der Maschine gew\u00e4hrleisten. Im Falle eines Ersatzteils f\u00fcr eine \u00e4ltere Maschine messen wir den F\u00f6rderbandrollen oder das F\u00f6rderband gem\u00e4\u00df dem Originalteil und liefern den neuen Bestandteil so schnell wie m\u00f6glich.<\/span><\/strong><b><br \/>\n<\/b><strong><span style=\"font-weight: normal;\">Wenn es sich um eine Lieferung f\u00fcr ein neu konstruiertes F\u00f6rderband oder eine Rollbahn handelt, senden wir Ihnen vor der Lieferung des Teils die Zeichnung des Teils und das 3D-Modell zu.\u201c<\/span><\/strong>[\/vc_column_text][\/vc_column_inner][\/vc_row_inner][vc_raw_html css=&#8221;&#8221;]JTVCc2MlMjBuYW1lJTNEJTIya29udGFrdG5pLWZvcm0tYWNjb3JkZW9uLWRlJTIyJTVEJTVCJTJGc2MlNUQ=[\/vc_raw_html][\/vc_column][vc_column width=&#8221;1\/3&#8243;][vc_widget_sidebar sidebar_id=&#8221;blog-sidebar&#8221;][\/vc_column][\/vc_row]<\/p>\n<\/div>","protected":false},"excerpt":{"rendered":"<p>[vc_row][vc_column width=&#8221;2\/3&#8243;][vc_raw_html css=&#8221;&#8221;]JTNDaDElM0VGJTI2b3VtbCUzQnJkZXJiYW5ka29tcG9uZW50ZW4lM0MlMkZoMSUzRQ==[\/vc_raw_html][vc_row_inner][vc_column_inner][vc_empty_space][vc_empty_space][vc_column_text css=&#8221;&#8221;]Wir bieten unseren Kunden die Lieferung von Komponenten f\u00fcr F\u00f6rderb\u00e4nder und Rollf\u00f6rderer an. F\u00f6rderb\u00e4nder oder Rollen f\u00fcr F\u00f6rderb\u00e4nder entwerfen und liefern wir genau so,<\/p>\n","protected":false},"author":3,"featured_media":12283,"parent":0,"menu_order":0,"comment_status":"closed","ping_status":"closed","template":"","meta":{"footnotes":""},"categories":[154],"tags":[],"class_list":["post-12282","page","type-page","status-publish","has-post-thumbnail","hentry","category-unkategorisiert"],"_links":{"self":[{"href":"https:\/\/www.jvmmetal.cz\/de\/wp-json\/wp\/v2\/pages\/12282","targetHints":{"allow":["GET"]}}],"collection":[{"href":"https:\/\/www.jvmmetal.cz\/de\/wp-json\/wp\/v2\/pages"}],"about":[{"href":"https:\/\/www.jvmmetal.cz\/de\/wp-json\/wp\/v2\/types\/page"}],"author":[{"embeddable":true,"href":"https:\/\/www.jvmmetal.cz\/de\/wp-json\/wp\/v2\/users\/3"}],"replies":[{"embeddable":true,"href":"https:\/\/www.jvmmetal.cz\/de\/wp-json\/wp\/v2\/comments?post=12282"}],"version-history":[{"count":11,"href":"https:\/\/www.jvmmetal.cz\/de\/wp-json\/wp\/v2\/pages\/12282\/revisions"}],"predecessor-version":[{"id":12862,"href":"https:\/\/www.jvmmetal.cz\/de\/wp-json\/wp\/v2\/pages\/12282\/revisions\/12862"}],"wp:featuredmedia":[{"embeddable":true,"href":"https:\/\/www.jvmmetal.cz\/de\/wp-json\/wp\/v2\/media\/12283"}],"wp:attachment":[{"href":"https:\/\/www.jvmmetal.cz\/de\/wp-json\/wp\/v2\/media?parent=12282"}],"wp:term":[{"taxonomy":"category","embeddable":true,"href":"https:\/\/www.jvmmetal.cz\/de\/wp-json\/wp\/v2\/categories?post=12282"},{"taxonomy":"post_tag","embeddable":true,"href":"https:\/\/www.jvmmetal.cz\/de\/wp-json\/wp\/v2\/tags?post=12282"}],"curies":[{"name":"wp","href":"https:\/\/api.w.org\/{rel}","templated":true}]}}