{"id":12288,"date":"2020-03-09T11:31:00","date_gmt":"2020-03-09T11:31:00","guid":{"rendered":"https:\/\/www.jvmmetal.cz\/dopravnikove-valecky-2\/"},"modified":"2026-02-12T20:46:09","modified_gmt":"2026-02-12T20:46:09","slug":"foerderrollen","status":"publish","type":"page","link":"https:\/\/www.jvmmetal.cz\/de\/foerderrollen\/","title":{"rendered":"F\u00f6rderrollen"},"content":{"rendered":"<div class=\"wpb-content-wrapper\"><p>[vc_row][vc_column width=&#8221;2\/3&#8243;][vc_custom_heading source=&#8221;post_title&#8221; font_container=&#8221;tag:h1|text_align:left&#8221; use_theme_fonts=&#8221;yes&#8221; css=&#8221;&#8221;][vc_column_text css=&#8221;&#8221;]Wir bieten ein breites Sortiment an F\u00f6rderrollen f\u00fcr verschiedene Industriezweige an.<br \/>\nEntsprechend Ihren Anforderungen entwerfen und liefern wir ma\u00dfgeschneiderte Rollen, die exakt auf Ihr Projekt abgestimmt sind. Bei Bedarf sind wir in der Lage, <a href=\"https:\/\/www.jvmmetal.cz\/valeckove-dopravniky\/\">eine gravitative Rollenbahn<\/a> oder <a href=\"https:\/\/www.jvmmetal.cz\/valeckove-dopravniky\/\">einen angetriebenen Rollenf\u00f6rderer<\/a> zu planen und zu fertigen.<\/p>\n<h2><a href=\"https:\/\/www.jvmmetal.cz\/wp-content\/uploads\/2018\/09\/P\u0159ehled-dopravn\u00edkov\u00e9-v\u00e1le\u010dky.jpg\"><img loading=\"lazy\" decoding=\"async\" class=\"foobox alignnone wp-image-7754 size-large\" src=\"https:\/\/www.jvmmetal.cz\/wp-content\/uploads\/2018\/09\/P\u0159ehled-dopravn\u00edkov\u00e9-v\u00e1le\u010dky-800x352.jpg\" alt=\"\" width=\"800\" height=\"352\" srcset=\"https:\/\/www.jvmmetal.cz\/wp-content\/uploads\/2018\/09\/P\u0159ehled-dopravn\u00edkov\u00e9-v\u00e1le\u010dky-800x352.jpg 800w, https:\/\/www.jvmmetal.cz\/wp-content\/uploads\/2018\/09\/P\u0159ehled-dopravn\u00edkov\u00e9-v\u00e1le\u010dky-400x176.jpg 400w, https:\/\/www.jvmmetal.cz\/wp-content\/uploads\/2018\/09\/P\u0159ehled-dopravn\u00edkov\u00e9-v\u00e1le\u010dky-600x264.jpg 600w, https:\/\/www.jvmmetal.cz\/wp-content\/uploads\/2018\/09\/P\u0159ehled-dopravn\u00edkov\u00e9-v\u00e1le\u010dky.jpg 1000w\" sizes=\"auto, (max-width: 800px) 100vw, 800px\" \/><\/a><\/h2>\n<h3>Angetriebene Rollen:<\/h3>\n<ul>\n<li>Kettenantrieb \u2013 Zahnr\u00e4der<\/li>\n<li>Poly-V-Riemenantrieb \u2013 Poly-V-Riemenscheiben<\/li>\n<li>Antrieb mit Gummi-O-Ringen \u2013 Nut f\u00fcr O-Ring<\/li>\n<\/ul>\n<p><style type=\"text\/css\">\n#foogallery-gallery-10854 .fg-image { width: 180px; }\n#foogallery-gallery-10854 { --fg-gutter: 5px; }<\/style>\n\t\t\t<div class=\"foogallery foogallery-container foogallery-default foogallery-lightbox-foobox fg-left fg-default fg-ready fg-light fg-loading-default fg-loaded-fade-in fg-caption-hover fg-hover-fade fg-hover-zoom\" id=\"foogallery-gallery-10854\" data-foogallery=\"{&quot;item&quot;:{&quot;showCaptionTitle&quot;:true,&quot;showCaptionDescription&quot;:true},&quot;lazy&quot;:true}\" style=\"--fg-title-line-clamp: 0; --fg-description-line-clamp: 0;\" >\n\t<div class=\"fg-item fg-type-image fg-idle\"><figure class=\"fg-item-inner\"><a href=\"https:\/\/www.jvmmetal.cz\/wp-content\/uploads\/2019\/01\/Dopravn\u00edkov\u00fd-v\u00e1le\u010dek-s-\u0159et\u011bzkou.png\" data-caption-title=\"F\u00f6rderrolle mit Kettenrad\" data-attachment-id=\"13210\" data-type=\"image\" class=\"fg-thumb\"><span class=\"fg-image-wrap\"><img decoding=\"async\" title=\"F\u00f6rderrolle mit Kettenrad\" width=\"180\" height=\"140\" class=\"skip-lazy fg-image\" data-src-fg=\"https:\/\/www.jvmmetal.cz\/wp-content\/uploads\/cache\/2019\/01\/Dopravn\u00edkov\u00fd-v\u00e1le\u010dek-s-\u0159et\u011bzkou\/4267691471.png\" src=\"data:image\/svg+xml,%3Csvg%20xmlns%3D%22http%3A%2F%2Fwww.w3.org%2F2000%2Fsvg%22%20width%3D%22180%22%20height%3D%22140%22%20viewBox%3D%220%200%20180%20140%22%3E%3C%2Fsvg%3E\" loading=\"eager\"><\/span><span class=\"fg-image-overlay\"><\/span><\/a><figcaption class=\"fg-caption\"><div class=\"fg-caption-inner\"><div class=\"fg-caption-title\">F\u00f6rderrolle mit Kettenrad<\/div><\/div><\/figcaption><\/figure><div class=\"fg-loader\"><\/div><\/div><div class=\"fg-item fg-type-image fg-idle\"><figure class=\"fg-item-inner\"><a href=\"https:\/\/www.jvmmetal.cz\/wp-content\/uploads\/2019\/01\/Dopravn\u00edkov\u00fd-v\u00e1le\u010dek-polly-V.png\" data-caption-title=\"F\u00f6rderrolle Poly-V\" data-attachment-id=\"13208\" data-type=\"image\" class=\"fg-thumb\"><span class=\"fg-image-wrap\"><img decoding=\"async\" title=\"F\u00f6rderrolle Poly-V\" width=\"180\" height=\"140\" class=\"skip-lazy fg-image\" data-src-fg=\"https:\/\/www.jvmmetal.cz\/wp-content\/uploads\/cache\/2019\/01\/Dopravn\u00edkov\u00fd-v\u00e1le\u010dek-polly-V\/3932530213.png\" src=\"data:image\/svg+xml,%3Csvg%20xmlns%3D%22http%3A%2F%2Fwww.w3.org%2F2000%2Fsvg%22%20width%3D%22180%22%20height%3D%22140%22%20viewBox%3D%220%200%20180%20140%22%3E%3C%2Fsvg%3E\" loading=\"eager\"><\/span><span class=\"fg-image-overlay\"><\/span><\/a><figcaption class=\"fg-caption\"><div class=\"fg-caption-inner\"><div class=\"fg-caption-title\">F\u00f6rderrolle Poly-V<\/div><\/div><\/figcaption><\/figure><div class=\"fg-loader\"><\/div><\/div><div class=\"fg-item fg-type-image fg-idle\"><figure class=\"fg-item-inner\"><a href=\"https:\/\/www.jvmmetal.cz\/wp-content\/uploads\/2019\/01\/Dopravn\u00edkov\u00e9-v\u00e1lce.png\" data-caption-title=\"F\u00f6rderwalzen\" data-attachment-id=\"13204\" data-type=\"image\" class=\"fg-thumb\"><span class=\"fg-image-wrap\"><img decoding=\"async\" title=\"F\u00f6rderwalzen\" width=\"180\" height=\"140\" class=\"skip-lazy fg-image\" data-src-fg=\"https:\/\/www.jvmmetal.cz\/wp-content\/uploads\/cache\/2019\/01\/Dopravn\u00edkov\u00e9-v\u00e1lce\/3547236190.png\" src=\"data:image\/svg+xml,%3Csvg%20xmlns%3D%22http%3A%2F%2Fwww.w3.org%2F2000%2Fsvg%22%20width%3D%22180%22%20height%3D%22140%22%20viewBox%3D%220%200%20180%20140%22%3E%3C%2Fsvg%3E\" loading=\"eager\"><\/span><span class=\"fg-image-overlay\"><\/span><\/a><figcaption class=\"fg-caption\"><div class=\"fg-caption-inner\"><div class=\"fg-caption-title\">F\u00f6rderwalzen<\/div><\/div><\/figcaption><\/figure><div class=\"fg-loader\"><\/div><\/div><div class=\"fg-item fg-type-image fg-idle\"><figure class=\"fg-item-inner\"><a href=\"https:\/\/www.jvmmetal.cz\/wp-content\/uploads\/2019\/01\/Dopravn\u00edkov\u00e9-v\u00e1le\u010dky-\u0159et\u011bzov\u00e9.png\" data-caption-title=\"Kettengetriebene F\u00f6rderrollen\" data-attachment-id=\"13206\" data-type=\"image\" class=\"fg-thumb\"><span class=\"fg-image-wrap\"><img decoding=\"async\" title=\"Kettengetriebene F\u00f6rderrollen\" width=\"180\" height=\"140\" class=\"skip-lazy fg-image\" data-src-fg=\"https:\/\/www.jvmmetal.cz\/wp-content\/uploads\/cache\/2019\/01\/Dopravn\u00edkov\u00e9-v\u00e1le\u010dky-\u0159et\u011bzov\u00e9\/1589797383.png\" src=\"data:image\/svg+xml,%3Csvg%20xmlns%3D%22http%3A%2F%2Fwww.w3.org%2F2000%2Fsvg%22%20width%3D%22180%22%20height%3D%22140%22%20viewBox%3D%220%200%20180%20140%22%3E%3C%2Fsvg%3E\" loading=\"eager\"><\/span><span class=\"fg-image-overlay\"><\/span><\/a><figcaption class=\"fg-caption\"><div class=\"fg-caption-inner\"><div class=\"fg-caption-title\">Kettengetriebene F\u00f6rderrollen<\/div><\/div><\/figcaption><\/figure><div class=\"fg-loader\"><\/div><\/div><\/div>\n[\/vc_column_text][vc_empty_space][vc_column_text css=&#8221;&#8221;]<\/p>\n<h3>Freilaufende Rollen (gravitation):<\/h3>\n<p>Rollen f\u00fcr gravitative Rollenbahnen und F\u00f6rderer<\/p>\n<p>Die Rollenbreite ist frei w\u00e4hlbar.<br \/>\n<strong><span style=\"font-weight: normal;\">Standard-Rollendurchmesser:<\/span><\/strong> 40, 50, 60, 80 mm<br \/>\nAuf Basis Ihrer Anfrage entwerfen wir die idealen Rollen f\u00fcr Ihre Anwendung, sodass die geforderten Parameter hinsichtlich Tragf\u00e4higkeit, Lebensdauer und weiterer Spezifikationen erf\u00fcllt werden.<\/p>\n<p><style type=\"text\/css\">\n#foogallery-gallery-10858 .fg-image { width: 180px; }\n#foogallery-gallery-10858 { --fg-gutter: 5px; }<\/style>\n\t\t\t<div class=\"foogallery foogallery-container foogallery-default foogallery-lightbox-foobox fg-left fg-default fg-ready fg-light fg-loading-default fg-loaded-fade-in fg-caption-hover fg-hover-fade fg-hover-zoom\" id=\"foogallery-gallery-10858\" data-foogallery=\"{&quot;item&quot;:{&quot;showCaptionTitle&quot;:true,&quot;showCaptionDescription&quot;:true},&quot;lazy&quot;:true}\" style=\"--fg-title-line-clamp: 0; --fg-description-line-clamp: 0;\" >\n\t<div class=\"fg-item fg-type-image fg-idle\"><figure class=\"fg-item-inner\"><a href=\"https:\/\/www.jvmmetal.cz\/wp-content\/uploads\/2018\/09\/dopravn\u00edkov\u00e9-v\u00e1lce.png\" data-caption-title=\"F\u00f6rderwalzen\" data-attachment-id=\"13193\" data-type=\"image\" class=\"fg-thumb\"><span class=\"fg-image-wrap\"><img decoding=\"async\" title=\"F\u00f6rderwalzen\" width=\"180\" height=\"140\" class=\"skip-lazy fg-image\" data-src-fg=\"https:\/\/www.jvmmetal.cz\/wp-content\/uploads\/cache\/2018\/09\/dopravn\u00edkov\u00e9-v\u00e1lce\/3588145805.png\" src=\"data:image\/svg+xml,%3Csvg%20xmlns%3D%22http%3A%2F%2Fwww.w3.org%2F2000%2Fsvg%22%20width%3D%22180%22%20height%3D%22140%22%20viewBox%3D%220%200%20180%20140%22%3E%3C%2Fsvg%3E\" loading=\"eager\"><\/span><span class=\"fg-image-overlay\"><\/span><\/a><figcaption class=\"fg-caption\"><div class=\"fg-caption-inner\"><div class=\"fg-caption-title\">F\u00f6rderwalzen<\/div><\/div><\/figcaption><\/figure><div class=\"fg-loader\"><\/div><\/div><div class=\"fg-item fg-type-image fg-idle\"><figure class=\"fg-item-inner\"><a href=\"https:\/\/www.jvmmetal.cz\/wp-content\/uploads\/2018\/09\/dopravn\u00edkov\u00e9-v\u00e1le\u010dky.png\" data-caption-title=\"F\u00f6rderrollen\" data-attachment-id=\"13195\" data-type=\"image\" class=\"fg-thumb\"><span class=\"fg-image-wrap\"><img decoding=\"async\" title=\"F\u00f6rderrollen\" width=\"180\" height=\"140\" class=\"skip-lazy fg-image\" data-src-fg=\"https:\/\/www.jvmmetal.cz\/wp-content\/uploads\/cache\/2018\/09\/dopravn\u00edkov\u00e9-v\u00e1le\u010dky\/1764628309.png\" src=\"data:image\/svg+xml,%3Csvg%20xmlns%3D%22http%3A%2F%2Fwww.w3.org%2F2000%2Fsvg%22%20width%3D%22180%22%20height%3D%22140%22%20viewBox%3D%220%200%20180%20140%22%3E%3C%2Fsvg%3E\" loading=\"eager\"><\/span><span class=\"fg-image-overlay\"><\/span><\/a><figcaption class=\"fg-caption\"><div class=\"fg-caption-inner\"><div class=\"fg-caption-title\">F\u00f6rderrollen<\/div><\/div><\/figcaption><\/figure><div class=\"fg-loader\"><\/div><\/div><div class=\"fg-item fg-type-image fg-idle\"><figure class=\"fg-item-inner\"><a href=\"https:\/\/www.jvmmetal.cz\/wp-content\/uploads\/2018\/09\/Pogupov\u00e1n\u00ed-v\u00e1lce\u010dk\u016f.png\" data-caption-title=\"Gummierung von Rollen\" data-attachment-id=\"13224\" data-type=\"image\" class=\"fg-thumb\"><span class=\"fg-image-wrap\"><img decoding=\"async\" title=\"Gummierung von Rollen\" width=\"180\" height=\"140\" class=\"skip-lazy fg-image\" data-src-fg=\"https:\/\/www.jvmmetal.cz\/wp-content\/uploads\/cache\/2018\/09\/Pogupov\u00e1n\u00ed-v\u00e1lce\u010dk\u016f\/1067639226.png\" src=\"data:image\/svg+xml,%3Csvg%20xmlns%3D%22http%3A%2F%2Fwww.w3.org%2F2000%2Fsvg%22%20width%3D%22180%22%20height%3D%22140%22%20viewBox%3D%220%200%20180%20140%22%3E%3C%2Fsvg%3E\" loading=\"eager\"><\/span><span class=\"fg-image-overlay\"><\/span><\/a><figcaption class=\"fg-caption\"><div class=\"fg-caption-inner\"><div class=\"fg-caption-title\">Gummierung von Rollen<\/div><\/div><\/figcaption><\/figure><div class=\"fg-loader\"><\/div><\/div><div class=\"fg-item fg-type-image fg-idle\"><figure class=\"fg-item-inner\"><a href=\"https:\/\/www.jvmmetal.cz\/wp-content\/uploads\/2018\/09\/dopravn\u00edkov\u00e9-volnob\u011b\u017en\u00e9-v\u00e1le\u010dky.png\" data-caption-title=\"freilaufende F\u00f6rderrollen\" data-attachment-id=\"13197\" data-type=\"image\" class=\"fg-thumb\"><span class=\"fg-image-wrap\"><img decoding=\"async\" title=\"freilaufende F\u00f6rderrollen\" width=\"180\" height=\"140\" class=\"skip-lazy fg-image\" data-src-fg=\"https:\/\/www.jvmmetal.cz\/wp-content\/uploads\/cache\/2018\/09\/dopravn\u00edkov\u00e9-volnob\u011b\u017en\u00e9-v\u00e1le\u010dky\/397304271.png\" src=\"data:image\/svg+xml,%3Csvg%20xmlns%3D%22http%3A%2F%2Fwww.w3.org%2F2000%2Fsvg%22%20width%3D%22180%22%20height%3D%22140%22%20viewBox%3D%220%200%20180%20140%22%3E%3C%2Fsvg%3E\" loading=\"eager\"><\/span><span class=\"fg-image-overlay\"><\/span><\/a><figcaption class=\"fg-caption\"><div class=\"fg-caption-inner\"><div class=\"fg-caption-title\">freilaufende F\u00f6rderrollen<\/div><\/div><\/figcaption><\/figure><div class=\"fg-loader\"><\/div><\/div><\/div>\n[\/vc_column_text][vc_empty_space][vc_column_text css=&#8221;&#8221;]<\/p>\n<h3>\u00a0\u00a0 F\u00f6rderrollen nach Material:<\/h3>\n<ul>\n<li>Stahlrollen \u2013 Oberfl\u00e4che verzinkt<\/li>\n<li>Stahlrollen mit Kunststoffbeschichtung<\/li>\n<li>Vollkunststoffrollen<\/li>\n<\/ul>\n<p>[\/vc_column_text][vc_raw_html css=&#8221;&#8221;]JTVCc2MlMjBuYW1lJTNEJTIya29udGFrdG5pLWZvcm0tYWNjb3JkZW9uLWRlJTIyJTVEJTVCJTJGc2MlNUQ=[\/vc_raw_html][vc_column_text css=&#8221;&#8221;]<\/p>\n<h3>Rollen- und Tragleisten<\/h3>\n<p>Wir f\u00fchren ein umfangreiches Sortiment an Tragrollen- und Rollenleisten.<br \/>\nF\u00fcr ein konkretes Angebot kontaktieren Sie uns bitte.<\/p>\n<p><style type=\"text\/css\">\n#foogallery-gallery-10861 .fg-image { width: 180px; }\n#foogallery-gallery-10861 { --fg-gutter: 5px; }<\/style>\n\t\t\t<div class=\"foogallery foogallery-container foogallery-default foogallery-lightbox-foobox fg-left fg-default fg-ready fg-light fg-loading-default fg-loaded-fade-in fg-caption-hover fg-hover-fade fg-hover-zoom\" id=\"foogallery-gallery-10861\" data-foogallery=\"{&quot;item&quot;:{&quot;showCaptionTitle&quot;:true,&quot;showCaptionDescription&quot;:true},&quot;lazy&quot;:true}\" style=\"--fg-title-line-clamp: 0; --fg-description-line-clamp: 0;\" >\n\t<div class=\"fg-item fg-type-image fg-idle\"><figure class=\"fg-item-inner\"><a href=\"https:\/\/www.jvmmetal.cz\/wp-content\/uploads\/2018\/09\/v\u00e1le\u010dkov\u00e9-li\u0161ty-dopravn\u00edkov\u00e9.png\" data-caption-title=\"F\u00f6rderollenleisten\" data-attachment-id=\"13212\" data-type=\"image\" class=\"fg-thumb\"><span class=\"fg-image-wrap\"><img decoding=\"async\" title=\"F\u00f6rderollenleisten\" width=\"180\" height=\"140\" class=\"skip-lazy fg-image\" data-src-fg=\"https:\/\/www.jvmmetal.cz\/wp-content\/uploads\/cache\/2018\/09\/v\u00e1le\u010dkov\u00e9-li\u0161ty-dopravn\u00edkov\u00e9\/197763668.png\" src=\"data:image\/svg+xml,%3Csvg%20xmlns%3D%22http%3A%2F%2Fwww.w3.org%2F2000%2Fsvg%22%20width%3D%22180%22%20height%3D%22140%22%20viewBox%3D%220%200%20180%20140%22%3E%3C%2Fsvg%3E\" loading=\"eager\"><\/span><span class=\"fg-image-overlay\"><\/span><\/a><figcaption class=\"fg-caption\"><div class=\"fg-caption-inner\"><div class=\"fg-caption-title\">F\u00f6rderollenleisten<\/div><\/div><\/figcaption><\/figure><div class=\"fg-loader\"><\/div><\/div><div class=\"fg-item fg-type-image fg-idle\"><figure class=\"fg-item-inner\"><a href=\"https:\/\/www.jvmmetal.cz\/wp-content\/uploads\/2018\/09\/V\u00e1le\u010dkov\u00e9-li\u0161ty.png\" data-caption-title=\"Rollenleisten\" data-attachment-id=\"13214\" data-type=\"image\" class=\"fg-thumb\"><span class=\"fg-image-wrap\"><img decoding=\"async\" title=\"Rollenleisten\" width=\"180\" height=\"140\" class=\"skip-lazy fg-image\" data-src-fg=\"https:\/\/www.jvmmetal.cz\/wp-content\/uploads\/cache\/2018\/09\/V\u00e1le\u010dkov\u00e9-li\u0161ty\/2653940928.png\" src=\"data:image\/svg+xml,%3Csvg%20xmlns%3D%22http%3A%2F%2Fwww.w3.org%2F2000%2Fsvg%22%20width%3D%22180%22%20height%3D%22140%22%20viewBox%3D%220%200%20180%20140%22%3E%3C%2Fsvg%3E\" loading=\"eager\"><\/span><span class=\"fg-image-overlay\"><\/span><\/a><figcaption class=\"fg-caption\"><div class=\"fg-caption-inner\"><div class=\"fg-caption-title\">Rollenleisten<\/div><\/div><\/figcaption><\/figure><div class=\"fg-loader\"><\/div><\/div><div class=\"fg-item fg-type-image fg-idle\"><figure class=\"fg-item-inner\"><a href=\"https:\/\/www.jvmmetal.cz\/wp-content\/uploads\/2018\/09\/dopravn\u00edkov\u00e9-v\u00e1le\u010dkov\u00e9-li\u0161ty.png\" data-caption-title=\"F\u00f6rderrollenleisten\" data-attachment-id=\"13216\" data-type=\"image\" class=\"fg-thumb\"><span class=\"fg-image-wrap\"><img decoding=\"async\" title=\"F\u00f6rderrollenleisten\" width=\"180\" height=\"140\" class=\"skip-lazy fg-image\" data-src-fg=\"https:\/\/www.jvmmetal.cz\/wp-content\/uploads\/cache\/2018\/09\/dopravn\u00edkov\u00e9-v\u00e1le\u010dkov\u00e9-li\u0161ty\/3253201685.png\" src=\"data:image\/svg+xml,%3Csvg%20xmlns%3D%22http%3A%2F%2Fwww.w3.org%2F2000%2Fsvg%22%20width%3D%22180%22%20height%3D%22140%22%20viewBox%3D%220%200%20180%20140%22%3E%3C%2Fsvg%3E\" loading=\"eager\"><\/span><span class=\"fg-image-overlay\"><\/span><\/a><figcaption class=\"fg-caption\"><div class=\"fg-caption-inner\"><div class=\"fg-caption-title\">F\u00f6rderrollenleisten<\/div><\/div><\/figcaption><\/figure><div class=\"fg-loader\"><\/div><\/div><div class=\"fg-item fg-type-image fg-idle\"><figure class=\"fg-item-inner\"><a href=\"https:\/\/www.jvmmetal.cz\/wp-content\/uploads\/2018\/09\/kladi\u010dkov\u00e9-li\u0161ty.png\" data-caption-title=\"Hammerkopfschienen\" data-attachment-id=\"13218\" data-type=\"image\" class=\"fg-thumb\"><span class=\"fg-image-wrap\"><img decoding=\"async\" title=\"Hammerkopfschienen\" width=\"180\" height=\"140\" class=\"skip-lazy fg-image\" data-src-fg=\"https:\/\/www.jvmmetal.cz\/wp-content\/uploads\/cache\/2018\/09\/kladi\u010dkov\u00e9-li\u0161ty\/2417353570.png\" src=\"data:image\/svg+xml,%3Csvg%20xmlns%3D%22http%3A%2F%2Fwww.w3.org%2F2000%2Fsvg%22%20width%3D%22180%22%20height%3D%22140%22%20viewBox%3D%220%200%20180%20140%22%3E%3C%2Fsvg%3E\" loading=\"eager\"><\/span><span class=\"fg-image-overlay\"><\/span><\/a><figcaption class=\"fg-caption\"><div class=\"fg-caption-inner\"><div class=\"fg-caption-title\">Hammerkopfschienen<\/div><\/div><\/figcaption><\/figure><div class=\"fg-loader\"><\/div><\/div><\/div>\n[\/vc_column_text][vc_empty_space][vc_column_text css=&#8221;&#8221;]<\/p>\n<h3>Spezielle F\u00f6rderrollen<\/h3>\n<p>Auftragsbezogen bieten wir die Fertigung spezieller, atypischer Rollen an.<br \/>\nDabei handelt es sich \u00fcberwiegend um Rollen f\u00fcr hohe Belastungen.<\/p>\n<p><style type=\"text\/css\">\n#foogallery-gallery-10856 .fg-image { width: 220px; }\n#foogallery-gallery-10856 { --fg-gutter: 5px; }<\/style>\n\t\t\t<div class=\"foogallery foogallery-container foogallery-default foogallery-lightbox-foobox fg-left fg-default fg-ready fg-light fg-loading-default fg-loaded-fade-in fg-caption-hover fg-hover-fade fg-hover-zoom\" id=\"foogallery-gallery-10856\" data-foogallery=\"{&quot;item&quot;:{&quot;showCaptionTitle&quot;:true,&quot;showCaptionDescription&quot;:true},&quot;lazy&quot;:true}\" style=\"--fg-title-line-clamp: 0; --fg-description-line-clamp: 0;\" >\n\t<div class=\"fg-item fg-type-image fg-idle\"><figure class=\"fg-item-inner\"><a href=\"https:\/\/www.jvmmetal.cz\/wp-content\/uploads\/2019\/01\/Speci\u00e1ln\u00ed-dopravn\u00edkov\u00e9-v\u00e1le\u010dky.png\" data-caption-title=\"Spezielle F\u00f6rderrollen\" data-attachment-id=\"13220\" data-type=\"image\" class=\"fg-thumb\"><span class=\"fg-image-wrap\"><img decoding=\"async\" title=\"Spezielle F\u00f6rderrollen\" width=\"220\" height=\"150\" class=\"skip-lazy fg-image\" data-src-fg=\"https:\/\/www.jvmmetal.cz\/wp-content\/uploads\/cache\/2019\/01\/Speci\u00e1ln\u00ed-dopravn\u00edkov\u00e9-v\u00e1le\u010dky\/4068589152.png\" src=\"data:image\/svg+xml,%3Csvg%20xmlns%3D%22http%3A%2F%2Fwww.w3.org%2F2000%2Fsvg%22%20width%3D%22220%22%20height%3D%22150%22%20viewBox%3D%220%200%20220%20150%22%3E%3C%2Fsvg%3E\" loading=\"eager\"><\/span><span class=\"fg-image-overlay\"><\/span><\/a><figcaption class=\"fg-caption\"><div class=\"fg-caption-inner\"><div class=\"fg-caption-title\">Spezielle F\u00f6rderrollen<\/div><\/div><\/figcaption><\/figure><div class=\"fg-loader\"><\/div><\/div><div class=\"fg-item fg-type-image fg-idle\"><figure class=\"fg-item-inner\"><a href=\"https:\/\/www.jvmmetal.cz\/wp-content\/uploads\/2019\/01\/Dopravn\u00edkov\u00e9-v\u00e1lce-na-zak\u00e1zku.png\" data-caption-title=\"F\u00f6rderrollen nach Kundenwunsch\" data-attachment-id=\"13270\" data-type=\"image\" class=\"fg-thumb\"><span class=\"fg-image-wrap\"><img decoding=\"async\" title=\"F\u00f6rderrollen nach Kundenwunsch\" width=\"220\" height=\"150\" class=\"skip-lazy fg-image\" data-src-fg=\"https:\/\/www.jvmmetal.cz\/wp-content\/uploads\/cache\/2019\/01\/Dopravn\u00edkov\u00e9-v\u00e1lce-na-zak\u00e1zku\/516362384.png\" src=\"data:image\/svg+xml,%3Csvg%20xmlns%3D%22http%3A%2F%2Fwww.w3.org%2F2000%2Fsvg%22%20width%3D%22220%22%20height%3D%22150%22%20viewBox%3D%220%200%20220%20150%22%3E%3C%2Fsvg%3E\" loading=\"eager\"><\/span><span class=\"fg-image-overlay\"><\/span><\/a><figcaption class=\"fg-caption\"><div class=\"fg-caption-inner\"><div class=\"fg-caption-title\">F\u00f6rderrollen nach Kundenwunsch<\/div><\/div><\/figcaption><\/figure><div class=\"fg-loader\"><\/div><\/div><\/div>\n[\/vc_column_text][vc_empty_space][vc_column_text css=&#8221;&#8221;]<\/p>\n<h3>Grundlegende Informationen f\u00fcr ein Preisangebot Ihrer Rollen:<\/h3>\n<p>1. Einsatz der Rollen (Transportgut \u2013 Abmessungen und Gewicht)<br \/>\n2. Belastung pro Rolle<br \/>\n3. Rollendurchmesser<br \/>\n4. Rollenbreite<br \/>\n5. St\u00fcckzahl<\/p>\n<p><strong>F\u00fcr Beratung oder Angebotsanfragen rufen Sie bitte an unter: <a href=\"tel:00420731829144\">+420 731 829 144<\/a><\/strong>.[\/vc_column_text][\/vc_column][vc_column width=&#8221;1\/3&#8243;][vc_widget_sidebar sidebar_id=&#8221;blog-sidebar&#8221;][\/vc_column][\/vc_row]<\/p>\n<\/div>","protected":false},"excerpt":{"rendered":"<p>Nab\u00edz\u00edme celou \u0159adu dopravn\u00edkov\u00fdch v\u00e1le\u010dk\u016f pro r\u016fzn\u00e1 odv\u011btv\u00ed pr\u016fmyslu.<br \/>\nDle Va\u0161ich po\u017eadavk\u016f V\u00e1m navrhneme a dod\u00e1me vhodn\u00e9 v\u00e1le\u010dky u\u0161it\u00e9 na m\u00edru p\u0159\u00edmo Va\u0161emu projektu.<\/p>\n","protected":false},"author":1,"featured_media":12289,"parent":0,"menu_order":0,"comment_status":"closed","ping_status":"open","template":"","meta":{"footnotes":""},"categories":[154],"tags":[188],"class_list":["post-12288","page","type-page","status-publish","has-post-thumbnail","hentry","category-unkategorisiert","tag-komponenty"],"_links":{"self":[{"href":"https:\/\/www.jvmmetal.cz\/de\/wp-json\/wp\/v2\/pages\/12288","targetHints":{"allow":["GET"]}}],"collection":[{"href":"https:\/\/www.jvmmetal.cz\/de\/wp-json\/wp\/v2\/pages"}],"about":[{"href":"https:\/\/www.jvmmetal.cz\/de\/wp-json\/wp\/v2\/types\/page"}],"author":[{"embeddable":true,"href":"https:\/\/www.jvmmetal.cz\/de\/wp-json\/wp\/v2\/users\/1"}],"replies":[{"embeddable":true,"href":"https:\/\/www.jvmmetal.cz\/de\/wp-json\/wp\/v2\/comments?post=12288"}],"version-history":[{"count":10,"href":"https:\/\/www.jvmmetal.cz\/de\/wp-json\/wp\/v2\/pages\/12288\/revisions"}],"predecessor-version":[{"id":12829,"href":"https:\/\/www.jvmmetal.cz\/de\/wp-json\/wp\/v2\/pages\/12288\/revisions\/12829"}],"wp:featuredmedia":[{"embeddable":true,"href":"https:\/\/www.jvmmetal.cz\/de\/wp-json\/wp\/v2\/media\/12289"}],"wp:attachment":[{"href":"https:\/\/www.jvmmetal.cz\/de\/wp-json\/wp\/v2\/media?parent=12288"}],"wp:term":[{"taxonomy":"category","embeddable":true,"href":"https:\/\/www.jvmmetal.cz\/de\/wp-json\/wp\/v2\/categories?post=12288"},{"taxonomy":"post_tag","embeddable":true,"href":"https:\/\/www.jvmmetal.cz\/de\/wp-json\/wp\/v2\/tags?post=12288"}],"curies":[{"name":"wp","href":"https:\/\/api.w.org\/{rel}","templated":true}]}}