{"id":12301,"date":"2020-03-10T17:34:23","date_gmt":"2020-03-10T17:34:23","guid":{"rendered":"https:\/\/www.jvmmetal.cz\/dopravnikove-systemy\/"},"modified":"2026-02-12T21:50:08","modified_gmt":"2026-02-12T21:50:08","slug":"foerdersysteme","status":"publish","type":"page","link":"https:\/\/www.jvmmetal.cz\/de\/foerdersysteme\/","title":{"rendered":"F\u00f6rdersysteme"},"content":{"rendered":"<div class=\"wpb-content-wrapper\"><p>[vc_row][vc_column width=&#8221;2\/3&#8243;][vc_custom_heading source=&#8221;post_title&#8221; font_container=&#8221;tag:h1|text_align:left&#8221; use_theme_fonts=&#8221;yes&#8221; css=&#8221;&#8221;][vc_empty_space css=&#8221;.vc_custom_1582546026775{margin: 0px !important;padding: 0px !important;}&#8221;]<div id=\"mpc_grid_posts_969e1630a698f2\" class=\"mpc-grid-posts mpc-init mpc-init mpc-transition mpc-overlay--fade mpc-item--fade mpc-layout--style_1  \"  data-grid-cols=\"3\"><div class=\"mpc-grid-sizer\"><\/div><div onclick=\"\" class=\"mpc-post\"><div class=\"mpc-post__wrapper\"><div class=\"mpc-post__thumbnail\" data-mpc_src=\"https:\/\/www.jvmmetal.cz\/wp-content\/uploads\/2020\/02\/0232c406-vazici-system-400x300.jpg\" data-mpc_link=\"https:\/\/www.jvmmetal.cz\/de\/foerderband-wiegesysteme-2\/\"><div class=\"mpc-post__overlay mpc-transition\"><div class=\"mpc-post--vertical-wrap\"><div class=\"mpc-post--vertical\" data-mpc_link=\"https:\/\/www.jvmmetal.cz\/de\/foerderband-wiegesysteme-2\/\"><a href=\"https:\/\/www.jvmmetal.cz\/de\/foerderband-wiegesysteme-2\/\" title=\"Read more about F\u00f6rderband-Wiegesysteme\" class=\"mpc-icon-anchor\"><i class=\"mpc-post-overlay__icon mpc-type--readmore fa fa-angle-double-up\"><\/i><\/a><div class=\"mpc-post__content mpc-transition\"><h3 class=\"mpc-post__heading mpc-transition mpc-typography--mpc_preset_17 mpc-text-overflow\"><a href=\"https:\/\/www.jvmmetal.cz\/de\/foerderband-wiegesysteme-2\/\" title=\"F\u00f6rderband-Wiegesysteme\">F\u00f6rderband-Wiegesysteme<\/a><\/h3><\/div><\/div><\/div><\/div><\/div><div class=\"mpc-post__content mpc-transition\"><h3 class=\"mpc-post__heading mpc-transition mpc-typography--mpc_preset_17 mpc-text-overflow\"><a href=\"https:\/\/www.jvmmetal.cz\/de\/foerderband-wiegesysteme-2\/\" title=\"F\u00f6rderband-Wiegesysteme\">F\u00f6rderband-Wiegesysteme<\/a><\/h3><\/div><\/div><\/div><div onclick=\"\" class=\"mpc-post\"><div class=\"mpc-post__wrapper\"><div class=\"mpc-post__thumbnail\" data-mpc_src=\"https:\/\/www.jvmmetal.cz\/wp-content\/uploads\/2018\/09\/17b5068c-dopravn\u00edk-na-separaci-kov\u016f-400x267.jpg\" data-mpc_link=\"https:\/\/www.jvmmetal.cz\/de\/magnetische-metalltrennung\/\"><div class=\"mpc-post__overlay mpc-transition\"><div class=\"mpc-post--vertical-wrap\"><div class=\"mpc-post--vertical\" data-mpc_link=\"https:\/\/www.jvmmetal.cz\/de\/magnetische-metalltrennung\/\"><a href=\"https:\/\/www.jvmmetal.cz\/de\/magnetische-metalltrennung\/\" title=\"Read more about Magnetische Metalltrennung\" class=\"mpc-icon-anchor\"><i class=\"mpc-post-overlay__icon mpc-type--readmore fa fa-angle-double-up\"><\/i><\/a><div class=\"mpc-post__content mpc-transition\"><h3 class=\"mpc-post__heading mpc-transition mpc-typography--mpc_preset_17 mpc-text-overflow\"><a href=\"https:\/\/www.jvmmetal.cz\/de\/magnetische-metalltrennung\/\" title=\"Magnetische Metalltrennung\">Magnetische Metalltrennung<\/a><\/h3><\/div><\/div><\/div><\/div><\/div><div class=\"mpc-post__content mpc-transition\"><h3 class=\"mpc-post__heading mpc-transition mpc-typography--mpc_preset_17 mpc-text-overflow\"><a href=\"https:\/\/www.jvmmetal.cz\/de\/magnetische-metalltrennung\/\" title=\"Magnetische Metalltrennung\">Magnetische Metalltrennung<\/a><\/h3><\/div><\/div><\/div><div onclick=\"\" class=\"mpc-post\"><div class=\"mpc-post__wrapper\"><div class=\"mpc-post__thumbnail\" data-mpc_src=\"https:\/\/www.jvmmetal.cz\/wp-content\/uploads\/2020\/04\/4823f231-home-page-400x267.jpg\" data-mpc_link=\"https:\/\/www.jvmmetal.cz\/de\/foerderanlagen-fuer-logistikzentren\/\"><div class=\"mpc-post__overlay mpc-transition\"><div class=\"mpc-post--vertical-wrap\"><div class=\"mpc-post--vertical\" data-mpc_link=\"https:\/\/www.jvmmetal.cz\/de\/foerderanlagen-fuer-logistikzentren\/\"><a href=\"https:\/\/www.jvmmetal.cz\/de\/foerderanlagen-fuer-logistikzentren\/\" title=\"Read more about F\u00f6rderanlagen f\u00fcr Logistikzentren\" class=\"mpc-icon-anchor\"><i class=\"mpc-post-overlay__icon mpc-type--readmore fa fa-angle-double-up\"><\/i><\/a><div class=\"mpc-post__content mpc-transition\"><h3 class=\"mpc-post__heading mpc-transition mpc-typography--mpc_preset_17 mpc-text-overflow\"><a href=\"https:\/\/www.jvmmetal.cz\/de\/foerderanlagen-fuer-logistikzentren\/\" title=\"F\u00f6rderanlagen f\u00fcr Logistikzentren\">F\u00f6rderanlagen f\u00fcr Logistikzentren<\/a><\/h3><\/div><\/div><\/div><\/div><\/div><div class=\"mpc-post__content mpc-transition\"><h3 class=\"mpc-post__heading mpc-transition mpc-typography--mpc_preset_17 mpc-text-overflow\"><a href=\"https:\/\/www.jvmmetal.cz\/de\/foerderanlagen-fuer-logistikzentren\/\" title=\"F\u00f6rderanlagen f\u00fcr Logistikzentren\">F\u00f6rderanlagen f\u00fcr Logistikzentren<\/a><\/h3><\/div><\/div><\/div><\/div><script type=\"text\/javascript\">var _mpc_grid_posts_969e1630a698f2_atts = {\"preset\":\"mpc_preset_3\",\"cols\":\"3\",\"gap\":\"15\",\"post_type\":\"ids\",\"ids\":\"8812, 6530, 9392\",\"items_number\":\"3\",\"thumb_height\":\"150\",\"image_size\":\"medium\",\"title_font_preset\":\"mpc_preset_17\",\"title_font_color\":\"#000000\",\"title_font_size\":\"16\",\"title_font_line_height\":\"1.5\",\"title_font_transform\":\"none\",\"title_font_align\":\"center\",\"meta_layout\":\"\",\"meta_font_preset\":\"mpc_preset_1\",\"meta_font_color\":\"#777777\",\"meta_font_size\":\"12\",\"meta_font_line_height\":\"1.5\",\"meta_font_transform\":\"none\",\"meta_font_align\":\"center\",\"meta_link_color\":\"#777777\",\"description_font_preset\":\"mpc_preset_1\",\"background_color\":\"#f97f1b\",\"border_css\":\"border-color:#d1d1d1;border-radius:5px;\",\"padding_divider\":\"true\",\"padding_css\":\"padding-top:10px;padding-bottom:10px;\",\"overlay_color\":\"rgba(242,151,96,0.46)\",\"lightbox_disable\":\"true\",\"lightbox_icon\":\"etl etl-magnifying-glass\",\"lightbox_icon_color\":\"#ffffff\",\"lightbox_icon_size\":\"48\",\"hover_lightbox_color\":\"#f8bf4d\",\"readmore_icon\":\"fa fa-angle-double-up\",\"readmore_icon_color\":\"rgba(255,255,255,0)\",\"readmore_icon_size\":\"668\",\"hover_readmore_color\":\"rgba(255,255,255,0.01)\",\"overlay_icons_padding_css\":\"padding:0px;\",\"overlay_icons_margin_css\":\"margin:0px;\",\"mpc_pagination__preset\":\"mpc_preset_5\"}, _mpc_grid_posts_969e1630a698f2_query = {\"post_type\":\"ids\",\"taxonomies\":\"\",\"ids\":\"8812, 6530, 9392\",\"order\":\"ASC\",\"include_exclude_type\":\"include\",\"orderby\":\"date\",\"items_number\":\"3\",\"target\":\"mpc_grid_posts_969e1630a698f2\",\"callback\":\"MPC_Grid_Posts\"};<\/script>[vc_empty_space css=&#8221;.vc_custom_1582546026775{margin: 0px !important;padding: 0px !important;}&#8221;][vc_column_text css=&#8221;&#8221;]Wir sind Hersteller und Lieferant von F\u00f6rdersystemen.<br \/>\nNachdem Sie uns Ihre Anforderungen zum Transport oder zur Handhabung Ihres Produkts \u00fcbermittelt haben, entwickeln wir f\u00fcr Sie eine schl\u00fcsselfertige Komplettl\u00f6sung.<\/p>\n<p>F\u00f6rdersysteme k\u00f6nnen aus mehreren F\u00f6rderertypen bestehen.<br \/>\nF\u00fcr die Handhabung k\u00f6nnen folgende Elemente eingesetzt werden: angetriebene Rollenf\u00f6rderer, schwerkraftbetriebene Rollenbahnen, Bandf\u00f6rderer, F\u00f6rderb\u00f6gen, Kugeltische, Drehtische, H\u00e4ngebahnen und viele weitere Komponenten.<\/p>\n<p>Unsere Konstrukteure entwerfen und simulieren das gesamte Projekt in 3D mit Solid Edge und legen Ihnen den 3D-Entwurf zur Freigabe vor.<\/p>\n<ul>\n<li>Fertigung<\/li>\n<li>Installation und Inbetriebnahme<\/li>\n<li>Garantie- und Nachgarantieservice<\/li>\n<\/ul>\n<p><u>Elektroinstallation<\/u><\/p>\n<p>F\u00f6rdersysteme sind standardm\u00e4\u00dfig mit mehreren Antriebseinheiten, optischen oder Ultraschallsensoren und \u00e4hnlichen Komponenten ausgestattet. Alle Daten werden in den zentralen Schaltschrank geleitet, \u00fcber den das gesamte F\u00f6rdersystem gesteuert wird.<\/p>\n<p><u>Steuerungssysteme<\/u><br \/>\nDas F\u00f6rdersystem wird standardm\u00e4\u00dfig mit einer Siemens PLC-Steuerung ausgestattet, inklusive Touch-Display, f\u00fcr eine einfache und intuitive Bedienung.<\/p>\n<p><u>Pneumatische Komponenten<\/u><\/p>\n<p><u>Hydraulische Komponenten<\/u><\/p>\n<p><u>Sicherheit<\/u><br \/>\nDie Absicherung des F\u00f6rdersystems oder der gesamten Produktionslinie erfolgt in der Regel durch Schutzgitter und weitere funktionale Sicherheitselemente wie Lichtschranken, Laserscanner, Not-Aus-Taster und mehr.[\/vc_column_text][vc_raw_html css=&#8221;&#8221;]JTVCc2MlMjBuYW1lJTNEJTIya29udGFrdG5pLWZvcm0tYWNjb3JkZW9uLWRlJTIyJTVEJTVCJTJGc2MlNUQ=[\/vc_raw_html][\/vc_column][vc_column width=&#8221;1\/3&#8243;][vc_widget_sidebar sidebar_id=&#8221;blog-sidebar&#8221;][\/vc_column][\/vc_row]<\/p>\n<\/div>","protected":false},"excerpt":{"rendered":"<p>Dopravn\u00edkov\u00e9 syst\u00e9my se mohou skl\u00e1dat z n\u011bkolika typ\u016f dopravn\u00edk\u016f.<br \/>\nPro manipulaci je mo\u017en\u00e9 vyu\u017e\u00edt: poh\u00e1n\u011bn\u00e9 v\u00e1le\u010dkov\u00e9 dopravn\u00edky, gravita\u010dn\u00ed v\u00e1le\u010dkov\u00e9 dr\u00e1hy, p\u00e1sov\u00e9 dopravn\u00edky, dopravn\u00edkov\u00e9 zat\u00e1\u010dky, kuli\u010dkov\u00e9 stoly, to\u010dny, z\u00e1v\u011bsn\u00e9 dr\u00e1hy a s mnoho dal\u0161\u00edch prvk\u016f.<\/p>\n","protected":false},"author":3,"featured_media":12302,"parent":0,"menu_order":0,"comment_status":"closed","ping_status":"closed","template":"","meta":{"footnotes":""},"categories":[154],"tags":[],"class_list":["post-12301","page","type-page","status-publish","has-post-thumbnail","hentry","category-unkategorisiert"],"_links":{"self":[{"href":"https:\/\/www.jvmmetal.cz\/de\/wp-json\/wp\/v2\/pages\/12301","targetHints":{"allow":["GET"]}}],"collection":[{"href":"https:\/\/www.jvmmetal.cz\/de\/wp-json\/wp\/v2\/pages"}],"about":[{"href":"https:\/\/www.jvmmetal.cz\/de\/wp-json\/wp\/v2\/types\/page"}],"author":[{"embeddable":true,"href":"https:\/\/www.jvmmetal.cz\/de\/wp-json\/wp\/v2\/users\/3"}],"replies":[{"embeddable":true,"href":"https:\/\/www.jvmmetal.cz\/de\/wp-json\/wp\/v2\/comments?post=12301"}],"version-history":[{"count":3,"href":"https:\/\/www.jvmmetal.cz\/de\/wp-json\/wp\/v2\/pages\/12301\/revisions"}],"predecessor-version":[{"id":12836,"href":"https:\/\/www.jvmmetal.cz\/de\/wp-json\/wp\/v2\/pages\/12301\/revisions\/12836"}],"wp:featuredmedia":[{"embeddable":true,"href":"https:\/\/www.jvmmetal.cz\/de\/wp-json\/wp\/v2\/media\/12302"}],"wp:attachment":[{"href":"https:\/\/www.jvmmetal.cz\/de\/wp-json\/wp\/v2\/media?parent=12301"}],"wp:term":[{"taxonomy":"category","embeddable":true,"href":"https:\/\/www.jvmmetal.cz\/de\/wp-json\/wp\/v2\/categories?post=12301"},{"taxonomy":"post_tag","embeddable":true,"href":"https:\/\/www.jvmmetal.cz\/de\/wp-json\/wp\/v2\/tags?post=12301"}],"curies":[{"name":"wp","href":"https:\/\/api.w.org\/{rel}","templated":true}]}}