{"id":12325,"date":"2020-03-09T20:13:58","date_gmt":"2020-03-09T20:13:58","guid":{"rendered":"https:\/\/www.jvmmetal.cz\/elektromotory-a-prevodovky\/"},"modified":"2026-02-12T20:58:31","modified_gmt":"2026-02-12T20:58:31","slug":"elektromotoren-und-getriebe","status":"publish","type":"page","link":"https:\/\/www.jvmmetal.cz\/de\/elektromotoren-und-getriebe\/","title":{"rendered":"Elektromotoren und Getriebe"},"content":{"rendered":"<div class=\"wpb-content-wrapper\"><p>[vc_row][vc_column width=&#8221;2\/3&#8243;][vc_custom_heading source=&#8221;post_title&#8221; font_container=&#8221;tag:h1|text_align:left&#8221; use_theme_fonts=&#8221;yes&#8221; css=&#8221;&#8221;][vc_column_text css=&#8221;&#8221;]Wir bieten Ihnen Elektromotoren, Schneckengetriebe, Kegelradgetriebe und weitere Spezialanwendungen an.<\/p>\n<p>Elektromotoren und Getriebe verschiedener Marken in unterschiedlichen Preis- und Qualit\u00e4tsstufen.<\/p>\n<p>Unsere Konstrukteure empfehlen Ihnen den besten Elektromotor oder das passende Schneckengetriebe basierend auf den von Ihnen vorgegebenen Parametern, sodass es optimal f\u00fcr Ihre Anwendung geeignet ist.<\/p>\n<p><strong>\u00a0 \u00a0 \u00a0 \u00a0 \u00a0 \u00a0 \u00a0 \u00a0 \u00a0 \u00a0 \u00a0 \u00a0 \u00a0 \u00a0 \u00a0 \u00a0 \u00a0 \u00a0 \u00a0 \u00a0 \u00a0 \u00a0 \u00a0 \u00a0 \u00a0 \u00a0 \u00a0 \u00a0<\/strong><\/p>\n<h3>Elektromotoren<\/h3>\n<ul>\n<li>Flanschmotoren<\/li>\n<li>Fu\u00dfmotoren<\/li>\n<\/ul>\n<h3>\u00a0Getriebe<\/h3>\n<ul>\n<li>Schneckengetriebe<\/li>\n<li>Kegelradgetriebe<\/li>\n<\/ul>\n<p><style type=\"text\/css\">\n#foogallery-gallery-10931 .fg-image { width: 240px; }\n#foogallery-gallery-10931 { --fg-gutter: 5px; }<\/style>\n\t\t\t<div class=\"foogallery foogallery-container foogallery-default foogallery-lightbox-foobox fg-left fg-default fg-ready fg-light fg-loading-default fg-loaded-fade-in fg-caption-hover fg-hover-fade fg-hover-zoom\" id=\"foogallery-gallery-10931\" data-foogallery=\"{&quot;item&quot;:{&quot;showCaptionTitle&quot;:true,&quot;showCaptionDescription&quot;:true},&quot;lazy&quot;:true}\" style=\"--fg-title-line-clamp: 0; --fg-description-line-clamp: 0;\" >\n\t<div class=\"fg-item fg-type-image fg-idle\"><figure class=\"fg-item-inner\"><a href=\"https:\/\/www.jvmmetal.cz\/wp-content\/uploads\/2019\/02\/patkov\u00fd-elektromotor.jpg\" data-caption-title=\"Fu\u00dfmotor\" data-attachment-id=\"13432\" data-type=\"image\" class=\"fg-thumb\"><span class=\"fg-image-wrap\"><img fetchpriority=\"high\" decoding=\"async\" title=\"Fu\u00dfmotor\" width=\"240\" height=\"220\" class=\"skip-lazy fg-image\" data-src-fg=\"https:\/\/www.jvmmetal.cz\/wp-content\/uploads\/cache\/2019\/02\/patkov\u00fd-elektromotor\/3874492393.jpg\" src=\"data:image\/svg+xml,%3Csvg%20xmlns%3D%22http%3A%2F%2Fwww.w3.org%2F2000%2Fsvg%22%20width%3D%22240%22%20height%3D%22220%22%20viewBox%3D%220%200%20240%20220%22%3E%3C%2Fsvg%3E\" loading=\"eager\"><\/span><span class=\"fg-image-overlay\"><\/span><\/a><figcaption class=\"fg-caption\"><div class=\"fg-caption-inner\"><div class=\"fg-caption-title\">Fu\u00dfmotor<\/div><\/div><\/figcaption><\/figure><div class=\"fg-loader\"><\/div><\/div><div class=\"fg-item fg-type-image fg-idle\"><figure class=\"fg-item-inner\"><a href=\"https:\/\/www.jvmmetal.cz\/wp-content\/uploads\/2019\/02\/\u0161nekov\u00e1-p\u0159evodovka.jpg\" data-caption-title=\"Schneckengetriebe\" data-attachment-id=\"13436\" data-type=\"image\" class=\"fg-thumb\"><span class=\"fg-image-wrap\"><img decoding=\"async\" title=\"Schneckengetriebe\" width=\"240\" height=\"220\" class=\"skip-lazy fg-image\" data-src-fg=\"https:\/\/www.jvmmetal.cz\/wp-content\/uploads\/cache\/2019\/02\/\u0161nekov\u00e1-p\u0159evodovka\/2551855064.jpg\" src=\"data:image\/svg+xml,%3Csvg%20xmlns%3D%22http%3A%2F%2Fwww.w3.org%2F2000%2Fsvg%22%20width%3D%22240%22%20height%3D%22220%22%20viewBox%3D%220%200%20240%20220%22%3E%3C%2Fsvg%3E\" loading=\"eager\"><\/span><span class=\"fg-image-overlay\"><\/span><\/a><figcaption class=\"fg-caption\"><div class=\"fg-caption-inner\"><div class=\"fg-caption-title\">Schneckengetriebe<\/div><\/div><\/figcaption><\/figure><div class=\"fg-loader\"><\/div><\/div><div class=\"fg-item fg-type-image fg-idle\"><figure class=\"fg-item-inner\"><a href=\"https:\/\/www.jvmmetal.cz\/wp-content\/uploads\/2019\/02\/p\u0159\u00edrubov\u00fd-elektromotor.jpg\" data-caption-title=\"Flanschmotor\" data-attachment-id=\"13434\" data-type=\"image\" class=\"fg-thumb\"><span class=\"fg-image-wrap\"><img decoding=\"async\" title=\"Flanschmotor\" width=\"240\" height=\"220\" class=\"skip-lazy fg-image\" data-src-fg=\"https:\/\/www.jvmmetal.cz\/wp-content\/uploads\/cache\/2019\/02\/p\u0159\u00edrubov\u00fd-elektromotor\/1949261384.jpg\" src=\"data:image\/svg+xml,%3Csvg%20xmlns%3D%22http%3A%2F%2Fwww.w3.org%2F2000%2Fsvg%22%20width%3D%22240%22%20height%3D%22220%22%20viewBox%3D%220%200%20240%20220%22%3E%3C%2Fsvg%3E\" loading=\"eager\"><\/span><span class=\"fg-image-overlay\"><\/span><\/a><figcaption class=\"fg-caption\"><div class=\"fg-caption-inner\"><div class=\"fg-caption-title\">Flanschmotor<\/div><\/div><\/figcaption><\/figure><div class=\"fg-loader\"><\/div><\/div><\/div>\n[\/vc_column_text][vc_empty_space][vc_column_text css=&#8221;&#8221;]<strong>Elektromotoren und Getriebe sofort verf\u00fcgbar in unserem <\/strong><a href=\"https:\/\/www.jvmmetal.de\/product-category\/ersatzteile\/?_gl=1*xp77jw*_gcl_au*MTk5OTIyMTM4Ny4xNzY5NjAzMTcw&amp;xdomain_data=%2FeRAbQsGk49RfY84J7IHcEDxNFh44m2U1TyDTvzxRng%2BX7m6Sfwi0lvuBw3vjSXO\" target=\"_blank\" rel=\"noopener\">E-SHOP<\/a>[\/vc_column_text][vc_raw_html css=&#8221;&#8221;]JTVCc2MlMjBuYW1lJTNEJTIya29udGFrdG5pLWZvcm0tYWNjb3JkZW9uLWRlJTIyJTVEJTVCJTJGc2MlNUQ=[\/vc_raw_html][\/vc_column][vc_column width=&#8221;1\/3&#8243;][vc_widget_sidebar sidebar_id=&#8221;blog-sidebar&#8221;][\/vc_column][\/vc_row]<\/p>\n<\/div>","protected":false},"excerpt":{"rendered":"<p>Nab\u00edz\u00edme v\u00e1m, elektromotory, \u0161nekov\u00e9 p\u0159evodovky, ku\u017eelo\u010deln\u00ed p\u0159evodovky a dal\u0161\u00ed speci\u00e1ln\u00ed aplikace.<\/p>\n<p>Elektro motory a p\u0159evodovky n\u011bkolik zna\u010dek v r\u016fzn\u00fdch cenov\u00fdch a kvalitativn\u00edch \u00farovn\u00edch.<\/p>\n","protected":false},"author":3,"featured_media":12326,"parent":0,"menu_order":0,"comment_status":"closed","ping_status":"open","template":"","meta":{"footnotes":""},"categories":[154],"tags":[188],"class_list":["post-12325","page","type-page","status-publish","has-post-thumbnail","hentry","category-unkategorisiert","tag-komponenty"],"_links":{"self":[{"href":"https:\/\/www.jvmmetal.cz\/de\/wp-json\/wp\/v2\/pages\/12325","targetHints":{"allow":["GET"]}}],"collection":[{"href":"https:\/\/www.jvmmetal.cz\/de\/wp-json\/wp\/v2\/pages"}],"about":[{"href":"https:\/\/www.jvmmetal.cz\/de\/wp-json\/wp\/v2\/types\/page"}],"author":[{"embeddable":true,"href":"https:\/\/www.jvmmetal.cz\/de\/wp-json\/wp\/v2\/users\/3"}],"replies":[{"embeddable":true,"href":"https:\/\/www.jvmmetal.cz\/de\/wp-json\/wp\/v2\/comments?post=12325"}],"version-history":[{"count":5,"href":"https:\/\/www.jvmmetal.cz\/de\/wp-json\/wp\/v2\/pages\/12325\/revisions"}],"predecessor-version":[{"id":12835,"href":"https:\/\/www.jvmmetal.cz\/de\/wp-json\/wp\/v2\/pages\/12325\/revisions\/12835"}],"wp:featuredmedia":[{"embeddable":true,"href":"https:\/\/www.jvmmetal.cz\/de\/wp-json\/wp\/v2\/media\/12326"}],"wp:attachment":[{"href":"https:\/\/www.jvmmetal.cz\/de\/wp-json\/wp\/v2\/media?parent=12325"}],"wp:term":[{"taxonomy":"category","embeddable":true,"href":"https:\/\/www.jvmmetal.cz\/de\/wp-json\/wp\/v2\/categories?post=12325"},{"taxonomy":"post_tag","embeddable":true,"href":"https:\/\/www.jvmmetal.cz\/de\/wp-json\/wp\/v2\/tags?post=12325"}],"curies":[{"name":"wp","href":"https:\/\/api.w.org\/{rel}","templated":true}]}}