{"id":12332,"date":"2020-03-10T18:12:42","date_gmt":"2020-03-10T18:12:42","guid":{"rendered":"https:\/\/www.jvmmetal.cz\/magneticka-separace\/"},"modified":"2026-02-12T21:54:30","modified_gmt":"2026-02-12T21:54:30","slug":"magnetische-metalltrennung","status":"publish","type":"page","link":"https:\/\/www.jvmmetal.cz\/de\/magnetische-metalltrennung\/","title":{"rendered":"Magnetische Metalltrennung"},"content":{"rendered":"<div class=\"wpb-content-wrapper\"><p>[vc_row][vc_column width=&#8221;2\/3&#8243;][vc_custom_heading source=&#8221;post_title&#8221; font_container=&#8221;tag:h1|text_align:left&#8221; use_theme_fonts=&#8221;yes&#8221; css=&#8221;&#8221;][vc_column_text css=&#8221;&#8221;]Magnetische Separatoren sind ein fester Bestandteil unseres Produktionsprogramms. Die Entfernung metallischer Verunreinigungen mittels Magneten tr\u00e4gt zur Automatisierung und Beschleunigung Ihrer Arbeitsprozesse bei. Eine hohe Effizienz des Trennprozesses in Verbindung mit geringen Kosten ist dabei ein vorrangiges Kriterium. Magnetische Trennung wird \u00fcberall dort eingesetzt, wo magnetische Partikel von nichtmagnetischen getrennt werden m\u00fcssen \u2013 zum Beispiel Metall von Kunststoff oder Holz. Das zu trennende Material wird in der Regel \u00fcber einen Bandf\u00f6rderer transportiert, von dem die magnetische Fraktion mithilfe von Trennelementen entfernt wird.<\/p>\n<p>Magnetische Trennung kann auf verschiedene Weise erfolgen:<br \/>\nWenn eine besonders hohe Trennreinheit erforderlich ist, m\u00fcssen mehrere Trennelemente hintereinander eingesetzt werden.<br \/>\nBasierend auf den von Ihnen bereitgestellten Spezifikationen des zu trennenden Materials entwickeln wir die passende, ma\u00dfgeschneiderte Trennanlage.<\/p>\n<p><u>Arten von Magneten:<\/u><\/p>\n<ul>\n<li>Ferritmagnet<\/li>\n<li>Neodym-Magnet<\/li>\n<\/ul>\n<h3>Magnetplatte mit automatischer Reinigung<\/h3>\n<p>Bei dieser Art der Metalltrennung handelt es sich um einen Bandf\u00f6rderer, in dessen Innerem eine Magnetplatte integriert ist. W\u00e4hrend sich das Band bewegt, wird der Magnet kontinuierlich gereinigt.<br \/>\nDieser kleine F\u00f6rderer mit integrierter Magnetplatte (Magnetplatte mit automatischer Reinigung) wird quer \u00fcber einen horizontalen oder geneigten Bandf\u00f6rderer montiert, \u00fcber den das Material transportiert wird.<\/p>\n<p><style type=\"text\/css\">\n#foogallery-gallery-10945 .fg-image { width: 180px; }\n#foogallery-gallery-10945 { --fg-gutter: 5px; }<\/style>\n\t\t\t<div class=\"foogallery foogallery-container foogallery-default foogallery-lightbox-foobox fg-left fg-default fg-ready fg-light fg-loading-default fg-loaded-fade-in fg-caption-hover fg-hover-fade fg-hover-zoom\" id=\"foogallery-gallery-10945\" data-foogallery=\"{&quot;item&quot;:{&quot;showCaptionTitle&quot;:true,&quot;showCaptionDescription&quot;:true},&quot;lazy&quot;:true}\" style=\"--fg-title-line-clamp: 0; --fg-description-line-clamp: 0;\" >\n\t<div class=\"fg-item fg-type-image fg-idle\"><figure class=\"fg-item-inner\"><a href=\"https:\/\/www.jvmmetal.cz\/wp-content\/uploads\/2018\/09\/2e55d464-automatick\u00e1-separace-kov\u016f.jpg\" data-attachment-id=\"13607\" data-type=\"image\" class=\"fg-thumb\"><span class=\"fg-image-wrap\"><img decoding=\"async\" width=\"180\" height=\"140\" class=\"skip-lazy fg-image\" data-src-fg=\"https:\/\/www.jvmmetal.cz\/wp-content\/uploads\/cache\/2018\/09\/2e55d464-automatick\u00e1-separace-kov\u016f\/1641023975.jpg\" src=\"data:image\/svg+xml,%3Csvg%20xmlns%3D%22http%3A%2F%2Fwww.w3.org%2F2000%2Fsvg%22%20width%3D%22180%22%20height%3D%22140%22%20viewBox%3D%220%200%20180%20140%22%3E%3C%2Fsvg%3E\" loading=\"eager\"><\/span><span class=\"fg-image-overlay\"><\/span><\/a><\/figure><div class=\"fg-loader\"><\/div><\/div><div class=\"fg-item fg-type-image fg-idle\"><figure class=\"fg-item-inner\"><a href=\"https:\/\/www.jvmmetal.cz\/wp-content\/uploads\/2019\/10\/319ea9d2-dopravn\u00edk-na-separaci-kov\u016f.jpg\" data-attachment-id=\"13601\" data-type=\"image\" class=\"fg-thumb\"><span class=\"fg-image-wrap\"><img decoding=\"async\" width=\"180\" height=\"140\" class=\"skip-lazy fg-image\" data-src-fg=\"https:\/\/www.jvmmetal.cz\/wp-content\/uploads\/cache\/2019\/10\/319ea9d2-dopravn\u00edk-na-separaci-kov\u016f\/464179507.jpg\" src=\"data:image\/svg+xml,%3Csvg%20xmlns%3D%22http%3A%2F%2Fwww.w3.org%2F2000%2Fsvg%22%20width%3D%22180%22%20height%3D%22140%22%20viewBox%3D%220%200%20180%20140%22%3E%3C%2Fsvg%3E\" loading=\"eager\"><\/span><span class=\"fg-image-overlay\"><\/span><\/a><\/figure><div class=\"fg-loader\"><\/div><\/div><div class=\"fg-item fg-type-image fg-idle\"><figure class=\"fg-item-inner\"><a href=\"https:\/\/www.jvmmetal.cz\/wp-content\/uploads\/2018\/09\/c342a960-magnetick\u00e1-deska-s-automatick\u00fdm-\u010di\u0161t\u011bn\u00edm.jpg\" data-attachment-id=\"13610\" data-type=\"image\" class=\"fg-thumb\"><span class=\"fg-image-wrap\"><img decoding=\"async\" width=\"180\" height=\"140\" class=\"skip-lazy fg-image\" data-src-fg=\"https:\/\/www.jvmmetal.cz\/wp-content\/uploads\/cache\/2018\/09\/c342a960-magnetick\u00e1-deska-s-automatick\u00fdm-\u010di\u0161t\u011bn\u00edm\/2797938574.jpg\" src=\"data:image\/svg+xml,%3Csvg%20xmlns%3D%22http%3A%2F%2Fwww.w3.org%2F2000%2Fsvg%22%20width%3D%22180%22%20height%3D%22140%22%20viewBox%3D%220%200%20180%20140%22%3E%3C%2Fsvg%3E\" loading=\"eager\"><\/span><span class=\"fg-image-overlay\"><\/span><\/a><\/figure><div class=\"fg-loader\"><\/div><\/div><div class=\"fg-item fg-type-image fg-idle\"><figure class=\"fg-item-inner\"><a href=\"https:\/\/www.jvmmetal.cz\/wp-content\/uploads\/2020\/07\/magneticka-separace-kovu-linka.jpg\" data-attachment-id=\"12514\" data-type=\"image\" class=\"fg-thumb\"><span class=\"fg-image-wrap\"><img decoding=\"async\" width=\"180\" height=\"140\" class=\"skip-lazy fg-image\" data-src-fg=\"https:\/\/www.jvmmetal.cz\/wp-content\/uploads\/cache\/2020\/07\/magneticka-separace-kovu-linka\/4168861869.jpg\" src=\"data:image\/svg+xml,%3Csvg%20xmlns%3D%22http%3A%2F%2Fwww.w3.org%2F2000%2Fsvg%22%20width%3D%22180%22%20height%3D%22140%22%20viewBox%3D%220%200%20180%20140%22%3E%3C%2Fsvg%3E\" loading=\"eager\"><\/span><span class=\"fg-image-overlay\"><\/span><\/a><\/figure><div class=\"fg-loader\"><\/div><\/div><\/div>\n[\/vc_column_text][vc_empty_space css=&#8221;.vc_custom_1581924848346{margin: 0px !important;padding: 0px !important;}&#8221;][vc_raw_html]JTNDZGl2JTIwY2xhc3MlM0QlMjJ2aWRlb1dyYXBwZXIlMjIlM0UlMEElMjAlMjAlMjAlMjAlM0MlMjEtLSUyMENvcHklMjAlMjYlMjBQYXN0ZWQlMjBmcm9tJTIwWW91VHViZSUyMC0tJTNFJTBBJTNDaWZyYW1lJTIwd2lkdGglM0QlMjI1NjAlMjIlMjBoZWlnaHQlM0QlMjIzMTUlMjIlMjBzcmMlM0QlMjJodHRwcyUzQSUyRiUyRnd3dy55b3V0dWJlLmNvbSUyRmVtYmVkJTJGQUdwZ2Z1bDY0dFElMjIlMjBmcmFtZWJvcmRlciUzRCUyMjAlMjIlMjBhbGxvdyUzRCUyMmFjY2VsZXJvbWV0ZXIlM0IlMjBhdXRvcGxheSUzQiUyMGVuY3J5cHRlZC1tZWRpYSUzQiUyMGd5cm9zY29wZSUzQiUyMHBpY3R1cmUtaW4tcGljdHVyZSUyMiUyMGFsbG93ZnVsbHNjcmVlbiUzRSUzQyUyRmlmcmFtZSUzRSUwQSUzQyUyRmRpdiUzRQ==[\/vc_raw_html][vc_empty_space css=&#8221;.vc_custom_1581924848346{margin: 0px !important;padding: 0px !important;}&#8221;][vc_column_text css=&#8221;&#8221;]<\/p>\n<h3>Magnetplatte mit manueller Reinigung<\/h3>\n<p>Eine permanente Magnetplatte wird als \u00dcberkopf-Montage \u00fcber einem Bandf\u00f6rderer eingesetzt. Aufgrund der aufwendigeren Reinigung wird sie dort verwendet, wo nur eine geringe Menge metallischer Verunreinigungen vorhanden ist. Dies ist das einfachste und kosteng\u00fcnstigste System zur magnetischen Metalltrennung.<\/p>\n<p><style type=\"text\/css\">\n#foogallery-gallery-10946 .fg-image { width: 360px; }\n#foogallery-gallery-10946 { --fg-gutter: 5px; }<\/style>\n\t\t\t<div class=\"foogallery foogallery-container foogallery-default foogallery-lightbox-foobox fg-left fg-default fg-ready fg-light fg-loading-default fg-loaded-fade-in fg-caption-hover fg-hover-fade fg-hover-zoom\" id=\"foogallery-gallery-10946\" data-foogallery=\"{&quot;item&quot;:{&quot;showCaptionTitle&quot;:true,&quot;showCaptionDescription&quot;:true},&quot;lazy&quot;:true}\" style=\"--fg-title-line-clamp: 0; --fg-description-line-clamp: 0;\" >\n\t<div class=\"fg-item fg-type-image fg-idle\"><figure class=\"fg-item-inner\"><a href=\"https:\/\/www.jvmmetal.cz\/wp-content\/uploads\/2019\/10\/05d49ed1-magnetick\u00e1-deska-s-ru\u010dn\u00edm-\u010di\u0161t\u011bn\u00edm.jpg\" data-attachment-id=\"13593\" data-type=\"image\" class=\"fg-thumb\"><span class=\"fg-image-wrap\"><img fetchpriority=\"high\" decoding=\"async\" width=\"360\" height=\"280\" class=\"skip-lazy fg-image\" data-src-fg=\"https:\/\/www.jvmmetal.cz\/wp-content\/uploads\/cache\/2019\/10\/05d49ed1-magnetick\u00e1-deska-s-ru\u010dn\u00edm-\u010di\u0161t\u011bn\u00edm\/2747681648.jpg\" src=\"data:image\/svg+xml,%3Csvg%20xmlns%3D%22http%3A%2F%2Fwww.w3.org%2F2000%2Fsvg%22%20width%3D%22360%22%20height%3D%22280%22%20viewBox%3D%220%200%20360%20280%22%3E%3C%2Fsvg%3E\" loading=\"eager\"><\/span><span class=\"fg-image-overlay\"><\/span><\/a><\/figure><div class=\"fg-loader\"><\/div><\/div><div class=\"fg-item fg-type-image fg-idle\"><figure class=\"fg-item-inner\"><a href=\"https:\/\/www.jvmmetal.cz\/wp-content\/uploads\/2019\/10\/6cb376c6-magnetick\u00e1-deska.jpg\" data-attachment-id=\"13595\" data-type=\"image\" class=\"fg-thumb\"><span class=\"fg-image-wrap\"><img decoding=\"async\" width=\"360\" height=\"280\" class=\"skip-lazy fg-image\" data-src-fg=\"https:\/\/www.jvmmetal.cz\/wp-content\/uploads\/cache\/2019\/10\/6cb376c6-magnetick\u00e1-deska\/2232694961.jpg\" src=\"data:image\/svg+xml,%3Csvg%20xmlns%3D%22http%3A%2F%2Fwww.w3.org%2F2000%2Fsvg%22%20width%3D%22360%22%20height%3D%22280%22%20viewBox%3D%220%200%20360%20280%22%3E%3C%2Fsvg%3E\" loading=\"eager\"><\/span><span class=\"fg-image-overlay\"><\/span><\/a><\/figure><div class=\"fg-loader\"><\/div><\/div><\/div>\n[\/vc_column_text][vc_empty_space css=&#8221;.vc_custom_1581924848346{margin: 0px !important;padding: 0px !important;}&#8221;][vc_column_text css=&#8221;&#8221;]<\/p>\n<h3>Magnetplatte mit Reinigungblech<\/h3>\n<p>\u00c4hnlich wie die Magnetplatte mit manueller Reinigung ist die Magnetplatte mit Reinigungblech f\u00fcr weniger anspruchsvolle Anwendungen vorgesehen. Die Reinigung wird durch das Blech erleichtert, das sich auf der Unterseite der Magnetplatte befindet und bei der Reinigung einfach mit den separierten Teilen herausgezogen wird.[\/vc_column_text][vc_raw_html css=&#8221;&#8221;]JTVCc2MlMjBuYW1lJTNEJTIya29udGFrdG5pLWZvcm0tYWNjb3JkZW9uLWRlJTIyJTVEJTVCJTJGc2MlNUQ=[\/vc_raw_html][vc_column_text css=&#8221;&#8221;]<\/p>\n<h3>Magnettrommel f\u00fcr Bandf\u00f6rderer<\/h3>\n<p>Die Magnettrommel ist eine L\u00f6sung, die am Ende des Bandf\u00f6rderers anstelle der Standardantriebstrommel installiert wird. Der Magnet dreht sich zusammen mit dem Band. Unter der Magnettrommel wird eine spezielle Trenneinrichtung installiert, die die magnetischen und nichtmagnetischen Teile voneinander trennt.<\/p>\n<p><style type=\"text\/css\">\n#foogallery-gallery-10947 .fg-image { width: 360px; }\n#foogallery-gallery-10947 { --fg-gutter: 5px; }<\/style>\n\t\t\t<div class=\"foogallery foogallery-container foogallery-default foogallery-lightbox-foobox fg-left fg-default fg-ready fg-light fg-loading-default fg-loaded-fade-in fg-caption-hover fg-hover-fade fg-hover-zoom\" id=\"foogallery-gallery-10947\" data-foogallery=\"{&quot;item&quot;:{&quot;showCaptionTitle&quot;:true,&quot;showCaptionDescription&quot;:true},&quot;lazy&quot;:true}\" style=\"--fg-title-line-clamp: 0; --fg-description-line-clamp: 0;\" >\n\t<div class=\"fg-item fg-type-image fg-idle\"><figure class=\"fg-item-inner\"><a href=\"https:\/\/www.jvmmetal.cz\/wp-content\/uploads\/2019\/10\/d6b297d7-dopravn\u00edk-s-magnetick\u00fdm-v\u00fdlcem.jpg\" data-attachment-id=\"13612\" data-type=\"image\" class=\"fg-thumb\"><span class=\"fg-image-wrap\"><img decoding=\"async\" width=\"360\" height=\"280\" class=\"skip-lazy fg-image\" data-src-fg=\"https:\/\/www.jvmmetal.cz\/wp-content\/uploads\/cache\/2019\/10\/d6b297d7-dopravn\u00edk-s-magnetick\u00fdm-v\u00fdlcem\/1260407485.jpg\" src=\"data:image\/svg+xml,%3Csvg%20xmlns%3D%22http%3A%2F%2Fwww.w3.org%2F2000%2Fsvg%22%20width%3D%22360%22%20height%3D%22280%22%20viewBox%3D%220%200%20360%20280%22%3E%3C%2Fsvg%3E\" loading=\"eager\"><\/span><span class=\"fg-image-overlay\"><\/span><\/a><\/figure><div class=\"fg-loader\"><\/div><\/div><div class=\"fg-item fg-type-image fg-idle\"><figure class=\"fg-item-inner\"><a href=\"https:\/\/www.jvmmetal.cz\/wp-content\/uploads\/2019\/10\/4920cc8b-magnetick\u00fd-v\u00e1lec-separace-kov\u016f.jpg\" data-attachment-id=\"13614\" data-type=\"image\" class=\"fg-thumb\"><span class=\"fg-image-wrap\"><img decoding=\"async\" width=\"360\" height=\"280\" class=\"skip-lazy fg-image\" data-src-fg=\"https:\/\/www.jvmmetal.cz\/wp-content\/uploads\/cache\/2019\/10\/4920cc8b-magnetick\u00fd-v\u00e1lec-separace-kov\u016f\/2549400499.jpg\" src=\"data:image\/svg+xml,%3Csvg%20xmlns%3D%22http%3A%2F%2Fwww.w3.org%2F2000%2Fsvg%22%20width%3D%22360%22%20height%3D%22280%22%20viewBox%3D%220%200%20360%20280%22%3E%3C%2Fsvg%3E\" loading=\"eager\"><\/span><span class=\"fg-image-overlay\"><\/span><\/a><\/figure><div class=\"fg-loader\"><\/div><\/div><\/div>\n[\/vc_column_text][vc_empty_space css=&#8221;.vc_custom_1581924848346{margin: 0px !important;padding: 0px !important;}&#8221;][vc_column_text css=&#8221;&#8221;]<\/p>\n<h3>Magnetwalze<\/h3>\n<p>Diese L\u00f6sung kann als eigenst\u00e4ndiges Trennelement oder in Kombination mit einem F\u00f6rderband installiert werden. Der Magnetkern bleibt station\u00e4r, w\u00e4hrend sich nur die H\u00fclle dreht. Unter der Magnetwalze wird \u00e4hnlich wie bei einem F\u00f6rderband mit Magnetwalze ein Trichter installiert, der magnetische und nichtmagnetische Partikel trennt.<\/p>\n<p><style type=\"text\/css\">\n#foogallery-gallery-10948 .fg-image { width: 360px; }\n#foogallery-gallery-10948 { --fg-gutter: 5px; }<\/style>\n\t\t\t<div class=\"foogallery foogallery-container foogallery-default foogallery-lightbox-foobox fg-left fg-default fg-ready fg-light fg-loading-default fg-loaded-fade-in fg-caption-hover fg-hover-fade fg-hover-zoom\" id=\"foogallery-gallery-10948\" data-foogallery=\"{&quot;item&quot;:{&quot;showCaptionTitle&quot;:true,&quot;showCaptionDescription&quot;:true},&quot;lazy&quot;:true}\" style=\"--fg-title-line-clamp: 0; --fg-description-line-clamp: 0;\" >\n\t<div class=\"fg-item fg-type-image fg-idle\"><figure class=\"fg-item-inner\"><a href=\"https:\/\/www.jvmmetal.cz\/wp-content\/uploads\/2019\/10\/d7fc615e-magnetick\u00e1-separace-kov\u016f-magnetick\u00fd-buben.jpg\" data-attachment-id=\"13603\" data-type=\"image\" class=\"fg-thumb\"><span class=\"fg-image-wrap\"><img decoding=\"async\" width=\"360\" height=\"280\" class=\"skip-lazy fg-image\" data-src-fg=\"https:\/\/www.jvmmetal.cz\/wp-content\/uploads\/cache\/2019\/10\/d7fc615e-magnetick\u00e1-separace-kov\u016f-magnetick\u00fd-buben\/2394806232.jpg\" src=\"data:image\/svg+xml,%3Csvg%20xmlns%3D%22http%3A%2F%2Fwww.w3.org%2F2000%2Fsvg%22%20width%3D%22360%22%20height%3D%22280%22%20viewBox%3D%220%200%20360%20280%22%3E%3C%2Fsvg%3E\" loading=\"eager\"><\/span><span class=\"fg-image-overlay\"><\/span><\/a><\/figure><div class=\"fg-loader\"><\/div><\/div><div class=\"fg-item fg-type-image fg-idle\"><figure class=\"fg-item-inner\"><a href=\"https:\/\/www.jvmmetal.cz\/wp-content\/uploads\/2018\/10\/Separace-kov\u016f.jpg\" data-attachment-id=\"12338\" data-type=\"image\" class=\"fg-thumb\"><span class=\"fg-image-wrap\"><img decoding=\"async\" alt=\"Separace kov\u016f\" width=\"360\" height=\"280\" class=\"skip-lazy fg-image\" data-src-fg=\"https:\/\/www.jvmmetal.cz\/wp-content\/uploads\/cache\/2018\/10\/Separace-kov\u016f\/3352368106.jpg\" src=\"data:image\/svg+xml,%3Csvg%20xmlns%3D%22http%3A%2F%2Fwww.w3.org%2F2000%2Fsvg%22%20width%3D%22360%22%20height%3D%22280%22%20viewBox%3D%220%200%20360%20280%22%3E%3C%2Fsvg%3E\" loading=\"eager\"><\/span><span class=\"fg-image-overlay\"><\/span><\/a><\/figure><div class=\"fg-loader\"><\/div><\/div><\/div>\n[\/vc_column_text][\/vc_column][vc_column width=&#8221;1\/3&#8243;][vc_widget_sidebar sidebar_id=&#8221;blog-sidebar&#8221;][\/vc_column][\/vc_row]<\/p>\n<\/div>","protected":false},"excerpt":{"rendered":"<p>Magnetick\u00e9 separ\u00e1tory jsou ned\u00edlnou sou\u010d\u00e1st\u00ed na\u0161eho v\u00fdrobn\u00edho programu. Odstra\u0148ov\u00e1n\u00ed kovov\u00fdch ne\u010distot magnetem p\u0159isp\u00edv\u00e1 celkov\u00e9 automatizaci a zrychlen\u00ed va\u0161ich pracovn\u00edch proces\u016f.<\/p>\n","protected":false},"author":4,"featured_media":12334,"parent":0,"menu_order":3,"comment_status":"closed","ping_status":"closed","template":"","meta":{"footnotes":""},"categories":[154],"tags":[],"class_list":["post-12332","page","type-page","status-publish","has-post-thumbnail","hentry","category-unkategorisiert"],"_links":{"self":[{"href":"https:\/\/www.jvmmetal.cz\/de\/wp-json\/wp\/v2\/pages\/12332","targetHints":{"allow":["GET"]}}],"collection":[{"href":"https:\/\/www.jvmmetal.cz\/de\/wp-json\/wp\/v2\/pages"}],"about":[{"href":"https:\/\/www.jvmmetal.cz\/de\/wp-json\/wp\/v2\/types\/page"}],"author":[{"embeddable":true,"href":"https:\/\/www.jvmmetal.cz\/de\/wp-json\/wp\/v2\/users\/4"}],"replies":[{"embeddable":true,"href":"https:\/\/www.jvmmetal.cz\/de\/wp-json\/wp\/v2\/comments?post=12332"}],"version-history":[{"count":10,"href":"https:\/\/www.jvmmetal.cz\/de\/wp-json\/wp\/v2\/pages\/12332\/revisions"}],"predecessor-version":[{"id":12837,"href":"https:\/\/www.jvmmetal.cz\/de\/wp-json\/wp\/v2\/pages\/12332\/revisions\/12837"}],"wp:featuredmedia":[{"embeddable":true,"href":"https:\/\/www.jvmmetal.cz\/de\/wp-json\/wp\/v2\/media\/12334"}],"wp:attachment":[{"href":"https:\/\/www.jvmmetal.cz\/de\/wp-json\/wp\/v2\/media?parent=12332"}],"wp:term":[{"taxonomy":"category","embeddable":true,"href":"https:\/\/www.jvmmetal.cz\/de\/wp-json\/wp\/v2\/categories?post=12332"},{"taxonomy":"post_tag","embeddable":true,"href":"https:\/\/www.jvmmetal.cz\/de\/wp-json\/wp\/v2\/tags?post=12332"}],"curies":[{"name":"wp","href":"https:\/\/api.w.org\/{rel}","templated":true}]}}