{"id":12346,"date":"2020-04-15T05:54:30","date_gmt":"2020-04-15T05:54:30","guid":{"rendered":"https:\/\/www.jvmmetal.cz\/dopravniky-pro-logisticka-centra\/"},"modified":"2026-02-12T22:03:00","modified_gmt":"2026-02-12T22:03:00","slug":"foerderanlagen-fuer-logistikzentren","status":"publish","type":"page","link":"https:\/\/www.jvmmetal.cz\/de\/foerderanlagen-fuer-logistikzentren\/","title":{"rendered":"F\u00f6rderanlagen f\u00fcr Logistikzentren"},"content":{"rendered":"<div class=\"wpb-content-wrapper\"><p>[vc_row][vc_column width=&#8221;2\/3&#8243;][vc_custom_heading source=&#8221;post_title&#8221; font_container=&#8221;tag:h1|text_align:left&#8221; use_theme_fonts=&#8221;yes&#8221; css=&#8221;&#8221;][vc_column_text css=&#8221;&#8221;]Wir bieten Ihnen komplette L\u00f6sungen f\u00fcr F\u00f6rdertechnologie f\u00fcr Ihr Logistik-, Distributionszentrum, Lager oder E-Shop.Wir fertigen eine Vielzahl von Einzelkomponenten wie Bandf\u00f6rderer, Rollenf\u00f6rderer, Sortieranlagen und viele weitere Elemente, aus denen wir Ihre ma\u00dfgeschneiderte Technologie zusammenstellen. Das gesamte System liefern wir inklusive Elektroinstallation, Software und Montage.<\/p>\n<p>Der Fokus liegt auf dem Transport, der Sortierung, der Verpackung und dem Umreifung von Paketen, Einzelprodukten und Briefen. Wir bieten auch F\u00f6rderer f\u00fcr den Palettentransport an. Weitere Informationen finden Sie auf der Seite <a href=\"https:\/\/www.jvmmetal.cz\/valeckove-dopravniky\/\">Palettentransport HIER.<\/a><\/p>\n<p>&nbsp;<\/p>\n<p><style type=\"text\/css\">\n#foogallery-gallery-9461 .fg-image { width: 220px; }\n#foogallery-gallery-9461 { --fg-gutter: 5px; }<\/style>\n\t\t\t<div class=\"foogallery foogallery-container foogallery-default foogallery-lightbox-foobox fg-center fg-default fg-ready fg-light fg-border-thin fg-shadow-outline fg-loading-default fg-loaded-fade-in fg-caption-hover fg-hover-fade fg-hover-zoom\" id=\"foogallery-gallery-9461\" data-foogallery=\"{&quot;item&quot;:{&quot;showCaptionTitle&quot;:true,&quot;showCaptionDescription&quot;:true},&quot;lazy&quot;:true}\" style=\"--fg-title-line-clamp: 0; --fg-description-line-clamp: 0;\" >\n\t<div class=\"fg-item fg-type-image fg-idle\"><figure class=\"fg-item-inner\"><a href=\"https:\/\/www.jvmmetal.cz\/wp-content\/uploads\/2020\/04\/eb4913f0-1-312617810.jpg\" data-caption-title=\"Packages delivery, packaging service and parcels transportation system concept, cardboard boxes on a conveyor belt in a warehouse. Three conveyor belts. 3d illustration\" data-attachment-id=\"13691\" data-type=\"image\" class=\"fg-thumb\"><span class=\"fg-image-wrap\"><img decoding=\"async\" title=\"Packages delivery, packaging service and parcels transportation system concept, cardboard boxes on a conveyor belt in a warehouse. Three conveyor belts. 3d illustration\" width=\"220\" height=\"150\" class=\"skip-lazy fg-image\" data-src-fg=\"https:\/\/www.jvmmetal.cz\/wp-content\/uploads\/cache\/2020\/04\/eb4913f0-1-312617810\/2002873006.jpg\" src=\"data:image\/svg+xml,%3Csvg%20xmlns%3D%22http%3A%2F%2Fwww.w3.org%2F2000%2Fsvg%22%20width%3D%22220%22%20height%3D%22150%22%20viewBox%3D%220%200%20220%20150%22%3E%3C%2Fsvg%3E\" loading=\"eager\"><\/span><span class=\"fg-image-overlay\"><\/span><\/a><figcaption class=\"fg-caption\"><div class=\"fg-caption-inner\"><div class=\"fg-caption-title\">Packages delivery, packaging service and parcels transportation system concept, cardboard boxes on a conveyor belt in a warehouse. Three conveyor belts. 3d illustration<\/div><\/div><\/figcaption><\/figure><div class=\"fg-loader\"><\/div><\/div><div class=\"fg-item fg-type-image fg-idle\"><figure class=\"fg-item-inner\"><a href=\"https:\/\/www.jvmmetal.cz\/wp-content\/uploads\/2020\/04\/358c7575-1-130858480.jpg\" data-caption-title=\"Closed cardboard boxes and wrapped with adhesive on conveyor roller. 3D Rendering\" data-attachment-id=\"13689\" data-type=\"image\" class=\"fg-thumb\"><span class=\"fg-image-wrap\"><img decoding=\"async\" title=\"Closed cardboard boxes and wrapped with adhesive on conveyor roller. 3D Rendering\" width=\"220\" height=\"150\" class=\"skip-lazy fg-image\" data-src-fg=\"https:\/\/www.jvmmetal.cz\/wp-content\/uploads\/cache\/2020\/04\/358c7575-1-130858480\/1761233309.jpg\" src=\"data:image\/svg+xml,%3Csvg%20xmlns%3D%22http%3A%2F%2Fwww.w3.org%2F2000%2Fsvg%22%20width%3D%22220%22%20height%3D%22150%22%20viewBox%3D%220%200%20220%20150%22%3E%3C%2Fsvg%3E\" loading=\"eager\"><\/span><span class=\"fg-image-overlay\"><\/span><\/a><figcaption class=\"fg-caption\"><div class=\"fg-caption-inner\"><div class=\"fg-caption-title\">Closed cardboard boxes and wrapped with adhesive on conveyor roller. 3D Rendering<\/div><\/div><\/figcaption><\/figure><div class=\"fg-loader\"><\/div><\/div><div class=\"fg-item fg-type-image fg-idle\"><figure class=\"fg-item-inner\"><a href=\"https:\/\/www.jvmmetal.cz\/wp-content\/uploads\/2020\/04\/dd514b23-1-166414420.jpg\" data-attachment-id=\"13670\" data-type=\"image\" class=\"fg-thumb\"><span class=\"fg-image-wrap\"><img decoding=\"async\" width=\"220\" height=\"150\" class=\"skip-lazy fg-image\" data-src-fg=\"https:\/\/www.jvmmetal.cz\/wp-content\/uploads\/cache\/2020\/04\/dd514b23-1-166414420\/1411683874.jpg\" src=\"data:image\/svg+xml,%3Csvg%20xmlns%3D%22http%3A%2F%2Fwww.w3.org%2F2000%2Fsvg%22%20width%3D%22220%22%20height%3D%22150%22%20viewBox%3D%220%200%20220%20150%22%3E%3C%2Fsvg%3E\" loading=\"eager\"><\/span><span class=\"fg-image-overlay\"><\/span><\/a><\/figure><div class=\"fg-loader\"><\/div><\/div><\/div>\n[\/vc_column_text][vc_empty_space height=&#8221;40px&#8221;][vc_raw_html css=&#8221;&#8221;]JTVCc2MlMjBuYW1lJTNEJTIya29udGFrdG5pLWZvcm0tYWNjb3JkZW9uLWRlJTIyJTVEJTVCJTJGc2MlNUQ=[\/vc_raw_html][vc_empty_space][vc_column_text]<\/p>\n<p style=\"text-align: center;\"><iframe loading=\"lazy\" title=\"YouTube video player\" src=\"https:\/\/www.youtube.com\/embed\/GXTTsMiX_-8?si=Hmw7Jk5HvR5qeDwn\" width=\"560\" height=\"315\" frameborder=\"0\" allowfullscreen=\"allowfullscreen\"><\/iframe><\/p>\n<p>[\/vc_column_text][vc_empty_space][vc_column_text css=&#8221;&#8221;]<\/p>\n<h3 class=\"isselectedend\">Rollen- und Bandf\u00f6rderer<\/h3>\n<p>Rollen- oder Bandf\u00f6rderer f\u00fcr den Transport von Paketen oder Waren in Ihrem Lager. Die Breite des F\u00f6rderers wird immer entsprechend den maximalen Abmessungen des zu transportierenden Gutes gew\u00e4hlt. Ein Vorteil der Rollenf\u00f6rderer ist die M\u00f6glichkeit, einfach Kurven zu erstellen. Die F\u00f6rderer erm\u00f6glichen das Abw\u00e4rts-, Aufw\u00e4rts- oder horizontale F\u00f6rdern.<\/p>\n<p><style type=\"text\/css\">\n#foogallery-gallery-9478 .fg-image { width: 220px; }\n#foogallery-gallery-9478 { --fg-gutter: 5px; }<\/style>\n\t\t\t<div class=\"foogallery foogallery-container foogallery-default foogallery-lightbox-foobox fg-center fg-default fg-ready fg-light fg-border-thin fg-shadow-outline fg-loading-default fg-loaded-fade-in fg-caption-hover fg-hover-fade fg-hover-zoom\" id=\"foogallery-gallery-9478\" data-foogallery=\"{&quot;item&quot;:{&quot;showCaptionTitle&quot;:true,&quot;showCaptionDescription&quot;:true},&quot;lazy&quot;:true}\" style=\"--fg-title-line-clamp: 0; --fg-description-line-clamp: 0;\" >\n\t<div class=\"fg-item fg-type-image fg-idle\"><figure class=\"fg-item-inner\"><a href=\"https:\/\/www.jvmmetal.cz\/wp-content\/uploads\/2020\/04\/28e35962-2-20561833.jpg\" data-attachment-id=\"13679\" data-type=\"image\" class=\"fg-thumb\"><span class=\"fg-image-wrap\"><img decoding=\"async\" width=\"220\" height=\"150\" class=\"skip-lazy fg-image\" data-src-fg=\"https:\/\/www.jvmmetal.cz\/wp-content\/uploads\/cache\/2020\/04\/28e35962-2-20561833\/897108677.jpg\" src=\"data:image\/svg+xml,%3Csvg%20xmlns%3D%22http%3A%2F%2Fwww.w3.org%2F2000%2Fsvg%22%20width%3D%22220%22%20height%3D%22150%22%20viewBox%3D%220%200%20220%20150%22%3E%3C%2Fsvg%3E\" loading=\"eager\"><\/span><span class=\"fg-image-overlay\"><\/span><\/a><\/figure><div class=\"fg-loader\"><\/div><\/div><div class=\"fg-item fg-type-image fg-idle\"><figure class=\"fg-item-inner\"><a href=\"https:\/\/www.jvmmetal.cz\/wp-content\/uploads\/2020\/04\/4823f231-home-page.jpg\" data-attachment-id=\"12348\" data-type=\"image\" class=\"fg-thumb\"><span class=\"fg-image-wrap\"><img decoding=\"async\" width=\"220\" height=\"150\" class=\"skip-lazy fg-image\" data-src-fg=\"https:\/\/www.jvmmetal.cz\/wp-content\/uploads\/cache\/2020\/04\/4823f231-home-page\/1907629177.jpg\" src=\"data:image\/svg+xml,%3Csvg%20xmlns%3D%22http%3A%2F%2Fwww.w3.org%2F2000%2Fsvg%22%20width%3D%22220%22%20height%3D%22150%22%20viewBox%3D%220%200%20220%20150%22%3E%3C%2Fsvg%3E\" loading=\"eager\"><\/span><span class=\"fg-image-overlay\"><\/span><\/a><\/figure><div class=\"fg-loader\"><\/div><\/div><div class=\"fg-item fg-type-image fg-idle\"><figure class=\"fg-item-inner\"><a href=\"https:\/\/www.jvmmetal.cz\/wp-content\/uploads\/2020\/04\/5f59052f-2-26190387.jpg\" data-attachment-id=\"13681\" data-type=\"image\" class=\"fg-thumb\"><span class=\"fg-image-wrap\"><img decoding=\"async\" width=\"220\" height=\"150\" class=\"skip-lazy fg-image\" data-src-fg=\"https:\/\/www.jvmmetal.cz\/wp-content\/uploads\/cache\/2020\/04\/5f59052f-2-26190387\/2849451901.jpg\" src=\"data:image\/svg+xml,%3Csvg%20xmlns%3D%22http%3A%2F%2Fwww.w3.org%2F2000%2Fsvg%22%20width%3D%22220%22%20height%3D%22150%22%20viewBox%3D%220%200%20220%20150%22%3E%3C%2Fsvg%3E\" loading=\"eager\"><\/span><span class=\"fg-image-overlay\"><\/span><\/a><\/figure><div class=\"fg-loader\"><\/div><\/div><\/div>\n[\/vc_column_text][vc_empty_space][vc_column_text css=&#8221;&#8221;]<\/p>\n<h3 class=\"isselectedend\">F\u00f6rderkreuzungen und Weichen<\/h3>\n<p>Kreuzungen f\u00fcr den seitlichen Transport von Produkten zwischen Rollenf\u00f6rderern. Die Kreuzungen werden stets so entworfen, dass sie dem zu transportierenden Produkt entsprechen.<\/p>\n<p><img loading=\"lazy\" decoding=\"async\" class=\"alignnone wp-image-9395 size-full\" src=\"https:\/\/www.jvmmetal.cz\/wp-content\/uploads\/2020\/04\/ee240e34-1-138465434.jpg\" alt=\"\" width=\"500\" height=\"333\" srcset=\"https:\/\/www.jvmmetal.cz\/wp-content\/uploads\/2020\/04\/ee240e34-1-138465434.jpg 500w, https:\/\/www.jvmmetal.cz\/wp-content\/uploads\/2020\/04\/ee240e34-1-138465434-400x266.jpg 400w\" sizes=\"auto, (max-width: 500px) 100vw, 500px\" \/>[\/vc_column_text][vc_empty_space][vc_column_text css=&#8221;&#8221;]<\/p>\n<h3>Laden und Entladen von Lkw<\/h3>\n<p>Spezielle F\u00f6rderer, die f\u00fcr das einfache Be- und Entladen von Lkw konzipiert sind.<br \/>\nDiese F\u00f6rderer sind teleskopisch und k\u00f6nnen in den Laderaum des Fahrzeugs ausgefahren werden.<br \/>\nWir bieten mehrere Ausf\u00fchrungsvarianten an:[\/vc_column_text][vc_row_inner][vc_column_inner width=&#8221;1\/2&#8243;][vc_column_text css=&#8221;&#8221;]<strong>Beladung:<\/strong><\/p>\n<ul>\n<li>Schwerkraft-Rollen-Teleskopf\u00f6rderer f\u00fcr die Beladung<\/li>\n<li>Angetriebener Band-Teleskopf\u00f6rderer f\u00fcr die Beladung<\/li>\n<\/ul>\n<p>[\/vc_column_text][\/vc_column_inner][vc_column_inner width=&#8221;1\/2&#8243;][vc_column_text css=&#8221;&#8221;]<strong>Entladung:<\/strong><\/p>\n<ul>\n<li>Schwerkraft-Rollen-Teleskopf\u00f6rderer f\u00fcr die Entladung<\/li>\n<li>Angetriebener Band-Teleskopf\u00f6rderer f\u00fcr die Entladung<\/li>\n<\/ul>\n<p>[\/vc_column_text][\/vc_column_inner][\/vc_row_inner][vc_single_image image=&#8221;12351&#8243; img_size=&#8221;large&#8221; alignment=&#8221;center&#8221;][vc_empty_space][vc_row_inner][vc_column_inner][vc_column_text css=&#8221;&#8221;]<\/p>\n<h3>Verpacken und Umreifung von Paketen<\/h3>\n<p>Das Verschlie\u00dfen, Umreifen und Wickeln von Paketen kann in das F\u00f6rdersystem integriert und vollst\u00e4ndig automatisiert durchgef\u00fchrt werden, oder es kann im manuellen Modus erfolgen. Falls Sie ganze Paletten umreifen oder wickeln m\u00fcssen, finden Sie unser Angebot in der Kategorie Verpackungsmaschinen.[\/vc_column_text][\/vc_column_inner][\/vc_row_inner][vc_row_inner][vc_column_inner width=&#8221;1\/3&#8243;][vc_column_text css=&#8221;&#8221;]<strong>Verkleben von Paketen<\/strong>[\/vc_column_text]<div data-id=\"mpc_image-6669ddf21a9e523\" onclick=\"\" class=\"mpc-image mpc-init \" ><div class=\"mpc-item mpc-transition\"><img decoding=\"async\" class=\"mpc-transition \" src=\"https:\/\/www.jvmmetal.cz\/wp-content\/uploads\/2020\/04\/0145e247-screenshot_49-400x267.png\" width=\"400\" height=\"267\" alt=\"Screenshot_49\" title=\"Screenshot_49\" loading=\"lazy\" \/><\/div><\/div>[\/vc_column_inner][vc_column_inner width=&#8221;1\/3&#8243;][vc_column_text css=&#8221;&#8221;]<strong>Umreifung von Paketen<\/strong>[\/vc_column_text]<div data-id=\"mpc_image-7569ddf21aa097f\" onclick=\"\" class=\"mpc-image mpc-init \" ><div class=\"mpc-item mpc-transition\"><img decoding=\"async\" class=\"mpc-transition \" src=\"https:\/\/www.jvmmetal.cz\/wp-content\/uploads\/2020\/04\/b182c988-1-200265132-400x267.jpg\" width=\"400\" height=\"267\" alt=\"Automatic packing machine with plastic bag and paper box, high speed packing machine for food product industrial, high technology manufacturing process\" title=\"1-200265132\" loading=\"lazy\" \/><\/div><\/div>[\/vc_column_inner][vc_column_inner width=&#8221;1\/3&#8243;][vc_column_text css=&#8221;&#8221;]<strong>Verpacken in Folie<\/strong>[\/vc_column_text]<div data-id=\"mpc_image-9369ddf21aa1937\" onclick=\"\" class=\"mpc-image mpc-init \" ><div class=\"mpc-item mpc-transition\"><img decoding=\"async\" class=\"mpc-transition \" src=\"https:\/\/www.jvmmetal.cz\/wp-content\/uploads\/2020\/04\/77536aa6-1-295873846-400x267.jpg\" width=\"400\" height=\"267\" alt=\"Machine for packing long items. Industrial packaging technology.\" title=\"1-295873846\" loading=\"lazy\" \/><\/div><\/div>[\/vc_column_inner][\/vc_row_inner][vc_empty_space][vc_column_text css=&#8221;&#8221; el_id=&#8221;ctecibrany&#8221;]<\/p>\n<h3>Lesetore<\/h3>\n<p>Lesetore werden verwendet, um den Strichcode eines Pakets w\u00e4hrend des Transports zu scannen.<br \/>\nDas Paket wird beim Bewegen erfasst, und es ist nicht notwendig, es zu stoppen. Codes k\u00f6nnen von allen Seiten des Pakets gescannt werden. Das Paket muss nicht gerade sein, sondern kann auch gedreht werden.<\/p>\n<ul>\n<li>Scannen von Codes<\/li>\n<li>Messen der Paketgr\u00f6\u00dfen<\/li>\n<\/ul>\n<p>[\/vc_column_text][vc_empty_space][vc_column_text css=&#8221;&#8221;]<\/p>\n<h3>Palettenbef\u00f6rderung<\/h3>\n<p>F\u00f6rderb\u00e4nder f\u00fcr den Transport von vollen oder leeren Paletten.<br \/>\nGerade F\u00f6rderb\u00e4nder, Kettenf\u00f6rderer, F\u00f6rderaufz\u00fcge und weitere.<br \/>\nMehr \u00fcber Palettenf\u00f6rderer finden Sie im Abschnitt <a href=\"https:\/\/www.jvmmetal.cz\/valeckove-dopravniky\/\">Palettenbef\u00f6rderung HIER.<\/a>[\/vc_column_text][\/vc_column][vc_column width=&#8221;1\/3&#8243;][vc_widget_sidebar sidebar_id=&#8221;blog-sidebar&#8221;][\/vc_column][\/vc_row][vc_row disable_element=&#8221;yes&#8221;][vc_column][vc_column_text]<\/p>\n<h3>Dopravn\u00edkov\u00e9 t\u0159\u00eddi\u010de SORTERY<\/h3>\n<p>Dopravn\u00edkov\u00fd t\u0159\u00eddi\u010d sorter je za\u0159\u00edzen\u00ed pro automatick\u00e9 t\u0159\u00edd\u011bn\u00ed produkt\u016f, bal\u00edk\u016f \u010di ob\u00e1lek<br \/>\nNab\u00edz\u00edme technologii postavenou na unik\u00e1tn\u00edm kuli\u010dkov\u00e9m modul\u00e1rn\u00edm dopravn\u00edkov\u00e9m p\u00e1su uni QNB Ball, kter\u00fd umo\u017e\u0148uje pohyb zbo\u017e\u00ed v\u0161emi sm\u011bry.<br \/>\nNa vstupu do sorteru jsou bal\u00edky na\u010dteny pomoc\u00ed \u010dtec\u00ed br\u00e1ny, kde dojde k na\u010dten\u00ed \u010d\u00e1rov\u00e9ho kodu, nebo jin\u00e9ho ozna\u010den\u00ed na bal\u00edku. \u010cten\u00ed prob\u00edh\u00e1 automaticky za pohybu bal\u00edku. V\u00edce v sekci <a href=\"#ctecibrany\">\u010dtec\u00ed br\u00e1ny<\/a>.<br \/>\nInformace z \u010dtec\u00ed br\u00e1ny jde do \u0159\u00edd\u00edc\u00edho syst\u00e9mu t\u0159\u00eddi\u010de, kter\u00fd bal\u00edk po\u0161le na stanovenou pozici.<\/p>\n<style type=\"text\/css\">\n#foogallery-gallery-9463 .fg-image { width: 220px; }\n#foogallery-gallery-9463 { --fg-gutter: 5px; }<\/style>\n\t\t\t<div class=\"foogallery foogallery-container foogallery-default foogallery-lightbox-foobox fg-center fg-default fg-ready fg-light fg-border-thin fg-shadow-outline fg-loading-default fg-loaded-fade-in fg-caption-hover fg-hover-fade fg-hover-zoom\" id=\"foogallery-gallery-9463\" data-foogallery=\"{&quot;item&quot;:{&quot;showCaptionTitle&quot;:true,&quot;showCaptionDescription&quot;:true},&quot;lazy&quot;:true}\" style=\"--fg-title-line-clamp: 0; --fg-description-line-clamp: 0;\" >\n\t<div class=\"fg-item fg-type-image fg-idle\"><figure class=\"fg-item-inner\"><a href=\"https:\/\/www.jvmmetal.cz\/wp-content\/uploads\/2020\/04\/bad2ca67-2-10318135.jpg\" data-attachment-id=\"13699\" data-type=\"image\" class=\"fg-thumb\"><span class=\"fg-image-wrap\"><img decoding=\"async\" width=\"220\" height=\"150\" class=\"skip-lazy fg-image\" data-src-fg=\"https:\/\/www.jvmmetal.cz\/wp-content\/uploads\/cache\/2020\/04\/bad2ca67-2-10318135\/1908704190.jpg\" src=\"data:image\/svg+xml,%3Csvg%20xmlns%3D%22http%3A%2F%2Fwww.w3.org%2F2000%2Fsvg%22%20width%3D%22220%22%20height%3D%22150%22%20viewBox%3D%220%200%20220%20150%22%3E%3C%2Fsvg%3E\" loading=\"eager\"><\/span><span class=\"fg-image-overlay\"><\/span><\/a><\/figure><div class=\"fg-loader\"><\/div><\/div><div class=\"fg-item fg-type-image fg-idle\"><figure class=\"fg-item-inner\"><a href=\"https:\/\/www.jvmmetal.cz\/wp-content\/uploads\/2020\/04\/f4598438-2-25789907.jpg\" data-attachment-id=\"13701\" data-type=\"image\" class=\"fg-thumb\"><span class=\"fg-image-wrap\"><img decoding=\"async\" width=\"220\" height=\"150\" class=\"skip-lazy fg-image\" data-src-fg=\"https:\/\/www.jvmmetal.cz\/wp-content\/uploads\/cache\/2020\/04\/f4598438-2-25789907\/1743221211.jpg\" src=\"data:image\/svg+xml,%3Csvg%20xmlns%3D%22http%3A%2F%2Fwww.w3.org%2F2000%2Fsvg%22%20width%3D%22220%22%20height%3D%22150%22%20viewBox%3D%220%200%20220%20150%22%3E%3C%2Fsvg%3E\" loading=\"eager\"><\/span><span class=\"fg-image-overlay\"><\/span><\/a><\/figure><div class=\"fg-loader\"><\/div><\/div><div class=\"fg-item fg-type-image fg-idle\"><figure class=\"fg-item-inner\"><a href=\"https:\/\/www.jvmmetal.cz\/wp-content\/uploads\/2020\/04\/72cd748a-1-164556366.jpg\" data-attachment-id=\"13672\" data-type=\"image\" class=\"fg-thumb\"><span class=\"fg-image-wrap\"><img decoding=\"async\" width=\"220\" height=\"150\" class=\"skip-lazy fg-image\" data-src-fg=\"https:\/\/www.jvmmetal.cz\/wp-content\/uploads\/cache\/2020\/04\/72cd748a-1-164556366\/2868566785.jpg\" src=\"data:image\/svg+xml,%3Csvg%20xmlns%3D%22http%3A%2F%2Fwww.w3.org%2F2000%2Fsvg%22%20width%3D%22220%22%20height%3D%22150%22%20viewBox%3D%220%200%20220%20150%22%3E%3C%2Fsvg%3E\" loading=\"eager\"><\/span><span class=\"fg-image-overlay\"><\/span><\/a><\/figure><div class=\"fg-loader\"><\/div><\/div><\/div>\n\n<p>[\/vc_column_text][vc_empty_space][vc_row_inner][vc_column_inner width=&#8221;1\/2&#8243;][vc_column_text]<strong>Bo\u010dn\u00ed t\u0159\u00edd\u011bn\u00ed produkt\u016f<\/strong><\/p>\n<p><img loading=\"lazy\" decoding=\"async\" class=\"alignnone size-full wp-image-9425\" src=\"https:\/\/www.jvmmetal.cz\/wp-content\/uploads\/2020\/04\/20393545-1.png\" alt=\"\" width=\"201\" height=\"112\" srcset=\"https:\/\/www.jvmmetal.cz\/wp-content\/uploads\/2020\/04\/20393545-1.png 201w, https:\/\/www.jvmmetal.cz\/wp-content\/uploads\/2020\/04\/20393545-1-200x112.png 200w\" sizes=\"auto, (max-width: 201px) 100vw, 201px\" \/><\/p>\n<p>Bo\u010dn\u00ed p\u0159esun bal\u00edk\u016f vpravo nebo vlevo.<br \/>\nVyu\u017eit\u00ed pro\u00a0 dopravn\u00edkov\u00e9 k\u0159i\u017eovatky.[\/vc_column_text][\/vc_column_inner][vc_column_inner width=&#8221;1\/2&#8243;][vc_column_text]<strong>Liniov\u00e9 T\u0159\u00edd\u011bn\u00ed produkt\u016f<\/strong><\/p>\n<p><img loading=\"lazy\" decoding=\"async\" class=\"alignnone size-full wp-image-9426\" src=\"https:\/\/www.jvmmetal.cz\/wp-content\/uploads\/2020\/04\/ed86f273-2.png\" alt=\"\" width=\"210\" height=\"114\" \/><\/p>\n<p>Syst\u00e9m umo\u017en\u00ed liniov\u00e9 t\u0159\u00edd\u011bn\u00ed bal\u00edk\u016f z jedn\u00e9 linie na dv\u011b nebo t\u0159i, kter\u00e9 jsou n\u00e1sledn\u011b pos\u00edl\u00e1ny na dal\u0161\u00ed zpracov\u00e1n\u00ed.[\/vc_column_text][\/vc_column_inner][\/vc_row_inner][\/vc_column][\/vc_row][vc_row disable_element=&#8221;yes&#8221;][vc_column width=&#8221;1\/2&#8243;][vc_column_text]<strong>Liniov\u00e9 Slu\u010dov\u00e1n\u00ed produkt\u016f<\/strong><\/p>\n<p><img loading=\"lazy\" decoding=\"async\" class=\"alignnone size-full wp-image-9427\" src=\"https:\/\/www.jvmmetal.cz\/wp-content\/uploads\/2020\/04\/2446a7ad-3.png\" alt=\"\" width=\"212\" height=\"96\" \/><\/p>\n<p>Liniov\u00e9 slu\u010dov\u00e1n\u00ed bal\u00edku ve dvou nebo t\u0159\u00ed lini\u00ed do jedn\u00e9. Slu\u010dov\u00e1n\u00ed prob\u00edh\u00e1 plynule za j\u00edzdy dopravn\u00edku, ani\u017e by se museli bal\u00edky zastavit[\/vc_column_text][\/vc_column][vc_column width=&#8221;1\/2&#8243;][vc_column_text]<strong>Ot\u00e1\u010den\u00ed produkt\u016f<\/strong><\/p>\n<p><img loading=\"lazy\" decoding=\"async\" class=\"alignnone size-full wp-image-9428\" src=\"https:\/\/www.jvmmetal.cz\/wp-content\/uploads\/2020\/04\/65641dff-4.png\" alt=\"\" width=\"337\" height=\"117\" \/><\/p>\n<p>Mo\u017enost ot\u00e1\u010den\u00ed bal\u00edk\u016f o 90 nebo 180 stup\u0148\u016f, ani\u017e by se bal\u00edky museli zastavovat[\/vc_column_text][\/vc_column][\/vc_row]<\/p>\n<\/div>","protected":false},"excerpt":{"rendered":"<p>[vc_row][vc_column width=&#8221;2\/3&#8243;][vc_custom_heading source=&#8221;post_title&#8221; font_container=&#8221;tag:h1|text_align:left&#8221; use_theme_fonts=&#8221;yes&#8221; css=&#8221;&#8221;][vc_column_text css=&#8221;&#8221;]Wir bieten Ihnen komplette L\u00f6sungen f\u00fcr F\u00f6rdertechnologie f\u00fcr Ihr Logistik-, Distributionszentrum, Lager oder E-Shop.Wir fertigen eine Vielzahl von Einzelkomponenten wie Bandf\u00f6rderer,<\/p>\n","protected":false},"author":3,"featured_media":12348,"parent":0,"menu_order":0,"comment_status":"closed","ping_status":"closed","template":"","meta":{"footnotes":""},"categories":[154],"tags":[],"class_list":["post-12346","page","type-page","status-publish","has-post-thumbnail","hentry","category-unkategorisiert"],"_links":{"self":[{"href":"https:\/\/www.jvmmetal.cz\/de\/wp-json\/wp\/v2\/pages\/12346","targetHints":{"allow":["GET"]}}],"collection":[{"href":"https:\/\/www.jvmmetal.cz\/de\/wp-json\/wp\/v2\/pages"}],"about":[{"href":"https:\/\/www.jvmmetal.cz\/de\/wp-json\/wp\/v2\/types\/page"}],"author":[{"embeddable":true,"href":"https:\/\/www.jvmmetal.cz\/de\/wp-json\/wp\/v2\/users\/3"}],"replies":[{"embeddable":true,"href":"https:\/\/www.jvmmetal.cz\/de\/wp-json\/wp\/v2\/comments?post=12346"}],"version-history":[{"count":10,"href":"https:\/\/www.jvmmetal.cz\/de\/wp-json\/wp\/v2\/pages\/12346\/revisions"}],"predecessor-version":[{"id":12839,"href":"https:\/\/www.jvmmetal.cz\/de\/wp-json\/wp\/v2\/pages\/12346\/revisions\/12839"}],"wp:featuredmedia":[{"embeddable":true,"href":"https:\/\/www.jvmmetal.cz\/de\/wp-json\/wp\/v2\/media\/12348"}],"wp:attachment":[{"href":"https:\/\/www.jvmmetal.cz\/de\/wp-json\/wp\/v2\/media?parent=12346"}],"wp:term":[{"taxonomy":"category","embeddable":true,"href":"https:\/\/www.jvmmetal.cz\/de\/wp-json\/wp\/v2\/categories?post=12346"},{"taxonomy":"post_tag","embeddable":true,"href":"https:\/\/www.jvmmetal.cz\/de\/wp-json\/wp\/v2\/tags?post=12346"}],"curies":[{"name":"wp","href":"https:\/\/api.w.org\/{rel}","templated":true}]}}