{"id":12384,"date":"2018-09-21T06:37:04","date_gmt":"2018-09-21T06:37:04","guid":{"rendered":"https:\/\/www.jvmmetal.cz\/kontakt\/"},"modified":"2026-03-19T10:21:38","modified_gmt":"2026-03-19T10:21:38","slug":"kontakt","status":"publish","type":"page","link":"https:\/\/www.jvmmetal.cz\/de\/kontakt\/","title":{"rendered":"Kontakt"},"content":{"rendered":"<div class=\"wpb-content-wrapper\"><p>[vc_row full_width=&#8221;stretch_row&#8221; css=&#8221;.vc_custom_1538054396923{padding-top: 30px !important;padding-bottom: 20px !important;background-color: #f7f9fb !important;}&#8221;][vc_column width=&#8221;5\/12&#8243; css=&#8221;.vc_custom_1486646964506{padding-right: 90px !important;}&#8221;]<header class=\"kd-section-title col-lg-12 text-left solid-line sep-border-width-2    \" ><h1 class=\"separator_on\" style=\"font-size: 32px;\">Robotisierung JVM METAL technology s.r.o.<\/h1><div class=\"kd-separator below_title\" ><div class=\"kd-separator-line\" ><\/div><\/div><h6 class=\"subtitle \" >Kontaktieren Sie uns mit Ihren Bed\u00fcrfnissen, wir helfen Ihnen gerne weiter.<\/h6><\/header>[vc_column_text css=&#8221;&#8221;]<\/p>\n<h2>Kontaktformular:<\/h2>\n<p><style id=\"wpforms-css-vars-12711\">\n\t\t\t\t#wpforms-12711 {\n\t\t\t\t--wpforms-container-padding: 0px;\n--wpforms-container-border-width: 1px;\n--wpforms-container-border-radius: 3px;\n--wpforms-background-color: rgba(0, 0, 0, 0);\n--wpforms-field-size-input-height: 43px;\n--wpforms-field-size-input-spacing: 15px;\n--wpforms-field-size-font-size: 16px;\n--wpforms-field-size-line-height: 19px;\n--wpforms-field-size-padding-h: 14px;\n--wpforms-field-size-checkbox-size: 16px;\n--wpforms-field-size-sublabel-spacing: 5px;\n--wpforms-field-size-icon-size: 1;\n--wpforms-label-size-font-size: 16px;\n--wpforms-label-size-line-height: 19px;\n--wpforms-label-size-sublabel-font-size: 14px;\n--wpforms-label-size-sublabel-line-height: 17px;\n--wpforms-button-size-font-size: 17px;\n--wpforms-button-size-height: 41px;\n--wpforms-button-size-padding-h: 15px;\n--wpforms-button-size-margin-top: 10px;\n--wpforms-container-shadow-size-box-shadow: none;\n\t\t\t}\n\t\t\t<\/style><div class=\"wpforms-container wpforms-container-full wpforms-render-modern\" id=\"wpforms-12711\"><form id=\"wpforms-form-12711\" class=\"wpforms-validate wpforms-form wpforms-ajax-form\" data-formid=\"12711\" method=\"post\" enctype=\"multipart\/form-data\" action=\"\/de\/wp-json\/wp\/v2\/pages\/12384\" data-token=\"4cc05fa9d5c6eb8da24229327fb872f7\" data-token-time=\"1779002729\"><noscript class=\"wpforms-error-noscript\">Bitte aktiviere JavaScript in deinem Browser, um dieses Formular fertigzustellen.<\/noscript><div id=\"wpforms-error-noscript\" style=\"display: none;\">Bitte aktiviere JavaScript in deinem Browser, um dieses Formular fertigzustellen.<\/div><div class=\"wpforms-field-container\"><div id=\"wpforms-12711-field_0-container\" class=\"wpforms-field wpforms-field-name\" data-field-id=\"0\"><label class=\"wpforms-field-label\" for=\"wpforms-12711-field_0\">Name <span class=\"wpforms-required-label\" aria-hidden=\"true\">*<\/span><\/label><input type=\"text\" id=\"wpforms-12711-field_0\" class=\"wpforms-field-large wpforms-field-required\" name=\"wpforms[fields][0]\" aria-errormessage=\"wpforms-12711-field_0-error\" required><\/div><div id=\"wpforms-12711-field_1-container\" class=\"wpforms-field wpforms-field-email wpforms-one-half wpforms-first\" data-field-id=\"1\"><label class=\"wpforms-field-label\" for=\"wpforms-12711-field_1\">E-mail <span class=\"wpforms-required-label\" aria-hidden=\"true\">*<\/span><\/label><input type=\"email\" id=\"wpforms-12711-field_1\" class=\"wpforms-field-large wpforms-field-required\" name=\"wpforms[fields][1]\" spellcheck=\"false\" aria-errormessage=\"wpforms-12711-field_1-error\" required><\/div><div id=\"wpforms-12711-field_3-container\" class=\"wpforms-field wpforms-field-text wpforms-one-half\" data-field-id=\"3\"><label class=\"wpforms-field-label\" for=\"wpforms-12711-field_3\">Telefon<\/label><input type=\"text\" id=\"wpforms-12711-field_3\" class=\"wpforms-field-large\" name=\"wpforms[fields][3]\" value=\"+420\" aria-errormessage=\"wpforms-12711-field_3-error\" ><\/div><div id=\"wpforms-12711-field_2-container\" class=\"wpforms-field wpforms-field-textarea\" data-field-id=\"2\"><label class=\"wpforms-field-label\" for=\"wpforms-12711-field_2\">Nachricht<\/label><textarea id=\"wpforms-12711-field_2\" class=\"wpforms-field-medium\" name=\"wpforms[fields][2]\" aria-errormessage=\"wpforms-12711-field_2-error\" ><\/textarea><\/div><div id=\"wpforms-12711-field_4-container\" class=\"wpforms-field wpforms-field-checkbox\" data-field-id=\"4\"><fieldset><legend class=\"wpforms-field-label wpforms-label-hide\" aria-hidden=\"false\">Souhlas <span class=\"wpforms-required-label\" aria-hidden=\"true\">*<\/span><\/legend><ul id=\"wpforms-12711-field_4\" class=\"wpforms-field-required\"><li class=\"choice-1 depth-1\"><input type=\"checkbox\" id=\"wpforms-12711-field_4_1\" name=\"wpforms[fields][4][]\" value=\"Ich stimme der Verarbeitung meiner  &lt;a target=&quot;_blank&quot; href=&quot;\/de\/personenbezogene-daten\/&quot;&gt;pers\u00f6nlichen Daten zu.&lt;\/a&gt;\" aria-errormessage=\"wpforms-12711-field_4_1-error\" required ><label class=\"wpforms-field-label-inline\" for=\"wpforms-12711-field_4_1\">Ich stimme der Verarbeitung meiner  <a target=\"_blank\" href=\"\/de\/personenbezogene-daten\/\">pers\u00f6nlichen Daten zu.<\/a><\/label><\/li><\/ul><\/fieldset><\/div><\/div><!-- .wpforms-field-container --><div class=\"wpforms-submit-container\" ><input type=\"hidden\" name=\"wpforms[id]\" value=\"12711\"><input type=\"hidden\" name=\"page_title\" value=\"\"><input type=\"hidden\" name=\"page_url\" value=\"https:\/\/www.jvmmetal.cz\/de\/wp-json\/wp\/v2\/pages\/12384\"><input type=\"hidden\" name=\"url_referer\" value=\"\"><button type=\"submit\" name=\"wpforms[submit]\" id=\"wpforms-submit-12711\" class=\"wpforms-submit\" data-alt-text=\"Senden...\" data-submit-text=\"Senden\" aria-live=\"assertive\" value=\"wpforms-submit\">Senden<\/button><img loading=\"lazy\" decoding=\"async\" src=\"https:\/\/www.jvmmetal.cz\/wp-content\/plugins\/wpforms-lite\/assets\/images\/submit-spin.svg\" class=\"wpforms-submit-spinner\" style=\"display: none;\" width=\"26\" height=\"26\" alt=\"Wird geladen\"><\/div><\/form><\/div>  <!-- .wpforms-container -->[\/vc_column_text][\/vc_column][vc_column width=&#8221;7\/12&#8243;][vc_row_inner][vc_column_inner width=&#8221;1\/2&#8243; css=&#8221;.vc_custom_1486581251280{padding-right: 50px !important;}&#8221;]<div class=\"key-icon-box icon-default icon-top cont-left   kd-animated fadeInUp\" style=\"background-color: transparent; \" ><i class=\"iconsmind-Handshake fa\" style=\" \"><\/i> <h4 class=\"service-heading\" >Anfragen - Projekte<\/h4><p >Luk\u00e1\u0161 Vancl<br \/>\n<i class=\"far fa-envelope\"><\/i> <a href=\"mailto:projekty@jvmmetal.cz\">projekty@jvmmetal.cz<\/a><br \/>\n<i class=\"fas fa-mobile-alt\"><\/i> <a href=\"tel:004978195633104\">+49 78 195 633 104<\/a><\/p><\/div>[\/vc_column_inner][vc_column_inner width=&#8221;1\/2&#8243; css=&#8221;.vc_custom_1486581261636{padding-right: 50px !important;}&#8221;]<div class=\"key-icon-box icon-default icon-top cont-left   kd-animated fadeInUp\" style=\"background-color: transparent; \" data-animation-delay=200><i class=\"iconsmind-Board fa\" style=\" \"><\/i> <h4 class=\"service-heading\" >Technologie<\/h4><p >Miroslav Vancl<br \/>\n<i class=\"far fa-envelope\"><\/i> <a href=\"mailto:vyroba@jvmmetal.cz\">vyroba@jvmmetal.cz<\/a><br \/>\n<i class=\"fas fa-mobile-alt\"><\/i> <a href=\"tel:00420603803514\">+420 603 803 514<\/a><\/p><\/div>[\/vc_column_inner][\/vc_row_inner][vc_row_inner css=&#8221;.vc_custom_1507473687462{margin-top: 40px !important;}&#8221;][vc_column_inner width=&#8221;1\/2&#8243; css=&#8221;.vc_custom_1486581257201{padding-right: 50px !important;}&#8221;]<div class=\"key-icon-box icon-default icon-top cont-left   kd-animated fadeInUp adresy\" style=\"background-color: transparent; \" ><i class=\"iconsmind-Address-Book fa\" style=\" \"><\/i> <h4 class=\"service-heading\" >JVM METAL technology s.r.o.<\/h4><p ><\/p>\n<h5>Betriebsst\u00e4tte<\/h5>\n<p>Brdo 9<br \/>\n507 91 Star\u00e1 Paka<\/p>\n<h5><strong>Rechnungsadresse:<\/strong><\/h5>\n<p>JVM METAL technology s.r.o.<br \/>\nID: <strong>21796980<\/strong><\/p>\n<p>VAT ID: <strong>CZ21796980<\/strong><br \/>\nSv. \u010cecha 1324<br \/>\n509 01 Nov\u00e1 Paka<\/p><\/div>[\/vc_column_inner][vc_column_inner width=&#8221;1\/2&#8243; css=&#8221;.vc_custom_1486581266026{padding-right: 50px !important;}&#8221;]<div class=\"key-icon-box icon-default icon-top cont-left   kd-animated fadeInUp\" style=\"background-color: transparent; \" data-animation-delay=200><i class=\"iconsmind-Add-User fa\" style=\" \"><\/i> <h4 class=\"service-heading\" >Empfang und Buchhaltung<\/h4><p >Lucie Voto\u010dkov\u00e1<br \/>\n<i class=\"far fa-envelope\"><\/i> <a href=\"mailto:jvm@jvmmetal.cz\">jvm@jvmmetal.cz<\/a><br \/>\n<i class=\"fas fa-phone\"><\/i> <a href=\"tel:00420493798796\">+420 493 798 796<\/a><\/p><\/div>[\/vc_column_inner][\/vc_row_inner][vc_empty_space css=&#8221;.vc_custom_1580216241783{margin: 0px !important;padding: 0px !important;}&#8221;][vc_column_text css=&#8221;&#8221;]<img loading=\"lazy\" decoding=\"async\" class=\"alignnone size-medium wp-image-7302\" src=\"https:\/\/www.jvmmetal.cz\/wp-content\/uploads\/2018\/09\/jvmmetal-firma-400x200.jpg\" alt=\"\" width=\"400\" height=\"200\" \/><\/p>\n<p>\u00d6ffnungszeiten Montag bis Freitag:<br \/>\nB\u00fcro: <strong>7:00 \u2013 16:00<\/strong> (Mobiltelefon rund um die Uhr)<br \/>\nProduktion: <strong>6:00 \u2013 14:00<\/strong><\/p>\n<p><strong>JVM METAL technology s.r.o.<\/strong> ist beim Bezirksgericht in Hradec Kr\u00e1lov\u00e9 unter der Nr. C 53190 eingetragen.[\/vc_column_text][\/vc_column][\/vc_row][vc_row disable_element=&#8221;yes&#8221;][vc_column][vc_column_text]<\/p>\n<h1>Dopravn\u00edkov\u00e9 syst\u00e9my a kovov\u00fdroba JVM Metal s.r.o.<\/h1>\n<p>Kontaktujte n\u00e1s se sv\u00fdmi pot\u0159ebami, <strong>r\u00e1di v\u00e1m pom\u016f\u017eeme<\/strong>.<\/p>\n<table style=\"width: 74.6303%; border-collapse: collapse; height: 220px;\" border=\"0\">\n<tbody>\n<tr style=\"height: 220px;\">\n<td style=\"width: 38.3491%; height: 220px;\"><strong>JVM metal s.r.o.<\/strong><br \/>\nBrdo 9<br \/>\n507 91 Star\u00e1 Paka<br \/>\nI\u010c: 27470458<br \/>\nDI\u010c: CZ27470458Provozn\u00ed doba pond\u011bl\u00ed a\u017e p\u00e1tek:<br \/>\nKancel\u00e1\u0159: <strong>7:00 &#8211; 16:00<\/strong> (na mobilu non-stop)<br \/>\nV\u00fdroba: <strong>6:00 \u2013 14:00<\/strong><\/td>\n<td style=\"width: 36.2321%; height: 220px;\"><img loading=\"lazy\" decoding=\"async\" class=\"alignnone wp-image-7302\" src=\"https:\/\/www.jvmmetal.cz\/wp-content\/uploads\/2018\/09\/jvmmetal-firma-400x200.jpg\" alt=\"\" width=\"494\" height=\"247\" \/><\/td>\n<\/tr>\n<\/tbody>\n<\/table>\n<p><strong>JVM metal s.r.o.<\/strong><br \/>\nBrdo 9<br \/>\n507 91 Star\u00e1 Paka<br \/>\nI\u010c: 27470458<br \/>\nDI\u010c: CZ27470458<\/p>\n<p><strong>Popt\u00e1vky:<\/strong><br \/>\nE-mail: <strong><a href=\"mailto:jvm@jvmmetal.cz\">jvm@jvmmetal.cz<\/a><\/strong><br \/>\nTel.: <strong><a href=\"tel:00493798796\">493 798 796<\/a><\/strong><\/p>\n<p><strong>Projekty<\/strong><br \/>\nE-mail: <strong><a href=\"mailto:projekty@jvmmetal.cz\">projekty@jvmmetal.cz<\/a><\/strong><br \/>\nTel.: <strong><a href=\"tel:00731829144\">731 829 144<\/a><\/strong><\/p>\n<p><strong>Technologie<\/strong><br \/>\nE-mail: <strong><a href=\"mailto:vyroba@jvmmetal.cz\">vyroba@jvmmetal.cz<\/a><\/strong><br \/>\nTel.: <strong><a href=\"tel:603803514\">603 803 514<\/a><\/strong><\/p>\n<p>JVM metal s.r.o. je zaps\u00e1na u Krajsk\u00e9ho soudu v Hradci Kr\u00e1lov\u00e9, pod zna\u010dkou C 20905.[\/vc_column_text][\/vc_column][\/vc_row]<\/p>\n<\/div>","protected":false},"excerpt":{"rendered":"<p>[vc_row full_width=&#8221;stretch_row&#8221; css=&#8221;.vc_custom_1538054396923{padding-top: 30px !important;padding-bottom: 20px !important;background-color: #f7f9fb !important;}&#8221;][vc_column width=&#8221;5\/12&#8243; css=&#8221;.vc_custom_1486646964506{padding-right: 90px !important;}&#8221;][vc_column_text css=&#8221;&#8221;] Kontaktformular: [\/vc_column_text][\/vc_column][vc_column width=&#8221;7\/12&#8243;][vc_row_inner][vc_column_inner width=&#8221;1\/2&#8243; css=&#8221;.vc_custom_1486581251280{padding-right: 50px !important;}&#8221;][\/vc_column_inner][vc_column_inner width=&#8221;1\/2&#8243; css=&#8221;.vc_custom_1486581261636{padding-right: 50px !important;}&#8221;][\/vc_column_inner][\/vc_row_inner][vc_row_inner css=&#8221;.vc_custom_1507473687462{margin-top: 40px<\/p>\n","protected":false},"author":4,"featured_media":0,"parent":0,"menu_order":0,"comment_status":"closed","ping_status":"closed","template":"","meta":{"footnotes":""},"categories":[],"tags":[],"class_list":["post-12384","page","type-page","status-publish","hentry"],"_links":{"self":[{"href":"https:\/\/www.jvmmetal.cz\/de\/wp-json\/wp\/v2\/pages\/12384","targetHints":{"allow":["GET"]}}],"collection":[{"href":"https:\/\/www.jvmmetal.cz\/de\/wp-json\/wp\/v2\/pages"}],"about":[{"href":"https:\/\/www.jvmmetal.cz\/de\/wp-json\/wp\/v2\/types\/page"}],"author":[{"embeddable":true,"href":"https:\/\/www.jvmmetal.cz\/de\/wp-json\/wp\/v2\/users\/4"}],"replies":[{"embeddable":true,"href":"https:\/\/www.jvmmetal.cz\/de\/wp-json\/wp\/v2\/comments?post=12384"}],"version-history":[{"count":8,"href":"https:\/\/www.jvmmetal.cz\/de\/wp-json\/wp\/v2\/pages\/12384\/revisions"}],"predecessor-version":[{"id":13967,"href":"https:\/\/www.jvmmetal.cz\/de\/wp-json\/wp\/v2\/pages\/12384\/revisions\/13967"}],"wp:attachment":[{"href":"https:\/\/www.jvmmetal.cz\/de\/wp-json\/wp\/v2\/media?parent=12384"}],"wp:term":[{"taxonomy":"category","embeddable":true,"href":"https:\/\/www.jvmmetal.cz\/de\/wp-json\/wp\/v2\/categories?post=12384"},{"taxonomy":"post_tag","embeddable":true,"href":"https:\/\/www.jvmmetal.cz\/de\/wp-json\/wp\/v2\/tags?post=12384"}],"curies":[{"name":"wp","href":"https:\/\/api.w.org\/{rel}","templated":true}]}}