{"id":12400,"date":"2018-09-01T09:03:02","date_gmt":"2018-09-01T09:03:02","guid":{"rendered":"https:\/\/www.jvmmetal.cz\/cookie-richtlinie\/"},"modified":"2026-02-05T20:29:57","modified_gmt":"2026-02-05T20:29:57","slug":"cookie-richtlinie","status":"publish","type":"page","link":"https:\/\/www.jvmmetal.cz\/de\/cookie-richtlinie\/","title":{"rendered":"Cookie-Richtlinie"},"content":{"rendered":"<div class=\"wpb-content-wrapper\"><p>[vc_row][vc_column width=&#8221;2\/3&#8243;][vc_column_text css=&#8221;&#8221;]<\/p>\n<h1 class=\"post-title\">Cookies<\/h1>\n<p class=\"post-title\"><strong>Erkl\u00e4rung zur Verwendung von Cookies und M\u00f6glichkeiten zur Verhinderung der Nutzung<\/strong><\/p>\n<p>Wenn Sie weitere Informationen dar\u00fcber w\u00fcnschen, wie wir Ihre personenbezogenen Daten verarbeiten, lesen Sie bitte unsere <a href=\"https:\/\/www.jvmmetal.cz\/osobni-udaje\/\">Datenschutzerkl\u00e4rung<\/a>.<\/p>\n<p><strong>Was sind Cookies?<\/strong><\/p>\n<p>Cookies sind kleine Datendateien, mit denen die besuchten Webseiten Ihre Aktionen und Einstellungen, die Sie auf diesen Seiten vorgenommen haben, speichern. Bei jedem weiteren Besuch der Seite sendet der Browser diese im Cookie gespeicherten Daten an den Server zur\u00fcck. Diese kleine Datei wird als \u201eCookie\u201c bezeichnet und enth\u00e4lt eine spezifische Zeichenkette mit einzigartigen Informationen. Wir verwenden Cookies, um die Qualit\u00e4t unserer Dienstleistungen zu sichern und besser zu verstehen, wie Menschen unsere Seiten nutzen. Daher speichern wir in Cookies die Benutzerpr\u00e4ferenzen und verwenden sie, um Benutzertrends zu verfolgen und das Verhalten der Benutzer auf unseren Seiten zu beobachten und zu verstehen, wie sie diese anzeigen. Cookies stellen keine Gefahr dar, sind jedoch wichtig f\u00fcr den Datenschutz. Cookies k\u00f6nnen nicht verwendet werden, um die Identit\u00e4t der Besucher der Seite zu ermitteln oder zur missbr\u00e4uchlichen Verwendung von Anmeldedaten.<\/p>\n<p><strong>Welche Cookies verwenden wir?<\/strong><\/p>\n<p>Unsere Website verwendet nur \u201eFirst-Party-Cookies\u201c, also Cookies, die nur von unserer Website verwendet werden (weiterhin als First-Party-Cookies bezeichnet), sowie \u201eThird-Party-Cookies\u201c (also Cookies, die von Websites Dritter stammen). First-Party-Cookies werden verwendet, um Benutzerpr\u00e4ferenzen und Daten zu speichern, die w\u00e4hrend Ihres Besuchs auf der Website ben\u00f6tigt werden, etwa beim Verfolgen anonymisierter Statistiken, Abstimmungen in Umfragen, dem Wechsel der Ansicht von der mobilen Version auf die PC-Version der Website und der Anmeldung von registrierten Nutzern. Third-Party-Cookies verwenden wir, um Benutzertrends und Verhaltensmuster zu verfolgen, Werbung zu zielen und dies mit Hilfe von Drittanbietern \u2013 Webstatistik-Anbietern. Die Third-Party-Cookies, die zur Verfolgung von Trends und Verhaltensmustern verwendet werden, werden nur von unserer Website und dem Webstatistik-Anbieter genutzt und nicht mit anderen Dritten geteilt.<\/p>\n<p><strong>Zustimmung zur Speicherung von Cookies<\/strong><\/p>\n<p>Die meisten Browser akzeptieren Cookies automatisch, es sei denn, der Browser ist anders eingestellt. Durch die Nutzung dieser Website stimmen Sie der Speicherung von Cookies zu.<\/p>\n<p><strong>Was tun, wenn Sie der Verwendung von Cookies nicht zustimmen?<\/strong><\/p>\n<p>Die Verwendung von Cookies k\u00f6nnen Sie in den Einstellungen Ihres Webbrowsers einschr\u00e4nken oder blockieren. Informationen zur Konfiguration des jeweiligen Browsers finden Sie unter den folgenden Links:<\/p>\n<ul>\n<li><strong>Internet Explorer<\/strong>: <a href=\"https:\/\/www.microsoft.com\/de-de\/windows?r=1\" target=\"_blank\" rel=\"noopener\">windows.microsoft.com<\/a><\/li>\n<li><strong>Google Chrome<\/strong>: <a href=\"https:\/\/support.google.com\/?hl=de\" target=\"_blank\" rel=\"noopener\">support.google.com<\/a><\/li>\n<li><strong>Mozilla Firefox<\/strong>: <a href=\"https:\/\/support.mozilla.org\/de\/\" target=\"_blank\" rel=\"noopener\">support.mozilla.org<\/a><\/li>\n<li><strong>Opera<\/strong>: <a href=\"https:\/\/help.opera.com\/de\/latest\/\" target=\"_blank\" rel=\"noopener\">help.opera.com<\/a><\/li>\n<\/ul>\n<p>[\/vc_column_text][\/vc_column][vc_column width=&#8221;1\/3&#8243;][vc_widget_sidebar sidebar_id=&#8221;blog-sidebar&#8221;][\/vc_column][\/vc_row]<\/p>\n<\/div>","protected":false},"excerpt":{"rendered":"<p>[vc_row][vc_column width=&#8221;2\/3&#8243;][vc_column_text css=&#8221;&#8221;] Cookies Erkl\u00e4rung zur Verwendung von Cookies und M\u00f6glichkeiten zur Verhinderung der Nutzung Wenn Sie weitere Informationen dar\u00fcber w\u00fcnschen, wie wir Ihre personenbezogenen Daten verarbeiten,<\/p>\n","protected":false},"author":4,"featured_media":0,"parent":0,"menu_order":99,"comment_status":"closed","ping_status":"closed","template":"","meta":{"footnotes":""},"categories":[],"tags":[],"class_list":["post-12400","page","type-page","status-publish","hentry"],"_links":{"self":[{"href":"https:\/\/www.jvmmetal.cz\/de\/wp-json\/wp\/v2\/pages\/12400","targetHints":{"allow":["GET"]}}],"collection":[{"href":"https:\/\/www.jvmmetal.cz\/de\/wp-json\/wp\/v2\/pages"}],"about":[{"href":"https:\/\/www.jvmmetal.cz\/de\/wp-json\/wp\/v2\/types\/page"}],"author":[{"embeddable":true,"href":"https:\/\/www.jvmmetal.cz\/de\/wp-json\/wp\/v2\/users\/4"}],"replies":[{"embeddable":true,"href":"https:\/\/www.jvmmetal.cz\/de\/wp-json\/wp\/v2\/comments?post=12400"}],"version-history":[{"count":5,"href":"https:\/\/www.jvmmetal.cz\/de\/wp-json\/wp\/v2\/pages\/12400\/revisions"}],"predecessor-version":[{"id":12641,"href":"https:\/\/www.jvmmetal.cz\/de\/wp-json\/wp\/v2\/pages\/12400\/revisions\/12641"}],"wp:attachment":[{"href":"https:\/\/www.jvmmetal.cz\/de\/wp-json\/wp\/v2\/media?parent=12400"}],"wp:term":[{"taxonomy":"category","embeddable":true,"href":"https:\/\/www.jvmmetal.cz\/de\/wp-json\/wp\/v2\/categories?post=12400"},{"taxonomy":"post_tag","embeddable":true,"href":"https:\/\/www.jvmmetal.cz\/de\/wp-json\/wp\/v2\/tags?post=12400"}],"curies":[{"name":"wp","href":"https:\/\/api.w.org\/{rel}","templated":true}]}}