{"id":12407,"date":"2018-09-10T06:20:07","date_gmt":"2018-09-10T06:20:07","guid":{"rendered":"https:\/\/www.jvmmetal.cz\/osobni-udaje\/"},"modified":"2026-01-30T11:48:08","modified_gmt":"2026-01-30T11:48:08","slug":"personenbezogene-daten","status":"publish","type":"page","link":"https:\/\/www.jvmmetal.cz\/de\/personenbezogene-daten\/","title":{"rendered":"Personenbezogene Daten"},"content":{"rendered":"<div class=\"wpb-content-wrapper\"><p>[vc_row][vc_column width=&#8221;2\/3&#8243;][vc_column_text css=&#8221;&#8221;]<\/p>\n<h1>Personenbezogene Daten<\/h1>\n<p>Diese Datenschutzerkl\u00e4rung gilt f\u00fcr die <strong>JVM metal s.r.o.<\/strong> mit Sitz in Brdo 9, 507 91 Star\u00e1 Paka, Tschechische Republik, <strong>USt.-ID:<\/strong> <a href=\"https:\/\/adisspr.mfcr.cz\/cgi-bin\/adis\/idph\/int_dp_prij.cgi?id=1&amp;pocet=1&amp;fu=&amp;OK=+Search+&amp;ZPRAC=RDPHI1&amp;dic=27470458\" target=\"_blank\" rel=\"noopener\">CZ27470458<\/a>, nachfolgend \u201e<strong>JVM metal s.r.o.<\/strong>\u201c.<\/p>\n<p><strong>Informationen zur Verarbeitung personenbezogener Daten<\/strong><\/p>\n<p>Die JVM metal s.r.o. legt gro\u00dfen Wert auf den Schutz Ihrer personenbezogenen Daten, die Sie uns \u00fcbermitteln. Es ist wichtig, dass Sie wissen, dass wir Ihre personenbezogenen Daten verantwortungsbewusst, transparent und gem\u00e4\u00df der Verordnung (EU) 2016\/679 des Europ\u00e4ischen Parlaments und des Rates verarbeiten. Sie haben das Recht, Auskunft \u00fcber die gespeicherten personenbezogenen Daten zu verlangen, diese zu berichtigen oder zu l\u00f6schen, wenn sie auf Grundlage Ihrer Zustimmung verarbeitet wurden. Wenn es sich um automatisierte Verarbeitung handelt, haben Sie das Recht auf Daten\u00fcbertragbarkeit und darauf, nicht ausschlie\u00dflich einer Entscheidung zu unterliegen, die auf dieser Verarbeitung beruht. Bei Fragen oder Anfragen zur Verarbeitung Ihrer personenbezogenen Daten k\u00f6nnen Sie uns schriftlich an der Gesch\u00e4ftsadresse kontaktieren.<\/p>\n<p><strong>Sicherheit Ihrer personenbezogenen Daten<\/strong><\/p>\n<p>Die JVM metal s.r.o. sorgt daf\u00fcr, dass Ihre personenbezogenen Daten sicher sind. Keine unbefugte Person hat Zugriff auf die personenbezogenen Daten, die wir von Ihnen erhalten haben, und wir geben diese nicht ohne Ihre Zustimmung an andere Stellen weiter, es sei denn, dies ist gesetzlich erforderlich oder dient dem Schutz unserer rechtlichen Interessen.<\/p>\n<p><strong>Recht auf Auskunft<\/strong><\/p>\n<p>Sie haben das Recht, von der JVM metal s.r.o. Informationen dar\u00fcber zu verlangen, welche personenbezogenen Daten wir \u00fcber Sie speichern, in welchem Umfang und zu welchem Zweck wir diese verarbeiten. Diese Informationen stellen wir Ihnen kostenlos innerhalb von maximal 30 Tagen zur Verf\u00fcgung, in Ausnahmef\u00e4llen jedoch sp\u00e4testens innerhalb von 90 Tagen. Im Falle einer Fristverl\u00e4ngerung werden wir Sie rechtzeitig informieren. Wenn Sie Informationen \u00fcber die von uns gespeicherten Daten verlangen, m\u00fcssen wir sicherstellen, dass Sie die Person sind, auf die diese Informationen zutreffen. Daher bitten wir Sie, in Ihrer Anfrage eine ausreichende Identifikation Ihrer Person anzugeben. Bei Bedarf haben wir das Recht, zus\u00e4tzliche Informationen zur Identifikation anzufordern, bevor wir Ihnen die von uns gespeicherten personenbezogenen Daten zur Verf\u00fcgung stellen. Wir behalten uns vor, unberechtigte oder wiederholte Anfragen abzulehnen, die \u00fcberm\u00e4\u00dfigen Aufwand erfordern oder schwer zug\u00e4nglich sind (z. B. aus Backups, Archiven usw.).<\/p>\n<p><strong>Recht auf Daten\u00fcbertragbarkeit<\/strong><\/p>\n<p>Sie haben das Recht, Ihre personenbezogenen Daten, die wir \u00fcber Sie gespeichert haben, in einem strukturierten, allgemein gebr\u00e4uchlichen und maschinenlesbaren Format zu erhalten. Auf Anfrage k\u00f6nnen diese Daten an einen anderen Verantwortlichen \u00fcbertragen werden.<\/p>\n<p><strong>Aktualisierung von Daten, Recht auf Berichtigung<\/strong><\/p>\n<p>Da sich personenbezogene Daten im Laufe der Zeit \u00e4ndern k\u00f6nnen (z. B. Namens\u00e4nderungen), bitten wir Sie, uns \u00fcber \u00c4nderungen zu informieren, damit wir Ihre personenbezogenen Daten aktuell halten und Fehler vermeiden k\u00f6nnen. Die Meldung von \u00c4nderungen ist notwendig, damit wir unsere T\u00e4tigkeit als Verantwortlicher ordnungsgem\u00e4\u00df ausf\u00fchren k\u00f6nnen. In diesem Zusammenhang haben Sie auch das Recht, unrichtige personenbezogene Daten, die wir \u00fcber Sie gespeichert haben, zu berichtigen. Wenn Sie feststellen, dass unsere Daten nicht mehr aktuell sind, haben Sie das Recht, eine Korrektur zu verlangen. Sie k\u00f6nnen Ihre Daten nach Anmeldung auf unserer Website \u00fcberpr\u00fcfen oder \u00e4ndern. Wenn Sie sich unsicher sind, z\u00f6gern Sie nicht, uns \u00fcber das Kontaktformular zu kontaktieren.<\/p>\n<p><strong>Widerspruch<\/strong><\/p>\n<p>Wenn Sie der Meinung sind, dass wir Ihre personenbezogenen Daten nicht gem\u00e4\u00df den geltenden Gesetzen der Tschechischen Republik und der EU verarbeiten, haben Sie das Recht, Widerspruch einzulegen, und wir werden die Rechtm\u00e4\u00dfigkeit Ihres Anliegens pr\u00fcfen. Sobald der Widerspruch eingelegt wird, wird die Verarbeitung Ihrer personenbezogenen Daten eingeschr\u00e4nkt, bis gepr\u00fcft wurde, ob der Widerspruch gerechtfertigt ist. Sie haben auch das Recht, sich mit Ihrem Widerspruch an die zust\u00e4ndige Datenschutzbeh\u00f6rde zu wenden:<br \/>\n<strong>\u00da\u0159ad pro ochranu osobn\u00edch \u00fadaj\u016f<\/strong> (Amt f\u00fcr den Schutz personenbezogener Daten), Pplk. Sochora 27, 170 00 Prag 7.<\/p>\n<p><strong>Recht auf Einschr\u00e4nkung der Verarbeitung<\/strong><\/p>\n<p>Sie haben das Recht, die Verarbeitung Ihrer personenbezogenen Daten einzuschr\u00e4nken, wenn Sie der Meinung sind, dass diese Daten ungenau sind, oder wenn sie rechtswidrig verarbeitet werden und Sie der Meinung sind, dass wir diese Daten nicht mehr f\u00fcr die Verarbeitung ben\u00f6tigen.<\/p>\n<p><strong>Recht auf L\u00f6schung<\/strong><\/p>\n<p>Wenn Sie uns jemals Ihre Zustimmung zur Verarbeitung Ihrer personenbezogenen Daten gegeben haben, haben Sie das Recht, diese Zustimmung jederzeit zu widerrufen, und wir sind verpflichtet, die Daten, die wir ausschlie\u00dflich aufgrund Ihrer Zustimmung verarbeiten, zu l\u00f6schen. Das Recht auf L\u00f6schung gilt nicht f\u00fcr Daten, die wir im Rahmen der Vertragserf\u00fcllung, gesetzlicher Verpflichtungen oder berechtigter Interessen verarbeiten.<\/p>\n<p><strong>Wohin Sie sich wenden k\u00f6nnen<\/strong><\/p>\n<p>Bei Fragen zum Schutz Ihrer personenbezogenen Daten k\u00f6nnen Sie sich auch an das Kontaktformular oder an die Kontaktadresse des Unternehmens wenden.<\/p>\n<p><strong>Kontaktformular<\/strong><\/p>\n<p>Wenn Sie uns \u00fcber das Webformular kontaktieren, speichern wir einige grundlegende Informationen, n\u00e4mlich:<\/p>\n<ul>\n<li>Name<\/li>\n<li>E-Mail-Adresse<\/li>\n<li>Zeitpunkt der \u00dcbermittlung<\/li>\n<li>IP-Adresse<br \/>\nDiese Daten ben\u00f6tigen wir, um mit Ihnen in Kontakt zu treten und den Kommunikationsverlauf gem\u00e4\u00df der Verordnung (EU) 2016\/679 nachzuweisen.<\/li>\n<\/ul>\n<p><strong>Webseiten<\/strong><\/p>\n<p>Wenn Sie unsere Webseiten besuchen und sie durchsuchen, verarbeiten wir folgende Protokolldateien und speichern diese auf unseren Servern. Zu den Informationen, die wir speichern, geh\u00f6ren:<\/p>\n<ul>\n<li>Ihre IP-Adresse<\/li>\n<li>Zeitpunkt Ihres Besuchs<\/li>\n<li>Aufgerufene Seiten unserer Website<\/li>\n<li>HTTP-Antwortcode<\/li>\n<li>Identifikation Ihres Browsers<\/li>\n<li>Informationen zu Konversionen (Formularausf\u00fcllung, Bestellung, Klick auf E-Mail, Anruf)<br \/>\nDiese Informationen verarbeiten wir ausschlie\u00dflich zu Zwecken des rechtlichen Schutzes und der Leistungsanalyse der Website f\u00fcr maximal 10 Jahre.<\/li>\n<\/ul>\n<p>Wenn Sie unsere Website besuchen, werden Sie dar\u00fcber informiert, dass wir Cookies verwenden. Weitere Informationen finden Sie in unserer <a href=\"https:\/\/www.jvmmetal.cz\/de\/cookie-richtlinie\/\">Erkl\u00e4rung zur Verwendung von Cookies und den M\u00f6glichkeiten zur Verhinderung der Verwendung von Cookies.<\/a>[\/vc_column_text][\/vc_column][vc_column width=&#8221;1\/3&#8243;][vc_widget_sidebar sidebar_id=&#8221;blog-sidebar&#8221;][\/vc_column][\/vc_row]<\/p>\n<\/div>","protected":false},"excerpt":{"rendered":"<p>[vc_row][vc_column width=&#8221;2\/3&#8243;][vc_column_text css=&#8221;&#8221;] Personenbezogene Daten Diese Datenschutzerkl\u00e4rung gilt f\u00fcr die JVM metal s.r.o. mit Sitz in Brdo 9, 507 91 Star\u00e1 Paka, Tschechische Republik, USt.-ID: CZ27470458, nachfolgend<\/p>\n","protected":false},"author":1,"featured_media":0,"parent":0,"menu_order":98,"comment_status":"closed","ping_status":"closed","template":"","meta":{"footnotes":""},"categories":[],"tags":[],"class_list":["post-12407","page","type-page","status-publish","hentry"],"_links":{"self":[{"href":"https:\/\/www.jvmmetal.cz\/de\/wp-json\/wp\/v2\/pages\/12407","targetHints":{"allow":["GET"]}}],"collection":[{"href":"https:\/\/www.jvmmetal.cz\/de\/wp-json\/wp\/v2\/pages"}],"about":[{"href":"https:\/\/www.jvmmetal.cz\/de\/wp-json\/wp\/v2\/types\/page"}],"author":[{"embeddable":true,"href":"https:\/\/www.jvmmetal.cz\/de\/wp-json\/wp\/v2\/users\/1"}],"replies":[{"embeddable":true,"href":"https:\/\/www.jvmmetal.cz\/de\/wp-json\/wp\/v2\/comments?post=12407"}],"version-history":[{"count":5,"href":"https:\/\/www.jvmmetal.cz\/de\/wp-json\/wp\/v2\/pages\/12407\/revisions"}],"predecessor-version":[{"id":12412,"href":"https:\/\/www.jvmmetal.cz\/de\/wp-json\/wp\/v2\/pages\/12407\/revisions\/12412"}],"wp:attachment":[{"href":"https:\/\/www.jvmmetal.cz\/de\/wp-json\/wp\/v2\/media?parent=12407"}],"wp:term":[{"taxonomy":"category","embeddable":true,"href":"https:\/\/www.jvmmetal.cz\/de\/wp-json\/wp\/v2\/categories?post=12407"},{"taxonomy":"post_tag","embeddable":true,"href":"https:\/\/www.jvmmetal.cz\/de\/wp-json\/wp\/v2\/tags?post=12407"}],"curies":[{"name":"wp","href":"https:\/\/api.w.org\/{rel}","templated":true}]}}