{"id":12414,"date":"2020-03-13T18:26:57","date_gmt":"2020-03-13T18:26:57","guid":{"rendered":"https:\/\/www.jvmmetal.cz\/o-nas\/"},"modified":"2026-02-13T15:28:13","modified_gmt":"2026-02-13T15:28:13","slug":"ueber-uns","status":"publish","type":"page","link":"https:\/\/www.jvmmetal.cz\/de\/ueber-uns\/","title":{"rendered":"\u00dcber uns"},"content":{"rendered":"<div class=\"wpb-content-wrapper\"><p>[vc_row][vc_column width=&#8221;2\/3&#8243;][vc_empty_space][vc_column_text css=&#8221;&#8221;]<\/p>\n<h1>JVM METAL technology s.r.o. | F\u00f6rderb\u00e4nder | Robotisierung und industrielle Automatisierung<\/h1>\n<p>Wir sind das Maschinenbauunternehmen <strong>JVM METAL technology s.r.o.<\/strong><strong>,<\/strong> das auf die Tradition der Familienfirma von <strong>Miroslav Vancl<\/strong>, gegr\u00fcndet im Jahr 1993, aufbaut.<\/p>\n<p>Seit unserer Gr\u00fcndung sind Qualit\u00e4t, Zuverl\u00e4ssigkeit und ein solider Umgang mit den Kunden die Grundlage unserer Gesch\u00e4ftspolitik. Ab dem Jahre 2004 haben wir uns auf die Herstellung von F\u00f6rderb\u00e4ndern, Rollf\u00f6rderern und weiteren Handhabungstechniken spezialisiert.<\/p>\n<p>Derzeit bieten wir komplette L\u00f6sungen im Bereich Handhabung, Automatisierung und Robotisierung der Produktion. In unserem Sortiment finden Sie alle Arten von <a href=\"https:\/\/www.jvmmetal.cz\/pasove-dopravniky\/\">F\u00f6rderb\u00e4ndern<\/a> und <a href=\"https:\/\/www.jvmmetal.cz\/de\/rollbandfoerderer\/\">Rollf\u00f6rderern<\/a>, Roboterarbeitspl\u00e4tze, automatische Umreifungs- und Wickellinien sowie viele weitere individuelle L\u00f6sungen.<\/p>\n<p>Wir verf\u00fcgen \u00fcber eine eigene Konstruktionsabteilung, in der wir die Entwicklung neuer Maschinen und die Erstellung der Fertigungsdokumentation bearbeiten. In unseren Produktionsr\u00e4umen bauen wir komplette Maschinenanlagen, einschlie\u00dflich der Installation von pneumatischen, hydraulischen und elektrischen Komponenten. Nach der Fertigung der Maschine geh\u00f6rt auch die Montage und Inbetriebnahme beim Kunden sowie die Schulung des Bedienpersonals und der Wartung zum Standard.[\/vc_column_text][vc_raw_html css=&#8221;&#8221;]JTVCc2MlMjBuYW1lJTNEJTIya29udGFrdG5pLWZvcm0tYWNjb3JkZW9uLWRlJTIyJTVEJTVCJTJGc2MlNUQ=[\/vc_raw_html][vc_empty_space][vc_single_image image=&#8221;12417&#8243; img_size=&#8221;full&#8221;][\/vc_column][vc_column width=&#8221;1\/3&#8243;][vc_widget_sidebar sidebar_id=&#8221;blog-sidebar&#8221;][\/vc_column][\/vc_row]<\/p>\n<\/div>","protected":false},"excerpt":{"rendered":"<p>[vc_row][vc_column width=&#8221;2\/3&#8243;][vc_empty_space][vc_column_text css=&#8221;&#8221;] JVM METAL technology s.r.o. | F\u00f6rderb\u00e4nder | Robotisierung und industrielle Automatisierung Wir sind das Maschinenbauunternehmen JVM METAL technology s.r.o., das auf die Tradition der<\/p>\n","protected":false},"author":2,"featured_media":0,"parent":0,"menu_order":0,"comment_status":"closed","ping_status":"closed","template":"","meta":{"footnotes":""},"categories":[],"tags":[],"class_list":["post-12414","page","type-page","status-publish","hentry"],"_links":{"self":[{"href":"https:\/\/www.jvmmetal.cz\/de\/wp-json\/wp\/v2\/pages\/12414","targetHints":{"allow":["GET"]}}],"collection":[{"href":"https:\/\/www.jvmmetal.cz\/de\/wp-json\/wp\/v2\/pages"}],"about":[{"href":"https:\/\/www.jvmmetal.cz\/de\/wp-json\/wp\/v2\/types\/page"}],"author":[{"embeddable":true,"href":"https:\/\/www.jvmmetal.cz\/de\/wp-json\/wp\/v2\/users\/2"}],"replies":[{"embeddable":true,"href":"https:\/\/www.jvmmetal.cz\/de\/wp-json\/wp\/v2\/comments?post=12414"}],"version-history":[{"count":10,"href":"https:\/\/www.jvmmetal.cz\/de\/wp-json\/wp\/v2\/pages\/12414\/revisions"}],"predecessor-version":[{"id":12863,"href":"https:\/\/www.jvmmetal.cz\/de\/wp-json\/wp\/v2\/pages\/12414\/revisions\/12863"}],"wp:attachment":[{"href":"https:\/\/www.jvmmetal.cz\/de\/wp-json\/wp\/v2\/media?parent=12414"}],"wp:term":[{"taxonomy":"category","embeddable":true,"href":"https:\/\/www.jvmmetal.cz\/de\/wp-json\/wp\/v2\/categories?post=12414"},{"taxonomy":"post_tag","embeddable":true,"href":"https:\/\/www.jvmmetal.cz\/de\/wp-json\/wp\/v2\/tags?post=12414"}],"curies":[{"name":"wp","href":"https:\/\/api.w.org\/{rel}","templated":true}]}}