{"id":12454,"date":"2018-09-18T08:04:35","date_gmt":"2018-09-18T08:04:35","guid":{"rendered":"https:\/\/www.jvmmetal.cz\/pasove-dopravniky\/"},"modified":"2026-02-12T19:25:51","modified_gmt":"2026-02-12T19:25:51","slug":"foerderbaendern","status":"publish","type":"page","link":"https:\/\/www.jvmmetal.cz\/de\/foerderbaendern\/","title":{"rendered":"F\u00f6rderb\u00e4ndern"},"content":{"rendered":"<div class=\"wpb-content-wrapper\"><p>[vc_row][vc_column width=&#8221;2\/3&#8243;][vc_column_text css=&#8221;&#8221;]<\/p>\n<h1>F\u00f6rderb\u00e4ndern<\/h1>\n<p>[\/vc_column_text][vc_empty_space css=&#8221;.vc_custom_1582545892743{margin: 0px !important;padding: 0px !important;}&#8221;]<header class=\"kd-section-title vc_col-lg-6 vc_col-sm-8 text-left solid-line sep-border-width-2     vc_custom_1769959878988\" ><h2 class=\"separator_on\" >Typen von F\u00f6rderb\u00e4ndern<\/h2><div class=\"kd-separator below_title\" ><div class=\"kd-separator-line\" ><\/div><\/div><\/header><div id=\"mpc_grid_posts_916a096d6f9e7bb\" class=\"mpc-grid-posts mpc-init mpc-init mpc-transition mpc-overlay--fade mpc-item--fade mpc-layout--style_1  \"  data-grid-cols=\"3\"><div class=\"mpc-grid-sizer\"><\/div><div onclick=\"\" class=\"mpc-post\"><div class=\"mpc-post__wrapper\"><div class=\"mpc-post__thumbnail\" data-mpc_src=\"https:\/\/www.jvmmetal.cz\/wp-content\/uploads\/2018\/09\/dop-1-400x189.png\" data-mpc_link=\"https:\/\/www.jvmmetal.cz\/de\/profi-foerderband\/\"><div class=\"mpc-post__overlay mpc-transition\"><div class=\"mpc-post--vertical-wrap\"><div class=\"mpc-post--vertical\" data-mpc_link=\"https:\/\/www.jvmmetal.cz\/de\/profi-foerderband\/\"><a href=\"https:\/\/www.jvmmetal.cz\/de\/profi-foerderband\/\" title=\"Read more about PROFI F\u00f6rderband\" class=\"mpc-icon-anchor\"><i class=\"mpc-post-overlay__icon mpc-type--readmore fa fa-stop\"><\/i><\/a><div class=\"mpc-post__content mpc-transition\"><h3 class=\"mpc-post__heading mpc-transition mpc-typography--preset_0 mpc-text-overflow\"><a href=\"https:\/\/www.jvmmetal.cz\/de\/profi-foerderband\/\" title=\"PROFI F\u00f6rderband\">PROFI F\u00f6rderband<\/a><\/h3><\/div><\/div><\/div><\/div><\/div><div class=\"mpc-post__content mpc-transition\"><h3 class=\"mpc-post__heading mpc-transition mpc-typography--preset_0 mpc-text-overflow\"><a href=\"https:\/\/www.jvmmetal.cz\/de\/profi-foerderband\/\" title=\"PROFI F\u00f6rderband\">PROFI F\u00f6rderband<\/a><\/h3><\/div><\/div><\/div><div onclick=\"\" class=\"mpc-post\"><div class=\"mpc-post__wrapper\"><div class=\"mpc-post__thumbnail\" data-mpc_src=\"https:\/\/www.jvmmetal.cz\/wp-content\/uploads\/2020\/02\/conveyor-belt-standard-400x225.jpg\" data-mpc_link=\"https:\/\/www.jvmmetal.cz\/de\/standard-foerderband\/\"><div class=\"mpc-post__overlay mpc-transition\"><div class=\"mpc-post--vertical-wrap\"><div class=\"mpc-post--vertical\" data-mpc_link=\"https:\/\/www.jvmmetal.cz\/de\/standard-foerderband\/\"><a href=\"https:\/\/www.jvmmetal.cz\/de\/standard-foerderband\/\" title=\"Read more about Standard F\u00f6rderband\" class=\"mpc-icon-anchor\"><i class=\"mpc-post-overlay__icon mpc-type--readmore fa fa-stop\"><\/i><\/a><div class=\"mpc-post__content mpc-transition\"><h3 class=\"mpc-post__heading mpc-transition mpc-typography--preset_0 mpc-text-overflow\"><a href=\"https:\/\/www.jvmmetal.cz\/de\/standard-foerderband\/\" title=\"Standard F\u00f6rderband\">Standard F\u00f6rderband<\/a><\/h3><\/div><\/div><\/div><\/div><\/div><div class=\"mpc-post__content mpc-transition\"><h3 class=\"mpc-post__heading mpc-transition mpc-typography--preset_0 mpc-text-overflow\"><a href=\"https:\/\/www.jvmmetal.cz\/de\/standard-foerderband\/\" title=\"Standard F\u00f6rderband\">Standard F\u00f6rderband<\/a><\/h3><\/div><\/div><\/div><div onclick=\"\" class=\"mpc-post\"><div class=\"mpc-post__wrapper\"><div class=\"mpc-post__thumbnail\" data-mpc_src=\"https:\/\/www.jvmmetal.cz\/wp-content\/uploads\/2018\/09\/Pasovy-dopravnik-na-sypky-material_1600x900-400x225.jpg\" data-mpc_link=\"https:\/\/www.jvmmetal.cz\/de\/foerderbaender-fuer-schuettgut\/\"><div class=\"mpc-post__overlay mpc-transition\"><div class=\"mpc-post--vertical-wrap\"><div class=\"mpc-post--vertical\" data-mpc_link=\"https:\/\/www.jvmmetal.cz\/de\/foerderbaender-fuer-schuettgut\/\"><a href=\"https:\/\/www.jvmmetal.cz\/de\/foerderbaender-fuer-schuettgut\/\" title=\"Read more about F\u00f6rderb\u00e4nder f\u00fcr Sch\u00fcttgut\" class=\"mpc-icon-anchor\"><i class=\"mpc-post-overlay__icon mpc-type--readmore fa fa-stop\"><\/i><\/a><div class=\"mpc-post__content mpc-transition\"><h3 class=\"mpc-post__heading mpc-transition mpc-typography--preset_0 mpc-text-overflow\"><a href=\"https:\/\/www.jvmmetal.cz\/de\/foerderbaender-fuer-schuettgut\/\" title=\"F\u00f6rderb\u00e4nder f\u00fcr Sch\u00fcttgut\">F\u00f6rderb\u00e4nder f\u00fcr Sch\u00fcttgut<\/a><\/h3><\/div><\/div><\/div><\/div><\/div><div class=\"mpc-post__content mpc-transition\"><h3 class=\"mpc-post__heading mpc-transition mpc-typography--preset_0 mpc-text-overflow\"><a href=\"https:\/\/www.jvmmetal.cz\/de\/foerderbaender-fuer-schuettgut\/\" title=\"F\u00f6rderb\u00e4nder f\u00fcr Sch\u00fcttgut\">F\u00f6rderb\u00e4nder f\u00fcr Sch\u00fcttgut<\/a><\/h3><\/div><\/div><\/div><div onclick=\"\" class=\"mpc-post\"><div class=\"mpc-post__wrapper\"><div class=\"mpc-post__thumbnail\" data-mpc_src=\"https:\/\/www.jvmmetal.cz\/wp-content\/uploads\/2018\/09\/Dopravn\u00edk-nerezov\u00fd-400x225.jpg\" data-mpc_link=\"https:\/\/www.jvmmetal.cz\/de\/lebensmittel-foerderbaender\/\"><div class=\"mpc-post__overlay mpc-transition\"><div class=\"mpc-post--vertical-wrap\"><div class=\"mpc-post--vertical\" data-mpc_link=\"https:\/\/www.jvmmetal.cz\/de\/lebensmittel-foerderbaender\/\"><a href=\"https:\/\/www.jvmmetal.cz\/de\/lebensmittel-foerderbaender\/\" title=\"Read more about Lebensmittel-F\u00f6rderb\u00e4nder\" class=\"mpc-icon-anchor\"><i class=\"mpc-post-overlay__icon mpc-type--readmore fa fa-stop\"><\/i><\/a><div class=\"mpc-post__content mpc-transition\"><h3 class=\"mpc-post__heading mpc-transition mpc-typography--preset_0 mpc-text-overflow\"><a href=\"https:\/\/www.jvmmetal.cz\/de\/lebensmittel-foerderbaender\/\" title=\"Lebensmittel-F\u00f6rderb\u00e4nder\">Lebensmittel-F\u00f6rderb\u00e4nder<\/a><\/h3><\/div><\/div><\/div><\/div><\/div><div class=\"mpc-post__content mpc-transition\"><h3 class=\"mpc-post__heading mpc-transition mpc-typography--preset_0 mpc-text-overflow\"><a href=\"https:\/\/www.jvmmetal.cz\/de\/lebensmittel-foerderbaender\/\" title=\"Lebensmittel-F\u00f6rderb\u00e4nder\">Lebensmittel-F\u00f6rderb\u00e4nder<\/a><\/h3><\/div><\/div><\/div><div onclick=\"\" class=\"mpc-post\"><div class=\"mpc-post__wrapper\"><div class=\"mpc-post__thumbnail\" data-mpc_src=\"https:\/\/www.jvmmetal.cz\/wp-content\/uploads\/2019\/02\/P\u00e1sov\u00fd-dopravn\u00edk-s-detektorem-kov\u016f-400x194.png\" data-mpc_link=\"https:\/\/www.jvmmetal.cz\/de\/foerderbaender-mit-metalldetektoren\/\"><div class=\"mpc-post__overlay mpc-transition\"><div class=\"mpc-post--vertical-wrap\"><div class=\"mpc-post--vertical\" data-mpc_link=\"https:\/\/www.jvmmetal.cz\/de\/foerderbaender-mit-metalldetektoren\/\"><a href=\"https:\/\/www.jvmmetal.cz\/de\/foerderbaender-mit-metalldetektoren\/\" title=\"Read more about F\u00f6rderb\u00e4nder mit Metalldetektoren\" class=\"mpc-icon-anchor\"><i class=\"mpc-post-overlay__icon mpc-type--readmore fa fa-stop\"><\/i><\/a><div class=\"mpc-post__content mpc-transition\"><h3 class=\"mpc-post__heading mpc-transition mpc-typography--preset_0 mpc-text-overflow\"><a href=\"https:\/\/www.jvmmetal.cz\/de\/foerderbaender-mit-metalldetektoren\/\" title=\"F\u00f6rderb\u00e4nder mit Metalldetektoren\">F\u00f6rderb\u00e4nder mit Metalldetektoren<\/a><\/h3><\/div><\/div><\/div><\/div><\/div><div class=\"mpc-post__content mpc-transition\"><h3 class=\"mpc-post__heading mpc-transition mpc-typography--preset_0 mpc-text-overflow\"><a href=\"https:\/\/www.jvmmetal.cz\/de\/foerderbaender-mit-metalldetektoren\/\" title=\"F\u00f6rderb\u00e4nder mit Metalldetektoren\">F\u00f6rderb\u00e4nder mit Metalldetektoren<\/a><\/h3><\/div><\/div><\/div><div onclick=\"\" class=\"mpc-post\"><div class=\"mpc-post__wrapper\"><div class=\"mpc-post__thumbnail\" data-mpc_src=\"https:\/\/www.jvmmetal.cz\/wp-content\/uploads\/2025\/11\/valeckove-dopravniky-400x191.jpg\" data-mpc_link=\"https:\/\/www.jvmmetal.cz\/de\/rollbandfoerderer\/\"><div class=\"mpc-post__overlay mpc-transition\"><div class=\"mpc-post--vertical-wrap\"><div class=\"mpc-post--vertical\" data-mpc_link=\"https:\/\/www.jvmmetal.cz\/de\/rollbandfoerderer\/\"><a href=\"https:\/\/www.jvmmetal.cz\/de\/rollbandfoerderer\/\" title=\"Read more about Rollenf\u00f6rderer\" class=\"mpc-icon-anchor\"><i class=\"mpc-post-overlay__icon mpc-type--readmore fa fa-stop\"><\/i><\/a><div class=\"mpc-post__content mpc-transition\"><h3 class=\"mpc-post__heading mpc-transition mpc-typography--preset_0 mpc-text-overflow\"><a href=\"https:\/\/www.jvmmetal.cz\/de\/rollbandfoerderer\/\" title=\"Rollenf\u00f6rderer\">Rollenf\u00f6rderer<\/a><\/h3><\/div><\/div><\/div><\/div><\/div><div class=\"mpc-post__content mpc-transition\"><h3 class=\"mpc-post__heading mpc-transition mpc-typography--preset_0 mpc-text-overflow\"><a href=\"https:\/\/www.jvmmetal.cz\/de\/rollbandfoerderer\/\" title=\"Rollenf\u00f6rderer\">Rollenf\u00f6rderer<\/a><\/h3><\/div><\/div><\/div><div onclick=\"\" class=\"mpc-post\"><div class=\"mpc-post__wrapper\"><div class=\"mpc-post__thumbnail\" data-mpc_src=\"https:\/\/www.jvmmetal.cz\/wp-content\/uploads\/2019\/02\/dopravn\u00edk-na-pytle-400x225.jpg\" data-mpc_link=\"https:\/\/www.jvmmetal.cz\/de\/foerderanlagen-fuer-stueckgut\/\"><div class=\"mpc-post__overlay mpc-transition\"><div class=\"mpc-post--vertical-wrap\"><div class=\"mpc-post--vertical\" data-mpc_link=\"https:\/\/www.jvmmetal.cz\/de\/foerderanlagen-fuer-stueckgut\/\"><a href=\"https:\/\/www.jvmmetal.cz\/de\/foerderanlagen-fuer-stueckgut\/\" title=\"Read more about F\u00f6rderanlagen f\u00fcr St\u00fcckgut\" class=\"mpc-icon-anchor\"><i class=\"mpc-post-overlay__icon mpc-type--readmore fa fa-stop\"><\/i><\/a><div class=\"mpc-post__content mpc-transition\"><h3 class=\"mpc-post__heading mpc-transition mpc-typography--preset_0 mpc-text-overflow\"><a href=\"https:\/\/www.jvmmetal.cz\/de\/foerderanlagen-fuer-stueckgut\/\" title=\"F\u00f6rderanlagen f\u00fcr St\u00fcckgut\">F\u00f6rderanlagen f\u00fcr St\u00fcckgut<\/a><\/h3><\/div><\/div><\/div><\/div><\/div><div class=\"mpc-post__content mpc-transition\"><h3 class=\"mpc-post__heading mpc-transition mpc-typography--preset_0 mpc-text-overflow\"><a href=\"https:\/\/www.jvmmetal.cz\/de\/foerderanlagen-fuer-stueckgut\/\" title=\"F\u00f6rderanlagen f\u00fcr St\u00fcckgut\">F\u00f6rderanlagen f\u00fcr St\u00fcckgut<\/a><\/h3><\/div><\/div><\/div><div onclick=\"\" class=\"mpc-post\"><div class=\"mpc-post__wrapper\"><div class=\"mpc-post__thumbnail\" data-mpc_src=\"https:\/\/www.jvmmetal.cz\/wp-content\/uploads\/2018\/09\/Gumov\u00e1-dopravn\u00edkov\u00fd-p\u00e1s-1-360x300.png\" data-mpc_link=\"https:\/\/www.jvmmetal.cz\/de\/foerderbandkomponenten\/\"><div class=\"mpc-post__overlay mpc-transition\"><div class=\"mpc-post--vertical-wrap\"><div class=\"mpc-post--vertical\" data-mpc_link=\"https:\/\/www.jvmmetal.cz\/de\/foerderbandkomponenten\/\"><a href=\"https:\/\/www.jvmmetal.cz\/de\/foerderbandkomponenten\/\" title=\"Read more about F\u00f6rderbandkomponenten\" class=\"mpc-icon-anchor\"><i class=\"mpc-post-overlay__icon mpc-type--readmore fa fa-stop\"><\/i><\/a><div class=\"mpc-post__content mpc-transition\"><h3 class=\"mpc-post__heading mpc-transition mpc-typography--preset_0 mpc-text-overflow\"><a href=\"https:\/\/www.jvmmetal.cz\/de\/foerderbandkomponenten\/\" title=\"F\u00f6rderbandkomponenten\">F\u00f6rderbandkomponenten<\/a><\/h3><\/div><\/div><\/div><\/div><\/div><div class=\"mpc-post__content mpc-transition\"><h3 class=\"mpc-post__heading mpc-transition mpc-typography--preset_0 mpc-text-overflow\"><a href=\"https:\/\/www.jvmmetal.cz\/de\/foerderbandkomponenten\/\" title=\"F\u00f6rderbandkomponenten\">F\u00f6rderbandkomponenten<\/a><\/h3><\/div><\/div><\/div><\/div>[vc_empty_space css=&#8221;.vc_custom_1582545892743{margin: 0px !important;padding: 0px !important;}&#8221;][vc_column_text css=&#8221;&#8221;]Unser Hauptproduktionsprogramm umfasst F\u00f6rdersysteme, die wir f\u00fcr Sie ma\u00dfgeschneidert entwerfen und liefern.<br \/>\nF\u00f6rdersysteme k\u00f6nnen aus verschiedenen Modulen bestehen.<br \/>\nIn Fertigungsstra\u00dfen werden haupts\u00e4chlich F\u00f6rderb\u00e4nder oder Rollenf\u00f6rderer eingesetzt.<\/p>\n<p><strong>Wir l\u00f6sen die Handhabung Ihrer Produkte \u2013 f\u00fcr Sie.<\/strong><\/p>\n<p>Wenn Sie einen einzelnen F\u00f6rderband oder Rollenf\u00f6rderer ben\u00f6tigen, liefern wir Ihnen nur die Maschine, die jedoch exakt auf Ihre Bed\u00fcrfnisse zugeschnitten wird.<\/p>\n<p>Rollen- und F\u00f6rderb\u00e4nder \u2013 wir bieten eine Komplettl\u00f6sung, von der eigenen Konstruktion bis zur Herstellung und Montage.<br \/>\nUnser Vorteil sind langj\u00e4hrige Erfahrungen im Bereich der F\u00f6rdertechnik, die eine hohe Qualit\u00e4t unserer Produkte garantieren. Unsere Maschinen finden Anwendung in vielen Bereichen. Ein Bereich ist auch die Baustellenlogistik, wo unsere F\u00f6rderb\u00e4nder ideal f\u00fcr den Transport von Schutt oder Steinen sind. Der Transport dieser schweren Materialien wird durch unsere F\u00f6rderb\u00e4nder beschleunigt und erleichtert.<\/p>\n<p>In unserem Sortiment finden Sie auch F\u00f6rderb\u00e4nder f\u00fcr den Heimgebrauch. Diese Maschinen sind besonders f\u00fcr diejenigen von Nutzen, die sich Arbeit ersparen m\u00f6chten, den F\u00f6rderer jedoch nicht t\u00e4glich ben\u00f6tigen. Sie werden haupts\u00e4chlich als F\u00f6rderband f\u00fcr Kohlenlagerung genutzt, finden aber auch Anwendung f\u00fcr den Transport von Holz, Obst oder Gem\u00fcse.<\/p>\n<p><strong>Garantie- und After-Sales-Bedingungen<\/strong><br \/>\nUnser Unternehmen bietet sowohl Garantie- als auch After-Sales-Service f\u00fcr die von uns gelieferten F\u00f6rdersysteme und andere Maschinen. Selbstverst\u00e4ndlich bieten wir auch Ersatzteile wie F\u00f6rderb\u00e4nder, Elektromotoren und Lager an.[\/vc_column_text][vc_row_inner disable_element=&#8221;yes&#8221;][vc_column_inner]<header class=\"kd-section-title vc_col-lg-6 vc_col-sm-8 text-left solid-line sep-border-width-2     vc_custom_1546866763759\" ><h2 class=\"separator_on\" >Galerie<\/h2><div class=\"kd-separator below_title\" ><div class=\"kd-separator-line\" ><\/div><\/div><\/header>[vc_column_text][envira-gallery id=&#8221;7326&#8243;][\/vc_column_text][\/vc_column_inner][\/vc_row_inner][vc_raw_html css=&#8221;&#8221;]JTVCc2MlMjBuYW1lJTNEJTIya29udGFrdG5pLWZvcm0tYWNjb3JkZW9uLWRlJTIyJTVEJTVCJTJGc2MlNUQ=[\/vc_raw_html][\/vc_column][vc_column width=&#8221;1\/3&#8243; css=&#8221;.vc_custom_1538052905022{padding-top: 10px !important;}&#8221;][vc_widget_sidebar sidebar_id=&#8221;blog-sidebar&#8221;][\/vc_column][\/vc_row]<\/p>\n<\/div>","protected":false},"excerpt":{"rendered":"<p>[vc_row][vc_column width=&#8221;2\/3&#8243;][vc_column_text css=&#8221;&#8221;] F\u00f6rderb\u00e4ndern [\/vc_column_text][vc_empty_space css=&#8221;.vc_custom_1582545892743{margin: 0px !important;padding: 0px !important;}&#8221;][vc_empty_space css=&#8221;.vc_custom_1582545892743{margin: 0px !important;padding: 0px !important;}&#8221;][vc_column_text css=&#8221;&#8221;]Unser Hauptproduktionsprogramm umfasst F\u00f6rdersysteme, die wir f\u00fcr Sie ma\u00dfgeschneidert entwerfen und liefern.<\/p>\n","protected":false},"author":4,"featured_media":12455,"parent":0,"menu_order":1,"comment_status":"closed","ping_status":"closed","template":"","meta":{"footnotes":""},"categories":[],"tags":[],"class_list":["post-12454","page","type-page","status-publish","has-post-thumbnail","hentry"],"_links":{"self":[{"href":"https:\/\/www.jvmmetal.cz\/de\/wp-json\/wp\/v2\/pages\/12454","targetHints":{"allow":["GET"]}}],"collection":[{"href":"https:\/\/www.jvmmetal.cz\/de\/wp-json\/wp\/v2\/pages"}],"about":[{"href":"https:\/\/www.jvmmetal.cz\/de\/wp-json\/wp\/v2\/types\/page"}],"author":[{"embeddable":true,"href":"https:\/\/www.jvmmetal.cz\/de\/wp-json\/wp\/v2\/users\/4"}],"replies":[{"embeddable":true,"href":"https:\/\/www.jvmmetal.cz\/de\/wp-json\/wp\/v2\/comments?post=12454"}],"version-history":[{"count":5,"href":"https:\/\/www.jvmmetal.cz\/de\/wp-json\/wp\/v2\/pages\/12454\/revisions"}],"predecessor-version":[{"id":12810,"href":"https:\/\/www.jvmmetal.cz\/de\/wp-json\/wp\/v2\/pages\/12454\/revisions\/12810"}],"wp:featuredmedia":[{"embeddable":true,"href":"https:\/\/www.jvmmetal.cz\/de\/wp-json\/wp\/v2\/media\/12455"}],"wp:attachment":[{"href":"https:\/\/www.jvmmetal.cz\/de\/wp-json\/wp\/v2\/media?parent=12454"}],"wp:term":[{"taxonomy":"category","embeddable":true,"href":"https:\/\/www.jvmmetal.cz\/de\/wp-json\/wp\/v2\/categories?post=12454"},{"taxonomy":"post_tag","embeddable":true,"href":"https:\/\/www.jvmmetal.cz\/de\/wp-json\/wp\/v2\/tags?post=12454"}],"curies":[{"name":"wp","href":"https:\/\/api.w.org\/{rel}","templated":true}]}}