{"id":12728,"date":"2018-09-26T11:33:42","date_gmt":"2018-09-26T11:33:42","guid":{"rendered":"https:\/\/www.jvmmetal.cz\/mapa-webu\/"},"modified":"2026-02-11T09:33:12","modified_gmt":"2026-02-11T09:33:12","slug":"sitemap","status":"publish","type":"page","link":"https:\/\/www.jvmmetal.cz\/de\/sitemap\/","title":{"rendered":"Sitemap"},"content":{"rendered":"<div class=\"wpb-content-wrapper\"><p>[vc_row][vc_column][vc_column_text css=&#8221;&#8221;]<\/p>\n<h1 style=\"text-align: center;\">Sitemap<\/h1>\n<p>[\/vc_column_text][vc_empty_space][vc_column_text]<div class=\"wsp-container\"><h2 class=\"wsp-pages-title\">Seiten<\/h2>\n<ul class=\"wsp-pages-list\">\n<li class=\"page_item page-item-12767\"><a href=\"https:\/\/www.jvmmetal.cz\/de\/artikeln\/\">Artikeln<\/a><\/li>\n<li class=\"page_item page-item-12325\"><a href=\"https:\/\/www.jvmmetal.cz\/de\/elektromotoren-und-getriebe\/\">Elektromotoren und Getriebe<\/a><\/li>\n<li class=\"page_item page-item-12756\"><a href=\"https:\/\/www.jvmmetal.de\" target=\"_blank\" rel=\"noopener\">Eshop<\/a><\/li>\n<li class=\"page_item page-item-12346\"><a href=\"https:\/\/www.jvmmetal.cz\/de\/foerderanlagen-fuer-logistikzentren\/\">F\u00f6rderanlagen f\u00fcr Logistikzentren<\/a><\/li>\n<li class=\"page_item page-item-12274\"><a href=\"https:\/\/www.jvmmetal.cz\/de\/foerderanlagen-fuer-stueckgut\/\">F\u00f6rderanlagen f\u00fcr St\u00fcckgut<\/a><\/li>\n<li class=\"page_item page-item-12307\"><a href=\"https:\/\/www.jvmmetal.cz\/de\/foerderband-wiegesysteme\/\">F\u00f6rderband-Wiegesysteme<\/a><\/li>\n<li class=\"page_item page-item-12866\"><a href=\"https:\/\/www.jvmmetal.cz\/de\/foerderband-wiegesysteme-2\/\">F\u00f6rderband-Wiegesysteme<\/a><\/li>\n<li class=\"page_item page-item-12313\"><a href=\"https:\/\/www.jvmmetal.cz\/de\/foerderbaender\/\">F\u00f6rderb\u00e4nder<\/a><\/li>\n<li class=\"page_item page-item-12233\"><a href=\"https:\/\/www.jvmmetal.cz\/de\/foerderbaender-fuer-schuettgut\/\">F\u00f6rderb\u00e4nder f\u00fcr Sch\u00fcttgut<\/a><\/li>\n<li class=\"page_item page-item-12263\"><a href=\"https:\/\/www.jvmmetal.cz\/de\/foerderbaender-mit-metalldetektoren\/\">F\u00f6rderb\u00e4nder mit Metalldetektoren<\/a><\/li>\n<li class=\"page_item page-item-12282\"><a href=\"https:\/\/www.jvmmetal.cz\/de\/foerderbandkomponenten\/\">F\u00f6rderbandkomponenten<\/a><\/li>\n<li class=\"page_item page-item-12288\"><a href=\"https:\/\/www.jvmmetal.cz\/de\/foerderrollen\/\">F\u00f6rderrollen<\/a><\/li>\n<li class=\"page_item page-item-12301\"><a href=\"https:\/\/www.jvmmetal.cz\/de\/foerdersysteme\/\">F\u00f6rdersysteme<\/a><\/li>\n<li class=\"page_item page-item-12198\"><a href=\"https:\/\/www.jvmmetal.cz\/de\/\">F\u00f6rdersysteme und Robotik<\/a><\/li>\n<li class=\"page_item page-item-12384\"><a href=\"https:\/\/www.jvmmetal.cz\/de\/kontakt\/\">Kontakt<\/a><\/li>\n<li class=\"page_item page-item-12256\"><a href=\"https:\/\/www.jvmmetal.cz\/de\/lebensmittel-foerderbaender\/\">Lebensmittel-F\u00f6rderb\u00e4nder<\/a><\/li>\n<li class=\"page_item page-item-12763\"><a href=\"https:\/\/www.jvmmetal.cz\/de\/rollbandfoerderer\/\">Palettentransport<\/a><\/li>\n<li class=\"page_item page-item-12201\"><a href=\"https:\/\/www.jvmmetal.cz\/de\/profi-foerderband\/\">PROFI F\u00f6rderband<\/a><\/li>\n<li class=\"page_item page-item-12370\"><a href=\"https:\/\/www.jvmmetal.cz\/de\/rollbandfoerderer\/\">Rollenf\u00f6rderer<\/a><\/li>\n<li class=\"page_item page-item-12728\"><a href=\"https:\/\/www.jvmmetal.cz\/de\/sitemap\/\">Sitemap<\/a><\/li>\n<li class=\"page_item page-item-12223\"><a href=\"https:\/\/www.jvmmetal.cz\/de\/standard-foerderband\/\">Standard F\u00f6rderband<\/a><\/li>\n<li class=\"page_item page-item-12414\"><a href=\"https:\/\/www.jvmmetal.cz\/de\/ueber-uns\/\">\u00dcber uns<\/a><\/li>\n<li class=\"page_item page-item-12454\"><a href=\"https:\/\/www.jvmmetal.cz\/de\/foerderbaendern\/\">F\u00f6rderb\u00e4ndern<\/a><\/li>\n<li class=\"page_item page-item-12332\"><a href=\"https:\/\/www.jvmmetal.cz\/de\/magnetische-metalltrennung\/\">Magnetische Metalltrennung<\/a><\/li>\n<li class=\"page_item page-item-12407\"><a href=\"https:\/\/www.jvmmetal.cz\/de\/personenbezogene-daten\/\">Personenbezogene Daten<\/a><\/li>\n<li class=\"page_item page-item-12400\"><a href=\"https:\/\/www.jvmmetal.cz\/de\/cookie-richtlinie\/\">Cookie-Richtlinie<\/a><\/li>\n<\/ul>\n<h2 class=\"wsp-posts-title\">Beitr\u00e4ge nach Kategorie<\/h2>\n<ul class=\"wsp-posts-list\">\n\t<li><strong class=\"wsp-category-title\">Kategorie: <a href=\"https:\/\/www.jvmmetal.cz\/de\/category\/blog-cs\/\">Blog<\/a><\/strong>\n<ul class=\"wsp-posts-list\">\t\t<li class=\"wsp-post\"><a href=\"https:\/\/www.jvmmetal.cz\/levny-pasovy-dopravnik\/\">Levn\u00fd p\u00e1sov\u00fd dopravn\u00edk<\/a><\/li>\n\t\t<li class=\"wsp-post\"><a href=\"https:\/\/www.jvmmetal.cz\/de\/suchen-sie-einen-foerderer-fuer-die-lebensmittelindustrie\/\">Suchen Sie einen F\u00f6rderer f\u00fcr die Lebensmittelindustrie?<\/a><\/li>\n\t\t<li class=\"wsp-post\"><a href=\"https:\/\/www.jvmmetal.cz\/de\/welche-parameter-sind-bei-der-auswahl-eines-foerderbandes-zu-beruecksichtigen\/\">Welche Parameter sind bei der Auswahl eines F\u00f6rderbandes zu ber\u00fccksichtigen?<\/a><\/li>\n\t\t<li class=\"wsp-post\"><a href=\"https:\/\/www.jvmmetal.cz\/de\/typische-probleme-von-foerderanlagen-die-durch-den-einsatz-von-verbundwerkstoffen-geloest-werden-koennen\/\">Typische Probleme von F\u00f6rderanlagen, die durch den Einsatz von Verbundwerkstoffen gel\u00f6st werden k\u00f6nnen<\/a><\/li>\n\t\t<li class=\"wsp-post\"><a href=\"https:\/\/www.jvmmetal.cz\/de\/foerderanlagen-in-der-lebensmittelindustrie-je-mehr-anforderungen-desto-mehr-moeglichkeiten\/\">F\u00f6rderanlagen in der Lebensmittelindustrie: je mehr Anforderungen, desto mehr M\u00f6glichkeiten<\/a><\/li>\n\t\t<li class=\"wsp-post\"><a href=\"https:\/\/www.jvmmetal.cz\/de\/magnetische-metallabscheidung-einsatzmoeglichkeiten-in-foerderanlagen\/\">Magnetische Metallabscheidung: Einsatzm\u00f6glichkeiten in F\u00f6rderanlagen<\/a><\/li>\n\t\t<li class=\"wsp-post\"><a href=\"https:\/\/www.jvmmetal.cz\/de\/foerderband-der-allrounder-fuer-logistikzentren\/\">F\u00f6rderband: der Allrounder f\u00fcr Logistikzentren<\/a><\/li>\n\t\t<li class=\"wsp-post\"><a href=\"https:\/\/www.jvmmetal.cz\/de\/wartung-von-foerderanlagen-auch-von-wartungsfreien\/\">Wartung von F\u00f6rderanlagen: auch von wartungsfreien<\/a><\/li>\n\t\t<li class=\"wsp-post\"><a href=\"https:\/\/www.jvmmetal.cz\/de\/ueber-den-zuschlag-bei-ausschreibungen-entscheidet-laengst-nicht-mehr-nur-der-niedrigste-preis\/\">\u00dcber den Zuschlag bei Ausschreibungen entscheidet l\u00e4ngst nicht mehr nur der niedrigste Preis<\/a><\/li>\n\t\t<li class=\"wsp-post\"><a href=\"https:\/\/www.jvmmetal.cz\/de\/5-trends-im-foerdertechnik-design-fuer-das-jahr-2020\/\">5 Trends im F\u00f6rdertechnik-Design f\u00fcr das Jahr 2020<\/a><\/li>\n\t\t<li class=\"wsp-post\"><a href=\"https:\/\/www.jvmmetal.cz\/de\/8-grundtypen-von-bandfoerderern-und-ihre-anwendungen-teil-2\/\">8 Grundtypen von Bandf\u00f6rderern und ihre Anwendungen (Teil 2)<\/a><\/li>\n\t\t<li class=\"wsp-post\"><a href=\"https:\/\/www.jvmmetal.cz\/de\/8-grundtypen-von-bandfoerderern-und-ihre-anwendungen-teil-1\/\">8 Grundtypen von Bandf\u00f6rderern und ihre Anwendungen (Teil 1)<\/a><\/li>\n\t\t<li class=\"wsp-post\"><a href=\"https:\/\/www.jvmmetal.cz\/de\/historiche-betrachtung-der-automatisierung-in-der-produktion\/\">Historiche Betrachtung der Automatisierung in der Produktion<\/a><\/li>\n\t\t<li class=\"wsp-post\"><a href=\"https:\/\/www.jvmmetal.cz\/de\/5-vorteile-von-foerderbaendern\/\">5 Vorteile von F\u00f6rderb\u00e4ndern<\/a><\/li>\n\t\t<li class=\"wsp-post\"><a href=\"https:\/\/www.jvmmetal.cz\/de\/unterschaetzte-helfer-foerderbandsysteme-in-der-fertigungsindustrie\/\">Untersch\u00e4tzte Helfer \u2013 F\u00f6rderbandsysteme in der Fertigungsindustrie<\/a><\/li>\n\t\t<li class=\"wsp-post\"><a href=\"https:\/\/www.jvmmetal.cz\/de\/4-wichtige-schritte-fuer-die-auswahl-ihres-foerderers\/\">4 wichtige Schritte f\u00fcr die Auswahl Ihres F\u00f6rderers<\/a><\/li>\n\t\t<li class=\"wsp-post\"><a href=\"https:\/\/www.jvmmetal.cz\/de\/vorteile-der-implementierung-eines-foerdersystems-in-einem-produktionsbetrieb\/\">Vorteile der Implementierung eines F\u00f6rdersystems in einem Produktionsbetrieb<\/a><\/li>\n\t\t<li class=\"wsp-post\"><a href=\"https:\/\/www.jvmmetal.cz\/de\/drei-komponenten-der-foerdertechnik-der-zukunft\/\">Drei Komponenten der F\u00f6rdertechnik der Zukunft<\/a><\/li>\n\t\t<li class=\"wsp-post\"><a href=\"https:\/\/www.jvmmetal.cz\/de\/automatisierung-in-der-logistik-ist-ein-aktueller-trend\/\">Automatisierung in der Logistik ist ein aktueller Trend<\/a><\/li>\n<\/ul><\/li>\n\t<li><strong class=\"wsp-category-title\">Kategorie: <a href=\"https:\/\/www.jvmmetal.cz\/de\/category\/sorter\/\">Sorter<\/a><\/strong>\n<\/li>\n\t<li><strong class=\"wsp-category-title\">Kategorie: <a href=\"https:\/\/www.jvmmetal.cz\/de\/category\/unkategorisiert\/\">Unkategorisiert<\/a><\/strong>\n<ul class=\"wsp-posts-list\">\t\t<li class=\"wsp-post\"><a href=\"https:\/\/www.jvmmetal.cz\/de\/projektierungsarbeiten\/\">Projektierungsarbeiten<\/a><\/li>\n<\/ul><\/li>\n<\/ul>\n<h2 class=\"wsp-wpf_post_its-title\">Notes<\/h2>\n<ul class=\"wsp-wpf_post_its-list\">\n<li><a href=\"https:\/\/www.jvmmetal.cz\/de\/wpf_post_it\/new-note\/\">Rychl\u00e9 odkazy<\/a><\/li>\n<\/ul>\n<h2 class=\"wsp-asenha_code_snippets-title\">Code Snippets<\/h2>\n<ul class=\"wsp-asenha_code_snippets-list\">\n<li><a href=\"https:\/\/www.jvmmetal.cz\/de\/code-snippet\/css-aktualizace-stranek-stroju-2025\/\">CSS - aktualizace str\u00e1nek stroj\u016f 2025<\/a><\/li>\n<li><a href=\"https:\/\/www.jvmmetal.cz\/de\/code-snippet\/css-opravy-po-update-2024\/\">CSS opravy po update 2024<\/a><\/li>\n<li><a href=\"https:\/\/www.jvmmetal.cz\/de\/code-snippet\/jquery-kotvy-posun\/\">JQuery - kotvy posun<\/a><\/li>\n<li><a href=\"https:\/\/www.jvmmetal.cz\/de\/code-snippet\/css-2024\/\">CSS - 2024<\/a><\/li>\n<li><a href=\"https:\/\/www.jvmmetal.cz\/de\/code-snippet\/css-wpforms\/\">CSS Wpforms<\/a><\/li>\n<li><a href=\"https:\/\/www.jvmmetal.cz\/de\/code-snippet\/css-general\/\">CSS - General<\/a><\/li>\n<\/ul>\n<h2 class=\"wsp-static-blocks-title\">Static Blocks<\/h2>\n<ul class=\"wsp-static-blocks-list\">\n<li><a href=\"https:\/\/www.jvmmetal.cz\/de\/static-block\/carousel-obrazky-sorter\/\">Carousel - obrazky -sorter<\/a><\/li>\n<li><a href=\"https:\/\/www.jvmmetal.cz\/de\/static-block\/paticka-clanky\/\">Paticka-clanky<\/a><\/li>\n<\/ul>\n<h2 class=\"wsp-popups-title\">Pop-ups<\/h2>\n<ul class=\"wsp-popups-list\">\n<li><a href=\"https:\/\/www.jvmmetal.cz\/de\/?post_type=popup&amp;p=11407\">Sleva 20%<\/a><\/li>\n<li><a href=\"https:\/\/www.jvmmetal.cz\/de\/?post_type=popup&amp;p=11406\">Example: Auto-opening announcement popup<\/a><\/li>\n<\/ul>\n<h2 class=\"wsp-popup_themes-title\">Pop-up-Themes<\/h2>\n<ul class=\"wsp-popup_themes-list\">\n<li><a href=\"https:\/\/www.jvmmetal.cz\/de\/?post_type=popup_theme&amp;p=11405\">Content Only - For use with page builders or block editor<\/a><\/li>\n<li><a href=\"https:\/\/www.jvmmetal.cz\/de\/?post_type=popup_theme&amp;p=11404\">Floating Bar - Soft Blue<\/a><\/li>\n<li><a href=\"https:\/\/www.jvmmetal.cz\/de\/?post_type=popup_theme&amp;p=11403\">Framed Border<\/a><\/li>\n<li><a href=\"https:\/\/www.jvmmetal.cz\/de\/?post_type=popup_theme&amp;p=11402\">Cutting Edge<\/a><\/li>\n<li><a href=\"https:\/\/www.jvmmetal.cz\/de\/?post_type=popup_theme&amp;p=11401\">Hello Box<\/a><\/li>\n<li><a href=\"https:\/\/www.jvmmetal.cz\/de\/?post_type=popup_theme&amp;p=11400\">Enterprise Blue<\/a><\/li>\n<li><a href=\"https:\/\/www.jvmmetal.cz\/de\/?post_type=popup_theme&amp;p=11399\">Light Box<\/a><\/li>\n<li><a href=\"https:\/\/www.jvmmetal.cz\/de\/?post_type=popup_theme&amp;p=11398\">Default Theme<\/a><\/li>\n<\/ul>\n<\/div>[\/vc_column_text][\/vc_column][\/vc_row]<\/p>\n<\/div>","protected":false},"excerpt":{"rendered":"<p>[vc_row][vc_column][vc_column_text css=&#8221;&#8221;] Sitemap [\/vc_column_text][vc_empty_space][vc_column_text][\/vc_column_text][\/vc_column][\/vc_row]<\/p>\n","protected":false},"author":4,"featured_media":0,"parent":0,"menu_order":0,"comment_status":"closed","ping_status":"closed","template":"","meta":{"footnotes":""},"categories":[],"tags":[],"class_list":["post-12728","page","type-page","status-publish","hentry"],"_links":{"self":[{"href":"https:\/\/www.jvmmetal.cz\/de\/wp-json\/wp\/v2\/pages\/12728","targetHints":{"allow":["GET"]}}],"collection":[{"href":"https:\/\/www.jvmmetal.cz\/de\/wp-json\/wp\/v2\/pages"}],"about":[{"href":"https:\/\/www.jvmmetal.cz\/de\/wp-json\/wp\/v2\/types\/page"}],"author":[{"embeddable":true,"href":"https:\/\/www.jvmmetal.cz\/de\/wp-json\/wp\/v2\/users\/4"}],"replies":[{"embeddable":true,"href":"https:\/\/www.jvmmetal.cz\/de\/wp-json\/wp\/v2\/comments?post=12728"}],"version-history":[{"count":2,"href":"https:\/\/www.jvmmetal.cz\/de\/wp-json\/wp\/v2\/pages\/12728\/revisions"}],"predecessor-version":[{"id":12748,"href":"https:\/\/www.jvmmetal.cz\/de\/wp-json\/wp\/v2\/pages\/12728\/revisions\/12748"}],"wp:attachment":[{"href":"https:\/\/www.jvmmetal.cz\/de\/wp-json\/wp\/v2\/media?parent=12728"}],"wp:term":[{"taxonomy":"category","embeddable":true,"href":"https:\/\/www.jvmmetal.cz\/de\/wp-json\/wp\/v2\/categories?post=12728"},{"taxonomy":"post_tag","embeddable":true,"href":"https:\/\/www.jvmmetal.cz\/de\/wp-json\/wp\/v2\/tags?post=12728"}],"curies":[{"name":"wp","href":"https:\/\/api.w.org\/{rel}","templated":true}]}}