{"id":12866,"date":"2020-02-14T08:59:15","date_gmt":"2020-02-14T08:59:15","guid":{"rendered":"https:\/\/www.jvmmetal.cz\/vazici-systemy\/"},"modified":"2026-02-13T15:34:51","modified_gmt":"2026-02-13T15:34:51","slug":"foerderband-wiegesysteme-2","status":"publish","type":"page","link":"https:\/\/www.jvmmetal.cz\/de\/foerderband-wiegesysteme-2\/","title":{"rendered":"F\u00f6rderband-Wiegesysteme"},"content":{"rendered":"<div class=\"wpb-content-wrapper\"><p>[vc_row][vc_column width=&#8221;2\/3&#8243;][vc_custom_heading source=&#8221;post_title&#8221; font_container=&#8221;tag:h1|text_align:left&#8221; use_theme_fonts=&#8221;yes&#8221; css=&#8221;&#8221;][vc_column_text css=&#8221;&#8221;]<strong>F\u00f6rdersystem<\/strong> zum Wiegen von BigBags mit Sch\u00fcttgut.<br \/>\nDas System besteht aus zwei Waagen, damit die Produktionslinie beim Wechsel eines BigBags nicht gestoppt werden muss.<br \/>\nAuf dem Display der digitalen Waage wird die gew\u00fcnschte Menge eingestellt, die abgewogen werden soll.<br \/>\nDer Bediener startet die Linie, und die F\u00f6rderer f\u00fcllen das BigBag auf das vorgegebene Gewicht.<br \/>\nNach dem Bef\u00fcllen eines BigBags schaltet der F\u00f6rderer automatisch auf das Bef\u00fcllen des zweiten BigBags um. Der Bediener wechselt den vollen BigBag gegen einen leeren aus.<\/p>\n<p><style type=\"text\/css\">\n#foogallery-gallery-10941 .fg-image { width: 180px; }\n#foogallery-gallery-10941 { --fg-gutter: 5px; }<\/style>\n\t\t\t<div class=\"foogallery foogallery-container foogallery-default foogallery-lightbox-foobox fg-left fg-default fg-ready fg-light fg-loading-default fg-loaded-fade-in fg-caption-hover fg-hover-fade fg-hover-zoom\" id=\"foogallery-gallery-10941\" data-foogallery=\"{&quot;item&quot;:{&quot;showCaptionTitle&quot;:true,&quot;showCaptionDescription&quot;:true},&quot;lazy&quot;:true}\" style=\"--fg-title-line-clamp: 0; --fg-description-line-clamp: 0;\" >\n\t<div class=\"fg-item fg-type-image fg-idle\"><figure class=\"fg-item-inner\"><a href=\"https:\/\/www.jvmmetal.cz\/wp-content\/uploads\/2020\/02\/4cde2db8-dopravnkovy-vazici-system.jpg\" data-attachment-id=\"13639\" data-type=\"image\" class=\"fg-thumb\"><span class=\"fg-image-wrap\"><img decoding=\"async\" width=\"180\" height=\"140\" class=\"skip-lazy fg-image\" data-src-fg=\"https:\/\/www.jvmmetal.cz\/wp-content\/uploads\/cache\/2020\/02\/4cde2db8-dopravnkovy-vazici-system\/826900796.jpg\" src=\"data:image\/svg+xml,%3Csvg%20xmlns%3D%22http%3A%2F%2Fwww.w3.org%2F2000%2Fsvg%22%20width%3D%22180%22%20height%3D%22140%22%20viewBox%3D%220%200%20180%20140%22%3E%3C%2Fsvg%3E\" loading=\"eager\"><\/span><span class=\"fg-image-overlay\"><\/span><\/a><\/figure><div class=\"fg-loader\"><\/div><\/div><div class=\"fg-item fg-type-image fg-idle\"><figure class=\"fg-item-inner\"><a href=\"https:\/\/www.jvmmetal.cz\/wp-content\/uploads\/2020\/02\/0232c406-vazici-system.jpg\" data-attachment-id=\"12308\" data-type=\"image\" class=\"fg-thumb\"><span class=\"fg-image-wrap\"><img decoding=\"async\" width=\"180\" height=\"140\" class=\"skip-lazy fg-image\" data-src-fg=\"https:\/\/www.jvmmetal.cz\/wp-content\/uploads\/cache\/2020\/02\/0232c406-vazici-system\/96068713.jpg\" src=\"data:image\/svg+xml,%3Csvg%20xmlns%3D%22http%3A%2F%2Fwww.w3.org%2F2000%2Fsvg%22%20width%3D%22180%22%20height%3D%22140%22%20viewBox%3D%220%200%20180%20140%22%3E%3C%2Fsvg%3E\" loading=\"eager\"><\/span><span class=\"fg-image-overlay\"><\/span><\/a><\/figure><div class=\"fg-loader\"><\/div><\/div><div class=\"fg-item fg-type-image fg-idle\"><figure class=\"fg-item-inner\"><a href=\"https:\/\/www.jvmmetal.cz\/wp-content\/uploads\/2020\/02\/bd24c3bb-vazici-dopravnik.jpg\" data-attachment-id=\"13642\" data-type=\"image\" class=\"fg-thumb\"><span class=\"fg-image-wrap\"><img decoding=\"async\" width=\"180\" height=\"140\" class=\"skip-lazy fg-image\" data-src-fg=\"https:\/\/www.jvmmetal.cz\/wp-content\/uploads\/cache\/2020\/02\/bd24c3bb-vazici-dopravnik\/2942866663.jpg\" src=\"data:image\/svg+xml,%3Csvg%20xmlns%3D%22http%3A%2F%2Fwww.w3.org%2F2000%2Fsvg%22%20width%3D%22180%22%20height%3D%22140%22%20viewBox%3D%220%200%20180%20140%22%3E%3C%2Fsvg%3E\" loading=\"eager\"><\/span><span class=\"fg-image-overlay\"><\/span><\/a><\/figure><div class=\"fg-loader\"><\/div><\/div><div class=\"fg-item fg-type-image fg-idle\"><figure class=\"fg-item-inner\"><a href=\"https:\/\/www.jvmmetal.cz\/wp-content\/uploads\/2020\/02\/3aeef342-vazici-dopravnikovy-system.jpg\" data-attachment-id=\"13650\" data-type=\"image\" class=\"fg-thumb\"><span class=\"fg-image-wrap\"><img decoding=\"async\" width=\"180\" height=\"140\" class=\"skip-lazy fg-image\" data-src-fg=\"https:\/\/www.jvmmetal.cz\/wp-content\/uploads\/cache\/2020\/02\/3aeef342-vazici-dopravnikovy-system\/3567891130.jpg\" src=\"data:image\/svg+xml,%3Csvg%20xmlns%3D%22http%3A%2F%2Fwww.w3.org%2F2000%2Fsvg%22%20width%3D%22180%22%20height%3D%22140%22%20viewBox%3D%220%200%20180%20140%22%3E%3C%2Fsvg%3E\" loading=\"eager\"><\/span><span class=\"fg-image-overlay\"><\/span><\/a><\/figure><div class=\"fg-loader\"><\/div><\/div><\/div>\n[\/vc_column_text][vc_empty_space][vc_column_text css=&#8221;&#8221;]<\/p>\n<h3>Schl\u00fcsselfertige Planung und Fertigung<\/h3>\n<ul>\n<li>Automatisch \/ halbautomatisch<\/li>\n<li>M\u00f6glichkeit zum Ausdruck eines Wiegeprotokolls<\/li>\n<li>Waage bodenb\u00fcndig installiert<\/li>\n<li>Wiegen von BigBags, Paletten, Boxen<\/li>\n<\/ul>\n<p><style type=\"text\/css\">\n#foogallery-gallery-10942 .fg-image { width: 180px; }\n#foogallery-gallery-10942 { --fg-gutter: 5px; }<\/style>\n\t\t\t<div class=\"foogallery foogallery-container foogallery-default foogallery-lightbox-foobox fg-left fg-default fg-ready fg-light fg-loading-default fg-loaded-fade-in fg-caption-hover fg-hover-fade fg-hover-zoom\" id=\"foogallery-gallery-10942\" data-foogallery=\"{&quot;item&quot;:{&quot;showCaptionTitle&quot;:true,&quot;showCaptionDescription&quot;:true},&quot;lazy&quot;:true}\" style=\"--fg-title-line-clamp: 0; --fg-description-line-clamp: 0;\" >\n\t<div class=\"fg-item fg-type-image fg-idle\"><figure class=\"fg-item-inner\"><a href=\"https:\/\/www.jvmmetal.cz\/wp-content\/uploads\/2020\/02\/90d1c8ca-vazici-dopravniky.jpg\" data-attachment-id=\"13644\" data-type=\"image\" class=\"fg-thumb\"><span class=\"fg-image-wrap\"><img decoding=\"async\" width=\"180\" height=\"140\" class=\"skip-lazy fg-image\" data-src-fg=\"https:\/\/www.jvmmetal.cz\/wp-content\/uploads\/cache\/2020\/02\/90d1c8ca-vazici-dopravniky\/3777452709.jpg\" src=\"data:image\/svg+xml,%3Csvg%20xmlns%3D%22http%3A%2F%2Fwww.w3.org%2F2000%2Fsvg%22%20width%3D%22180%22%20height%3D%22140%22%20viewBox%3D%220%200%20180%20140%22%3E%3C%2Fsvg%3E\" loading=\"eager\"><\/span><span class=\"fg-image-overlay\"><\/span><\/a><\/figure><div class=\"fg-loader\"><\/div><\/div><div class=\"fg-item fg-type-image fg-idle\"><figure class=\"fg-item-inner\"><a href=\"https:\/\/www.jvmmetal.cz\/wp-content\/uploads\/2020\/02\/08cf2226-vazici-pasovy-dopravnik.jpg\" data-attachment-id=\"13646\" data-type=\"image\" class=\"fg-thumb\"><span class=\"fg-image-wrap\"><img decoding=\"async\" width=\"180\" height=\"140\" class=\"skip-lazy fg-image\" data-src-fg=\"https:\/\/www.jvmmetal.cz\/wp-content\/uploads\/cache\/2020\/02\/08cf2226-vazici-pasovy-dopravnik\/2588215628.jpg\" src=\"data:image\/svg+xml,%3Csvg%20xmlns%3D%22http%3A%2F%2Fwww.w3.org%2F2000%2Fsvg%22%20width%3D%22180%22%20height%3D%22140%22%20viewBox%3D%220%200%20180%20140%22%3E%3C%2Fsvg%3E\" loading=\"eager\"><\/span><span class=\"fg-image-overlay\"><\/span><\/a><\/figure><div class=\"fg-loader\"><\/div><\/div><div class=\"fg-item fg-type-image fg-idle\"><figure class=\"fg-item-inner\"><a href=\"https:\/\/www.jvmmetal.cz\/wp-content\/uploads\/2020\/02\/d6190b18-dopravniky-vazici.jpg\" data-attachment-id=\"13648\" data-type=\"image\" class=\"fg-thumb\"><span class=\"fg-image-wrap\"><img decoding=\"async\" width=\"180\" height=\"140\" class=\"skip-lazy fg-image\" data-src-fg=\"https:\/\/www.jvmmetal.cz\/wp-content\/uploads\/cache\/2020\/02\/d6190b18-dopravniky-vazici\/4128058835.jpg\" src=\"data:image\/svg+xml,%3Csvg%20xmlns%3D%22http%3A%2F%2Fwww.w3.org%2F2000%2Fsvg%22%20width%3D%22180%22%20height%3D%22140%22%20viewBox%3D%220%200%20180%20140%22%3E%3C%2Fsvg%3E\" loading=\"eager\"><\/span><span class=\"fg-image-overlay\"><\/span><\/a><\/figure><div class=\"fg-loader\"><\/div><\/div><div class=\"fg-item fg-type-image fg-idle\"><figure class=\"fg-item-inner\"><a href=\"https:\/\/www.jvmmetal.cz\/wp-content\/uploads\/2020\/02\/b5c87a28-vaha.jpg\" data-attachment-id=\"12302\" data-type=\"image\" class=\"fg-thumb\"><span class=\"fg-image-wrap\"><img decoding=\"async\" width=\"180\" height=\"140\" class=\"skip-lazy fg-image\" data-src-fg=\"https:\/\/www.jvmmetal.cz\/wp-content\/uploads\/cache\/2020\/02\/b5c87a28-vaha\/1627184065.jpg\" src=\"data:image\/svg+xml,%3Csvg%20xmlns%3D%22http%3A%2F%2Fwww.w3.org%2F2000%2Fsvg%22%20width%3D%22180%22%20height%3D%22140%22%20viewBox%3D%220%200%20180%20140%22%3E%3C%2Fsvg%3E\" loading=\"eager\"><\/span><span class=\"fg-image-overlay\"><\/span><\/a><\/figure><div class=\"fg-loader\"><\/div><\/div><\/div>\n[\/vc_column_text][vc_raw_html css=&#8221;&#8221;]JTVCc2MlMjBuYW1lJTNEJTIya29udGFrdG5pLWZvcm0tYWNjb3JkZW9uLWRlJTIyJTVEJTVCJTJGc2MlNUQ=[\/vc_raw_html][\/vc_column][vc_column width=&#8221;1\/3&#8243;][vc_widget_sidebar sidebar_id=&#8221;blog-sidebar&#8221;][\/vc_column][\/vc_row]<\/p>\n<\/div>","protected":false},"excerpt":{"rendered":"<p>Dopravn\u00edkov\u00fd syst\u00e9m pro v\u00e1\u017een\u00ed sypk\u00fdch materi\u00e1l\u016f do bigbag\u016f.<br \/>\nSyst\u00e9m tvo\u0159\u00ed dv\u011b v\u00e1hy, z d\u016fvodu toho aby nedo\u0161lo p\u0159i v\u00fdm\u011bn\u011b bigbagu k zastaven\u00ed linky.<br \/>\nNa display digit\u00e1ln\u00ed v\u00e1hy se nastav\u00ed po\u017eadovan\u00e9 mno\u017estv\u00ed, kter\u00e9 se m\u00e1 nav\u00e1\u017eit.<\/p>\n","protected":false},"author":1,"featured_media":12308,"parent":0,"menu_order":0,"comment_status":"closed","ping_status":"closed","template":"","meta":{"footnotes":""},"categories":[154],"tags":[],"class_list":["post-12866","page","type-page","status-publish","has-post-thumbnail","hentry","category-unkategorisiert"],"_links":{"self":[{"href":"https:\/\/www.jvmmetal.cz\/de\/wp-json\/wp\/v2\/pages\/12866","targetHints":{"allow":["GET"]}}],"collection":[{"href":"https:\/\/www.jvmmetal.cz\/de\/wp-json\/wp\/v2\/pages"}],"about":[{"href":"https:\/\/www.jvmmetal.cz\/de\/wp-json\/wp\/v2\/types\/page"}],"author":[{"embeddable":true,"href":"https:\/\/www.jvmmetal.cz\/de\/wp-json\/wp\/v2\/users\/1"}],"replies":[{"embeddable":true,"href":"https:\/\/www.jvmmetal.cz\/de\/wp-json\/wp\/v2\/comments?post=12866"}],"version-history":[{"count":3,"href":"https:\/\/www.jvmmetal.cz\/de\/wp-json\/wp\/v2\/pages\/12866\/revisions"}],"predecessor-version":[{"id":12869,"href":"https:\/\/www.jvmmetal.cz\/de\/wp-json\/wp\/v2\/pages\/12866\/revisions\/12869"}],"wp:featuredmedia":[{"embeddable":true,"href":"https:\/\/www.jvmmetal.cz\/de\/wp-json\/wp\/v2\/media\/12308"}],"wp:attachment":[{"href":"https:\/\/www.jvmmetal.cz\/de\/wp-json\/wp\/v2\/media?parent=12866"}],"wp:term":[{"taxonomy":"category","embeddable":true,"href":"https:\/\/www.jvmmetal.cz\/de\/wp-json\/wp\/v2\/categories?post=12866"},{"taxonomy":"post_tag","embeddable":true,"href":"https:\/\/www.jvmmetal.cz\/de\/wp-json\/wp\/v2\/tags?post=12866"}],"curies":[{"name":"wp","href":"https:\/\/api.w.org\/{rel}","templated":true}]}}