{"id":10067,"date":"2018-09-12T11:01:38","date_gmt":"2018-09-12T11:01:38","guid":{"rendered":"https:\/\/www.jvmmetal.cz\/?p=10067"},"modified":"2026-03-18T08:35:35","modified_gmt":"2026-03-18T08:35:35","slug":"pasovy-dopravnik-profi-sk","status":"publish","type":"page","link":"https:\/\/www.jvmmetal.cz\/sk\/pasovy-dopravnik-profi-sk\/","title":{"rendered":"P\u00e1sov\u00fd dopravn\u00edk PROFI"},"content":{"rendered":"<div class=\"wpb-content-wrapper\"><p>[vc_row][vc_column width=&#8221;2\/3&#8243;][vc_custom_heading source=&#8221;post_title&#8221; font_container=&#8221;tag:h1|text_align:left&#8221; use_theme_fonts=&#8221;yes&#8221; css=&#8221;&#8221;][vc_column_text]P\u00e1sov\u00fd dopravn\u00edk, ktor\u00fd n\u00e1jde uplatnenie na ka\u017edej stavbe alebo vo va\u0161ej v\u00fdrobnej linke.<br \/>\nAk ste stavebn\u00e1 firma alebo si staviate svoj dom a potrebujete jednoducho a r\u00fdchlo prepravova\u0165 materi\u00e1l, n\u00e1\u0161 stavebn\u00fd dopravn\u00edk je ide\u00e1lne rie\u0161enie.<\/p>\n<p>\u010eal\u0161ou mo\u017enos\u0165ou je za\u010dlenenie dopravn\u00edka do v\u00fdrobnej technol\u00f3gie, kde v\u00e1m kon\u0161trukciu stroja prisp\u00f4sob\u00edme tak, aby vyhovovala va\u0161ej technol\u00f3gii.<\/p>\n<p>Pod p\u00e1som s\u00fa umiestnen\u00e9 vo\u013enobe\u017en\u00e9 val\u010deky v tvare V. T\u00fdm sa docieli to, \u017ee dopravn\u00edkov\u00fd p\u00e1s vytvor\u00ed kor\u00fdtko a materi\u00e1l je un\u00e1\u0161an\u00fd stredom p\u00e1su.<\/p>\n<p><strong>P\u00e1sov\u00fd dopravn\u00edk Profi<\/strong> je vyroben\u00fd z oce\u013eovej kon\u0161trukcie tak, aby odolal prostrediu stavby alebo v\u00fdrobnej technol\u00f3gii. Z\u00e1rove\u0148 je kon\u0161trukcia \u010do najviac od\u013eah\u010den\u00e1 na \u013eahk\u00fa manipul\u00e1ciu.<\/p>\n<style type=\"text\/css\">\n#foogallery-gallery-10598 .fg-image { width: 240px; }\n#foogallery-gallery-10598 { --fg-gutter: 5px; }<\/style>\n\t\t\t<div class=\"foogallery foogallery-container foogallery-default foogallery-lightbox-foobox fg-left fg-default fg-ready fg-light fg-loading-default fg-loaded-fade-in fg-caption-hover fg-hover-fade fg-hover-zoom\" id=\"foogallery-gallery-10598\" data-foogallery=\"{&quot;item&quot;:{&quot;showCaptionTitle&quot;:true,&quot;showCaptionDescription&quot;:true},&quot;lazy&quot;:true}\" style=\"--fg-title-line-clamp: 0; --fg-description-line-clamp: 0;\" >\n\t<div class=\"fg-item fg-type-image fg-idle\"><figure class=\"fg-item-inner\"><a href=\"https:\/\/www.jvmmetal.cz\/wp-content\/uploads\/2021\/08\/20210610-183748.jpg\" data-attachment-id=\"10591\" data-type=\"image\" class=\"fg-thumb\"><span class=\"fg-image-wrap\"><img decoding=\"async\" width=\"240\" height=\"150\" class=\"skip-lazy fg-image\" data-src-fg=\"https:\/\/www.jvmmetal.cz\/wp-content\/uploads\/cache\/2021\/08\/20210610-183748\/1552653299.jpg\" src=\"data:image\/svg+xml,%3Csvg%20xmlns%3D%22http%3A%2F%2Fwww.w3.org%2F2000%2Fsvg%22%20width%3D%22240%22%20height%3D%22150%22%20viewBox%3D%220%200%20240%20150%22%3E%3C%2Fsvg%3E\" loading=\"eager\"><\/span><span class=\"fg-image-overlay\"><\/span><\/a><\/figure><div class=\"fg-loader\"><\/div><\/div><div class=\"fg-item fg-type-image fg-idle\"><figure class=\"fg-item-inner\"><a href=\"https:\/\/www.jvmmetal.cz\/wp-content\/uploads\/2021\/08\/20210624-145819.jpg\" data-attachment-id=\"10589\" data-type=\"image\" class=\"fg-thumb\"><span class=\"fg-image-wrap\"><img decoding=\"async\" width=\"240\" height=\"150\" class=\"skip-lazy fg-image\" data-src-fg=\"https:\/\/www.jvmmetal.cz\/wp-content\/uploads\/cache\/2021\/08\/20210624-145819\/2778488715.jpg\" src=\"data:image\/svg+xml,%3Csvg%20xmlns%3D%22http%3A%2F%2Fwww.w3.org%2F2000%2Fsvg%22%20width%3D%22240%22%20height%3D%22150%22%20viewBox%3D%220%200%20240%20150%22%3E%3C%2Fsvg%3E\" loading=\"eager\"><\/span><span class=\"fg-image-overlay\"><\/span><\/a><\/figure><div class=\"fg-loader\"><\/div><\/div><div class=\"fg-item fg-type-image fg-idle\"><figure class=\"fg-item-inner\"><a href=\"https:\/\/www.jvmmetal.cz\/wp-content\/uploads\/2021\/08\/stojan-1.jpg\" data-attachment-id=\"10587\" data-type=\"image\" class=\"fg-thumb\"><span class=\"fg-image-wrap\"><img decoding=\"async\" width=\"240\" height=\"150\" class=\"skip-lazy fg-image\" data-src-fg=\"https:\/\/www.jvmmetal.cz\/wp-content\/uploads\/cache\/2021\/08\/stojan-1\/3123590308.jpg\" src=\"data:image\/svg+xml,%3Csvg%20xmlns%3D%22http%3A%2F%2Fwww.w3.org%2F2000%2Fsvg%22%20width%3D%22240%22%20height%3D%22150%22%20viewBox%3D%220%200%20240%20150%22%3E%3C%2Fsvg%3E\" loading=\"eager\"><\/span><span class=\"fg-image-overlay\"><\/span><\/a><\/figure><div class=\"fg-loader\"><\/div><\/div><\/div>\n\n<p>[\/vc_column_text][vc_empty_space css=&#8221;.vc_custom_1581584713012{margin: 0px !important;padding: 0px !important;}&#8221;][vc_raw_html css=&#8221;&#8221;]JTNDZGl2JTIwY2xhc3MlM0QlMjJ2aWRlb1dyYXBwZXIlMjIlM0UlMEElMjAlMjAlMjAlMjAlM0MlMjEtLSUyMENvcHklMjAlMjYlMjBQYXN0ZWQlMjBmcm9tJTIwWW91VHViZSUyMC0tJTNFJTBBJTNDaWZyYW1lJTIwd2lkdGglM0QlMjI1NjAlMjIlMjBoZWlnaHQlM0QlMjIzMTUlMjIlMjBzcmMlM0QlMjJodHRwcyUzQSUyRiUyRnd3dy55b3V0dWJlLmNvbSUyRmVtYmVkJTJGcDZDaDdHRFdUcGMlMjIlMjBmcmFtZWJvcmRlciUzRCUyMjAlMjIlMjBhbGxvdyUzRCUyMmFjY2VsZXJvbWV0ZXIlM0IlMjBhdXRvcGxheSUzQiUyMGVuY3J5cHRlZC1tZWRpYSUzQiUyMGd5cm9zY29wZSUzQiUyMHBpY3R1cmUtaW4tcGljdHVyZSUyMiUyMGFsbG93ZnVsbHNjcmVlbiUzRSUzQyUyRmlmcmFtZSUzRSUwQSUzQyUyRmRpdiUzRQ==[\/vc_raw_html][vc_empty_space css=&#8221;.vc_custom_1581584713012{margin: 0px !important;padding: 0px !important;}&#8221;][vc_column_text]\u0160tandardn\u00e9 d\u013a\u017eky dopravn\u00edka: 3\/ 4\/ 5\/ 6\/ 7 \/8 metrov<br \/>\nNa individu\u00e1lne aplik\u00e1cie pon\u00fakame dopravn\u00edky dlh\u00e9 a\u017e 50 metrov<\/p>\n<p>Univerz\u00e1lny p\u00e1sov\u00fd dopravn\u00edk PROFI v \u0161tandardn\u00fdch d\u013a\u017ekach n\u00e1jdete v na\u0161om<strong><a href=\"https:\/\/www.jvmmetalshop.cz\" target=\"_blank\" rel=\"noopener\"> E-SHOPE<\/a> skladom<\/strong>[\/vc_column_text]<a href=\"https:\/\/www.jvmmetal.sk\/produkt\/dopravnik-profi\/\" target=\"_blank\" title=\"\" data-id=\"mpc_button-2369e431d4daee3\" class=\"mpc-button mpc-init mpc-transition mpc-typography--preset_2 objednat-button\" rel=\"noopener\"><div class=\"mpc-button__content mpc-effect-type--none mpc-effect-side--none\"><span class=\"mpc-button__title mpc-transition\">Objednat v E-shopu<\/span><\/div><div class=\"mpc-button__background mpc-transition mpc-effect-type--fade mpc-effect-side--in\"><\/div><\/a>[vc_empty_space height=&#8221;22px&#8221; css=&#8221;.vc_custom_1628770353612{margin-top: 0px !important;margin-right: 0px !important;margin-bottom: 0px !important;margin-left: 0px !important;padding-top: 0px !important;padding-right: 0px !important;padding-bottom: 0px !important;padding-left: 0px !important;}&#8221;][vc_column_text css=&#8221;&#8221;]\u0160tandardn\u00e9 \u0161\u00edrky dopravn\u00edkov\u00e9ho p\u00e1su: 400 \/ 600 \/ 800 \/ 1000 mm<\/p>\n<h4><u>Pohon p\u00e1sov\u00e9ho dopravn\u00edka<\/u><\/h4>\n<p>Pohon p\u00e1sov\u00e9ho dopravn\u00edka zais\u0165uje elektromotor sa z\u00e1vitovkovou prevodovkou s dostato\u010dn\u00fdm v\u00fdkonom, aby zvl\u00e1dol aj ve\u013ek\u00e9 za\u0165a\u017eenie. Nap\u00e1janie dopravn\u00edka je 400 V 16 A ovl\u00e1dan\u00e9 elektrorozv\u00e1dza\u010dom s pr\u00edslu\u0161n\u00fdm isten\u00edm.<\/p>\n<style type=\"text\/css\">\n#foogallery-gallery-10824 .fg-image { width: 220px; }\n#foogallery-gallery-10824 { --fg-gutter: 5px; }<\/style>\n\t\t\t<div class=\"foogallery foogallery-container foogallery-default foogallery-lightbox-foobox fg-left fg-default fg-ready fg-light fg-loading-default fg-loaded-fade-in fg-caption-hover fg-hover-fade fg-hover-zoom\" id=\"foogallery-gallery-10824\" data-foogallery=\"{&quot;item&quot;:{&quot;showCaptionTitle&quot;:true,&quot;showCaptionDescription&quot;:true},&quot;lazy&quot;:true}\" style=\"--fg-title-line-clamp: 0; --fg-description-line-clamp: 0;\" >\n\t<div class=\"fg-item fg-type-image fg-idle\"><figure class=\"fg-item-inner\"><a href=\"https:\/\/www.jvmmetal.cz\/wp-content\/uploads\/2018\/09\/Dopravnik-s-gumovym-pasem.jpg\" data-caption-title=\"Dopravn\u00edk s gumov\u00fdm p\u00e1sem\" data-attachment-id=\"9556\" data-type=\"image\" class=\"fg-thumb\"><span class=\"fg-image-wrap\"><img decoding=\"async\" title=\"Dopravn\u00edk s gumov\u00fdm p\u00e1sem\" width=\"220\" height=\"150\" class=\"skip-lazy fg-image\" data-src-fg=\"https:\/\/www.jvmmetal.cz\/wp-content\/uploads\/cache\/2018\/09\/Dopravnik-s-gumovym-pasem\/3070056029.jpg\" src=\"data:image\/svg+xml,%3Csvg%20xmlns%3D%22http%3A%2F%2Fwww.w3.org%2F2000%2Fsvg%22%20width%3D%22220%22%20height%3D%22150%22%20viewBox%3D%220%200%20220%20150%22%3E%3C%2Fsvg%3E\" loading=\"eager\"><\/span><span class=\"fg-image-overlay\"><\/span><\/a><figcaption class=\"fg-caption\"><div class=\"fg-caption-inner\"><div class=\"fg-caption-title\">Dopravn\u00edk s gumov\u00fdm p\u00e1sem<\/div><\/div><\/figcaption><\/figure><div class=\"fg-loader\"><\/div><\/div><div class=\"fg-item fg-type-image fg-idle\"><figure class=\"fg-item-inner\"><a href=\"https:\/\/www.jvmmetal.cz\/wp-content\/uploads\/2018\/09\/pasove-dopravniky.jpg\" data-caption-title=\"P\u00e1sov\u00fd dopravn\u00edk - detail\" data-attachment-id=\"9557\" data-type=\"image\" class=\"fg-thumb\"><span class=\"fg-image-wrap\"><img decoding=\"async\" title=\"P\u00e1sov\u00fd dopravn\u00edk - detail\" width=\"220\" height=\"150\" class=\"skip-lazy fg-image\" data-src-fg=\"https:\/\/www.jvmmetal.cz\/wp-content\/uploads\/cache\/2018\/09\/pasove-dopravniky\/2331072849.jpg\" src=\"data:image\/svg+xml,%3Csvg%20xmlns%3D%22http%3A%2F%2Fwww.w3.org%2F2000%2Fsvg%22%20width%3D%22220%22%20height%3D%22150%22%20viewBox%3D%220%200%20220%20150%22%3E%3C%2Fsvg%3E\" loading=\"eager\"><\/span><span class=\"fg-image-overlay\"><\/span><\/a><figcaption class=\"fg-caption\"><div class=\"fg-caption-inner\"><div class=\"fg-caption-title\">P\u00e1sov\u00fd dopravn\u00edk - detail<\/div><\/div><\/figcaption><\/figure><div class=\"fg-loader\"><\/div><\/div><\/div>\n\n<h4><u>N\u00e1sypka p\u00e1sov\u00e9ho dopravn\u00edka<\/u><\/h4>\n<ul>\n<li>Dopravn\u00edk sa na za\u010diatku vybav\u00ed roz\u0161\u00edrenou n\u00e1sypkou na jednoduch\u00e9 plnenie.<\/li>\n<\/ul>\n<p>Na v\u00fdber s\u00fa tri mo\u017enosti n\u00e1sypiek:<\/p>\n<ul>\n<li>\u0160tandardn\u00e1 mal\u00e1 n\u00e1sypka (na ru\u010dn\u00e9 plnenie)<\/li>\n<li>\u0160tandardn\u00e1 ve\u013ek\u00e1 n\u00e1sypka (na plnenie bagrom alebo naklada\u010dom)<\/li>\n<li>N\u00e1sypka SPECIAL (vytvoren\u00e1 pod\u013ea va\u0161ej konkr\u00e9tnej aplik\u00e1cie na mieru)<\/li>\n<\/ul>\n<h4><u>P\u00e1s dopravn\u00edka<\/u><\/h4>\n<p><u><\/u>P\u00e1s dopravn\u00edka tvor\u00ed \u010dierna guma, ktor\u00e1 je odoln\u00e1 vo\u010di kame\u0148om, tehl\u00e1m, piesku a \u010fal\u0161iemu \u0165a\u017ek\u00e9mu materi\u00e1lu.<\/p>\n<p>Pokia\u013e bude dopravn\u00edk pou\u017e\u00edvan\u00fd vodorovne alebo do sklonu 15 stup\u0148ov, vybavuje sa hladk\u00fdm p\u00e1som.<br \/>\nPri st\u00fapan\u00ed do 30 stup\u0148ov sa p\u00e1s vybavuje 16 mm chevron un\u00e1\u0161a\u010dmi.<br \/>\nPri extr\u00e9mnom st\u00fapan\u00ed sa pou\u017e\u00edvaj\u00fa vy\u0161\u0161ie un\u00e1\u0161a\u010de a\u017e 80 mm<\/p>\n<p><u><a href=\"https:\/\/www.jvmmetal.cz\/wp-content\/uploads\/2018\/09\/gumov\u00fd-p\u00e1s-chevron.jpg\"><img loading=\"lazy\" decoding=\"async\" class=\"foobox alignnone wp-image-9558 size-thumbnail\" src=\"https:\/\/www.jvmmetal.cz\/wp-content\/uploads\/2018\/09\/gumov\u00fd-p\u00e1s-chevron-200x150.jpg\" alt=\"\" width=\"200\" height=\"150\" srcset=\"https:\/\/www.jvmmetal.cz\/wp-content\/uploads\/2018\/09\/gumov\u00fd-p\u00e1s-chevron-200x150.jpg 200w, https:\/\/www.jvmmetal.cz\/wp-content\/uploads\/2018\/09\/gumov\u00fd-p\u00e1s-chevron-400x300.jpg 400w, https:\/\/www.jvmmetal.cz\/wp-content\/uploads\/2018\/09\/gumov\u00fd-p\u00e1s-chevron-600x450.jpg 600w, https:\/\/www.jvmmetal.cz\/wp-content\/uploads\/2018\/09\/gumov\u00fd-p\u00e1s-chevron.jpg 650w\" sizes=\"auto, (max-width: 200px) 100vw, 200px\" \/><\/a><\/u><\/p>\n<h4><u>Stojany dopravn\u00edka<\/u><\/h4>\n<p>V z\u00e1kladnom vyhotoven\u00ed dopravn\u00edka pon\u00fakame tieto tri typy stojanov:<\/p>\n<ul>\n<li>Vodorovn\u00e9 stojany 500 mm<\/li>\n<li>\u0160ikm\u00e9 stojany STANDARD (sklon a v\u00fdsypn\u00e1 v\u00fd\u0161ka pod\u013ea d\u013a\u017eky dopravn\u00edka)<\/li>\n<li>Stojany SPECIAL (vyroben\u00e9 na mieru)<\/li>\n<\/ul>\n<h4><u>Elektroin\u0161tal\u00e1cia dopravn\u00edka<\/u><\/h4>\n<p>Ovl\u00e1danie dopravn\u00edka pomocou elektrorozv\u00e1dza\u010da<br \/>\nOvl\u00e1dacie prvky \u2013 \u0160tart, stop, central stop<br \/>\nVyhotovenie 230 alebo 400 V 16 A<\/p>\n<ul>\n<li>V pr\u00edpade potreby je mo\u017en\u00e9 dopravn\u00edk vybavi\u0165 bezpe\u010dnostn\u00fdm n\u00fadzov\u00fd lankov\u00fdm vyp\u00edna\u010dom umiestnen\u00fdm po celej d\u013a\u017eke dopravn\u00edka<\/li>\n<li>Variant s frekven\u010dn\u00fdm meni\u010dom na plynul\u00fa regul\u00e1ciu ot\u00e1\u010dok<\/li>\n<\/ul>\n<p>[\/vc_column_text][vc_empty_space css=&#8221;.vc_custom_1581924848346{margin: 0px !important;padding: 0px !important;}&#8221;][vc_raw_html]JTNDZGl2JTIwY2xhc3MlM0QlMjJ2aWRlb1dyYXBwZXIlMjIlM0UlMEElMjAlMjAlMjAlMjAlM0MlMjEtLSUyMENvcHklMjAlMjYlMjBQYXN0ZWQlMjBmcm9tJTIwWW91VHViZSUyMC0tJTNFJTBBJTNDaWZyYW1lJTIwd2lkdGglM0QlMjI1NjAlMjIlMjBoZWlnaHQlM0QlMjIzMTUlMjIlMjBzcmMlM0QlMjJodHRwcyUzQSUyRiUyRnd3dy55b3V0dWJlLmNvbSUyRmVtYmVkJTJGeHJfODgzSk53ZFklMjIlMjBmcmFtZWJvcmRlciUzRCUyMjAlMjIlMjBhbGxvdyUzRCUyMmFjY2VsZXJvbWV0ZXIlM0IlMjBhdXRvcGxheSUzQiUyMGVuY3J5cHRlZC1tZWRpYSUzQiUyMGd5cm9zY29wZSUzQiUyMHBpY3R1cmUtaW4tcGljdHVyZSUyMiUyMGFsbG93ZnVsbHNjcmVlbiUzRSUzQyUyRmlmcmFtZSUzRSUwQSUzQyUyRmRpdiUzRQ==[\/vc_raw_html][vc_empty_space css=&#8221;.vc_custom_1581924848346{margin: 0px !important;padding: 0px !important;}&#8221;][vc_column_text]N\u00e1hradn\u00e9 diely na p\u00e1sov\u00fd dopravn\u00edk, ako s\u00fa p\u00e1sy a val\u010deky, n\u00e1jdete v sekcii s dopravn\u00edkov\u00fdmi komponentmi <a href=\"https:\/\/www.jvmmetal.cz\/sk\/dopravnikove-komponenty\/\">TU<\/a>[\/vc_column_text][\/vc_column][vc_column width=&#8221;1\/3&#8243;][vc_widget_sidebar sidebar_id=&#8221;blog-sidebar&#8221;][\/vc_column][\/vc_row][vc_row][vc_column][vc_column_text]<\/p>\n<p>[\/vc_column_text][\/vc_column][\/vc_row]<\/p>\n<\/div>","protected":false},"excerpt":{"rendered":"<p>[vc_row][vc_column width=&#8221;2\/3&#8243;][vc_custom_heading source=&#8221;post_title&#8221; font_container=&#8221;tag:h1|text_align:left&#8221; use_theme_fonts=&#8221;yes&#8221; css=&#8221;&#8221;][vc_column_text]P\u00e1sov\u00fd dopravn\u00edk, ktor\u00fd n\u00e1jde uplatnenie na ka\u017edej stavbe alebo vo va\u0161ej v\u00fdrobnej linke. Ak ste stavebn\u00e1 firma alebo si staviate svoj dom<\/p>\n","protected":false},"author":4,"featured_media":9554,"parent":0,"menu_order":0,"comment_status":"closed","ping_status":"open","template":"","meta":{"footnotes":""},"categories":[161,130],"tags":[],"class_list":["post-10067","page","type-page","status-publish","has-post-thumbnail","hentry","category-sluzby","category-sluzby-sk"],"_links":{"self":[{"href":"https:\/\/www.jvmmetal.cz\/sk\/wp-json\/wp\/v2\/pages\/10067","targetHints":{"allow":["GET"]}}],"collection":[{"href":"https:\/\/www.jvmmetal.cz\/sk\/wp-json\/wp\/v2\/pages"}],"about":[{"href":"https:\/\/www.jvmmetal.cz\/sk\/wp-json\/wp\/v2\/types\/page"}],"author":[{"embeddable":true,"href":"https:\/\/www.jvmmetal.cz\/sk\/wp-json\/wp\/v2\/users\/4"}],"replies":[{"embeddable":true,"href":"https:\/\/www.jvmmetal.cz\/sk\/wp-json\/wp\/v2\/comments?post=10067"}],"version-history":[{"count":10,"href":"https:\/\/www.jvmmetal.cz\/sk\/wp-json\/wp\/v2\/pages\/10067\/revisions"}],"predecessor-version":[{"id":13949,"href":"https:\/\/www.jvmmetal.cz\/sk\/wp-json\/wp\/v2\/pages\/10067\/revisions\/13949"}],"wp:featuredmedia":[{"embeddable":true,"href":"https:\/\/www.jvmmetal.cz\/sk\/wp-json\/wp\/v2\/media\/9554"}],"wp:attachment":[{"href":"https:\/\/www.jvmmetal.cz\/sk\/wp-json\/wp\/v2\/media?parent=10067"}],"wp:term":[{"taxonomy":"category","embeddable":true,"href":"https:\/\/www.jvmmetal.cz\/sk\/wp-json\/wp\/v2\/categories?post=10067"},{"taxonomy":"post_tag","embeddable":true,"href":"https:\/\/www.jvmmetal.cz\/sk\/wp-json\/wp\/v2\/tags?post=10067"}],"curies":[{"name":"wp","href":"https:\/\/api.w.org\/{rel}","templated":true}]}}