{"id":11994,"date":"2025-11-24T11:47:04","date_gmt":"2025-11-24T11:47:04","guid":{"rendered":"https:\/\/www.jvmmetal.cz\/balici-linky\/"},"modified":"2026-03-18T13:36:26","modified_gmt":"2026-03-18T13:36:26","slug":"baliace-linky-na-mieru","status":"publish","type":"page","link":"https:\/\/www.jvmmetal.cz\/sk\/baliace-linky-na-mieru\/","title":{"rendered":"Baliace linky na mieru"},"content":{"rendered":"<div class=\"wpb-content-wrapper\"><p>[vc_row][vc_column width=&#8221;2\/3&#8243;][vc_custom_heading source=&#8221;post_title&#8221; font_container=&#8221;tag:h1|text_align:left&#8221; use_theme_fonts=&#8221;yes&#8221; css=&#8221;&#8221;][vc_column_text css=&#8221;&#8221;]<\/p>\n<p data-path-to-node=\"4\">H\u013ead\u00e1te efekt\u00edvne a spo\u013eahliv\u00e9 rie\u0161enie pre finaliz\u00e1ciu a balenie produktov vo va\u0161ej spolo\u010dnosti? Na\u0161e <b data-path-to-node=\"3\" data-index-in-node=\"103\">baliace linky na mieru<\/b> predstavuj\u00fa \u0161pi\u010dku v oblasti <b data-path-to-node=\"3\" data-index-in-node=\"155\">automatiz\u00e1cie <\/b>\u00a0a <b data-path-to-node=\"3\" data-index-in-node=\"178\">robotiz\u00e1cie v\u00fdroby<\/b>. Pon\u00fakame <b data-path-to-node=\"3\" data-index-in-node=\"207\">automatizovan\u00e9 v\u00fdrobn\u00e9 syst\u00e9my<\/b> navrhnut\u00e9 presne pod\u013ea va\u0161ich potrieb, ktor\u00e9 zabezpe\u010dia optim\u00e1lny v\u00fdkon, kvalitu a n\u00e1vratnos\u0165 invest\u00edcie.<\/p>\n<p data-path-to-node=\"5\">Sme <b data-path-to-node=\"4\" data-index-in-node=\"4\">v\u00fdrobcom baliacich liniek<\/b> a <b data-path-to-node=\"4\" data-index-in-node=\"32\">v\u00fdroba priemyselnej automatiz\u00e1cie<\/b> je na\u0161ou \u0161pecializ\u00e1ciou. Poskytujeme najefekt\u00edvnej\u0161ie rie\u0161enia pre koncov\u00e9 balenie. Na\u0161i odborn\u00edci v\u00e1m navrhn\u00fa stroj, ktor\u00fd presne zodpoved\u00e1 va\u0161im po\u017eiadavk\u00e1m, \u010di u\u017e potrebujete poloautomatick\u00fa linku alebo plne <b data-path-to-node=\"4\" data-index-in-node=\"277\">automatick\u00e9 baliace stroje<\/b> pre <b data-path-to-node=\"4\" data-index-in-node=\"308\">automatiz\u00e1ciu v\u00fdrobnej linky<\/b>.<\/p>\n<p>[\/vc_column_text][vc_empty_space css=&#8221;.vc_custom_1582546026775{margin: 0px !important;padding: 0px !important;}&#8221;]<div id=\"mpc_grid_posts_7069e4165b7bbd8\" class=\"mpc-grid-posts mpc-init mpc-init mpc-transition mpc-overlay--fade mpc-item--fade mpc-layout--style_1  \"  data-grid-cols=\"2\"><div class=\"mpc-grid-sizer\"><\/div><div onclick=\"\" class=\"mpc-post\"><div class=\"mpc-post__wrapper\"><div class=\"mpc-post__thumbnail\" data-mpc_src=\"https:\/\/www.jvmmetal.cz\/wp-content\/uploads\/2025\/11\/ovinovaci-linka-upraveno-800x450.jpg\" data-mpc_link=\"https:\/\/www.jvmmetal.cz\/sk\/automaticke-ovinovacie-linky\/\"><div class=\"mpc-post__overlay mpc-transition\"><div class=\"mpc-post--vertical-wrap\"><div class=\"mpc-post--vertical\" data-mpc_link=\"https:\/\/www.jvmmetal.cz\/sk\/automaticke-ovinovacie-linky\/\"><a href=\"https:\/\/www.jvmmetal.cz\/sk\/automaticke-ovinovacie-linky\/\" title=\"\u010c\u00edtaj viac o Automatick\u00e9 ovinovacie linky\" class=\"mpc-icon-anchor\"><i class=\"mpc-post-overlay__icon mpc-type--readmore fa fa-angle-double-up\"><\/i><\/a><div class=\"mpc-post__content mpc-transition\"><h3 class=\"mpc-post__heading mpc-transition mpc-typography--mpc_preset_17 mpc-text-overflow\"><a href=\"https:\/\/www.jvmmetal.cz\/sk\/automaticke-ovinovacie-linky\/\" title=\"Automatick\u00e9 ovinovacie linky\">Automatick\u00e9 ovinovacie linky<\/a><\/h3><\/div><\/div><\/div><\/div><\/div><div class=\"mpc-post__content mpc-transition\"><h3 class=\"mpc-post__heading mpc-transition mpc-typography--mpc_preset_17 mpc-text-overflow\"><a href=\"https:\/\/www.jvmmetal.cz\/sk\/automaticke-ovinovacie-linky\/\" title=\"Automatick\u00e9 ovinovacie linky\">Automatick\u00e9 ovinovacie linky<\/a><\/h3><\/div><\/div><\/div><div onclick=\"\" class=\"mpc-post\"><div class=\"mpc-post__wrapper\"><div class=\"mpc-post__thumbnail\" data-mpc_src=\"https:\/\/www.jvmmetal.cz\/wp-content\/uploads\/2025\/11\/automaticka-paskovaci-linka-777x600.jpg\" data-mpc_link=\"https:\/\/www.jvmmetal.cz\/sk\/automaticke-paskovacie-linky\/\"><div class=\"mpc-post__overlay mpc-transition\"><div class=\"mpc-post--vertical-wrap\"><div class=\"mpc-post--vertical\" data-mpc_link=\"https:\/\/www.jvmmetal.cz\/sk\/automaticke-paskovacie-linky\/\"><a href=\"https:\/\/www.jvmmetal.cz\/sk\/automaticke-paskovacie-linky\/\" title=\"\u010c\u00edtaj viac o Automatick\u00e9 p\u00e1skovacie linky\" class=\"mpc-icon-anchor\"><i class=\"mpc-post-overlay__icon mpc-type--readmore fa fa-angle-double-up\"><\/i><\/a><div class=\"mpc-post__content mpc-transition\"><h3 class=\"mpc-post__heading mpc-transition mpc-typography--mpc_preset_17 mpc-text-overflow\"><a href=\"https:\/\/www.jvmmetal.cz\/sk\/automaticke-paskovacie-linky\/\" title=\"Automatick\u00e9 p\u00e1skovacie linky\">Automatick\u00e9 p\u00e1skovacie linky<\/a><\/h3><\/div><\/div><\/div><\/div><\/div><div class=\"mpc-post__content mpc-transition\"><h3 class=\"mpc-post__heading mpc-transition mpc-typography--mpc_preset_17 mpc-text-overflow\"><a href=\"https:\/\/www.jvmmetal.cz\/sk\/automaticke-paskovacie-linky\/\" title=\"Automatick\u00e9 p\u00e1skovacie linky\">Automatick\u00e9 p\u00e1skovacie linky<\/a><\/h3><\/div><\/div><\/div><div onclick=\"\" class=\"mpc-post\"><div class=\"mpc-post__wrapper\"><div class=\"mpc-post__thumbnail\" data-mpc_src=\"https:\/\/www.jvmmetal.cz\/wp-content\/uploads\/2019\/02\/Paletizace-robotick\u00e1-800x400.jpg\" data-mpc_link=\"https:\/\/www.jvmmetal.cz\/sk\/automaticka-paletizacia-depaletizacia\/\"><div class=\"mpc-post__overlay mpc-transition\"><div class=\"mpc-post--vertical-wrap\"><div class=\"mpc-post--vertical\" data-mpc_link=\"https:\/\/www.jvmmetal.cz\/sk\/automaticka-paletizacia-depaletizacia\/\"><a href=\"https:\/\/www.jvmmetal.cz\/sk\/automaticka-paletizacia-depaletizacia\/\" title=\"\u010c\u00edtaj viac o Automatick\u00e1 paletiz\u00e1cia \/ depaletiz\u00e1cia\" class=\"mpc-icon-anchor\"><i class=\"mpc-post-overlay__icon mpc-type--readmore fa fa-angle-double-up\"><\/i><\/a><div class=\"mpc-post__content mpc-transition\"><h3 class=\"mpc-post__heading mpc-transition mpc-typography--mpc_preset_17 mpc-text-overflow\"><a href=\"https:\/\/www.jvmmetal.cz\/sk\/automaticka-paletizacia-depaletizacia\/\" title=\"Automatick\u00e1 paletiz\u00e1cia \/ depaletiz\u00e1cia\">Automatick\u00e1 paletiz\u00e1cia \/ depaletiz\u00e1cia<\/a><\/h3><\/div><\/div><\/div><\/div><\/div><div class=\"mpc-post__content mpc-transition\"><h3 class=\"mpc-post__heading mpc-transition mpc-typography--mpc_preset_17 mpc-text-overflow\"><a href=\"https:\/\/www.jvmmetal.cz\/sk\/automaticka-paletizacia-depaletizacia\/\" title=\"Automatick\u00e1 paletiz\u00e1cia \/ depaletiz\u00e1cia\">Automatick\u00e1 paletiz\u00e1cia \/ depaletiz\u00e1cia<\/a><\/h3><\/div><\/div><\/div><div onclick=\"\" class=\"mpc-post\"><div class=\"mpc-post__wrapper\"><div class=\"mpc-post__thumbnail\" data-mpc_src=\"https:\/\/www.jvmmetal.cz\/wp-content\/uploads\/2020\/03\/5df9f58a-screenshot_48-800x525.png\" data-mpc_link=\"https:\/\/www.jvmmetal.cz\/sk\/valcekove-dopravniky\/\"><div class=\"mpc-post__overlay mpc-transition\"><div class=\"mpc-post--vertical-wrap\"><div class=\"mpc-post--vertical\" data-mpc_link=\"https:\/\/www.jvmmetal.cz\/sk\/valcekove-dopravniky\/\"><a href=\"https:\/\/www.jvmmetal.cz\/sk\/valcekove-dopravniky\/\" title=\"\u010c\u00edtaj viac o Val\u010dekov\u00e9 dopravn\u00edky\" class=\"mpc-icon-anchor\"><i class=\"mpc-post-overlay__icon mpc-type--readmore fa fa-angle-double-up\"><\/i><\/a><div class=\"mpc-post__content mpc-transition\"><h3 class=\"mpc-post__heading mpc-transition mpc-typography--mpc_preset_17 mpc-text-overflow\"><a href=\"https:\/\/www.jvmmetal.cz\/sk\/valcekove-dopravniky\/\" title=\"Val\u010dekov\u00e9 dopravn\u00edky\">Val\u010dekov\u00e9 dopravn\u00edky<\/a><\/h3><\/div><\/div><\/div><\/div><\/div><div class=\"mpc-post__content mpc-transition\"><h3 class=\"mpc-post__heading mpc-transition mpc-typography--mpc_preset_17 mpc-text-overflow\"><a href=\"https:\/\/www.jvmmetal.cz\/sk\/valcekove-dopravniky\/\" title=\"Val\u010dekov\u00e9 dopravn\u00edky\">Val\u010dekov\u00e9 dopravn\u00edky<\/a><\/h3><\/div><\/div><\/div><\/div><script type=\"text\/javascript\">var _mpc_grid_posts_7069e4165b7bbd8_atts = {\"preset\":\"mpc_preset_3\",\"cols\":\"2\",\"gap\":\"15\",\"post_type\":\"ids\",\"ids\":\"11787, 11870, 6676, 7628\",\"items_number\":\"16\",\"thumb_height\":\"200\",\"title_font_preset\":\"mpc_preset_17\",\"title_font_color\":\"#000000\",\"title_font_size\":\"16\",\"title_font_line_height\":\"1.5\",\"title_font_transform\":\"none\",\"title_font_align\":\"center\",\"meta_layout\":\"\",\"meta_font_preset\":\"mpc_preset_1\",\"meta_font_color\":\"#777777\",\"meta_font_size\":\"12\",\"meta_font_line_height\":\"1.5\",\"meta_font_transform\":\"none\",\"meta_font_align\":\"center\",\"meta_link_color\":\"#777777\",\"description_font_preset\":\"mpc_preset_1\",\"background_color\":\"#f97f1b\",\"border_css\":\"border-color:#d1d1d1;border-radius:5px;\",\"padding_divider\":\"true\",\"padding_css\":\"padding-top:10px;padding-bottom:10px;\",\"overlay_color\":\"rgba(242,151,96,0.46)\",\"lightbox_disable\":\"true\",\"lightbox_icon\":\"etl etl-magnifying-glass\",\"lightbox_icon_color\":\"#ffffff\",\"lightbox_icon_size\":\"48\",\"hover_lightbox_color\":\"#f8bf4d\",\"readmore_icon\":\"fa fa-angle-double-up\",\"readmore_icon_color\":\"rgba(255,255,255,0.01)\",\"readmore_icon_size\":\"668\",\"hover_readmore_color\":\"rgba(255,255,255,0.01)\",\"overlay_icons_padding_css\":\"padding:0px;\",\"overlay_icons_margin_css\":\"margin:0px;\",\"mpc_pagination__preset\":\"mpc_preset_5\",\"mpc_button__mpc_tooltip__disable\":\"true\",\"mpc_button__mpc_tooltip__border_divider\":\"true\",\"mpc_button__mpc_tooltip__border_css\":\"border-color:undefined;border-style:undefined;\",\"mpc_button__mpc_tooltip__padding_divider\":\"true\",\"mpc_pagination__mpc_tooltip__border_divider\":\"true\",\"mpc_pagination__mpc_tooltip__border_css\":\"border-color:undefined;border-style:undefined;\",\"mpc_pagination__mpc_tooltip__padding_divider\":\"true\",\"mpc_pagination__mpc_tooltip__padding_unit\":\"\"}, _mpc_grid_posts_7069e4165b7bbd8_query = {\"post_type\":\"ids\",\"taxonomies\":\"\",\"ids\":\"11787, 11870, 6676, 7628\",\"order\":\"ASC\",\"include_exclude_type\":\"include\",\"orderby\":\"date\",\"items_number\":\"16\",\"target\":\"mpc_grid_posts_7069e4165b7bbd8\",\"callback\":\"MPC_Grid_Posts\"};<\/script>[vc_empty_space css=&#8221;.vc_custom_1582546026775{margin: 0px !important;padding: 0px !important;}&#8221;][vc_column_text css=&#8221;.vc_custom_1768572829226{margin-bottom: 0px !important;}&#8221;]<\/p>\n<h3 data-path-to-node=\"2\">V\u00fdhody na\u0161ich baliacich liniek: R\u00fdchlos\u0165, kvalita, servis<\/h3>\n<p data-path-to-node=\"3\"><b data-path-to-node=\"3\" data-index-in-node=\"0\">Z\u00e1kazkov\u00e1 v\u00fdroba priemyselnej automatiz\u00e1cie so sebou prin\u00e1\u0161a rad benefitov, ktor\u00e9 s\u00fa k\u013e\u00fa\u010dov\u00e9 pre automatiz\u00e1ciu v\u00fdrobn\u00fdch procesov a va\u0161u konkurencieschopnos\u0165:<\/b><\/p>\n<ul data-path-to-node=\"4\">\n<li>\n<p data-path-to-node=\"4,0,0\"><b data-path-to-node=\"4,0,0\" data-index-in-node=\"0\">Sme \u010desk\u00fd v\u00fdrobca:<\/b> Zabezpe\u010dujeme vysok\u00fa kvalitu kon\u0161trukcie a r\u00fdchlu dostupnos\u0165 n\u00e1hradn\u00fdch dielov.<\/p>\n<\/li>\n<li>\n<p data-path-to-node=\"4,1,0\"><b data-path-to-node=\"4,1,0\" data-index-in-node=\"0\">Komplexn\u00fd servis:<\/b> Poskytujeme kompletn\u00fd z\u00e1ru\u010dn\u00fd aj poz\u00e1ru\u010dn\u00fd servis. Na\u0161a baliaca linka tak m\u00e1 zabezpe\u010den\u00fa maxim\u00e1lnu spo\u013eahlivos\u0165 a minim\u00e1lne prestoje.<\/p>\n<\/li>\n<li>\n<p data-path-to-node=\"4,2,0\"><b data-path-to-node=\"4,2,0\" data-index-in-node=\"0\">Zv\u00fd\u0161en\u00e1 r\u00fdchlos\u0165 a v\u00fdkon:<\/b> Na\u0161e automatick\u00e9 baliace stroje dramaticky zr\u00fdch\u013euj\u00fa proces balenia, \u010d\u00edm zvy\u0161uj\u00fa celkov\u00fa kapacitu v\u00fdroby.<\/p>\n<\/li>\n<li>\n<p data-path-to-node=\"4,3,0\"><b data-path-to-node=\"4,3,0\" data-index-in-node=\"0\">Optimaliz\u00e1cia n\u00e1kladov:<\/b> Presn\u00e9 d\u00e1vkovanie materi\u00e1lu a zn\u00ed\u017eenie spotreby f\u00f3lie a p\u00e1sky.<\/p>\n<\/li>\n<\/ul>\n<p>[\/vc_column_text][vc_column_text css=&#8221;.vc_custom_1773840980789{margin-bottom: 0px !important;}&#8221;]<\/p>\n<p style=\"text-align: center;\"><iframe style=\"width: 100%; aspect-ratio: 16 \/ 9;\" title=\"YouTube video player\" src=\"https:\/\/www.youtube-nocookie.com\/embed\/FXOcpA_oqMc?si=Y2dJi1XDMlr6zCFm\" frameborder=\"0\" allowfullscreen=\"allowfullscreen\"><\/iframe><\/p>\n<p>[\/vc_column_text][vc_raw_html css=&#8221;&#8221;]W3NjIG5hbWU9ImtvbnRha3RuaS1mb3JtLWFjY29yZGVvbi1zayJdWy9zY10=[\/vc_raw_html][vc_column_text css=&#8221;&#8221;]<\/p>\n<h3><b>Pou\u017eitie v priemysle: Baliace linky pre ka\u017ed\u00e9 odvetvie<\/b><\/h3>\n<p data-path-to-node=\"13\">Na\u0161e baliace linky s\u00fa navrhnut\u00e9 na pr\u00e1cu v n\u00e1ro\u010dnom prostred\u00ed a s\u00fa vhodn\u00e9 pre automatiz\u00e1ciu vo v\u00fdrobe naprie\u010d r\u00f4znymi priemyseln\u00fdmi odvetviami. Sme schopn\u00ed doda\u0165 baliace linky pre \u0161pecifick\u00e9 materi\u00e1ly, ktor\u00e9 zvy\u0161uj\u00fa efektivitu a bezpe\u010dnos\u0165 balenia.<\/p>\n<table style=\"width: 100%;\" data-path-to-node=\"14\">\n<thead>\n<tr>\n<td style=\"width: 28.8256%;\"><strong>Priemyseln\u00e9 odvetvie<\/strong><\/td>\n<td style=\"width: 69.7509%;\"><strong>Konkr\u00e9tne aplik\u00e1cie a materi\u00e1ly<\/strong><\/td>\n<\/tr>\n<\/thead>\n<tbody>\n<tr>\n<td style=\"width: 28.8256%;\"><strong>Stavebn\u00fd priemysel<\/strong><\/td>\n<td style=\"width: 69.7509%;\"><span data-path-to-node=\"14,1,1,0\">Baliaca linka na kame\u0148, tehly, dla\u017edice, sadrokart\u00f3nov\u00e9 dosky.<\/span><\/td>\n<\/tr>\n<tr>\n<td style=\"width: 28.8256%;\"><span data-path-to-node=\"14,2,0,0\"><b>Energetika\u00a0<\/b><\/span><\/td>\n<td style=\"width: 69.7509%;\">Baliaca linka na pelety (dreven\u00e9, slamen\u00e9), baliaca linka na dreven\u00e9 brikety, uhlie.<\/td>\n<\/tr>\n<tr>\n<td style=\"width: 28.8256%;\"><strong>Po\u013enohospod\u00e1rsky priemysel<\/strong><\/td>\n<td style=\"width: 69.7509%;\">Balenie k\u0155mnych zmes\u00ed, substr\u00e1tov, balenie hnoj\u00edv.<\/td>\n<\/tr>\n<tr>\n<td style=\"width: 28.8256%;\"><span data-path-to-node=\"14,4,0,0\"><b>Potravin\u00e1rsky priemysel<\/b><\/span><\/td>\n<td style=\"width: 69.7509%;\">Baliaca linka na n\u00e1plne, balenie potrav\u00edn, PET flia\u0161, vrecovan\u00fd tovar.<\/td>\n<\/tr>\n<tr>\n<td style=\"width: 28.8256%;\"><span data-path-to-node=\"14,5,0,0\"><b>Ostatn\u00e9<\/b><\/span><\/td>\n<td style=\"width: 69.7509%;\">Balenie kart\u00f3nov, chemick\u00fdch produktov, logistick\u00e9 aplik\u00e1cie.<\/td>\n<\/tr>\n<\/tbody>\n<\/table>\n<p data-path-to-node=\"15\">S nami z\u00edskate v\u00fdrobu baliacich strojov a liniek, ktor\u00e9 s\u00fa robustn\u00e9, spo\u013eahliv\u00e9 a pripraven\u00e9 na n\u00e1ro\u010dn\u00fa prev\u00e1dzku.<\/p>\n<p>[\/vc_column_text][vc_column_text css=&#8221;&#8221;]<\/p>\n<p data-path-to-node=\"3\">V r\u00e1mci na\u0161ej ponuky baliacej techniky poskytujeme flexibiln\u00e9 a modul\u00e1rne rie\u0161enia na fin\u00e1lnu \u00fapravu paliet. Na\u0161a baliaca linka m\u00f4\u017ee zah\u0155\u0148a\u0165 tieto k\u013e\u00fa\u010dov\u00e9 varianty:<\/p>\n<ul data-path-to-node=\"4\">\n<li>\n<p data-path-to-node=\"4,0,0\"><b data-path-to-node=\"4,0,0\" data-index-in-node=\"0\">P\u00e1skovacia technika:<\/b> Automatick\u00e9 p\u00e1skovacie linky na dokonal\u00e9 zaistenie tovaru.<\/p>\n<\/li>\n<li>\n<p data-path-to-node=\"4,1,0\"><b data-path-to-node=\"4,1,0\" data-index-in-node=\"0\">Ovinovacia technika:<\/b> Automatick\u00e9 ovinovacie linky na stabiliz\u00e1ciu a ochranu pred vlhkos\u0165ou a prachom.<\/p>\n<\/li>\n<li>\n<p data-path-to-node=\"4,2,0\"><b data-path-to-node=\"4,2,0\" data-index-in-node=\"0\">Volite\u013en\u00e9 moduly:<\/b> Paletiz\u00e1cia, vkladanie rohov, vrchn\u00e9 prekrytie f\u00f3liou.<\/p>\n<\/li>\n<li>\n<p data-path-to-node=\"4,3,0\"><b data-path-to-node=\"4,3,0\" data-index-in-node=\"0\">Miera automatiz\u00e1cie:<\/b> Pon\u00fakame poloautomatick\u00e9 baliace linky aj plne automatizovan\u00e9 v\u00fdrobn\u00e9 syst\u00e9my.<\/p>\n<\/li>\n<\/ul>\n<p data-path-to-node=\"5\"><b data-path-to-node=\"5\" data-index-in-node=\"0\">Chcete posun\u00fa\u0165 automatiz\u00e1ciu v\u00fdroby vo va\u0161om podniku na nov\u00fa \u00farove\u0148? Kontaktujte n\u00e1s! Radi v\u00e1m navrhneme optim\u00e1lne baliace linky na mieru a zabezpe\u010d\u00edme kompletn\u00e9 rie\u0161enie pre va\u0161e koncov\u00e9 balenie.<\/b><\/p>\n<p>[\/vc_column_text][vc_empty_space css=&#8221;.vc_custom_1582546026775{margin: 0px !important;padding: 0px !important;}&#8221;][vc_single_image image=&#8221;11792&#8243; img_size=&#8221;large&#8221; el_class=&#8221;sirsi-img&#8221;][\/vc_column][vc_column width=&#8221;1\/3&#8243;][vc_widget_sidebar sidebar_id=&#8221;blog-sidebar&#8221;][\/vc_column][\/vc_row]<\/p>\n<\/div>","protected":false},"excerpt":{"rendered":"<p>Pokud ve Va\u0161\u00ed firm\u011b \u0159e\u0161\u00edte finalizaci a balen\u00ed produkt\u016f jsme tu pro v\u00e1s. Na\u0161i odborn\u00edci v\u00e1m navrhnou stroj tak, aby p\u0159esn\u011b odpov\u00eddal va\u0161im po\u017eadavk\u016fm, na v\u00fdkon, kvalitu a cenu. Navrhneme v\u00e1m nejefektivn\u011bj\u0161\u00ed \u0159e\u0161en\u00ed.<\/p>\n","protected":false},"author":3,"featured_media":11884,"parent":0,"menu_order":0,"comment_status":"closed","ping_status":"closed","template":"","meta":{"footnotes":""},"categories":[161],"tags":[],"class_list":["post-11994","page","type-page","status-publish","has-post-thumbnail","hentry","category-sluzby"],"_links":{"self":[{"href":"https:\/\/www.jvmmetal.cz\/sk\/wp-json\/wp\/v2\/pages\/11994","targetHints":{"allow":["GET"]}}],"collection":[{"href":"https:\/\/www.jvmmetal.cz\/sk\/wp-json\/wp\/v2\/pages"}],"about":[{"href":"https:\/\/www.jvmmetal.cz\/sk\/wp-json\/wp\/v2\/types\/page"}],"author":[{"embeddable":true,"href":"https:\/\/www.jvmmetal.cz\/sk\/wp-json\/wp\/v2\/users\/3"}],"replies":[{"embeddable":true,"href":"https:\/\/www.jvmmetal.cz\/sk\/wp-json\/wp\/v2\/comments?post=11994"}],"version-history":[{"count":10,"href":"https:\/\/www.jvmmetal.cz\/sk\/wp-json\/wp\/v2\/pages\/11994\/revisions"}],"predecessor-version":[{"id":13961,"href":"https:\/\/www.jvmmetal.cz\/sk\/wp-json\/wp\/v2\/pages\/11994\/revisions\/13961"}],"wp:featuredmedia":[{"embeddable":true,"href":"https:\/\/www.jvmmetal.cz\/sk\/wp-json\/wp\/v2\/media\/11884"}],"wp:attachment":[{"href":"https:\/\/www.jvmmetal.cz\/sk\/wp-json\/wp\/v2\/media?parent=11994"}],"wp:term":[{"taxonomy":"category","embeddable":true,"href":"https:\/\/www.jvmmetal.cz\/sk\/wp-json\/wp\/v2\/categories?post=11994"},{"taxonomy":"post_tag","embeddable":true,"href":"https:\/\/www.jvmmetal.cz\/sk\/wp-json\/wp\/v2\/tags?post=11994"}],"curies":[{"name":"wp","href":"https:\/\/api.w.org\/{rel}","templated":true}]}}