{"id":12000,"date":"2018-11-27T07:20:04","date_gmt":"2018-11-27T07:20:04","guid":{"rendered":"https:\/\/www.jvmmetal.cz\/automaticke-ovinovaci-linky\/"},"modified":"2026-01-23T11:34:45","modified_gmt":"2026-01-23T11:34:45","slug":"automaticke-ovinovacie-linky","status":"publish","type":"page","link":"https:\/\/www.jvmmetal.cz\/sk\/automaticke-ovinovacie-linky\/","title":{"rendered":"Automatick\u00e9 ovinovacie linky"},"content":{"rendered":"<div class=\"wpb-content-wrapper\"><p>[vc_row css=&#8221;.vc_custom_1764148178406{padding-right: 0px !important;padding-left: 0px !important;}&#8221;][vc_column width=&#8221;2\/3&#8243; css=&#8221;.vc_custom_1764148220396{padding-right: 0px !important;padding-left: 0px !important;}&#8221;][vc_custom_heading source=&#8221;post_title&#8221; font_container=&#8221;tag:h1|text_align:left&#8221; use_theme_fonts=&#8221;yes&#8221; css=&#8221;&#8221;][vc_column_text css=&#8221;&#8221;]<\/p>\n<p data-path-to-node=\"1\">Na\u0161e <strong>automatick\u00e9 ovinovacie linky<\/strong> predstavuj\u00fa k\u013e\u00fa\u010dov\u00fd prvok na konci va\u0161ich <strong>paletiza\u010dn\u00fdch liniek<\/strong>. S\u00fa navrhnut\u00e9 na r\u00fdchle a spo\u013eahliv\u00e9 fin\u00e1lne zabalenie palety stretch f\u00f3liou. Hotov\u00e1 paleta n\u00e1sledne op\u00fa\u0161\u0165a linku, pripraven\u00e1 na bezpe\u010dn\u00fa exped\u00edciu.<\/p>\n<p data-path-to-node=\"2\">\u0160pecializujeme sa na <strong>ovinovacie linky na mieru<\/strong>, ktor\u00e9 sa dokonale prisp\u00f4sobia va\u0161im \u0161pecifick\u00fdm produktom, priestorov\u00fdm dispoz\u00edci\u00e1m a v\u00fdrobn\u00e9mu v\u00fdkonu.<\/p>\n<p data-path-to-node=\"3\">Pon\u00fakame aj komplexn\u00e9 rie\u0161enie: integr\u00e1ciu <strong>ovinovacieho stroja<\/strong> na palety s p\u00e1skovac\u00edmi strojmi. Samostatn\u00fd <strong>ovinovac\u00ed stroj<\/strong> alebo p\u00e1skovac\u00ed automat m\u00f4\u017ee by\u0165 in\u0161talovan\u00fd aj ako nez\u00e1visl\u00fd prvok medzi v\u00fdrobou a skladom.<\/p>\n<p>[\/vc_column_text][vc_single_image image=&#8221;11872&#8243; img_size=&#8221;large&#8221; el_class=&#8221;sirsi-img&#8221;][vc_empty_space][vc_row_inner css=&#8221;.vc_custom_1764148257286{padding-right: 0px !important;padding-left: 0px !important;}&#8221;][vc_column_inner width=&#8221;1\/2&#8243;][vc_column_text css=&#8221;&#8221;]<\/p>\n<h3 data-path-to-node=\"2\">Mo\u017enosti a funkcie ovinovac\u00edch strojov a liniek<\/h3>\n<p data-path-to-node=\"3\">\u010ci u\u017e potrebujete poloautomat alebo plne automatick\u00fd ovinovac\u00ed stroj, pon\u00fakame \u0161irok\u00e9 spektrum pokro\u010dil\u00fdch funkci\u00ed, ktor\u00e9 zabezpe\u010dia efektivitu a kvalitu ovinutia:<\/p>\n<ul data-path-to-node=\"4\">\n<li>\n<p data-path-to-node=\"4,0,0\"><b data-path-to-node=\"4,0,0\" data-index-in-node=\"0\">Typ ovinovacieho stroja:<\/b> Spodn\u00e1 to\u010d\u0148a \/ Oto\u010dn\u00e9 rameno<\/p>\n<\/li>\n<li>\n<p data-path-to-node=\"4,1,0\"><b data-path-to-node=\"4,1,0\" data-index-in-node=\"0\">Vrchn\u00e1 ochrana:<\/b> Vrchn\u00e9 prekrytie f\u00f3liou (ochrana pred prachom a vlhkos\u0165ou)<\/p>\n<\/li>\n<li>\n<p data-path-to-node=\"4,2,0\"><b data-path-to-node=\"4,2,0\" data-index-in-node=\"0\">Stabiliz\u00e1cia:<\/b> Vrchn\u00fd pr\u00edtlak na fix\u00e1ciu \u013eahk\u00e9ho alebo nestabiln\u00e9ho tovaru<\/p>\n<\/li>\n<li>\n<p data-path-to-node=\"4,3,0\"><b data-path-to-node=\"4,3,0\" data-index-in-node=\"0\">Efektivita f\u00f3lie:<\/b> Syst\u00e9m predp\u00ednania f\u00f3lie na minimaliz\u00e1ciu spotreby<\/p>\n<\/li>\n<li>\n<p data-path-to-node=\"4,4,0\"><b data-path-to-node=\"4,4,0\" data-index-in-node=\"0\">Ovl\u00e1danie:<\/b> Pam\u00e4\u0165 na nieko\u013eko ovinovac\u00edch programov pre r\u00f4zne produkty<\/p>\n<\/li>\n<li>\n<p data-path-to-node=\"4,5,0\"><b data-path-to-node=\"4,5,0\" data-index-in-node=\"0\">Kombin\u00e1cia:<\/b> Integr\u00e1cia automatick\u00e9ho p\u00e1skovania<\/p>\n<\/li>\n<\/ul>\n<p>[\/vc_column_text][\/vc_column_inner][vc_column_inner width=&#8221;1\/2&#8243;][vc_column_text css=&#8221;&#8221;]<\/p>\n<h3 data-path-to-node=\"2\">\u010co potrebujeme vedie\u0165 na n\u00e1vrh ovinovacej linky na mieru?<\/h3>\n<p data-path-to-node=\"3\">Aby sme v\u00e1m mohli navrhn\u00fa\u0165 najvhodnej\u0161ie <strong>ovinovacie linky<\/strong>, ktor\u00e9 splnia va\u0161e po\u017eiadavky na v\u00fdrobn\u00fa kapacitu a kvalitu ovinutia, potrebujeme pozna\u0165 k\u013e\u00fa\u010dov\u00e9 parametre:<\/p>\n<ul data-path-to-node=\"4\">\n<li>\n<p data-path-to-node=\"4,0,0\"><b data-path-to-node=\"4,0,0\" data-index-in-node=\"0\">Rozmery a typy ovinovan\u00fdch paliet<\/b><\/p>\n<\/li>\n<li>\n<p data-path-to-node=\"4,1,0\"><b data-path-to-node=\"4,1,0\" data-index-in-node=\"0\">Typ ovinovan\u00e9ho produktu na palete<\/b><\/p>\n<\/li>\n<li>\n<p data-path-to-node=\"4,2,0\"><b data-path-to-node=\"4,2,0\" data-index-in-node=\"0\">Po\u017eadovan\u00fd sp\u00f4sob ovinovania<\/b> (kr\u00ed\u017eov\u00e9, vodotesn\u00e9 at\u010f.)<\/p>\n<\/li>\n<li>\n<p data-path-to-node=\"4,3,0\"><b data-path-to-node=\"4,3,0\" data-index-in-node=\"0\">Potreba vrchn\u00e9ho prekrytia<\/b> (\u00e1no\/nie)<\/p>\n<\/li>\n<li>\n<p data-path-to-node=\"4,4,0\"><b data-path-to-node=\"4,4,0\" data-index-in-node=\"0\">Po\u017eadovan\u00fd hodinov\u00fd v\u00fdkon<\/b><\/p>\n<\/li>\n<li>\n<p data-path-to-node=\"4,5,0\"><b data-path-to-node=\"4,5,0\" data-index-in-node=\"0\">Rozmer a umiestnenie priestoru pre linku<\/b> (vr\u00e1tane p\u00e1skovacej linky, ak je po\u017eadovan\u00e1)<\/p>\n<\/li>\n<\/ul>\n<p>[\/vc_column_text][\/vc_column_inner][\/vc_row_inner][vc_row_inner css=&#8221;.vc_custom_1764148257286{padding-right: 0px !important;padding-left: 0px !important;}&#8221;][vc_column_inner][vc_column_text][\/vc_column_text][\/vc_column_inner][\/vc_row_inner][vc_row_inner css=&#8221;.vc_custom_1764148257286{padding-right: 0px !important;padding-left: 0px !important;}&#8221;][vc_column_inner width=&#8221;1\/2&#8243;][vc_column_text css=&#8221;&#8221;]<\/p>\n<h3 data-path-to-node=\"3\">Pre\u010do zvoli\u0165 na\u0161e ovinovacie linky na mieru?<\/h3>\n<p data-path-to-node=\"4\">Ako \u010desk\u00fd v\u00fdrobca kladieme d\u00f4raz na kvalitu, spo\u013eahlivos\u0165 a predov\u0161etk\u00fdm na kompletn\u00fa starostlivos\u0165 o z\u00e1kazn\u00edka. S na\u0161imi automatick\u00fdmi ovinovac\u00edmi strojmi a linkami z\u00edskate nasleduj\u00face k\u013e\u00fa\u010dov\u00e9 v\u00fdhody:<\/p>\n<ul data-path-to-node=\"5\">\n<li>\n<p data-path-to-node=\"5,0,0\"><b data-path-to-node=\"5,0,0\" data-index-in-node=\"0\">Optimaliz\u00e1cia n\u00e1kladov:<\/b> Zn\u00ed\u017eenie spotreby f\u00f3lie a minimaliz\u00e1cia nutnosti manu\u00e1lnej pr\u00e1ce.<\/p>\n<\/li>\n<li>\n<p data-path-to-node=\"5,1,0\"><b data-path-to-node=\"5,1,0\" data-index-in-node=\"0\">Kvalita z \u010cR:<\/b> Ako lok\u00e1lny \u010desk\u00fd v\u00fdrobca zaru\u010dujeme vysok\u00fa kvalitu kon\u0161trukcie a komponentov a r\u00fdchlu dostupnos\u0165 n\u00e1hradn\u00fdch dielov.<\/p>\n<\/li>\n<li>\n<p data-path-to-node=\"5,2,0\"><b data-path-to-node=\"5,2,0\" data-index-in-node=\"0\">Komplexn\u00fd servis:<\/b> Poskytujeme kompletn\u00fd z\u00e1ru\u010dn\u00fd aj poz\u00e1ru\u010dn\u00fd servis <b data-path-to-node=\"5,2,0\" data-index-in-node=\"68\">po celej Slovenskej republike<\/b> <i data-path-to-node=\"5,2,0\" data-index-in-node=\"98\">(pr\u00edpadne: po celej \u010ceskej a Slovenskej republike)<\/i>. N\u00e1\u0161 t\u00edm \u0161pecialistov je pripraven\u00fd zabezpe\u010di\u0165 maxim\u00e1lnu spo\u013eahlivos\u0165 a minim\u00e1lne prestoje va\u0161ej linky.<\/p>\n<\/li>\n<li>\n<p data-path-to-node=\"5,3,0\"><b data-path-to-node=\"5,3,0\" data-index-in-node=\"0\">Bezpe\u010dn\u00e1 exped\u00edcia:<\/b> Kvalitn\u00e9 a stabiln\u00e9 ovinutie zni\u017euje riziko po\u0161kodenia tovaru po\u010das prepravy.<\/p>\n<\/li>\n<\/ul>\n<p>[\/vc_column_text][\/vc_column_inner][vc_column_inner width=&#8221;1\/2&#8243;][vc_column_text css=&#8221;&#8221;]<\/p>\n<h3 data-path-to-node=\"2\">Z\u00e1kladn\u00e9 zlo\u017eky automatickej ovinovacej linky<\/h3>\n<p data-path-to-node=\"3\">Kompletn\u00e9 ovinovacie linky na mieru sa skladaj\u00fa z nasleduj\u00facich hlavn\u00fdch \u010dast\u00ed:<\/p>\n<ul data-path-to-node=\"4\">\n<li>\n<p data-path-to-node=\"4,0,0\"><b data-path-to-node=\"4,0,0\" data-index-in-node=\"0\">Vhodn\u00fd ovinovac\u00ed stroj na palety<\/b> (vysokor\u00fdchlostn\u00fd, s ramenami a pod.)<\/p>\n<\/li>\n<li>\n<p data-path-to-node=\"4,1,0\"><b data-path-to-node=\"4,1,0\" data-index-in-node=\"0\">Dopravn\u00edkov\u00e9 syst\u00e9my<\/b> (val\u010dekov\u00e9 alebo re\u0165azov\u00e9 dopravn\u00edky)<\/p>\n<\/li>\n<li>\n<p data-path-to-node=\"4,2,0\"><b data-path-to-node=\"4,2,0\" data-index-in-node=\"0\">Moduly dopravn\u00edkov:<\/b> Vstupn\u00e1 \/ v\u00fdstupn\u00e1 sekcia, Rovn\u00fd val\u010dekov\u00fd dopravn\u00edk, Oto\u010dn\u00e1 val\u010dekov\u00e1 sekcia, Centrovacia val\u010dekov\u00e1 sekcia, Re\u0165azov\u00e1 presuv\u0148a, Rovn\u00fd re\u0165azov\u00fd dopravn\u00edk.<\/p>\n<\/li>\n<li>\n<p data-path-to-node=\"4,3,0\"><b data-path-to-node=\"4,3,0\" data-index-in-node=\"0\">Bezpe\u010dnostn\u00e9 prvky:<\/b> Ochrann\u00e9 bezpe\u010dnostn\u00e9 oplotenie<\/p>\n<\/li>\n<li>\n<p data-path-to-node=\"4,4,0\"><b data-path-to-node=\"4,4,0\" data-index-in-node=\"0\">Riadenie:<\/b> Elektrick\u00fd rozv\u00e1dza\u010d s riadiacim syst\u00e9mom a dotykov\u00fdm displejom<\/p>\n<\/li>\n<\/ul>\n<p>[\/vc_column_text][vc_column_text][\/vc_column_text][\/vc_column_inner][\/vc_row_inner][vc_single_image image=&#8221;11806&#8243; img_size=&#8221;medium&#8221;][vc_column_text css=&#8221;&#8221;]Viac o dopravn\u00edkov\u00fdch moduloch na prepravu paliet\u00a0 <a href=\"https:\/\/www.jvmmetal.cz\/sk\/valcekove-dopravniky\/\">ZDE<\/a>[\/vc_column_text][vc_raw_html]W3NjIG5hbWU9ImtvbnRha3RuaS1mb3JtLWFjY29yZGVvbi1jeiJdWy9zY10=[\/vc_raw_html][vc_column_text css=&#8221;&#8221;]Najvhodnej\u0161\u00ed ovinovac\u00ed stroj a cel\u00fa linku v\u00e1m navrhneme pod\u013ea konkr\u00e9tneho dopytu tak, aby sa dosiahla po\u017eadovan\u00e1 v\u00fdrobn\u00e1 kapacita a dostato\u010dn\u00e9 ovinutie.[\/vc_column_text][vc_empty_space][vc_column_text]<\/p>\n<p style=\"text-align: center;\"><iframe loading=\"lazy\" title=\"YouTube video player\" src=\"https:\/\/www.youtube.com\/embed\/UsPt0-Vgi6A?si=wX9PHca0YTP4wDBr\" width=\"560\" height=\"315\" frameborder=\"0\" allowfullscreen=\"allowfullscreen\"><\/iframe><\/p>\n<p>[\/vc_column_text][vc_empty_space][vc_row_inner el_id=&#8221;vypis&#8221; el_class=&#8221;vypis&#8221;][vc_column_inner width=&#8221;1\/2&#8243;][vc_column_text css=&#8221;&#8221; el_class=&#8221;vypis-blok&#8221;]<strong><u>Automatick\u00fd ovinovac\u00ed stroj \u2013 TYP A\u00a0<\/u><\/strong><strong><u><br \/>\n<\/u><\/strong>Rota\u010dn\u00e1 dopravn\u00edkov\u00e1 to\u010d\u0148a<\/p>\n<p><img loading=\"lazy\" decoding=\"async\" class=\"alignnone wp-image-11875 size-medium\" src=\"https:\/\/www.jvmmetal.cz\/wp-content\/uploads\/2025\/11\/ovinovaci-stroj-300x300.jpg\" alt=\"\" width=\"300\" height=\"300\" srcset=\"https:\/\/www.jvmmetal.cz\/wp-content\/uploads\/2025\/11\/ovinovaci-stroj-300x300.jpg 300w, https:\/\/www.jvmmetal.cz\/wp-content\/uploads\/2025\/11\/ovinovaci-stroj.jpg 420w\" sizes=\"auto, (max-width: 300px) 100vw, 300px\" \/>[\/vc_column_text][\/vc_column_inner][vc_column_inner width=&#8221;1\/2&#8243;][vc_column_text css=&#8221;&#8221; el_class=&#8221;vypis-blok&#8221;]<strong><u>Automatick\u00fd ovinovac\u00ed stroj \u00a0-TYP B <\/u><\/strong><\/p>\n<p>Rota\u010dn\u00e9 rameno jednost\u013apov\u00e9<\/p>\n<p><img loading=\"lazy\" decoding=\"async\" class=\"alignnone wp-image-11879 size-medium\" src=\"https:\/\/www.jvmmetal.cz\/wp-content\/uploads\/2025\/11\/ovinovaci-linka-300x300.jpg\" alt=\"\" width=\"300\" height=\"300\" srcset=\"https:\/\/www.jvmmetal.cz\/wp-content\/uploads\/2025\/11\/ovinovaci-linka-300x300.jpg 300w, https:\/\/www.jvmmetal.cz\/wp-content\/uploads\/2025\/11\/ovinovaci-linka.jpg 420w\" sizes=\"auto, (max-width: 300px) 100vw, 300px\" \/>[\/vc_column_text][\/vc_column_inner][\/vc_row_inner][vc_row_inner el_class=&#8221;vypis&#8221;][vc_column_inner width=&#8221;1\/2&#8243;][vc_column_text css=&#8221;&#8221; el_class=&#8221;vypis-blok&#8221;]<strong><u>Automatick\u00fd ovinovac\u00ed stroj -TYP C\u00a0 <\/u><\/strong><\/p>\n<p>YP C Rota\u010dn\u00e9 rameno dvojst\u013apov\u00e9<\/p>\n<p><img loading=\"lazy\" decoding=\"async\" class=\"alignnone wp-image-11881 size-medium\" src=\"https:\/\/www.jvmmetal.cz\/wp-content\/uploads\/2025\/11\/automaticke-ovinovani-plaet-300x300.jpg\" alt=\"\" width=\"300\" height=\"300\" srcset=\"https:\/\/www.jvmmetal.cz\/wp-content\/uploads\/2025\/11\/automaticke-ovinovani-plaet-300x300.jpg 300w, https:\/\/www.jvmmetal.cz\/wp-content\/uploads\/2025\/11\/automaticke-ovinovani-plaet.jpg 420w\" sizes=\"auto, (max-width: 300px) 100vw, 300px\" \/>[\/vc_column_text][\/vc_column_inner][vc_column_inner width=&#8221;1\/2&#8243;][vc_column_text css=&#8221;&#8221; el_class=&#8221;vypis-blok&#8221;]<strong><u>Automatick\u00fd ovinovac\u00ed stroj -TYP D<\/u><\/strong><\/p>\n<p>Rota\u010dn\u00e9 rameno \u0161tvorst\u013apov\u00e9<\/p>\n<p><img loading=\"lazy\" decoding=\"async\" class=\"alignnone wp-image-11877 size-medium\" src=\"https:\/\/www.jvmmetal.cz\/wp-content\/uploads\/2025\/11\/automaticka-ovinovaci-linka-300x300.jpg\" alt=\"\" width=\"300\" height=\"300\" srcset=\"https:\/\/www.jvmmetal.cz\/wp-content\/uploads\/2025\/11\/automaticka-ovinovaci-linka-300x300.jpg 300w, https:\/\/www.jvmmetal.cz\/wp-content\/uploads\/2025\/11\/automaticka-ovinovaci-linka.jpg 420w\" sizes=\"auto, (max-width: 300px) 100vw, 300px\" \/>[\/vc_column_text][\/vc_column_inner][\/vc_row_inner][vc_row_inner el_class=&#8221;vypis&#8221;][vc_column_inner width=&#8221;1\/2&#8243;][vc_column_text css=&#8221;&#8221; el_class=&#8221;vypis-blok&#8221;]<strong><u>Kombi p\u00e1skovac\u00ed a ovinovac\u00ed stoj -TYP X<\/u><\/strong><\/p>\n<p>Kombin\u00e1cia ovinovacieho a p\u00e1skovac\u00edho stroja<\/p>\n<p><img loading=\"lazy\" decoding=\"async\" class=\"alignnone wp-image-11883 size-medium\" src=\"https:\/\/www.jvmmetal.cz\/wp-content\/uploads\/2025\/11\/paskovani-a-ovinovani-388x300.png\" alt=\"\" width=\"388\" height=\"300\" srcset=\"https:\/\/www.jvmmetal.cz\/wp-content\/uploads\/2025\/11\/paskovani-a-ovinovani-388x300.png 388w, https:\/\/www.jvmmetal.cz\/wp-content\/uploads\/2025\/11\/paskovani-a-ovinovani-776x600.png 776w, https:\/\/www.jvmmetal.cz\/wp-content\/uploads\/2025\/11\/paskovani-a-ovinovani.png 1920w\" sizes=\"auto, (max-width: 388px) 100vw, 388px\" \/>[\/vc_column_text][\/vc_column_inner][vc_column_inner width=&#8221;1\/2&#8243;][\/vc_column_inner][\/vc_row_inner][vc_empty_space][vc_column_text css=&#8221;&#8221;]Kontaktujte n\u00e1s e\u0161te dnes! Zistite, ako na\u0161e paletiza\u010dn\u00e9 syst\u00e9my, <strong>automatick\u00e9 ovinovacie stroje<\/strong> a <strong>kompletn\u00e9 ovinovacie linky<\/strong> na mieru od <strong>\u010desk\u00e9ho v\u00fdrobcu<\/strong> m\u00f4\u017eu optimalizova\u0165 va\u0161u prev\u00e1dzku a zn\u00ed\u017ei\u0165 n\u00e1klady. Vytvor\u00edme rie\u0161enie, ktor\u00e9 sa v\u00e1m maxim\u00e1lne prisp\u00f4sob\u00ed, a zabezpe\u010d\u00edme z\u00e1ru\u010dn\u00fd aj poz\u00e1ru\u010dn\u00fd servis pre va\u0161u \u00fapln\u00fa spo\u013eahlivos\u0165.[\/vc_column_text][vc_empty_space][vc_column_text]<\/p>\n<h3 style=\"text-align: left;\"><strong>Galerie<\/strong><\/h3>\n<style type=\"text\/css\">\n#foogallery-gallery-11887 .fg-image { width: 180px; }\n#foogallery-gallery-11887 { --fg-gutter: 5px; }<\/style>\n\t\t\t<div class=\"foogallery foogallery-container foogallery-default foogallery-lightbox-foobox fg-left fg-default fg-ready fg-light fg-loading-default fg-loaded-fade-in fg-caption-hover fg-hover-fade fg-hover-zoom\" id=\"foogallery-gallery-11887\" data-foogallery=\"{&quot;item&quot;:{&quot;showCaptionTitle&quot;:true,&quot;showCaptionDescription&quot;:true},&quot;lazy&quot;:true}\" style=\"--fg-title-line-clamp: 0; --fg-description-line-clamp: 0;\" >\n\t<div class=\"fg-item fg-type-image fg-idle\"><figure class=\"fg-item-inner\"><a href=\"https:\/\/www.jvmmetal.cz\/wp-content\/uploads\/2025\/11\/automaticky-ovinovaci-stroj-upraveno.jpg\" data-attachment-id=\"11889\" data-type=\"image\" class=\"fg-thumb\"><span class=\"fg-image-wrap\"><img decoding=\"async\" width=\"180\" height=\"140\" class=\"skip-lazy fg-image\" data-src-fg=\"https:\/\/www.jvmmetal.cz\/wp-content\/uploads\/cache\/2025\/11\/automaticky-ovinovaci-stroj-upraveno\/197798149.jpg\" src=\"data:image\/svg+xml,%3Csvg%20xmlns%3D%22http%3A%2F%2Fwww.w3.org%2F2000%2Fsvg%22%20width%3D%22180%22%20height%3D%22140%22%20viewBox%3D%220%200%20180%20140%22%3E%3C%2Fsvg%3E\" loading=\"eager\"><\/span><span class=\"fg-image-overlay\"><\/span><\/a><\/figure><div class=\"fg-loader\"><\/div><\/div><div class=\"fg-item fg-type-image fg-idle\"><figure class=\"fg-item-inner\"><a href=\"https:\/\/www.jvmmetal.cz\/wp-content\/uploads\/2025\/11\/ovinovani-palet.jpg\" data-attachment-id=\"11891\" data-type=\"image\" class=\"fg-thumb\"><span class=\"fg-image-wrap\"><img decoding=\"async\" width=\"180\" height=\"140\" class=\"skip-lazy fg-image\" data-src-fg=\"https:\/\/www.jvmmetal.cz\/wp-content\/uploads\/cache\/2025\/11\/ovinovani-palet\/2083549479.jpg\" src=\"data:image\/svg+xml,%3Csvg%20xmlns%3D%22http%3A%2F%2Fwww.w3.org%2F2000%2Fsvg%22%20width%3D%22180%22%20height%3D%22140%22%20viewBox%3D%220%200%20180%20140%22%3E%3C%2Fsvg%3E\" loading=\"eager\"><\/span><span class=\"fg-image-overlay\"><\/span><\/a><\/figure><div class=\"fg-loader\"><\/div><\/div><div class=\"fg-item fg-type-image fg-idle\"><figure class=\"fg-item-inner\"><a href=\"https:\/\/www.jvmmetal.cz\/wp-content\/uploads\/2025\/11\/ovinovaci-linka-1.jpg\" data-attachment-id=\"11893\" data-type=\"image\" class=\"fg-thumb\"><span class=\"fg-image-wrap\"><img decoding=\"async\" width=\"180\" height=\"140\" class=\"skip-lazy fg-image\" data-src-fg=\"https:\/\/www.jvmmetal.cz\/wp-content\/uploads\/cache\/2025\/11\/ovinovaci-linka-1\/849024541.jpg\" src=\"data:image\/svg+xml,%3Csvg%20xmlns%3D%22http%3A%2F%2Fwww.w3.org%2F2000%2Fsvg%22%20width%3D%22180%22%20height%3D%22140%22%20viewBox%3D%220%200%20180%20140%22%3E%3C%2Fsvg%3E\" loading=\"eager\"><\/span><span class=\"fg-image-overlay\"><\/span><\/a><\/figure><div class=\"fg-loader\"><\/div><\/div><div class=\"fg-item fg-type-image fg-idle\"><figure class=\"fg-item-inner\"><a href=\"https:\/\/www.jvmmetal.cz\/wp-content\/uploads\/2025\/11\/valeckove-dopravniky.jpg\" data-attachment-id=\"11936\" data-type=\"image\" class=\"fg-thumb\"><span class=\"fg-image-wrap\"><img decoding=\"async\" width=\"180\" height=\"140\" class=\"skip-lazy fg-image\" data-src-fg=\"https:\/\/www.jvmmetal.cz\/wp-content\/uploads\/cache\/2025\/11\/valeckove-dopravniky\/1261703485.jpg\" src=\"data:image\/svg+xml,%3Csvg%20xmlns%3D%22http%3A%2F%2Fwww.w3.org%2F2000%2Fsvg%22%20width%3D%22180%22%20height%3D%22140%22%20viewBox%3D%220%200%20180%20140%22%3E%3C%2Fsvg%3E\" loading=\"eager\"><\/span><span class=\"fg-image-overlay\"><\/span><\/a><\/figure><div class=\"fg-loader\"><\/div><\/div><\/div>\n\n<p>[\/vc_column_text][vc_empty_space][\/vc_column][vc_column width=&#8221;1\/3&#8243;][vc_widget_sidebar sidebar_id=&#8221;blog-sidebar&#8221;][\/vc_column][\/vc_row]<\/p>\n<\/div>","protected":false},"excerpt":{"rendered":"<p>[vc_row css=&#8221;.vc_custom_1764148178406{padding-right: 0px !important;padding-left: 0px !important;}&#8221;][vc_column width=&#8221;2\/3&#8243; css=&#8221;.vc_custom_1764148220396{padding-right: 0px !important;padding-left: 0px !important;}&#8221;][vc_custom_heading source=&#8221;post_title&#8221; font_container=&#8221;tag:h1|text_align:left&#8221; use_theme_fonts=&#8221;yes&#8221; css=&#8221;&#8221;][vc_column_text css=&#8221;&#8221;] Na\u0161e automatick\u00e9 ovinovacie linky predstavuj\u00fa k\u013e\u00fa\u010dov\u00fd prvok na konci va\u0161ich<\/p>\n","protected":false},"author":3,"featured_media":11872,"parent":0,"menu_order":0,"comment_status":"closed","ping_status":"closed","template":"","meta":{"footnotes":""},"categories":[161],"tags":[],"class_list":["post-12000","page","type-page","status-publish","has-post-thumbnail","hentry","category-sluzby"],"_links":{"self":[{"href":"https:\/\/www.jvmmetal.cz\/sk\/wp-json\/wp\/v2\/pages\/12000","targetHints":{"allow":["GET"]}}],"collection":[{"href":"https:\/\/www.jvmmetal.cz\/sk\/wp-json\/wp\/v2\/pages"}],"about":[{"href":"https:\/\/www.jvmmetal.cz\/sk\/wp-json\/wp\/v2\/types\/page"}],"author":[{"embeddable":true,"href":"https:\/\/www.jvmmetal.cz\/sk\/wp-json\/wp\/v2\/users\/3"}],"replies":[{"embeddable":true,"href":"https:\/\/www.jvmmetal.cz\/sk\/wp-json\/wp\/v2\/comments?post=12000"}],"version-history":[{"count":10,"href":"https:\/\/www.jvmmetal.cz\/sk\/wp-json\/wp\/v2\/pages\/12000\/revisions"}],"predecessor-version":[{"id":12142,"href":"https:\/\/www.jvmmetal.cz\/sk\/wp-json\/wp\/v2\/pages\/12000\/revisions\/12142"}],"wp:featuredmedia":[{"embeddable":true,"href":"https:\/\/www.jvmmetal.cz\/sk\/wp-json\/wp\/v2\/media\/11872"}],"wp:attachment":[{"href":"https:\/\/www.jvmmetal.cz\/sk\/wp-json\/wp\/v2\/media?parent=12000"}],"wp:term":[{"taxonomy":"category","embeddable":true,"href":"https:\/\/www.jvmmetal.cz\/sk\/wp-json\/wp\/v2\/categories?post=12000"},{"taxonomy":"post_tag","embeddable":true,"href":"https:\/\/www.jvmmetal.cz\/sk\/wp-json\/wp\/v2\/tags?post=12000"}],"curies":[{"name":"wp","href":"https:\/\/api.w.org\/{rel}","templated":true}]}}