{"id":12009,"date":"2018-11-27T07:35:28","date_gmt":"2018-11-27T07:35:28","guid":{"rendered":"https:\/\/www.jvmmetal.cz\/automaticke-paskovaci-linky\/"},"modified":"2026-03-18T13:30:57","modified_gmt":"2026-03-18T13:30:57","slug":"automaticke-paskovacie-linky","status":"publish","type":"page","link":"https:\/\/www.jvmmetal.cz\/sk\/automaticke-paskovacie-linky\/","title":{"rendered":"Automatick\u00e9 p\u00e1skovacie linky"},"content":{"rendered":"<div class=\"wpb-content-wrapper\"><p>[vc_row css=&#8221;.vc_custom_1764148178406{padding-right: 0px !important;padding-left: 0px !important;}&#8221;][vc_column width=&#8221;2\/3&#8243; css=&#8221;.vc_custom_1764148220396{padding-right: 0px !important;padding-left: 0px !important;}&#8221;][vc_custom_heading source=&#8221;post_title&#8221; font_container=&#8221;tag:h1|text_align:left&#8221; use_theme_fonts=&#8221;yes&#8221; css=&#8221;&#8221;][vc_column_text css=&#8221;&#8221;]Zefekt\u00edvnite va\u0161u intern\u00fa logistiku a baliace procesy. <strong>Automatick\u00e9 p\u00e1skovacie stroje<\/strong> s\u00fa k\u013e\u00fa\u010dov\u00fdm prvkom modern\u00e9ho a spo\u013eahliv\u00e9ho paletiza\u010dn\u00e9ho syst\u00e9mu. Na\u0161e rie\u0161enia automaticky zap\u00e1skuj\u00fa paletu bez nutnosti z\u00e1sahu obsluhy, \u010d\u00edm z\u00e1sadne zvy\u0161uj\u00fa r\u00fdchlos\u0165 a spo\u013eahlivos\u0165 cel\u00e9ho baliaceho procesu.<\/p>\n<p>Potrebujete kompletn\u00e9 rie\u0161enie? Navrhneme a vyrob\u00edme cel\u00fa p\u00e1skovaciu linku na mieru \u2013 od dopravn\u00edkov, cez samotn\u00e9 p\u00e1skovanie, a\u017e po integr\u00e1ciu s nadraden\u00fdmi syst\u00e9mami.<\/p>\n<p>Paleta z\u00edde z baliacej linky dokonale pripraven\u00e1 na exped\u00edciu. Pre maxim\u00e1lnu bezpe\u010dnos\u0165 pon\u00fakame aj kombin\u00e1ciu <strong>p\u00e1skovacej<\/strong> a <strong>ovinovacej linky<\/strong>, kde je paleta najprv pevne zap\u00e1skovan\u00e1 a n\u00e1sledne chr\u00e1nen\u00e1 f\u00f3liou.[\/vc_column_text][vc_single_image image=&#8221;11792&#8243; img_size=&#8221;large&#8221; el_class=&#8221;sirsi-img&#8221;][vc_empty_space][vc_row_inner css=&#8221;.vc_custom_1764148257286{padding-right: 0px !important;padding-left: 0px !important;}&#8221;][vc_column_inner width=&#8221;1\/2&#8243;][vc_column_text css=&#8221;&#8221;]<\/p>\n<h3>Mo\u017enosti p\u00e1skovac\u00edch syst\u00e9mov<\/h3>\n<p data-path-to-node=\"3\">Pon\u00fakame \u0161irok\u00e9 spektrum rie\u0161en\u00ed, ktor\u00e9 sa dokonale prisp\u00f4sobia va\u0161im produktom a dispoz\u00edci\u00e1m:<\/p>\n<ul data-path-to-node=\"4\">\n<li>\n<p data-path-to-node=\"4,0,0\"><b data-path-to-node=\"4,0,0\" data-index-in-node=\"0\">Horizont\u00e1lne p\u00e1skovanie \/ Vertik\u00e1lne p\u00e1skovanie<\/b><\/p>\n<\/li>\n<li>\n<p data-path-to-node=\"4,1,0\"><b data-path-to-node=\"4,1,0\" data-index-in-node=\"0\">Jednoduch\u00e9 \/ Kr\u00ed\u017eov\u00e9 p\u00e1skovanie<\/b><\/p>\n<\/li>\n<li>\n<p data-path-to-node=\"4,2,0\"><b data-path-to-node=\"4,2,0\" data-index-in-node=\"0\">Mo\u017enos\u0165 stla\u010denia produktov<\/b> pred p\u00e1skovan\u00edm na lep\u0161iu fix\u00e1ciu<\/p>\n<\/li>\n<li>\n<p data-path-to-node=\"4,3,0\"><b data-path-to-node=\"4,3,0\" data-index-in-node=\"0\">Robotick\u00e1 paletiz\u00e1cia:<\/b> Mo\u017enos\u0165 integr\u00e1cie p\u00e1skovania do komplexn\u00fdch robotick\u00fdch pracov\u00edsk.<\/p>\n<\/li>\n<li>\n<p data-path-to-node=\"4,4,0\"><b data-path-to-node=\"4,4,0\" data-index-in-node=\"0\">Automatick\u00e9 stroje \/ Poloautomaty<\/b><\/p>\n<\/li>\n<\/ul>\n<p>[\/vc_column_text][\/vc_column_inner][vc_column_inner width=&#8221;1\/2&#8243;][vc_single_image image=&#8221;11796&#8243; img_size=&#8221;medium&#8221;][\/vc_column_inner][\/vc_row_inner][vc_row_inner css=&#8221;.vc_custom_1764148257286{padding-right: 0px !important;padding-left: 0px !important;}&#8221;][vc_column_inner][vc_column_text][\/vc_column_text][vc_column_text css=&#8221;&#8221;]<\/p>\n<h3 data-path-to-node=\"2\">\u010co potrebujeme vedie\u0165 na n\u00e1vrh v\u00e1\u0161ho p\u00e1skovacieho syst\u00e9mu:<\/h3>\n<p data-path-to-node=\"3\">Aby sme v\u00e1m mohli navrhn\u00fa\u0165 optim\u00e1lne rie\u0161enie a automatick\u00e9 p\u00e1skovacie stroje do va\u0161ej prev\u00e1dzky, potrebujeme pozna\u0165 nasleduj\u00face:<\/p>\n<ul data-path-to-node=\"4\">\n<li>\n<p data-path-to-node=\"4,0,0\"><b data-path-to-node=\"4,0,0\" data-index-in-node=\"0\">Rozmery a typy p\u00e1skovan\u00fdch paliet.<\/b><\/p>\n<\/li>\n<li>\n<p data-path-to-node=\"4,1,0\"><b data-path-to-node=\"4,1,0\" data-index-in-node=\"0\">Po\u017eadovan\u00fd typ a rozmer viazacej p\u00e1sky.<\/b><\/p>\n<\/li>\n<li>\n<p data-path-to-node=\"4,2,0\"><b data-path-to-node=\"4,2,0\" data-index-in-node=\"0\">Po\u017eadovan\u00fd smer p\u00e1skovania a po\u010det p\u00e1sok.<\/b><\/p>\n<\/li>\n<li>\n<p data-path-to-node=\"4,3,0\"><b data-path-to-node=\"4,3,0\" data-index-in-node=\"0\">K\u013e\u00fa\u010dov\u00fd hodinov\u00fd v\u00fdkon linky.<\/b><\/p>\n<\/li>\n<li>\n<p data-path-to-node=\"4,4,0\"><b data-path-to-node=\"4,4,0\" data-index-in-node=\"0\">Presn\u00fd rozmer priestoru, kde bude p\u00e1skovacia linka umiestnen\u00e1.<\/b><\/p>\n<\/li>\n<\/ul>\n<p>[\/vc_column_text][\/vc_column_inner][\/vc_row_inner][vc_row_inner css=&#8221;.vc_custom_1764148257286{padding-right: 0px !important;padding-left: 0px !important;}&#8221;][vc_column_inner][vc_column_text css=&#8221;&#8221;]<\/p>\n<h3 data-path-to-node=\"2\">Z \u010doho sa p\u00e1skovacia linka sklad\u00e1:<\/h3>\n<ul data-path-to-node=\"3\">\n<li>\n<p data-path-to-node=\"3,0,0\"><b data-path-to-node=\"3,0,0\" data-index-in-node=\"0\">Vhodn\u00fd automatick\u00fd p\u00e1skovac\u00ed stroj<\/b> pod\u013ea po\u017eadovan\u00e9ho v\u00fdkonu.<\/p>\n<\/li>\n<li>\n<p data-path-to-node=\"3,1,0\"><b data-path-to-node=\"3,1,0\" data-index-in-node=\"0\">Dopravn\u00edkov\u00e9 moduly<\/b> (val\u010dekov\u00e9 alebo re\u0165azov\u00e9 dopravn\u00edky).<\/p>\n<\/li>\n<li>\n<p data-path-to-node=\"3,2,0\"><b data-path-to-node=\"3,2,0\" data-index-in-node=\"0\">Ochrann\u00e9 bezpe\u010dnostn\u00e9 oplotenie a prvky.<\/b><\/p>\n<\/li>\n<li>\n<p data-path-to-node=\"3,3,0\"><b data-path-to-node=\"3,3,0\" data-index-in-node=\"0\">Elektrick\u00fd rozv\u00e1dza\u010d<\/b> s intuit\u00edvnym riadiacim syst\u00e9mom a dotykov\u00fdm displejom.<\/p>\n<\/li>\n<\/ul>\n<p>[\/vc_column_text][vc_column_text][\/vc_column_text][\/vc_column_inner][\/vc_row_inner][vc_row_inner][vc_column_inner width=&#8221;1\/2&#8243;][vc_column_text css=&#8221;&#8221;]<\/p>\n<p data-path-to-node=\"2\">Moduly dopravn\u00edkov:<\/p>\n<ul data-path-to-node=\"3\">\n<li>\n<p data-path-to-node=\"3,0,0\">Vstupn\u00e1 \/ v\u00fdstupn\u00e1 sekcia<\/p>\n<\/li>\n<li>\n<p data-path-to-node=\"3,1,0\">Rovn\u00fd <a href=\"https:\/\/www.jvmmetal.cz\/sk\/valcekove-dopravniky\/\">val\u010dekov\u00fd dopravn\u00edk<\/a> a oto\u010dn\u00e1 sekcia<\/p>\n<\/li>\n<li>\n<p data-path-to-node=\"3,2,0\">Centrovacia val\u010dekov\u00e1 sekcia na presn\u00e9 umiestnenie palety<\/p>\n<\/li>\n<li>\n<p data-path-to-node=\"3,3,0\">Re\u0165azov\u00e1 presuv\u0148a a rovn\u00fd re\u0165azov\u00fd dopravn\u00edk pre \u0165a\u017ek\u00e9 palety<\/p>\n<\/li>\n<\/ul>\n<p data-path-to-node=\"4\"><strong>M\u00e1te \u0161pecifick\u00e9 po\u017eiadavky na balenie?<\/strong><\/p>\n<p>[\/vc_column_text][\/vc_column_inner][vc_column_inner width=&#8221;1\/2&#8243;][vc_single_image image=&#8221;11806&#8243; img_size=&#8221;medium&#8221;][\/vc_column_inner][\/vc_row_inner][vc_raw_html]W3NjIG5hbWU9ImtvbnRha3RuaS1mb3JtLWFjY29yZGVvbi1jeiJdWy9zY10=[\/vc_raw_html][vc_column_text css=&#8221;&#8221;]V na\u0161ej ucelenej ponuke automatick\u00fdch p\u00e1skovac\u00edch<strong> strojov n\u00e1jdeme optim\u00e1lne rie\u0161enie<\/strong> presne pre v\u00e1s. Ka\u017ed\u00fd model je navy\u0161e dostupn\u00fd v r\u00f4znych rozmerov\u00fdch variantoch, ktor\u00e9 prisp\u00f4sob\u00edme konkr\u00e9tnym parametrom<strong> va\u0161ich p\u00e1skovan\u00fdch paliet<\/strong> \u2013 od najmen\u0161\u00edch a\u017e po atypick\u00e9 rozmery.[\/vc_column_text][vc_empty_space][vc_row_inner][vc_column_inner width=&#8221;1\/2&#8243;][vc_column_text css=&#8221;&#8221;]<\/p>\n<p style=\"text-align: center;\"><iframe loading=\"lazy\" title=\"YouTube video player\" src=\"https:\/\/www.youtube.com\/embed\/eZmDGTgec7Y?si=tdt5cpeB-XWZGiTD\" width=\"100%\" height=\"240\" frameborder=\"0\" allowfullscreen=\"allowfullscreen\"><\/iframe><\/p>\n<p>[\/vc_column_text][vc_column_text][\/vc_column_text][\/vc_column_inner][vc_column_inner width=&#8221;1\/2&#8243;][vc_column_text css=&#8221;&#8221;]<\/p>\n<p style=\"text-align: center;\"><iframe loading=\"lazy\" title=\"YouTube video player\" src=\"https:\/\/www.youtube.com\/embed\/N0iO8tRkAzg?si=KTPR3rdylWmXjChk\" width=\"100%\" height=\"240\" frameborder=\"0\" allowfullscreen=\"allowfullscreen\"><\/iframe><\/p>\n<p>[\/vc_column_text][\/vc_column_inner][\/vc_row_inner][vc_empty_space][vc_row_inner el_id=&#8221;vypis&#8221; el_class=&#8221;vypis&#8221;][vc_column_inner width=&#8221;1\/2&#8243;][vc_column_text css=&#8221;&#8221; el_class=&#8221;vypis-blok&#8221;]<strong><u>Vertik\u00e1lny p\u00e1skovac\u00ed stroj TYP-A<\/u><\/strong><strong><u><br \/>\n<\/u><\/strong>Pevn\u00fd r\u00e1m s bo\u010dnou v\u00fdsuvnou hlavou<\/p>\n<p><img loading=\"lazy\" decoding=\"async\" class=\"alignnone wp-image-11813 size-medium\" src=\"https:\/\/www.jvmmetal.cz\/wp-content\/uploads\/2025\/11\/paskovaci-stroj-388x300.png\" alt=\"\" width=\"388\" height=\"300\" srcset=\"https:\/\/www.jvmmetal.cz\/wp-content\/uploads\/2025\/11\/paskovaci-stroj-388x300.png 388w, https:\/\/www.jvmmetal.cz\/wp-content\/uploads\/2025\/11\/paskovaci-stroj-777x600.png 777w, https:\/\/www.jvmmetal.cz\/wp-content\/uploads\/2025\/11\/paskovaci-stroj.png 1920w\" sizes=\"auto, (max-width: 388px) 100vw, 388px\" \/>[\/vc_column_text][\/vc_column_inner][vc_column_inner width=&#8221;1\/2&#8243;][vc_column_text css=&#8221;&#8221; el_class=&#8221;vypis-blok&#8221;]<strong><u>Vertik\u00e1lny p\u00e1skovac\u00ed stroj <\/u><\/strong>TYP-B<strong><u><br \/>\n<\/u><\/strong>Otvoren\u00fd r\u00e1m s bo\u010dnou v\u00fdsuvnou hlavou<\/p>\n<p><img loading=\"lazy\" decoding=\"async\" class=\"alignnone wp-image-11813 size-medium\" src=\"https:\/\/www.jvmmetal.cz\/wp-content\/uploads\/2025\/11\/paskovaci-stroj-388x300.png\" alt=\"\" width=\"388\" height=\"300\" srcset=\"https:\/\/www.jvmmetal.cz\/wp-content\/uploads\/2025\/11\/paskovaci-stroj-388x300.png 388w, https:\/\/www.jvmmetal.cz\/wp-content\/uploads\/2025\/11\/paskovaci-stroj-777x600.png 777w, https:\/\/www.jvmmetal.cz\/wp-content\/uploads\/2025\/11\/paskovaci-stroj.png 1920w\" sizes=\"auto, (max-width: 388px) 100vw, 388px\" \/>[\/vc_column_text][\/vc_column_inner][\/vc_row_inner][vc_row_inner el_class=&#8221;vypis&#8221;][vc_column_inner width=&#8221;1\/2&#8243;][vc_column_text css=&#8221;&#8221; el_class=&#8221;vypis-blok&#8221;]<strong><u>Vertik\u00e1lny p\u00e1skovac\u00ed stroj <\/u><\/strong>TYP-C<strong><u><br \/>\n<\/u><\/strong>Pevn\u00fd r\u00e1m s hornou pohyblivou hlavou<\/p>\n<p><img loading=\"lazy\" decoding=\"async\" class=\"alignnone wp-image-11815 size-medium\" src=\"https:\/\/www.jvmmetal.cz\/wp-content\/uploads\/2025\/11\/automaticke-paskovani-palet-388x300.jpg\" alt=\"\" width=\"388\" height=\"300\" srcset=\"https:\/\/www.jvmmetal.cz\/wp-content\/uploads\/2025\/11\/automaticke-paskovani-palet-388x300.jpg 388w, https:\/\/www.jvmmetal.cz\/wp-content\/uploads\/2025\/11\/automaticke-paskovani-palet-777x600.jpg 777w, https:\/\/www.jvmmetal.cz\/wp-content\/uploads\/2025\/11\/automaticke-paskovani-palet.jpg 1920w\" sizes=\"auto, (max-width: 388px) 100vw, 388px\" \/>[\/vc_column_text][\/vc_column_inner][vc_column_inner width=&#8221;1\/2&#8243;][vc_column_text css=&#8221;&#8221; el_class=&#8221;vypis-blok&#8221;]<strong><u>Vertik\u00e1lny p\u00e1skovac\u00ed stroj <\/u><\/strong>TYP-D<strong><u><br \/>\n<\/u><\/strong>Otvoren\u00fd r\u00e1m s hornou pohyblivou hlavou<\/p>\n<p><img loading=\"lazy\" decoding=\"async\" class=\"alignnone wp-image-11817 size-medium\" src=\"https:\/\/www.jvmmetal.cz\/wp-content\/uploads\/2025\/11\/paskovaci-stroj-388x300.jpg\" alt=\"\" width=\"388\" height=\"300\" srcset=\"https:\/\/www.jvmmetal.cz\/wp-content\/uploads\/2025\/11\/paskovaci-stroj-388x300.jpg 388w, https:\/\/www.jvmmetal.cz\/wp-content\/uploads\/2025\/11\/paskovaci-stroj-777x600.jpg 777w, https:\/\/www.jvmmetal.cz\/wp-content\/uploads\/2025\/11\/paskovaci-stroj.jpg 1920w\" sizes=\"auto, (max-width: 388px) 100vw, 388px\" \/>[\/vc_column_text][\/vc_column_inner][\/vc_row_inner][vc_row_inner el_class=&#8221;vypis&#8221;][vc_column_inner width=&#8221;1\/2&#8243;][vc_column_text css=&#8221;&#8221; el_class=&#8221;vypis-blok&#8221;]<strong><u>Vertik\u00e1lny p\u00e1skovac\u00ed stroj <\/u><\/strong>TYP-E<strong><u><br \/>\n<\/u><\/strong>Otvoren\u00fd r\u00e1m s hornou pohyblivou hlavou<br \/>\n\u2013 Stroj na posuvn\u00fdch ko\u013eajniciach<\/p>\n<p><img loading=\"lazy\" decoding=\"async\" class=\"alignnone wp-image-11819 size-medium\" src=\"https:\/\/www.jvmmetal.cz\/wp-content\/uploads\/2025\/11\/vertikalni-paskovaci-linka-388x300.jpg\" alt=\"\" width=\"388\" height=\"300\" srcset=\"https:\/\/www.jvmmetal.cz\/wp-content\/uploads\/2025\/11\/vertikalni-paskovaci-linka-388x300.jpg 388w, https:\/\/www.jvmmetal.cz\/wp-content\/uploads\/2025\/11\/vertikalni-paskovaci-linka-777x600.jpg 777w, https:\/\/www.jvmmetal.cz\/wp-content\/uploads\/2025\/11\/vertikalni-paskovaci-linka.jpg 1920w\" sizes=\"auto, (max-width: 388px) 100vw, 388px\" \/>[\/vc_column_text][\/vc_column_inner][vc_column_inner width=&#8221;1\/2&#8243;][vc_column_text css=&#8221;&#8221; el_class=&#8221;vypis-blok&#8221;]<strong><u>Horizont\u00e1lny p\u00e1skovac\u00ed stroj<\/u><\/strong><u> TYP-F<\/u><strong><u><br \/>\n<\/u><\/strong><\/p>\n<p><img loading=\"lazy\" decoding=\"async\" class=\"alignnone wp-image-11821 size-medium\" src=\"https:\/\/www.jvmmetal.cz\/wp-content\/uploads\/2025\/11\/horizontalni-paskovani-palet-388x300.jpg\" alt=\"\" width=\"388\" height=\"300\" srcset=\"https:\/\/www.jvmmetal.cz\/wp-content\/uploads\/2025\/11\/horizontalni-paskovani-palet-388x300.jpg 388w, https:\/\/www.jvmmetal.cz\/wp-content\/uploads\/2025\/11\/horizontalni-paskovani-palet-777x600.jpg 777w, https:\/\/www.jvmmetal.cz\/wp-content\/uploads\/2025\/11\/horizontalni-paskovani-palet.jpg 1920w\" sizes=\"auto, (max-width: 388px) 100vw, 388px\" \/>[\/vc_column_text][\/vc_column_inner][\/vc_row_inner][vc_row_inner el_class=&#8221;vypis&#8221;][vc_column_inner width=&#8221;1\/2&#8243;][vc_column_text css=&#8221;&#8221; el_class=&#8221;vypis-blok&#8221;]<strong><u><b data-path-to-node=\"1\" data-index-in-node=\"0\">Horizont\u00e1lny p\u00e1skovac\u00ed stroj s horn\u00fdm prekryt\u00edm <\/b><\/u><\/strong><u>TYP-G<\/u><\/p>\n<p>Vrchn\u00e9 prekrytie f\u00f3liou integrovan\u00e9 v stroji<\/p>\n<p>&nbsp;<\/p>\n<p><img loading=\"lazy\" decoding=\"async\" class=\"alignnone wp-image-11819 size-medium\" src=\"https:\/\/www.jvmmetal.cz\/wp-content\/uploads\/2025\/11\/vertikalni-paskovaci-linka-388x300.jpg\" alt=\"\" width=\"388\" height=\"300\" srcset=\"https:\/\/www.jvmmetal.cz\/wp-content\/uploads\/2025\/11\/vertikalni-paskovaci-linka-388x300.jpg 388w, https:\/\/www.jvmmetal.cz\/wp-content\/uploads\/2025\/11\/vertikalni-paskovaci-linka-777x600.jpg 777w, https:\/\/www.jvmmetal.cz\/wp-content\/uploads\/2025\/11\/vertikalni-paskovaci-linka.jpg 1920w\" sizes=\"auto, (max-width: 388px) 100vw, 388px\" \/>[\/vc_column_text][\/vc_column_inner][vc_column_inner width=&#8221;1\/2&#8243;][vc_column_text css=&#8221;&#8221; el_class=&#8221;vypis-blok&#8221;]<strong><u>Aplik\u00e1tor horn\u00e9ho prekrytia TYP-H<\/u><\/strong><\/p>\n<p>Samostatne stojaci aplik\u00e1tor horn\u00e9ho prekrytia f\u00f3liou<\/p>\n<p><img loading=\"lazy\" decoding=\"async\" class=\"alignnone wp-image-11829 size-medium\" src=\"https:\/\/www.jvmmetal.cz\/wp-content\/uploads\/2025\/11\/balici-linka-388x300.jpg\" alt=\"\" width=\"388\" height=\"300\" srcset=\"https:\/\/www.jvmmetal.cz\/wp-content\/uploads\/2025\/11\/balici-linka-388x300.jpg 388w, https:\/\/www.jvmmetal.cz\/wp-content\/uploads\/2025\/11\/balici-linka-776x600.jpg 776w, https:\/\/www.jvmmetal.cz\/wp-content\/uploads\/2025\/11\/balici-linka.jpg 1920w\" sizes=\"auto, (max-width: 388px) 100vw, 388px\" \/>[\/vc_column_text][\/vc_column_inner][\/vc_row_inner][vc_row_inner content_placement=&#8221;middle&#8221; el_class=&#8221;vypis&#8221;][vc_column_inner width=&#8221;1\/2&#8243;][vc_column_text css=&#8221;&#8221; el_class=&#8221;vypis-blok&#8221;]<strong><u>Kombi p\u00e1skovac\u00ed a ovinovac\u00ed stroj TYP-X<\/u><\/strong><\/p>\n<p>Kombin\u00e1cia ovinovacieho a p\u00e1skovacieho stroja<\/p>\n<p><img loading=\"lazy\" decoding=\"async\" class=\"alignnone wp-image-11825 size-medium\" src=\"https:\/\/www.jvmmetal.cz\/wp-content\/uploads\/2025\/11\/paskovani-a-ovinovani-388x300.jpg\" alt=\"\" width=\"388\" height=\"300\" srcset=\"https:\/\/www.jvmmetal.cz\/wp-content\/uploads\/2025\/11\/paskovani-a-ovinovani-388x300.jpg 388w, https:\/\/www.jvmmetal.cz\/wp-content\/uploads\/2025\/11\/paskovani-a-ovinovani-776x600.jpg 776w, https:\/\/www.jvmmetal.cz\/wp-content\/uploads\/2025\/11\/paskovani-a-ovinovani.jpg 1920w\" sizes=\"auto, (max-width: 388px) 100vw, 388px\" \/>[\/vc_column_text][\/vc_column_inner][vc_column_inner width=&#8221;1\/2&#8243;][vc_column_text css=&#8221;&#8221;]<\/p>\n<p style=\"text-align: center;\"><iframe loading=\"lazy\" title=\"YouTube video player\" src=\"https:\/\/www.youtube-nocookie.com\/embed\/FXOcpA_oqMc?si=Y2dJi1XDMlr6zCFm\" width=\"100%\" height=\"240\" frameborder=\"0\" allowfullscreen=\"allowfullscreen\"><\/iframe><\/p>\n<p>[\/vc_column_text][\/vc_column_inner][\/vc_row_inner][vc_empty_space][vc_column_text css=&#8221;&#8221;]Kontaktujte n\u00e1s a zistite, ako na\u0161e <strong>paletiza\u010dn\u00e9 syst\u00e9my<\/strong> a <strong>automatick\u00e9 p\u00e1skovacie linky<\/strong> m\u00f4\u017eu optimalizova\u0165 va\u0161u prev\u00e1dzku. Vytvor\u00edme rie\u0161enie, ktor\u00e9 sa v\u00e1m maxim\u00e1lne prisp\u00f4sob\u00ed.[\/vc_column_text][vc_empty_space][vc_column_text]<\/p>\n<h3 style=\"text-align: left;\"><strong>Galerie<\/strong><\/h3>\n<style type=\"text\/css\">\n#foogallery-gallery-11798 .fg-image { width: 180px; }\n#foogallery-gallery-11798 { --fg-gutter: 5px; }<\/style>\n\t\t\t<div class=\"foogallery foogallery-container foogallery-default foogallery-lightbox-foobox fg-left fg-default fg-ready fg-light fg-loading-default fg-loaded-fade-in fg-caption-hover fg-hover-fade fg-hover-zoom\" id=\"foogallery-gallery-11798\" data-foogallery=\"{&quot;item&quot;:{&quot;showCaptionTitle&quot;:true,&quot;showCaptionDescription&quot;:true},&quot;lazy&quot;:true}\" style=\"--fg-title-line-clamp: 0; --fg-description-line-clamp: 0;\" >\n\t<div class=\"fg-item fg-type-image fg-idle\"><figure class=\"fg-item-inner\"><a href=\"https:\/\/www.jvmmetal.cz\/wp-content\/uploads\/2025\/11\/automaticka-paskovaci-linky.jpg\" data-attachment-id=\"11800\" data-type=\"image\" class=\"fg-thumb\"><span class=\"fg-image-wrap\"><img decoding=\"async\" width=\"180\" height=\"140\" class=\"skip-lazy fg-image\" data-src-fg=\"https:\/\/www.jvmmetal.cz\/wp-content\/uploads\/cache\/2025\/11\/automaticka-paskovaci-linky\/2347002644.jpg\" src=\"data:image\/svg+xml,%3Csvg%20xmlns%3D%22http%3A%2F%2Fwww.w3.org%2F2000%2Fsvg%22%20width%3D%22180%22%20height%3D%22140%22%20viewBox%3D%220%200%20180%20140%22%3E%3C%2Fsvg%3E\" loading=\"eager\"><\/span><span class=\"fg-image-overlay\"><\/span><\/a><\/figure><div class=\"fg-loader\"><\/div><\/div><div class=\"fg-item fg-type-image fg-idle\"><figure class=\"fg-item-inner\"><a href=\"https:\/\/www.jvmmetal.cz\/wp-content\/uploads\/2025\/11\/automaticka-paskovacka.jpg\" data-attachment-id=\"11802\" data-type=\"image\" class=\"fg-thumb\"><span class=\"fg-image-wrap\"><img decoding=\"async\" width=\"180\" height=\"140\" class=\"skip-lazy fg-image\" data-src-fg=\"https:\/\/www.jvmmetal.cz\/wp-content\/uploads\/cache\/2025\/11\/automaticka-paskovacka\/2897042469.jpg\" src=\"data:image\/svg+xml,%3Csvg%20xmlns%3D%22http%3A%2F%2Fwww.w3.org%2F2000%2Fsvg%22%20width%3D%22180%22%20height%3D%22140%22%20viewBox%3D%220%200%20180%20140%22%3E%3C%2Fsvg%3E\" loading=\"eager\"><\/span><span class=\"fg-image-overlay\"><\/span><\/a><\/figure><div class=\"fg-loader\"><\/div><\/div><div class=\"fg-item fg-type-image fg-idle\"><figure class=\"fg-item-inner\"><a href=\"https:\/\/www.jvmmetal.cz\/wp-content\/uploads\/2025\/11\/dopravnikova-tocka.jpg\" data-attachment-id=\"11804\" data-type=\"image\" class=\"fg-thumb\"><span class=\"fg-image-wrap\"><img decoding=\"async\" width=\"180\" height=\"140\" class=\"skip-lazy fg-image\" data-src-fg=\"https:\/\/www.jvmmetal.cz\/wp-content\/uploads\/cache\/2025\/11\/dopravnikova-tocka\/2367822888.jpg\" src=\"data:image\/svg+xml,%3Csvg%20xmlns%3D%22http%3A%2F%2Fwww.w3.org%2F2000%2Fsvg%22%20width%3D%22180%22%20height%3D%22140%22%20viewBox%3D%220%200%20180%20140%22%3E%3C%2Fsvg%3E\" loading=\"eager\"><\/span><span class=\"fg-image-overlay\"><\/span><\/a><\/figure><div class=\"fg-loader\"><\/div><\/div><div class=\"fg-item fg-type-image fg-idle\"><figure class=\"fg-item-inner\"><a href=\"https:\/\/www.jvmmetal.cz\/wp-content\/uploads\/2025\/11\/dopravniky-pro-prepravu-palet.jpg\" data-attachment-id=\"11806\" data-type=\"image\" class=\"fg-thumb\"><span class=\"fg-image-wrap\"><img decoding=\"async\" width=\"180\" height=\"140\" class=\"skip-lazy fg-image\" data-src-fg=\"https:\/\/www.jvmmetal.cz\/wp-content\/uploads\/cache\/2025\/11\/dopravniky-pro-prepravu-palet\/1771072380.jpg\" src=\"data:image\/svg+xml,%3Csvg%20xmlns%3D%22http%3A%2F%2Fwww.w3.org%2F2000%2Fsvg%22%20width%3D%22180%22%20height%3D%22140%22%20viewBox%3D%220%200%20180%20140%22%3E%3C%2Fsvg%3E\" loading=\"eager\"><\/span><span class=\"fg-image-overlay\"><\/span><\/a><\/figure><div class=\"fg-loader\"><\/div><\/div><\/div>\n\n<p>[\/vc_column_text][vc_empty_space][\/vc_column][vc_column width=&#8221;1\/3&#8243;][vc_widget_sidebar sidebar_id=&#8221;blog-sidebar&#8221;][\/vc_column][\/vc_row][vc_row disable_element=&#8221;yes&#8221;][vc_column]<div class=\"video-container play-button-center \"><a data-toggle=\"modal\" data-target=\"#video-modal-kd-video-modal-69e3febd67d4a\" data-src=\"\" data-backdrop=\"true\"><span class=\"play-video\"><span class=\"fas fa-play\"><\/span><\/span><\/a><\/div><div class=\"modal fade video-modal\" id=\"video-modal-kd-video-modal-69e3febd67d4a\" role=\"dialog\">\n                            <div class=\"modal-content\">\n                            <div class=\"row\"><iframe width=\"1024\" height=\"576\" allow=\"accelerometer; autoplay; encrypted-media; gyroscope; picture-in-picture\" allowfullscreen><\/iframe><\/div>\n                            <\/div>\n                        <\/div>[\/vc_column][\/vc_row]<\/p>\n<\/div>","protected":false},"excerpt":{"rendered":"<p>[vc_row css=&#8221;.vc_custom_1764148178406{padding-right: 0px !important;padding-left: 0px !important;}&#8221;][vc_column width=&#8221;2\/3&#8243; css=&#8221;.vc_custom_1764148220396{padding-right: 0px !important;padding-left: 0px !important;}&#8221;][vc_custom_heading source=&#8221;post_title&#8221; font_container=&#8221;tag:h1|text_align:left&#8221; use_theme_fonts=&#8221;yes&#8221; css=&#8221;&#8221;][vc_column_text css=&#8221;&#8221;]Zefekt\u00edvnite va\u0161u intern\u00fa logistiku a baliace procesy. Automatick\u00e9 p\u00e1skovacie stroje s\u00fa<\/p>\n","protected":false},"author":3,"featured_media":11792,"parent":0,"menu_order":0,"comment_status":"closed","ping_status":"closed","template":"","meta":{"footnotes":""},"categories":[161],"tags":[],"class_list":["post-12009","page","type-page","status-publish","has-post-thumbnail","hentry","category-sluzby"],"_links":{"self":[{"href":"https:\/\/www.jvmmetal.cz\/sk\/wp-json\/wp\/v2\/pages\/12009","targetHints":{"allow":["GET"]}}],"collection":[{"href":"https:\/\/www.jvmmetal.cz\/sk\/wp-json\/wp\/v2\/pages"}],"about":[{"href":"https:\/\/www.jvmmetal.cz\/sk\/wp-json\/wp\/v2\/types\/page"}],"author":[{"embeddable":true,"href":"https:\/\/www.jvmmetal.cz\/sk\/wp-json\/wp\/v2\/users\/3"}],"replies":[{"embeddable":true,"href":"https:\/\/www.jvmmetal.cz\/sk\/wp-json\/wp\/v2\/comments?post=12009"}],"version-history":[{"count":14,"href":"https:\/\/www.jvmmetal.cz\/sk\/wp-json\/wp\/v2\/pages\/12009\/revisions"}],"predecessor-version":[{"id":13965,"href":"https:\/\/www.jvmmetal.cz\/sk\/wp-json\/wp\/v2\/pages\/12009\/revisions\/13965"}],"wp:featuredmedia":[{"embeddable":true,"href":"https:\/\/www.jvmmetal.cz\/sk\/wp-json\/wp\/v2\/media\/11792"}],"wp:attachment":[{"href":"https:\/\/www.jvmmetal.cz\/sk\/wp-json\/wp\/v2\/media?parent=12009"}],"wp:term":[{"taxonomy":"category","embeddable":true,"href":"https:\/\/www.jvmmetal.cz\/sk\/wp-json\/wp\/v2\/categories?post=12009"},{"taxonomy":"post_tag","embeddable":true,"href":"https:\/\/www.jvmmetal.cz\/sk\/wp-json\/wp\/v2\/tags?post=12009"}],"curies":[{"name":"wp","href":"https:\/\/api.w.org\/{rel}","templated":true}]}}