{"id":12729,"date":"2018-09-26T11:33:42","date_gmt":"2018-09-26T11:33:42","guid":{"rendered":"https:\/\/www.jvmmetal.cz\/mapa-webu\/"},"modified":"2026-02-11T09:24:14","modified_gmt":"2026-02-11T09:24:14","slug":"mapa-webu","status":"publish","type":"page","link":"https:\/\/www.jvmmetal.cz\/sk\/mapa-webu\/","title":{"rendered":"Mapa webu"},"content":{"rendered":"<div class=\"wpb-content-wrapper\"><p>[vc_row][vc_column][vc_column_text css=&#8221;&#8221;]<\/p>\n<h1 style=\"text-align: center;\">Mapa webu<\/h1>\n<p>[\/vc_column_text][vc_empty_space][vc_column_text]<div class=\"wsp-container\"><h2 class=\"wsp-pages-title\">Str\u00e1nky<\/h2>\n<ul class=\"wsp-pages-list\">\n<li class=\"page_item page-item-9108\"><a href=\"https:\/\/www.jvmmetal.cz\/sk\/antikorova-vyroba\/\">Antikorov\u00e1 v\u00fdroba<\/a><\/li>\n<li class=\"page_item page-item-9191\"><a href=\"https:\/\/www.jvmmetal.cz\/sk\/automaticka-paletizacia-depaletizacia\/\">Automatick\u00e1 paletiz\u00e1cia \/ depaletiz\u00e1cia<\/a><\/li>\n<li class=\"page_item page-item-12000\"><a href=\"https:\/\/www.jvmmetal.cz\/sk\/automaticke-ovinovacie-linky\/\">Automatick\u00e9 ovinovacie linky<\/a><\/li>\n<li class=\"page_item page-item-12009\"><a href=\"https:\/\/www.jvmmetal.cz\/sk\/automaticke-paskovacie-linky\/\">Automatick\u00e9 p\u00e1skovacie linky<\/a><\/li>\n<li class=\"page_item page-item-11994\"><a href=\"https:\/\/www.jvmmetal.cz\/sk\/baliace-linky-na-mieru\/\">Baliace linky na mieru<\/a><\/li>\n<li class=\"page_item page-item-11980\"><a href=\"https:\/\/www.jvmmetal.cz\/sk\/clanky\/\">\u010cl\u00e1nky<\/a><\/li>\n<li class=\"page_item page-item-9110\"><a href=\"https:\/\/www.jvmmetal.cz\/sk\/cnc-ohybanie-drotov-3d\/\">CNC Oh\u00fdbanie dr\u00f4tov 3D<\/a><\/li>\n<li class=\"page_item page-item-9066\"><a href=\"https:\/\/www.jvmmetal.cz\/sk\/dopravnik-na-uhlie\/\">Dopravn\u00edk na uhlie<\/a><\/li>\n<li class=\"page_item page-item-9089\"><a href=\"https:\/\/www.jvmmetal.cz\/sk\/dopravnikove-komponenty\/\">Dopravn\u00edkov\u00e9 komponenty<\/a><\/li>\n<li class=\"page_item page-item-9096\"><a href=\"https:\/\/www.jvmmetal.cz\/sk\/dopravnikove-pasy-sk\/\">Dopravn\u00edkov\u00e9 p\u00e1sy<\/a><\/li>\n<li class=\"page_item page-item-9102\"><a href=\"https:\/\/www.jvmmetal.cz\/sk\/dopravnikove-systemy-sk-2\/\">Dopravn\u00edkov\u00e9 syst\u00e9my<\/a><\/li>\n<li class=\"page_item page-item-9127\"><a href=\"https:\/\/www.jvmmetal.cz\/sk\/\">Dopravn\u00edkov\u00e9 syst\u00e9my sk<\/a><\/li>\n<li class=\"page_item page-item-9094\"><a href=\"https:\/\/www.jvmmetal.cz\/sk\/dopravnikove-valceky\/\">Dopravn\u00edkov\u00e9 val\u010deky<\/a><\/li>\n<li class=\"page_item page-item-9106\"><a href=\"https:\/\/www.jvmmetal.cz\/sk\/dopravnikove-vaziace-systemy\/\">Dopravn\u00edkov\u00e9 v\u00e1\u017eiace syst\u00e9my<\/a><\/li>\n<li class=\"page_item page-item-9001\"><a href=\"https:\/\/www.jvmmetal.cz\/sk\/dopravniky-na-kusovy-material-sk\/\">Dopravn\u00edky na kusov\u00fd materi\u00e1l<\/a><\/li>\n<li class=\"page_item page-item-8999\"><a href=\"https:\/\/www.jvmmetal.cz\/sk\/dopravniky-na-sypky-material-sk\/\">Dopravn\u00edky na sypk\u00fd materi\u00e1l<\/a><\/li>\n<li class=\"page_item page-item-10135\"><a href=\"https:\/\/www.jvmmetal.cz\/sk\/dopravniky-pre-logisticke-centra\/\">Dopravn\u00edky pre logistick\u00e9 centr\u00e1<\/a><\/li>\n<li class=\"page_item page-item-9007\"><a href=\"https:\/\/www.jvmmetal.cz\/sk\/dopravniky-s-detektormi-kovov\/\">Dopravn\u00edky s detektormi kovov<\/a><\/li>\n<li class=\"page_item page-item-9098\"><a href=\"https:\/\/www.jvmmetal.cz\/sk\/elektromotory-a-prevodovky-sk\/\">Elektromotory a prevodovky<\/a><\/li>\n<li class=\"page_item page-item-12760\"><a href=\"https:\/\/www.jvmmetal.sk\" target=\"_blank\" rel=\"noopener\">Eshop<\/a><\/li>\n<li class=\"page_item page-item-9282\"><a href=\"https:\/\/www.jvmmetal.cz\/sk\/kontakt-sk\/\">Kontakt<\/a><\/li>\n<li class=\"page_item page-item-9120\"><a href=\"https:\/\/www.jvmmetal.cz\/sk\/lisovanie\/\">Lisovanie<\/a><\/li>\n<li class=\"page_item page-item-12729\"><a href=\"https:\/\/www.jvmmetal.cz\/sk\/mapa-webu\/\">Mapa webu<\/a><\/li>\n<li class=\"page_item page-item-9124\"><a href=\"https:\/\/www.jvmmetal.cz\/sk\/o-nas-2\/\">O n\u00e1s<\/a><\/li>\n<li class=\"page_item page-item-9168\"><a href=\"https:\/\/www.jvmmetal.cz\/sk\/valeckove-dopravni-sk\/\">Paletov\u00e1 preprava<\/a><\/li>\n<li class=\"page_item page-item-10067\"><a href=\"https:\/\/www.jvmmetal.cz\/sk\/pasovy-dopravnik-profi-sk\/\">P\u00e1sov\u00fd dopravn\u00edk PROFI<\/a><\/li>\n<li class=\"page_item page-item-9100\"><a href=\"https:\/\/www.jvmmetal.cz\/sk\/pasovy-dopravnik-standard-sk\/\">P\u00e1sov\u00fd dopravn\u00edk STANDARD<\/a><\/li>\n<li class=\"page_item page-item-9004\"><a href=\"https:\/\/www.jvmmetal.cz\/sk\/potravinarske-dopravniky\/\">Potravin\u00e1rske dopravn\u00edky<\/a><\/li>\n<li class=\"page_item page-item-9122\"><a href=\"https:\/\/www.jvmmetal.cz\/sk\/roboticke-zvaranie\/\">Robotick\u00e9 zv\u00e1ranie<\/a><\/li>\n<li class=\"page_item page-item-9017\"><a href=\"https:\/\/www.jvmmetal.cz\/sk\/valcekove-dopravniky\/\">Val\u010dekov\u00e9 dopravn\u00edky<\/a><\/li>\n<li class=\"page_item page-item-9060\"><a href=\"https:\/\/www.jvmmetal.cz\/sk\/pasove-dopravniky-sk\/\">P\u00e1sov\u00e9 dopravn\u00edky<\/a><\/li>\n<li class=\"page_item page-item-9189\"><a href=\"https:\/\/www.jvmmetal.cz\/sk\/priemyselna-automatizacia-robotizacia\/\">Priemyseln\u00e1 automatiz\u00e1cia \/ Robotiz\u00e1cia<\/a><\/li>\n<li class=\"page_item page-item-9104\"><a href=\"https:\/\/www.jvmmetal.cz\/sk\/magneticka-separacia-kovov\/\">Magnetick\u00e1 separ\u00e1cia kovov<\/a><\/li>\n<li class=\"page_item page-item-9264\"><a href=\"https:\/\/www.jvmmetal.cz\/sk\/kovovyroba-2\/\">Kovov\u00fdroba<\/a><\/li>\n<li class=\"page_item page-item-12738\"><a href=\"https:\/\/www.jvmmetal.cz\/sk\/osobni-udaje\/\">Osobn\u00ed \u00fadaje<\/a><\/li>\n<li class=\"page_item page-item-12733\"><a href=\"https:\/\/www.jvmmetal.cz\/sk\/cookie-policy\/\">Cookie policy<\/a><\/li>\n<\/ul>\n<h2 class=\"wsp-posts-title\">Pr\u00edspevky pod\u013ea kateg\u00f3rie<\/h2>\n<ul class=\"wsp-posts-list\">\n\t<li><strong class=\"wsp-category-title\">Kateg\u00f3ria:<a href=\"https:\/\/www.jvmmetal.cz\/sk\/category\/blog-sk\/\">Blog-sk<\/a><\/strong>\n<ul class=\"wsp-posts-list\">\t\t<li class=\"wsp-post\"><a href=\"https:\/\/www.jvmmetal.cz\/sk\/dopravnik-univerzalny-vojak-pre-logisticke-centra\/\">Dopravn\u00edk: univerz\u00e1lny vojak pre logistick\u00e9 centr\u00e1<\/a><\/li>\n\t\t<li class=\"wsp-post\"><a href=\"https:\/\/www.jvmmetal.cz\/sk\/udrzba-dopravnikov-aj-tych-bezudrzbovych\/\">\u00dadr\u017eba dopravn\u00edkov: aj t\u00fdch bez\u00fadr\u017ebov\u00fdch<\/a><\/li>\n\t\t<li class=\"wsp-post\"><a href=\"https:\/\/www.jvmmetal.cz\/sk\/o-vyberovych-konaniach-uz-nerozhoduje-iba-najnizsia-cena\/\">O v\u00fdberov\u00fdch konaniach u\u017e nerozhoduje iba najni\u017e\u0161ia cena<\/a><\/li>\n\t\t<li class=\"wsp-post\"><a href=\"https:\/\/www.jvmmetal.cz\/sk\/5-trendov-dizajnu-dopravnikov-pre-rok-2020\/\">5 trendov dizajnu dopravn\u00edkov pre rok 2020<\/a><\/li>\n\t\t<li class=\"wsp-post\"><a href=\"https:\/\/www.jvmmetal.cz\/sk\/8-zakladnych-typov-pasovych-dopravnikov-a-ich-aplikacie-2-cast\/\">8 z\u00e1kladn\u00fdch typov p\u00e1sov\u00fdch dopravn\u00edkov a ich aplik\u00e1cie (2. \u010das\u0165)<\/a><\/li>\n\t\t<li class=\"wsp-post\"><a href=\"https:\/\/www.jvmmetal.cz\/sk\/8-zakladnych-typov-pasovych-dopravnikov-a-ich-aplikacia-1-cast\/\">8 z\u00e1kladn\u00fdch typov p\u00e1sov\u00fdch dopravn\u00edkov a ich aplik\u00e1cia (1. \u010das\u0165)<\/a><\/li>\n\t\t<li class=\"wsp-post\"><a href=\"https:\/\/www.jvmmetal.cz\/sk\/historicky-pohlad-na-automatizaciu-vyroby\/\">Historick\u00fd poh\u013ead na automatiz\u00e1ciu v\u00fdroby<\/a><\/li>\n\t\t<li class=\"wsp-post\"><a href=\"https:\/\/www.jvmmetal.cz\/sk\/5-vyhod-pasoveho-dopravnika\/\">5 v\u00fdhod p\u00e1sov\u00e9ho dopravn\u00edka<\/a><\/li>\n\t\t<li class=\"wsp-post\"><a href=\"https:\/\/www.jvmmetal.cz\/sk\/nedoceneny-pomocnik-dopravnikove-systemy-vo-vyrobnom-priemysle\/\">Nedocenen\u00fd pomocn\u00edk | dopravn\u00edkov\u00e9 syst\u00e9my vo v\u00fdrobnom priemysle<\/a><\/li>\n\t\t<li class=\"wsp-post\"><a href=\"https:\/\/www.jvmmetal.cz\/sk\/4-dolezite-kroky-pre-vyber-vasho-dopravnika\/\">4 d\u00f4le\u017eit\u00e9 kroky pre v\u00fdber v\u00e1\u0161ho dopravn\u00edka<\/a><\/li>\n\t\t<li class=\"wsp-post\"><a href=\"https:\/\/www.jvmmetal.cz\/sk\/vyhody-implementacie-dopravnikoveho-systemu-vo-vyrobnom-zavode\/\">V\u00fdhody implement\u00e1cie dopravn\u00edkov\u00e9ho syst\u00e9mu vo v\u00fdrobnom z\u00e1vode<\/a><\/li>\n\t\t<li class=\"wsp-post\"><a href=\"https:\/\/www.jvmmetal.cz\/sk\/3-zlozky-dopravnikovych-technologii-buducnosti\/\">3 zlo\u017eky dopravn\u00edkov\u00fdch technol\u00f3gi\u00ed bud\u00facnosti<\/a><\/li>\n\t\t<li class=\"wsp-post\"><a href=\"https:\/\/www.jvmmetal.cz\/sk\/existuju-bezudrzbove-dopravniky\/\">Existuj\u00fa bez\u00fadr\u017ebov\u00e9 dopravn\u00edky?<\/a><\/li>\n\t\t<li class=\"wsp-post\"><a href=\"https:\/\/www.jvmmetal.cz\/sk\/automatizacia-v-logistike-je-trendom-sucasnosti\/\">Automatiz\u00e1cia v logistike je trendom s\u00fa\u010dasnosti<\/a><\/li>\n<\/ul><\/li>\n\t<li><strong class=\"wsp-category-title\">Kateg\u00f3ria:<a href=\"https:\/\/www.jvmmetal.cz\/sk\/category\/sluzby\/\">Sluzby<\/a><\/strong>\n<ul class=\"wsp-posts-list\">\t\t<li class=\"wsp-post\"><a href=\"https:\/\/www.jvmmetal.cz\/sk\/automaticke-paskovaci-stroje-2\/\">Automatick\u00e9 p\u00e1skovacie stroje<\/a><\/li>\n\t\t<li class=\"wsp-post\"><a href=\"https:\/\/www.jvmmetal.cz\/sk\/baliace-stroje\/\">Baliace stroje<\/a><\/li>\n\t\t<li class=\"wsp-post\"><a href=\"https:\/\/www.jvmmetal.cz\/sk\/automaticke-ovijacie-stroje\/\">Automatick\u00e9 ov\u00edjacie stroje<\/a><\/li>\n<\/ul><\/li>\n\t<li><strong class=\"wsp-category-title\">Kateg\u00f3ria:<a href=\"https:\/\/www.jvmmetal.cz\/sk\/category\/sluzby-sk\/\">Slu\u017eby SK<\/a><\/strong>\n<\/li>\n\t<li><strong class=\"wsp-category-title\">Kateg\u00f3ria:<a href=\"https:\/\/www.jvmmetal.cz\/sk\/category\/sorter\/\">Sorter<\/a><\/strong>\n<\/li>\n<\/ul>\n<h2 class=\"wsp-wpf_post_its-title\">Notes<\/h2>\n<ul class=\"wsp-wpf_post_its-list\">\n<li><a href=\"https:\/\/www.jvmmetal.cz\/sk\/wpf_post_it\/new-note\/\">Rychl\u00e9 odkazy<\/a><\/li>\n<\/ul>\n<h2 class=\"wsp-asenha_code_snippets-title\">\u00daryvky k\u00f3du<\/h2>\n<ul class=\"wsp-asenha_code_snippets-list\">\n<li><a href=\"https:\/\/www.jvmmetal.cz\/sk\/code-snippet\/css-aktualizace-stranek-stroju-2025\/\">CSS - aktualizace str\u00e1nek stroj\u016f 2025<\/a><\/li>\n<li><a href=\"https:\/\/www.jvmmetal.cz\/sk\/code-snippet\/css-opravy-po-update-2024\/\">CSS opravy po update 2024<\/a><\/li>\n<li><a href=\"https:\/\/www.jvmmetal.cz\/sk\/code-snippet\/jquery-kotvy-posun\/\">JQuery - kotvy posun<\/a><\/li>\n<li><a href=\"https:\/\/www.jvmmetal.cz\/sk\/code-snippet\/css-2024\/\">CSS - 2024<\/a><\/li>\n<li><a href=\"https:\/\/www.jvmmetal.cz\/sk\/code-snippet\/css-wpforms\/\">CSS Wpforms<\/a><\/li>\n<li><a href=\"https:\/\/www.jvmmetal.cz\/sk\/code-snippet\/css-general\/\">CSS - General<\/a><\/li>\n<\/ul>\n<h2 class=\"wsp-static-blocks-title\">Static Blocks<\/h2>\n<ul class=\"wsp-static-blocks-list\">\n<li><a href=\"https:\/\/www.jvmmetal.cz\/sk\/static-block\/carousel-obrazky-sorter\/\">Carousel - obrazky -sorter<\/a><\/li>\n<li><a href=\"https:\/\/www.jvmmetal.cz\/sk\/static-block\/kontakni-form-accordeon\/\">Kontakn\u00ed form - accordeon SK<\/a><\/li>\n<li><a href=\"https:\/\/www.jvmmetal.cz\/sk\/static-block\/paticka-clanky\/\">Paticka-clanky-sk<\/a><\/li>\n<\/ul>\n<h2 class=\"wsp-popups-title\">Popups<\/h2>\n<ul class=\"wsp-popups-list\">\n<li><a href=\"https:\/\/www.jvmmetal.cz\/sk\/?post_type=popup&amp;p=11407\">Sleva 20%<\/a><\/li>\n<li><a href=\"https:\/\/www.jvmmetal.cz\/sk\/?post_type=popup&amp;p=11406\">Example: Auto-opening announcement popup<\/a><\/li>\n<\/ul>\n<h2 class=\"wsp-popup_themes-title\">Popup Themes<\/h2>\n<ul class=\"wsp-popup_themes-list\">\n<li><a href=\"https:\/\/www.jvmmetal.cz\/sk\/?post_type=popup_theme&amp;p=11405\">Content Only - For use with page builders or block editor<\/a><\/li>\n<li><a href=\"https:\/\/www.jvmmetal.cz\/sk\/?post_type=popup_theme&amp;p=11404\">Floating Bar - Soft Blue<\/a><\/li>\n<li><a href=\"https:\/\/www.jvmmetal.cz\/sk\/?post_type=popup_theme&amp;p=11403\">Framed Border<\/a><\/li>\n<li><a href=\"https:\/\/www.jvmmetal.cz\/sk\/?post_type=popup_theme&amp;p=11402\">Cutting Edge<\/a><\/li>\n<li><a href=\"https:\/\/www.jvmmetal.cz\/sk\/?post_type=popup_theme&amp;p=11401\">Hello Box<\/a><\/li>\n<li><a href=\"https:\/\/www.jvmmetal.cz\/sk\/?post_type=popup_theme&amp;p=11400\">Enterprise Blue<\/a><\/li>\n<li><a href=\"https:\/\/www.jvmmetal.cz\/sk\/?post_type=popup_theme&amp;p=11399\">Light Box<\/a><\/li>\n<li><a href=\"https:\/\/www.jvmmetal.cz\/sk\/?post_type=popup_theme&amp;p=11398\">Default Theme<\/a><\/li>\n<\/ul>\n<\/div>[\/vc_column_text][\/vc_column][\/vc_row]<\/p>\n<\/div>","protected":false},"excerpt":{"rendered":"<p>[vc_row][vc_column][vc_column_text css=&#8221;&#8221;] Mapa webu [\/vc_column_text][vc_empty_space][vc_column_text][\/vc_column_text][\/vc_column][\/vc_row]<\/p>\n","protected":false},"author":4,"featured_media":0,"parent":0,"menu_order":0,"comment_status":"closed","ping_status":"closed","template":"","meta":{"footnotes":""},"categories":[],"tags":[],"class_list":["post-12729","page","type-page","status-publish","hentry"],"_links":{"self":[{"href":"https:\/\/www.jvmmetal.cz\/sk\/wp-json\/wp\/v2\/pages\/12729","targetHints":{"allow":["GET"]}}],"collection":[{"href":"https:\/\/www.jvmmetal.cz\/sk\/wp-json\/wp\/v2\/pages"}],"about":[{"href":"https:\/\/www.jvmmetal.cz\/sk\/wp-json\/wp\/v2\/types\/page"}],"author":[{"embeddable":true,"href":"https:\/\/www.jvmmetal.cz\/sk\/wp-json\/wp\/v2\/users\/4"}],"replies":[{"embeddable":true,"href":"https:\/\/www.jvmmetal.cz\/sk\/wp-json\/wp\/v2\/comments?post=12729"}],"version-history":[{"count":1,"href":"https:\/\/www.jvmmetal.cz\/sk\/wp-json\/wp\/v2\/pages\/12729\/revisions"}],"predecessor-version":[{"id":12732,"href":"https:\/\/www.jvmmetal.cz\/sk\/wp-json\/wp\/v2\/pages\/12729\/revisions\/12732"}],"wp:attachment":[{"href":"https:\/\/www.jvmmetal.cz\/sk\/wp-json\/wp\/v2\/media?parent=12729"}],"wp:term":[{"taxonomy":"category","embeddable":true,"href":"https:\/\/www.jvmmetal.cz\/sk\/wp-json\/wp\/v2\/categories?post=12729"},{"taxonomy":"post_tag","embeddable":true,"href":"https:\/\/www.jvmmetal.cz\/sk\/wp-json\/wp\/v2\/tags?post=12729"}],"curies":[{"name":"wp","href":"https:\/\/api.w.org\/{rel}","templated":true}]}}