{"id":12738,"date":"2018-09-10T06:20:07","date_gmt":"2018-09-10T06:20:07","guid":{"rendered":"https:\/\/www.jvmmetal.cz\/osobni-udaje\/"},"modified":"2026-02-11T09:29:40","modified_gmt":"2026-02-11T09:29:40","slug":"osobni-udaje","status":"publish","type":"page","link":"https:\/\/www.jvmmetal.cz\/sk\/osobni-udaje\/","title":{"rendered":"Osobn\u00ed \u00fadaje"},"content":{"rendered":"<div class=\"wpb-content-wrapper\"><p>[vc_row][vc_column width=&#8221;2\/3&#8243;][vc_column_text css=&#8221;&#8221;]<\/p>\n<h1 class=\"post-title\">Z\u00e1sady ochrany osobn\u00fdch \u00fadajov<\/h1>\n<p>Tieto z\u00e1sady ochrany osobn\u00fdch \u00fadajov s\u00fa platn\u00e9 pre JVM metal s.r.o. so s\u00eddlom Brdo 9, 507 91 Star\u00e1 Paka, Slovensko <strong>I\u010cO:<\/strong> <a href=\"https:\/\/or.justice.cz\/ias\/ui\/rejstrik-firma.vysledky?subjektId=133969&amp;typ=UPLNY\" rel=\"noopener\" target=\"_blank\">27470458<\/a>,\u00a0<strong>DI\u010c:<\/strong>\u00a0<a href=\"https:\/\/adisreg.mfcr.sk\/cgi-bin\/adis\/idph\/int_dp_prij.cgi?id=1&amp;pocet=1&amp;fu=&amp;OK=+Search+&amp;ZPRAC=RDPHI1&amp;dic=27470458\" target=\"_blank\" rel=\"noopener\">CZ27470458<\/a>\u00a0\u010falej len spolo\u010dnos\u0165 <strong>JVM metal s.r.o.<\/strong>.<\/p>\n<p><strong>Inform\u00e1cie na spracovanie osobn\u00fdch \u00fadajov<\/strong><\/p>\n<p>Spolo\u010dnos\u0165 JVM metal s.r.o. db\u00e1 na ochranu osobn\u00fdch \u00fadajov, ktor\u00e9 n\u00e1m odovzd\u00e1vate. Je d\u00f4le\u017eit\u00e9, aby ste vedeli, \u017ee osobn\u00e9 \u00fadaje, ktor\u00e9 n\u00e1m poskytujete spracov\u00e1vame zodpovedne, transparentne av s\u00falade s Nariaden\u00edm Eur\u00f3pskeho parlamentu a Rady (E\u00da) 2016\/679. M\u00e1te n\u00e1rok po\u017eiada\u0165 o inform\u00e1cie o evidovan\u00fdch osobn\u00fdch \u00fadajoch, ich opravu \u010di v\u00fdmaz, pokia\u013e s\u00fa udelen\u00e9 na z\u00e1klade Vami udelen\u00e9ho s\u00fahlasu. Pokia\u013e doch\u00e1dza k automatizovan\u00e9mu spracovaniu, m\u00e1te pr\u00e1vo na prenosite\u013enos\u0165 \u00fadajov a neby\u0165 predmetom rozhodnutia zalo\u017een\u00e9ho v\u00fdhradne na tomto rozhodovan\u00ed. V pr\u00edpade ak\u00fdchko\u013evek ot\u00e1zok a \u017eiadost\u00ed t\u00fdkaj\u00facich sa spracovania Va\u0161ich osobn\u00fdch \u00fadajov sa na n\u00e1s m\u00f4\u017eete obr\u00e1ti\u0165 p\u00edsomne \u200b\u200bna adrese s\u00eddla spolo\u010dnosti.<\/p>\n<p><strong>Zabezpe\u010denie va\u0161ich osobn\u00fdch \u00fadajov<\/strong><\/p>\n<p>Spolo\u010dnos\u0165 JVM metal s.r.o. db\u00e1 na bezpe\u010dnos\u0165 osobn\u00fdch d\u00e1t, ktor\u00e9 n\u00e1m odovzd\u00e1vate. K Va\u0161im osobn\u00fdm \u00fadajom, ktor\u00e9 sme od V\u00e1s z\u00edskali, nem\u00e1 pr\u00edstup \u017eiadna neopr\u00e1vnen\u00e1 osoba a neodovzd\u00e1vame ho bez V\u00e1\u0161ho s\u00fahlasu \u010fal\u0161\u00edm subjektom na \u010fal\u0161ie spracovanie, pokia\u013e to nevy\u017eaduje z\u00e1kon alebo v pr\u00edpade ochrany na\u0161ich pr\u00e1vnych z\u00e1ujmov.<\/p>\n<p><strong>Pr\u00e1vo na inform\u00e1cie<\/strong><\/p>\n<p>Va\u0161\u00edm pr\u00e1vom je po\u017eiada\u0165 Spolo\u010dnos\u0165 JVM metal s.r.o. o inform\u00e1cie, ak\u00e9 osobn\u00e9 \u00fadaje av akom rozsahu a na ak\u00fd \u00fa\u010del o V\u00e1s spracov\u00e1vame. Tieto inform\u00e1cie V\u00e1m poskytneme zadarmo v lehote najnesk\u00f4r 30 dn\u00ed, v mimoriadnych situ\u00e1ci\u00e1ch potom najnesk\u00f4r v lehote 90 dn\u00ed. O pred\u013a\u017een\u00ed lehoty v mimoriadnych pr\u00edpadoch V\u00e1s budeme v\u010das informova\u0165. Pokia\u013e budete po\u017eadova\u0165 ozn\u00e1menie inform\u00e1ci\u00ed, ktor\u00e9 o V\u00e1s evidujeme, budeme najsk\u00f4r potrebova\u0165 overi\u0165, \u017ee ste skuto\u010dne osoba, ktorej patr\u00ed t\u00e1to inform\u00e1cia. Vo Va\u0161ej \u017eiadosti teda uve\u010fte dostato\u010dn\u00fa identifik\u00e1ciu Va\u0161ej osoby. V pr\u00edpade potreby m\u00e1me pr\u00e1vo vy\u017eiada\u0165 si dopl\u0148uj\u00face inform\u00e1cie na Va\u0161u identifik\u00e1ciu, ne\u017e V\u00e1m poskytneme osobn\u00e9 \u00fadaje, ktor\u00e9 spracov\u00e1vame k Va\u0161ej osobe. Na\u0161\u00edm pr\u00e1vom je potom od\u00f4vodnene zamietnu\u0165 po\u017eiadavky na inform\u00e1cie, ktor\u00e9 s\u00fa bezd\u00f4vodn\u00e9, alebo sa neprimerane opakuj\u00fa, pr\u00edpadne ich z\u00edskanie vy\u017eaduje neprimeran\u00e9 \u00fasilie alebo by boli \u0165a\u017eko z\u00edskate\u013en\u00e9 (typicky zo z\u00e1loh, arch\u00edvov a pod.).<\/p>\n<p><strong>Pr\u00e1vo na prenosnos\u0165 \u00fadajov<\/strong><\/p>\n<p>M\u00e1te pr\u00e1vo z\u00edska\u0165 osobn\u00e9 \u00fadaje, ktor\u00e9 o V\u00e1s evidujeme, v \u0161trukt\u00farovanom, be\u017ene pou\u017e\u00edvanom a strojovo \u010ditate\u013enom form\u00e1te. Na z\u00e1klade Va\u0161ej \u017eiadosti m\u00f4\u017eu by\u0165 tieto d\u00e1ta odovzdan\u00e9 in\u00e9mu spr\u00e1vcovi.<\/p>\n<p><strong>Aktualiz\u00e1cia \u00fadajov, pr\u00e1vo na opravu<\/strong><\/p>\n<p>Ke\u010f\u017ee sa m\u00f4\u017eu osobn\u00e9 \u00fadaje v priebehu \u010dasu meni\u0165 (napr\u00edklad zmena Priezviska), budeme radi, ak n\u00e1s informujete, \u017ee u V\u00e1s nastala nejak\u00e1 zmena, tak aby sme Va\u0161e osobn\u00e9 \u00fadaje mali aktu\u00e1lne a nedoch\u00e1dzalo k pr\u00edpadn\u00fdm omylom. Podanie inform\u00e1cie o zmene \u00fadajov je nevyhnutn\u00e9 pre to, aby sme mohli riadne vykon\u00e1va\u0165 svoju \u010dinnos\u0165 Spr\u00e1vcu. S t\u00fdm s\u00favis\u00ed aj Va\u0161e pr\u00e1vo na opravu osobn\u00fdch \u00fadajov, ktor\u00e9 o V\u00e1s evidujeme. Pokia\u013e zist\u00edte, \u017ee na\u0161e \u00fadaje u\u017e nie s\u00fa aktu\u00e1lne, m\u00e1te pr\u00e1vo po\u017eadova\u0165 ich opravu. Svoje d\u00e1ta m\u00f4\u017eete skontrolova\u0165 alebo zmeni\u0165 po prihl\u00e1sen\u00ed na tomto webe. Pokia\u013e si nie ste ist\u00ed, nev\u00e1hajte n\u00e1s kontaktova\u0165 pomocou kontaktn\u00e9ho formul\u00e1ra.<\/p>\n<p><strong>N\u00e1mietky<\/strong><\/p>\n<p>Pokia\u013e sa domnievate \u017ee Va\u0161e osobn\u00e9 \u00fadaje nespracov\u00e1vame v s\u00falade s platnou legislat\u00edvou SR a \u00danie, m\u00e1te pr\u00e1vo vznies\u0165 n\u00e1mietku a my n\u00e1sledne prever\u00edme opr\u00e1vnenos\u0165 Va\u0161ej po\u017eiadavky. V okamihu podania n\u00e1mietky bude spracovanie Va\u0161ich osobn\u00fdch \u00fadajov obmedzen\u00e9, pokia\u013e nebude overen\u00e9, \u010di je n\u00e1mietka opr\u00e1vnen\u00e1. Informujeme V\u00e1s, \u017ee Va\u0161\u00edm pr\u00e1vom je obr\u00e1ti\u0165 sa aj s n\u00e1mietkou proti spracov\u00e1van\u00fdm osobn\u00fdm \u00fadajom, ktor\u00e9 o V\u00e1s spracov\u00e1vame na pr\u00edslu\u0161n\u00fd dozorn\u00fd \u00farad na ochranu osobn\u00fdch \u00fadajov na adrese: \u00darad na ochranu osobn\u00fdch \u00fadajov, Pplk. Sochora 27 170 00 Praha 7.<\/p>\n<p><strong>Pr\u00e1vo na obmedzenie spracovania<\/strong><\/p>\n<p>M\u00e1te pr\u00e1vo na obmedzenie spracovania Va\u0161ich osobn\u00fdch \u00fadajov v pr\u00edpade, \u017ee sa domnievate, \u017ee takto evidovan\u00e9 nie s\u00fa presn\u00e9, pr\u00edpadne ich spracov\u00e1vame protipr\u00e1vne a \u010falej pokia\u013e sa domnievate, \u017ee tieto \u00fadaje u\u017e nepotrebujeme na \u00fa\u010dely ich spracovania.<\/p>\n<p><strong>Pr\u00e1vo na v\u00fdmaz<\/strong><\/p>\n<p>Pokia\u013e ste n\u00e1m niekedy udelili s\u00fahlas so spracovan\u00edm svojich osobn\u00fdch \u00fadajov, m\u00e1te pr\u00e1vo ho kedyko\u013evek odvola\u0165 a my \u00fadaje, ktor\u00e9 spracov\u00e1vame v\u00fdhradne na z\u00e1klade V\u00e1\u0161ho s\u00fahlasu, m\u00e1me povinnos\u0165 vymaza\u0165. Pr\u00e1vo na v\u00fdmaz sa nevz\u0165ahuje na spracov\u00e1van\u00e9 \u00fadaje v r\u00e1mci povinnosti plnenia zmluvy, z\u00e1konn\u00fdch d\u00f4vodov, \u010di opr\u00e1vnen\u00fdch z\u00e1ujmov.<\/p>\n<p><strong>Kam sa m\u00f4\u017eete obr\u00e1ti\u0165<\/strong><\/p>\n<p>So svojimi ot\u00e1zkami na ochranu osobn\u00fdch \u00fadajov sa m\u00f4\u017eete tie\u017e obraca\u0165 na kontaktn\u00fd formul\u00e1r pr\u00edpadne na kontaktn\u00fa adresu uveden\u00fa v kontaktoch spolo\u010dnosti.<\/p>\n<p><strong>Kontaktn\u00fd formul\u00e1r<\/strong><\/p>\n<p>Pokia\u013e n\u00e1s kontaktujete prostredn\u00edctvom webov\u00e9ho formul\u00e1ra, uklad\u00e1me si nieko\u013eko z\u00e1kladn\u00fdch inform\u00e1ci\u00ed. Ide o:<br \/>\n<strong>*<\/strong> Meno<br \/>\n<strong>*<\/strong> E-mailov\u00fa adresu<br \/>\n<strong>*<\/strong> \u010cas odosielan\u00fd<br \/>\n<strong>*<\/strong> IP adresu<br \/>\nUveden\u00e9 \u00fadaje potrebujeme pre sp\u00e4tn\u00fd kontakt s vami, a pre dolo\u017eenie vzniku komunik\u00e1cie v zmysle Nariadenia Eur\u00f3pskeho parlamentu a Rady (E\u00da) 2016\/679.<\/p>\n<p><strong>Webov\u00e9 str\u00e1nky<\/strong><\/p>\n<p>Pokia\u013e prist\u00fapite na na\u0161e webov\u00e9 str\u00e1nky a prezer\u00e1te si ich, spracov\u00e1vame nasleduj\u00face protokolov\u00e9 s\u00fabory a uklad\u00e1me ich na na\u0161ich serveroch. Medzi inform\u00e1cie, ktor\u00e9 uklad\u00e1me patr\u00ed:<\/p>\n<ul>\n<li>Va\u0161a IP adresa<\/li>\n<li>\u010cas va\u0161ej n\u00e1v\u0161tevy<\/li>\n<li>Otv\u00e1ran\u00e9 str\u00e1nky n\u00e1\u0161ho webu<\/li>\n<li>K\u00f3d odpovede http<\/li>\n<li>Identifik\u00e1cia V\u00e1\u0161ho prehliada\u010da<\/li>\n<li>Inform\u00e1cie o konverzi\u00e1ch (vyplnenie formul\u00e1ra, objedn\u00e1vka, kliknutie na email, volanie)<\/li>\n<\/ul>\n<p>Tieto inform\u00e1cie spracov\u00e1vame iba pre \u00fa\u010dely na\u0161ej pr\u00e1vnej ochrany a merania v\u00fdkonnosti webu po dobu maxim\u00e1lne 10 rokov.<\/p>\n<p>Ke\u010f nav\u0161t\u00edvite na\u0161e webov\u00e9 str\u00e1nky, ste informovan\u00ed, \u017ee vyu\u017e\u00edvame s\u00fabory cookie. Viac inform\u00e1ci\u00ed sa dozviete v Prehl\u00e1sen\u00ed o\u00a0<strong><a href=\"https:\/\/www.jvmmetal.cz\/en\/cookie-policy\/\">pou\u017eitie cookies a mo\u017enosti zamedzenia pou\u017eitia<\/a><\/strong>.[\/vc_column_text][\/vc_column][vc_column width=&#8221;1\/3&#8243;][vc_widget_sidebar sidebar_id=&#8221;blog-sidebar&#8221;][\/vc_column][\/vc_row]<\/p>\n<\/div>","protected":false},"excerpt":{"rendered":"<p>[vc_row][vc_column width=&#8221;2\/3&#8243;][vc_column_text css=&#8221;&#8221;] Z\u00e1sady ochrany osobn\u00fdch \u00fadajov Tieto z\u00e1sady ochrany osobn\u00fdch \u00fadajov s\u00fa platn\u00e9 pre JVM metal s.r.o. so s\u00eddlom Brdo 9, 507 91 Star\u00e1 Paka, Slovensko<\/p>\n","protected":false},"author":1,"featured_media":0,"parent":0,"menu_order":98,"comment_status":"closed","ping_status":"closed","template":"","meta":{"footnotes":""},"categories":[],"tags":[],"class_list":["post-12738","page","type-page","status-publish","hentry"],"_links":{"self":[{"href":"https:\/\/www.jvmmetal.cz\/sk\/wp-json\/wp\/v2\/pages\/12738","targetHints":{"allow":["GET"]}}],"collection":[{"href":"https:\/\/www.jvmmetal.cz\/sk\/wp-json\/wp\/v2\/pages"}],"about":[{"href":"https:\/\/www.jvmmetal.cz\/sk\/wp-json\/wp\/v2\/types\/page"}],"author":[{"embeddable":true,"href":"https:\/\/www.jvmmetal.cz\/sk\/wp-json\/wp\/v2\/users\/1"}],"replies":[{"embeddable":true,"href":"https:\/\/www.jvmmetal.cz\/sk\/wp-json\/wp\/v2\/comments?post=12738"}],"version-history":[{"count":1,"href":"https:\/\/www.jvmmetal.cz\/sk\/wp-json\/wp\/v2\/pages\/12738\/revisions"}],"predecessor-version":[{"id":12740,"href":"https:\/\/www.jvmmetal.cz\/sk\/wp-json\/wp\/v2\/pages\/12738\/revisions\/12740"}],"wp:attachment":[{"href":"https:\/\/www.jvmmetal.cz\/sk\/wp-json\/wp\/v2\/media?parent=12738"}],"wp:term":[{"taxonomy":"category","embeddable":true,"href":"https:\/\/www.jvmmetal.cz\/sk\/wp-json\/wp\/v2\/categories?post=12738"},{"taxonomy":"post_tag","embeddable":true,"href":"https:\/\/www.jvmmetal.cz\/sk\/wp-json\/wp\/v2\/tags?post=12738"}],"curies":[{"name":"wp","href":"https:\/\/api.w.org\/{rel}","templated":true}]}}