{"id":9007,"date":"2020-03-01T08:07:26","date_gmt":"2020-03-01T08:07:26","guid":{"rendered":"https:\/\/www.jvmmetal.cz\/?p=9007"},"modified":"2026-01-23T10:34:09","modified_gmt":"2026-01-23T10:34:09","slug":"dopravniky-s-detektormi-kovov","status":"publish","type":"page","link":"https:\/\/www.jvmmetal.cz\/sk\/dopravniky-s-detektormi-kovov\/","title":{"rendered":"Dopravn\u00edky s detektormi kovov"},"content":{"rendered":"<div class=\"wpb-content-wrapper\"><p>[vc_row][vc_column width=&#8221;2\/3&#8243;][vc_custom_heading source=&#8221;post_title&#8221; font_container=&#8221;tag:h1|text_align:left&#8221; use_theme_fonts=&#8221;yes&#8221; css=&#8221;&#8221;][vc_column_text]<a href=\"https:\/\/www.jvmmetal.cz\/wp-content\/uploads\/2019\/02\/P\u00e1sov\u00fd-dopravn\u00edk-s-detektorem-kov\u016f.png\"><img loading=\"lazy\" decoding=\"async\" class=\"foobox alignnone wp-image-8160 size-large\" src=\"https:\/\/www.jvmmetal.cz\/wp-content\/uploads\/2019\/02\/P\u00e1sov\u00fd-dopravn\u00edk-s-detektorem-kov\u016f-800x388.png\" alt=\"\" width=\"800\" height=\"388\" srcset=\"https:\/\/www.jvmmetal.cz\/wp-content\/uploads\/2019\/02\/P\u00e1sov\u00fd-dopravn\u00edk-s-detektorem-kov\u016f-800x388.png 800w, https:\/\/www.jvmmetal.cz\/wp-content\/uploads\/2019\/02\/P\u00e1sov\u00fd-dopravn\u00edk-s-detektorem-kov\u016f-400x194.png 400w, https:\/\/www.jvmmetal.cz\/wp-content\/uploads\/2019\/02\/P\u00e1sov\u00fd-dopravn\u00edk-s-detektorem-kov\u016f-600x291.png 600w, https:\/\/www.jvmmetal.cz\/wp-content\/uploads\/2019\/02\/P\u00e1sov\u00fd-dopravn\u00edk-s-detektorem-kov\u016f.png 2048w\" sizes=\"auto, (max-width: 800px) 100vw, 800px\" \/><\/a><\/p>\n<p><strong>P\u00e1sov\u00e9 dopravn\u00edky<\/strong> s tunelov\u00fdmi detektormi kovov nach\u00e1dzaj\u00fa uplatnenie tam, kde je nutn\u00e9, aby vo fin\u00e1lnom produkte nezostali \u017eiadne kovov\u00e9 \u010dastice.<\/p>\n<p><strong>Tunelov\u00fd detektor kovov<\/strong> je umiestnen\u00fd na \u0161peci\u00e1lnu kon\u0161trukciu dopravn\u00edka, ktor\u00e1 je prisp\u00f4soben\u00e1 vlastnostiam detektora. V pr\u00edpade, \u017ee detektor kovov zaznamen\u00e1 na p\u00e1se kovov\u00fa \u010das\u0165, dopravn\u00edkov\u00fd p\u00e1s zastav\u00ed.<\/p>\n<p>Tunelov\u00fd detektor kovov m\u00e1 nastavite\u013en\u00fa silu detekcie, ktor\u00fa je mo\u017en\u00e9 nastavi\u0165 pod\u013ea typu materi\u00e1lu.[\/vc_column_text][vc_row_inner][vc_column_inner width=&#8221;2\/3&#8243;][vc_column_text]<\/p>\n<h3>Vyu\u017eitie tunelov\u00fdch detektorov:<\/h3>\n<ul>\n<li>Plastik\u00e1rsky priemysel<\/li>\n<li>Potravin\u00e1rsky priemysel (Viac o dopravn\u00edkoch pre potravin\u00e1rstvo n\u00e1jdete <a href=\"https:\/\/www.jvmmetal.cz\/sk\/potravinarske-dopravniky\/\" target=\"_blank\" rel=\"noopener noreferrer\">TU<\/a>)<\/li>\n<li>Odpadov\u00e9 hospod\u00e1rstvo<\/li>\n<\/ul>\n<p>Dopravn\u00edk s tunelov\u00fdm detektorom kovov je mo\u017en\u00e9 kombinova\u0165 s magnetickou separ\u00e1ciou, ktor\u00e1 kovov\u00e9 \u010dastice odstr\u00e1ni a detektor kovov potom sl\u00fa\u017ei len ako kontrola. [\/vc_column_text][\/vc_column_inner][vc_column_inner width=&#8221;1\/3&#8243;][vc_single_image image=&#8221;9819&#8243; img_size=&#8221;large&#8221; onclick=&#8221;link_image&#8221; el_class=&#8221;foobox&#8221;][\/vc_column_inner][\/vc_row_inner][vc_empty_space css=&#8221;.vc_custom_1581924848346{margin: 0px !important;padding: 0px !important;}&#8221;][vc_raw_html]JTNDZGl2JTIwY2xhc3MlM0QlMjJ2aWRlb1dyYXBwZXIlMjIlM0UlMEElMjAlMjAlMjAlMjAlM0MlMjEtLSUyMENvcHklMjAlMjYlMjBQYXN0ZWQlMjBmcm9tJTIwWW91VHViZSUyMC0tJTNFJTBBJTNDaWZyYW1lJTIwd2lkdGglM0QlMjI1NjAlMjIlMjBoZWlnaHQlM0QlMjIzMTUlMjIlMjBzcmMlM0QlMjJodHRwcyUzQSUyRiUyRnd3dy55b3V0dWJlLmNvbSUyRmVtYmVkJTJGTi1td1lvVDhQd2clMjIlMjBmcmFtZWJvcmRlciUzRCUyMjAlMjIlMjBhbGxvdyUzRCUyMmFjY2VsZXJvbWV0ZXIlM0IlMjBhdXRvcGxheSUzQiUyMGVuY3J5cHRlZC1tZWRpYSUzQiUyMGd5cm9zY29wZSUzQiUyMHBpY3R1cmUtaW4tcGljdHVyZSUyMiUyMGFsbG93ZnVsbHNjcmVlbiUzRSUzQyUyRmlmcmFtZSUzRSUwQSUzQyUyRmRpdiUzRQ==[\/vc_raw_html][vc_empty_space css=&#8221;.vc_custom_1581924848346{margin: 0px !important;padding: 0px !important;}&#8221;][vc_raw_html]W3NjIG5hbWU9ImtvbnRha3RuaS1mb3JtLWFjY29yZGVvbi1zayJdWy9zY10=[\/vc_raw_html][\/vc_column][vc_column width=&#8221;1\/3&#8243;][vc_widget_sidebar sidebar_id=&#8221;blog-sidebar&#8221;][\/vc_column][\/vc_row]<\/p>\n<\/div>","protected":false},"excerpt":{"rendered":"<p>[vc_row][vc_column width=&#8221;2\/3&#8243;][vc_custom_heading source=&#8221;post_title&#8221; font_container=&#8221;tag:h1|text_align:left&#8221; use_theme_fonts=&#8221;yes&#8221; css=&#8221;&#8221;][vc_column_text] P\u00e1sov\u00e9 dopravn\u00edky s tunelov\u00fdmi detektormi kovov nach\u00e1dzaj\u00fa uplatnenie tam, kde je nutn\u00e9, aby vo fin\u00e1lnom produkte nezostali \u017eiadne kovov\u00e9 \u010dastice. Tunelov\u00fd<\/p>\n","protected":false},"author":11,"featured_media":8160,"parent":0,"menu_order":0,"comment_status":"closed","ping_status":"open","template":"","meta":{"footnotes":""},"categories":[161,130],"tags":[],"class_list":["post-9007","page","type-page","status-publish","has-post-thumbnail","hentry","category-sluzby","category-sluzby-sk"],"_links":{"self":[{"href":"https:\/\/www.jvmmetal.cz\/sk\/wp-json\/wp\/v2\/pages\/9007","targetHints":{"allow":["GET"]}}],"collection":[{"href":"https:\/\/www.jvmmetal.cz\/sk\/wp-json\/wp\/v2\/pages"}],"about":[{"href":"https:\/\/www.jvmmetal.cz\/sk\/wp-json\/wp\/v2\/types\/page"}],"author":[{"embeddable":true,"href":"https:\/\/www.jvmmetal.cz\/sk\/wp-json\/wp\/v2\/users\/11"}],"replies":[{"embeddable":true,"href":"https:\/\/www.jvmmetal.cz\/sk\/wp-json\/wp\/v2\/comments?post=9007"}],"version-history":[{"count":10,"href":"https:\/\/www.jvmmetal.cz\/sk\/wp-json\/wp\/v2\/pages\/9007\/revisions"}],"predecessor-version":[{"id":12095,"href":"https:\/\/www.jvmmetal.cz\/sk\/wp-json\/wp\/v2\/pages\/9007\/revisions\/12095"}],"wp:featuredmedia":[{"embeddable":true,"href":"https:\/\/www.jvmmetal.cz\/sk\/wp-json\/wp\/v2\/media\/8160"}],"wp:attachment":[{"href":"https:\/\/www.jvmmetal.cz\/sk\/wp-json\/wp\/v2\/media?parent=9007"}],"wp:term":[{"taxonomy":"category","embeddable":true,"href":"https:\/\/www.jvmmetal.cz\/sk\/wp-json\/wp\/v2\/categories?post=9007"},{"taxonomy":"post_tag","embeddable":true,"href":"https:\/\/www.jvmmetal.cz\/sk\/wp-json\/wp\/v2\/tags?post=9007"}],"curies":[{"name":"wp","href":"https:\/\/api.w.org\/{rel}","templated":true}]}}