{"id":9089,"date":"2020-03-11T19:44:38","date_gmt":"2020-03-11T19:44:38","guid":{"rendered":"https:\/\/www.jvmmetal.cz\/?page_id=9089"},"modified":"2026-01-23T10:38:10","modified_gmt":"2026-01-23T10:38:10","slug":"dopravnikove-komponenty","status":"publish","type":"page","link":"https:\/\/www.jvmmetal.cz\/sk\/dopravnikove-komponenty\/","title":{"rendered":"Dopravn\u00edkov\u00e9 komponenty"},"content":{"rendered":"<div class=\"wpb-content-wrapper\"><p>[vc_row][vc_column width=&#8221;2\/3&#8243;][vc_custom_heading source=&#8221;post_title&#8221; font_container=&#8221;tag:h1|text_align:left&#8221; use_theme_fonts=&#8221;yes&#8221; css=&#8221;&#8221;][vc_row_inner][vc_column_inner]<header class=\"kd-section-title vc_col-lg-6 vc_col-sm-8 text-left solid-line sep-border-width-2     vc_custom_1584634062450\" ><h2 class=\"separator_on\" >Na\u0161a ponuka<\/h2><div class=\"kd-separator below_title\" ><div class=\"kd-separator-line\" ><\/div><\/div><\/header><div id=\"mpc_grid_posts_3369f3ad6d00f7d\" class=\"mpc-grid-posts mpc-init mpc-init mpc-transition mpc-overlay--fade mpc-item--fade mpc-layout--style_1  \"  data-grid-cols=\"3\"><div class=\"mpc-grid-sizer\"><\/div><div onclick=\"\" class=\"mpc-post\"><div class=\"mpc-post__wrapper\"><div class=\"mpc-post__thumbnail\" data-mpc_src=\"https:\/\/www.jvmmetal.cz\/wp-content\/uploads\/2018\/09\/v\u00e9le\u010dky-dopravn\u00edkov\u00e9-gravita\u010dn\u00ed-1-360x300.png\" data-mpc_link=\"https:\/\/www.jvmmetal.cz\/sk\/dopravnikove-valceky\/\"><div class=\"mpc-post__overlay mpc-transition\"><div class=\"mpc-post--vertical-wrap\"><div class=\"mpc-post--vertical\" data-mpc_link=\"https:\/\/www.jvmmetal.cz\/sk\/dopravnikove-valceky\/\"><a href=\"https:\/\/www.jvmmetal.cz\/sk\/dopravnikove-valceky\/\" title=\"\u010c\u00edtaj viac o Dopravn\u00edkov\u00e9 val\u010deky\" class=\"mpc-icon-anchor\"><i class=\"mpc-post-overlay__icon mpc-type--readmore fa fa-stop\"><\/i><\/a><div class=\"mpc-post__content mpc-transition\"><h3 class=\"mpc-post__heading mpc-transition mpc-typography--preset_0 mpc-text-overflow\"><a href=\"https:\/\/www.jvmmetal.cz\/sk\/dopravnikove-valceky\/\" title=\"Dopravn\u00edkov\u00e9 val\u010deky\">Dopravn\u00edkov\u00e9 val\u010deky<\/a><\/h3><\/div><\/div><\/div><\/div><\/div><div class=\"mpc-post__content mpc-transition\"><h3 class=\"mpc-post__heading mpc-transition mpc-typography--preset_0 mpc-text-overflow\"><a href=\"https:\/\/www.jvmmetal.cz\/sk\/dopravnikove-valceky\/\" title=\"Dopravn\u00edkov\u00e9 val\u010deky\">Dopravn\u00edkov\u00e9 val\u010deky<\/a><\/h3><\/div><\/div><\/div><div onclick=\"\" class=\"mpc-post\"><div class=\"mpc-post__wrapper\"><div class=\"mpc-post__thumbnail\" data-mpc_src=\"https:\/\/www.jvmmetal.cz\/wp-content\/uploads\/2018\/09\/p\u00e1s_960x554-400x231.jpg\" data-mpc_link=\"https:\/\/www.jvmmetal.cz\/sk\/dopravnikove-pasy-sk\/\"><div class=\"mpc-post__overlay mpc-transition\"><div class=\"mpc-post--vertical-wrap\"><div class=\"mpc-post--vertical\" data-mpc_link=\"https:\/\/www.jvmmetal.cz\/sk\/dopravnikove-pasy-sk\/\"><a href=\"https:\/\/www.jvmmetal.cz\/sk\/dopravnikove-pasy-sk\/\" title=\"\u010c\u00edtaj viac o Dopravn\u00edkov\u00e9 p\u00e1sy\" class=\"mpc-icon-anchor\"><i class=\"mpc-post-overlay__icon mpc-type--readmore fa fa-stop\"><\/i><\/a><div class=\"mpc-post__content mpc-transition\"><h3 class=\"mpc-post__heading mpc-transition mpc-typography--preset_0 mpc-text-overflow\"><a href=\"https:\/\/www.jvmmetal.cz\/sk\/dopravnikove-pasy-sk\/\" title=\"Dopravn\u00edkov\u00e9 p\u00e1sy\">Dopravn\u00edkov\u00e9 p\u00e1sy<\/a><\/h3><\/div><\/div><\/div><\/div><\/div><div class=\"mpc-post__content mpc-transition\"><h3 class=\"mpc-post__heading mpc-transition mpc-typography--preset_0 mpc-text-overflow\"><a href=\"https:\/\/www.jvmmetal.cz\/sk\/dopravnikove-pasy-sk\/\" title=\"Dopravn\u00edkov\u00e9 p\u00e1sy\">Dopravn\u00edkov\u00e9 p\u00e1sy<\/a><\/h3><\/div><\/div><\/div><div onclick=\"\" class=\"mpc-post\"><div class=\"mpc-post__wrapper\"><div class=\"mpc-post__thumbnail\" data-mpc_src=\"https:\/\/www.jvmmetal.cz\/wp-content\/uploads\/2019\/02\/Elektromotory-p\u0159evodovky-400x240.png\" data-mpc_link=\"https:\/\/www.jvmmetal.cz\/sk\/elektromotory-a-prevodovky-sk\/\"><div class=\"mpc-post__overlay mpc-transition\"><div class=\"mpc-post--vertical-wrap\"><div class=\"mpc-post--vertical\" data-mpc_link=\"https:\/\/www.jvmmetal.cz\/sk\/elektromotory-a-prevodovky-sk\/\"><a href=\"https:\/\/www.jvmmetal.cz\/sk\/elektromotory-a-prevodovky-sk\/\" title=\"\u010c\u00edtaj viac o Elektromotory a prevodovky\" class=\"mpc-icon-anchor\"><i class=\"mpc-post-overlay__icon mpc-type--readmore fa fa-stop\"><\/i><\/a><div class=\"mpc-post__content mpc-transition\"><h3 class=\"mpc-post__heading mpc-transition mpc-typography--preset_0 mpc-text-overflow\"><a href=\"https:\/\/www.jvmmetal.cz\/sk\/elektromotory-a-prevodovky-sk\/\" title=\"Elektromotory a prevodovky\">Elektromotory a prevodovky<\/a><\/h3><\/div><\/div><\/div><\/div><\/div><div class=\"mpc-post__content mpc-transition\"><h3 class=\"mpc-post__heading mpc-transition mpc-typography--preset_0 mpc-text-overflow\"><a href=\"https:\/\/www.jvmmetal.cz\/sk\/elektromotory-a-prevodovky-sk\/\" title=\"Elektromotory a prevodovky\">Elektromotory a prevodovky<\/a><\/h3><\/div><\/div><\/div><\/div>[vc_empty_space][vc_column_text]Na\u0161im klientom pon\u00fakame dod\u00e1vku komponentov na p\u00e1sov\u00e9 a\u00a0val\u010dekov\u00e9 dopravn\u00edky.<br \/>\nDopravn\u00e9 p\u00e1sy alebo val\u010deky na dopravn\u00edky navrhneme a\u00a0dod\u00e1me presne tak, aby sp\u013a\u0148ali po\u017eadovan\u00fd \u00fa\u010del a\u00a0dlhodobo vydr\u017eali v\u00a0n\u00e1ro\u010dnej prev\u00e1dzke. \u010ealej pre dopravn\u00edky pon\u00fakame elektromotory s\u00a0prevodovkami, ktor\u00e9 zaistia dostato\u010dn\u00fd v\u00fdkon stroja.<br \/>\nV\u00a0pr\u00edpade, \u017ee ide o\u00a0n\u00e1hradn\u00fd diel na star\u0161\u00ed stroj, v\u00e1m dopravn\u00edkov\u00fd val\u010dek alebo p\u00e1s na dopravn\u00edk zameriame pod\u013ea p\u00f4vodn\u00e9ho dielu a\u00a0nov\u00fd komponent \u010do najr\u00fdchlej\u0161ie dod\u00e1me.<br \/>\nPokia\u013e ide o dod\u00e1vku na vami novo skon\u0161truovan\u00fd p\u00e1sov\u00fd dopravn\u00edk alebo val\u010dekov\u00fa dr\u00e1hu, pred dodan\u00edm dielu v\u00e1m za\u0161leme v\u00fdkres dielu a\u00a03D model.[\/vc_column_text][vc_raw_html]W3NjIG5hbWU9ImtvbnRha3RuaS1mb3JtLWFjY29yZGVvbi1zayJdWy9zY10=[\/vc_raw_html][\/vc_column_inner][\/vc_row_inner][\/vc_column][vc_column width=&#8221;1\/3&#8243;][vc_widget_sidebar sidebar_id=&#8221;blog-sidebar&#8221;][\/vc_column][\/vc_row]<\/p>\n<\/div>","protected":false},"excerpt":{"rendered":"<p>[vc_row][vc_column width=&#8221;2\/3&#8243;][vc_custom_heading source=&#8221;post_title&#8221; font_container=&#8221;tag:h1|text_align:left&#8221; use_theme_fonts=&#8221;yes&#8221; css=&#8221;&#8221;][vc_row_inner][vc_column_inner][vc_empty_space][vc_column_text]Na\u0161im klientom pon\u00fakame dod\u00e1vku komponentov na p\u00e1sov\u00e9 a\u00a0val\u010dekov\u00e9 dopravn\u00edky. Dopravn\u00e9 p\u00e1sy alebo val\u010deky na dopravn\u00edky navrhneme a\u00a0dod\u00e1me presne tak, aby sp\u013a\u0148ali po\u017eadovan\u00fd<\/p>\n","protected":false},"author":11,"featured_media":7874,"parent":0,"menu_order":0,"comment_status":"closed","ping_status":"closed","template":"","meta":{"footnotes":""},"categories":[161,130],"tags":[],"class_list":["post-9089","page","type-page","status-publish","has-post-thumbnail","hentry","category-sluzby","category-sluzby-sk"],"_links":{"self":[{"href":"https:\/\/www.jvmmetal.cz\/sk\/wp-json\/wp\/v2\/pages\/9089","targetHints":{"allow":["GET"]}}],"collection":[{"href":"https:\/\/www.jvmmetal.cz\/sk\/wp-json\/wp\/v2\/pages"}],"about":[{"href":"https:\/\/www.jvmmetal.cz\/sk\/wp-json\/wp\/v2\/types\/page"}],"author":[{"embeddable":true,"href":"https:\/\/www.jvmmetal.cz\/sk\/wp-json\/wp\/v2\/users\/11"}],"replies":[{"embeddable":true,"href":"https:\/\/www.jvmmetal.cz\/sk\/wp-json\/wp\/v2\/comments?post=9089"}],"version-history":[{"count":6,"href":"https:\/\/www.jvmmetal.cz\/sk\/wp-json\/wp\/v2\/pages\/9089\/revisions"}],"predecessor-version":[{"id":12100,"href":"https:\/\/www.jvmmetal.cz\/sk\/wp-json\/wp\/v2\/pages\/9089\/revisions\/12100"}],"wp:featuredmedia":[{"embeddable":true,"href":"https:\/\/www.jvmmetal.cz\/sk\/wp-json\/wp\/v2\/media\/7874"}],"wp:attachment":[{"href":"https:\/\/www.jvmmetal.cz\/sk\/wp-json\/wp\/v2\/media?parent=9089"}],"wp:term":[{"taxonomy":"category","embeddable":true,"href":"https:\/\/www.jvmmetal.cz\/sk\/wp-json\/wp\/v2\/categories?post=9089"},{"taxonomy":"post_tag","embeddable":true,"href":"https:\/\/www.jvmmetal.cz\/sk\/wp-json\/wp\/v2\/tags?post=9089"}],"curies":[{"name":"wp","href":"https:\/\/api.w.org\/{rel}","templated":true}]}}