{"id":9102,"date":"2020-03-10T17:34:23","date_gmt":"2020-03-10T17:34:23","guid":{"rendered":"https:\/\/www.jvmmetal.cz\/?page_id=9102"},"modified":"2026-01-23T10:03:08","modified_gmt":"2026-01-23T10:03:08","slug":"dopravnikove-systemy-sk-2","status":"publish","type":"page","link":"https:\/\/www.jvmmetal.cz\/sk\/dopravnikove-systemy-sk-2\/","title":{"rendered":"Dopravn\u00edkov\u00e9 syst\u00e9my"},"content":{"rendered":"<div class=\"wpb-content-wrapper\"><p>[vc_row][vc_column width=&#8221;2\/3&#8243;][vc_custom_heading source=&#8221;post_title&#8221; font_container=&#8221;tag:h1|text_align:left&#8221; use_theme_fonts=&#8221;yes&#8221; css=&#8221;&#8221;][vc_empty_space css=&#8221;.vc_custom_1582546026775{margin: 0px !important;padding: 0px !important;}&#8221;]<div id=\"mpc_grid_posts_2769e4162f35f21\" class=\"mpc-grid-posts mpc-init mpc-init mpc-transition mpc-overlay--fade mpc-item--fade mpc-layout--style_1  \"  data-grid-cols=\"3\"><div class=\"mpc-grid-sizer\"><\/div><div onclick=\"\" class=\"mpc-post\"><div class=\"mpc-post__wrapper\"><div class=\"mpc-post__thumbnail\" data-mpc_src=\"https:\/\/www.jvmmetal.cz\/wp-content\/uploads\/2020\/02\/0232c406-vazici-system-400x300.jpg\" data-mpc_link=\"https:\/\/www.jvmmetal.cz\/sk\/dopravnikove-vaziace-systemy\/\"><div class=\"mpc-post__overlay mpc-transition\"><div class=\"mpc-post--vertical-wrap\"><div class=\"mpc-post--vertical\" data-mpc_link=\"https:\/\/www.jvmmetal.cz\/sk\/dopravnikove-vaziace-systemy\/\"><a href=\"https:\/\/www.jvmmetal.cz\/sk\/dopravnikove-vaziace-systemy\/\" title=\"\u010c\u00edtaj viac o Dopravn\u00edkov\u00e9 v\u00e1\u017eiace syst\u00e9my\" class=\"mpc-icon-anchor\"><i class=\"mpc-post-overlay__icon mpc-type--readmore fa fa-angle-double-up\"><\/i><\/a><div class=\"mpc-post__content mpc-transition\"><h3 class=\"mpc-post__heading mpc-transition mpc-typography--mpc_preset_17 mpc-text-overflow\"><a href=\"https:\/\/www.jvmmetal.cz\/sk\/dopravnikove-vaziace-systemy\/\" title=\"Dopravn\u00edkov\u00e9 v\u00e1\u017eiace syst\u00e9my\">Dopravn\u00edkov\u00e9 v\u00e1\u017eiace syst\u00e9my<\/a><\/h3><\/div><\/div><\/div><\/div><\/div><div class=\"mpc-post__content mpc-transition\"><h3 class=\"mpc-post__heading mpc-transition mpc-typography--mpc_preset_17 mpc-text-overflow\"><a href=\"https:\/\/www.jvmmetal.cz\/sk\/dopravnikove-vaziace-systemy\/\" title=\"Dopravn\u00edkov\u00e9 v\u00e1\u017eiace syst\u00e9my\">Dopravn\u00edkov\u00e9 v\u00e1\u017eiace syst\u00e9my<\/a><\/h3><\/div><\/div><\/div><div onclick=\"\" class=\"mpc-post\"><div class=\"mpc-post__wrapper\"><div class=\"mpc-post__thumbnail\" data-mpc_src=\"https:\/\/www.jvmmetal.cz\/wp-content\/uploads\/2018\/09\/17b5068c-dopravn\u00edk-na-separaci-kov\u016f-400x267.jpg\" data-mpc_link=\"https:\/\/www.jvmmetal.cz\/sk\/magneticka-separacia-kovov\/\"><div class=\"mpc-post__overlay mpc-transition\"><div class=\"mpc-post--vertical-wrap\"><div class=\"mpc-post--vertical\" data-mpc_link=\"https:\/\/www.jvmmetal.cz\/sk\/magneticka-separacia-kovov\/\"><a href=\"https:\/\/www.jvmmetal.cz\/sk\/magneticka-separacia-kovov\/\" title=\"\u010c\u00edtaj viac o Magnetick\u00e1 separ\u00e1cia kovov\" class=\"mpc-icon-anchor\"><i class=\"mpc-post-overlay__icon mpc-type--readmore fa fa-angle-double-up\"><\/i><\/a><div class=\"mpc-post__content mpc-transition\"><h3 class=\"mpc-post__heading mpc-transition mpc-typography--mpc_preset_17 mpc-text-overflow\"><a href=\"https:\/\/www.jvmmetal.cz\/sk\/magneticka-separacia-kovov\/\" title=\"Magnetick\u00e1 separ\u00e1cia kovov\">Magnetick\u00e1 separ\u00e1cia kovov<\/a><\/h3><\/div><\/div><\/div><\/div><\/div><div class=\"mpc-post__content mpc-transition\"><h3 class=\"mpc-post__heading mpc-transition mpc-typography--mpc_preset_17 mpc-text-overflow\"><a href=\"https:\/\/www.jvmmetal.cz\/sk\/magneticka-separacia-kovov\/\" title=\"Magnetick\u00e1 separ\u00e1cia kovov\">Magnetick\u00e1 separ\u00e1cia kovov<\/a><\/h3><\/div><\/div><\/div><div onclick=\"\" class=\"mpc-post\"><div class=\"mpc-post__wrapper\"><div class=\"mpc-post__thumbnail\" data-mpc_src=\"https:\/\/www.jvmmetal.cz\/wp-content\/uploads\/2020\/04\/4823f231-home-page-400x267.jpg\" data-mpc_link=\"https:\/\/www.jvmmetal.cz\/sk\/dopravniky-pre-logisticke-centra\/\"><div class=\"mpc-post__overlay mpc-transition\"><div class=\"mpc-post--vertical-wrap\"><div class=\"mpc-post--vertical\" data-mpc_link=\"https:\/\/www.jvmmetal.cz\/sk\/dopravniky-pre-logisticke-centra\/\"><a href=\"https:\/\/www.jvmmetal.cz\/sk\/dopravniky-pre-logisticke-centra\/\" title=\"\u010c\u00edtaj viac o Dopravn\u00edky pre logistick\u00e9 centr\u00e1\" class=\"mpc-icon-anchor\"><i class=\"mpc-post-overlay__icon mpc-type--readmore fa fa-angle-double-up\"><\/i><\/a><div class=\"mpc-post__content mpc-transition\"><h3 class=\"mpc-post__heading mpc-transition mpc-typography--mpc_preset_17 mpc-text-overflow\"><a href=\"https:\/\/www.jvmmetal.cz\/sk\/dopravniky-pre-logisticke-centra\/\" title=\"Dopravn\u00edky pre logistick\u00e9 centr\u00e1\">Dopravn\u00edky pre logistick\u00e9 centr\u00e1<\/a><\/h3><\/div><\/div><\/div><\/div><\/div><div class=\"mpc-post__content mpc-transition\"><h3 class=\"mpc-post__heading mpc-transition mpc-typography--mpc_preset_17 mpc-text-overflow\"><a href=\"https:\/\/www.jvmmetal.cz\/sk\/dopravniky-pre-logisticke-centra\/\" title=\"Dopravn\u00edky pre logistick\u00e9 centr\u00e1\">Dopravn\u00edky pre logistick\u00e9 centr\u00e1<\/a><\/h3><\/div><\/div><\/div><\/div><script type=\"text\/javascript\">var _mpc_grid_posts_2769e4162f35f21_atts = {\"preset\":\"mpc_preset_3\",\"cols\":\"3\",\"gap\":\"15\",\"post_type\":\"ids\",\"ids\":\"9104, 9106, 10135\",\"items_number\":\"16\",\"thumb_height\":\"150\",\"image_size\":\"medium\",\"title_font_preset\":\"mpc_preset_17\",\"title_font_color\":\"#000000\",\"title_font_size\":\"16\",\"title_font_line_height\":\"1.5\",\"title_font_transform\":\"none\",\"title_font_align\":\"center\",\"meta_layout\":\"\",\"meta_font_preset\":\"mpc_preset_1\",\"meta_font_color\":\"#777777\",\"meta_font_size\":\"12\",\"meta_font_line_height\":\"1.5\",\"meta_font_transform\":\"none\",\"meta_font_align\":\"center\",\"meta_link_color\":\"#777777\",\"description_font_preset\":\"mpc_preset_1\",\"background_color\":\"#f97f1b\",\"border_css\":\"border-color:#d1d1d1;border-radius:5px;\",\"padding_divider\":\"true\",\"padding_css\":\"padding-top:10px;padding-bottom:10px;\",\"overlay_color\":\"rgba(242,151,96,0.46)\",\"lightbox_disable\":\"true\",\"lightbox_icon\":\"etl etl-magnifying-glass\",\"lightbox_icon_color\":\"#ffffff\",\"lightbox_icon_size\":\"48\",\"hover_lightbox_color\":\"#f8bf4d\",\"readmore_icon\":\"fa fa-angle-double-up\",\"readmore_icon_color\":\"rgba(255,255,255,0)\",\"readmore_icon_size\":\"668\",\"hover_readmore_color\":\"rgba(255,255,255,0.01)\",\"overlay_icons_padding_css\":\"padding:0px;\",\"overlay_icons_margin_css\":\"margin:0px;\",\"mpc_pagination__preset\":\"mpc_preset_5\"}, _mpc_grid_posts_2769e4162f35f21_query = {\"post_type\":\"ids\",\"taxonomies\":\"\",\"ids\":\"9104, 9106, 10135\",\"order\":\"ASC\",\"include_exclude_type\":\"include\",\"orderby\":\"date\",\"items_number\":\"16\",\"target\":\"mpc_grid_posts_2769e4162f35f21\",\"callback\":\"MPC_Grid_Posts\"};<\/script>[vc_empty_space css=&#8221;.vc_custom_1582546026775{margin: 0px !important;padding: 0px !important;}&#8221;][vc_column_text]Sme v\u00fdrobcom a dod\u00e1vate\u013eom dopravn\u00edkov\u00fdch syst\u00e9mov.<br \/>\nPotom, ako n\u00e1m zad\u00e1te svoju po\u017eiadavku na prepravu \u010di manipul\u00e1ciu s va\u0161\u00edm produktom, v\u00e1m navrhneme kompletn\u00e9 rie\u0161enie na k\u013e\u00fa\u010d.<\/p>\n<p>Dopravn\u00edkov\u00e9 syst\u00e9my sa m\u00f4\u017eu sklada\u0165 z nieko\u013ek\u00fdch typov dopravn\u00edkov.<br \/>\nNa manipul\u00e1ciu je mo\u017en\u00e9 vyu\u017ei\u0165: poh\u00e1\u0148an\u00e9 val\u010dekov\u00e9 dopravn\u00edky, gravita\u010dn\u00e9 val\u010dekov\u00e9 dr\u00e1hy, p\u00e1sov\u00e9 dopravn\u00edky, dopravn\u00edkov\u00e9 z\u00e1kruty, gu\u013e\u00f4\u010dkov\u00e9 stoly, to\u010dne, z\u00e1vesn\u00e9 dr\u00e1hy a mnoho \u010fal\u0161\u00edch prvkov.<\/p>\n<p>Na\u0161i kon\u0161trukt\u00e9ri v\u00e1m navrhn\u00fa a v 3D kresliacom programe Solid Edge nasimuluj\u00fa cel\u00fd projekt a predlo\u017eia na schv\u00e1lenie.<\/p>\n<ul>\n<li>3D n\u00e1vrh<\/li>\n<li>V\u00fdroba<\/li>\n<li>In\u0161tal\u00e1cia a sprev\u00e1dzkovanie<\/li>\n<li>Z\u00e1ru\u010dn\u00fd a poz\u00e1ru\u010dn\u00fd servis<\/li>\n<\/ul>\n<p><u>Elektroin\u0161tal\u00e1cia<\/u><\/p>\n<p>Dopravn\u00edkov\u00e9 syst\u00e9my s\u00fa \u0161tandardne vybaven\u00e9 nieko\u013ek\u00fdmi pohonn\u00fdmi jednotkami, optick\u00fdmi alebo ultrazvukov\u00fdmi sn\u00edma\u010dmi a podobne. V\u0161etky miesta s\u00fa potom stiahnut\u00e9 do centr\u00e1lneho elektrorozv\u00e1dza\u010da, ktor\u00fdm sa cel\u00fd dopravn\u00edkov\u00fd syst\u00e9m riadi.<\/p>\n<p><u>Riadiace syst\u00e9my<\/u><br \/>\nDopravn\u00edkov\u00fd syst\u00e9m \u0161tandardne vybavujeme PLC riadiacou jednotkou Siemens s dotykov\u00fdm displejom, ktor\u00fdm sa jednoducho a intuit\u00edvne syst\u00e9m ovl\u00e1da.<\/p>\n<p><u>Pneumatick\u00e9 prvky<\/u><\/p>\n<p><u>Hydraulick\u00e9 prvky<\/u><\/p>\n<p><u>Bezpe\u010dnos\u0165<\/u><\/p>\n<p>Zabezpe\u010denie dopravn\u00edkov\u00e9ho syst\u00e9mu alebo celej v\u00fdrobnej linky je spravidla rie\u0161en\u00e9 ochrann\u00fdm oploten\u00edm a \u010falej potom funk\u010dn\u00fdmi bezpe\u010dnostn\u00fdmi prvkami, ako s\u00fa sveteln\u00e9 z\u00e1vory, laser skenery, tla\u010didl\u00e1 n\u00fadzov\u00e9ho zastavenia a \u010fal\u0161ie.[\/vc_column_text][vc_raw_html]W3NjIG5hbWU9ImtvbnRha3RuaS1mb3JtLWFjY29yZGVvbi1zayJdWy9zY10=[\/vc_raw_html][\/vc_column][vc_column width=&#8221;1\/3&#8243;][vc_widget_sidebar sidebar_id=&#8221;blog-sidebar&#8221;][\/vc_column][\/vc_row]<\/p>\n<\/div>","protected":false},"excerpt":{"rendered":"<p>Dopravn\u00edkov\u00e9 syst\u00e9my sa m\u00f4\u017eu sklada\u0165 z nieko\u013ek\u00fdch typov dopravn\u00edkov.<br \/>\nNa manipul\u00e1ciu je mo\u017en\u00e9 vyu\u017ei\u0165: poh\u00e1\u0148an\u00e9 val\u010dekov\u00e9 dopravn\u00edky, gravita\u010dn\u00e9 val\u010dekov\u00e9 dr\u00e1hy, p\u00e1sov\u00e9 dopravn\u00edky, dopravn\u00edkov\u00e9 z\u00e1kruty, gu\u013e\u00f4\u010dkov\u00e9 stoly, to\u010dne, z\u00e1vesn\u00e9 dr\u00e1hy a mnoho \u010fal\u0161\u00edch prvkov.<\/p>\n","protected":false},"author":11,"featured_media":9925,"parent":0,"menu_order":0,"comment_status":"closed","ping_status":"closed","template":"","meta":{"footnotes":""},"categories":[161,130],"tags":[],"class_list":["post-9102","page","type-page","status-publish","has-post-thumbnail","hentry","category-sluzby","category-sluzby-sk"],"_links":{"self":[{"href":"https:\/\/www.jvmmetal.cz\/sk\/wp-json\/wp\/v2\/pages\/9102","targetHints":{"allow":["GET"]}}],"collection":[{"href":"https:\/\/www.jvmmetal.cz\/sk\/wp-json\/wp\/v2\/pages"}],"about":[{"href":"https:\/\/www.jvmmetal.cz\/sk\/wp-json\/wp\/v2\/types\/page"}],"author":[{"embeddable":true,"href":"https:\/\/www.jvmmetal.cz\/sk\/wp-json\/wp\/v2\/users\/11"}],"replies":[{"embeddable":true,"href":"https:\/\/www.jvmmetal.cz\/sk\/wp-json\/wp\/v2\/comments?post=9102"}],"version-history":[{"count":6,"href":"https:\/\/www.jvmmetal.cz\/sk\/wp-json\/wp\/v2\/pages\/9102\/revisions"}],"predecessor-version":[{"id":12061,"href":"https:\/\/www.jvmmetal.cz\/sk\/wp-json\/wp\/v2\/pages\/9102\/revisions\/12061"}],"wp:featuredmedia":[{"embeddable":true,"href":"https:\/\/www.jvmmetal.cz\/sk\/wp-json\/wp\/v2\/media\/9925"}],"wp:attachment":[{"href":"https:\/\/www.jvmmetal.cz\/sk\/wp-json\/wp\/v2\/media?parent=9102"}],"wp:term":[{"taxonomy":"category","embeddable":true,"href":"https:\/\/www.jvmmetal.cz\/sk\/wp-json\/wp\/v2\/categories?post=9102"},{"taxonomy":"post_tag","embeddable":true,"href":"https:\/\/www.jvmmetal.cz\/sk\/wp-json\/wp\/v2\/tags?post=9102"}],"curies":[{"name":"wp","href":"https:\/\/api.w.org\/{rel}","templated":true}]}}