{"id":9108,"date":"2018-09-12T06:08:18","date_gmt":"2018-09-12T06:08:18","guid":{"rendered":"https:\/\/www.jvmmetal.cz\/?p=9108"},"modified":"2026-01-23T12:26:08","modified_gmt":"2026-01-23T12:26:08","slug":"antikorova-vyroba","status":"publish","type":"page","link":"https:\/\/www.jvmmetal.cz\/sk\/antikorova-vyroba\/","title":{"rendered":"Antikorov\u00e1 v\u00fdroba"},"content":{"rendered":"<div class=\"wpb-content-wrapper\"><p>[vc_row][vc_column width=&#8221;2\/3&#8243;][vc_custom_heading source=&#8221;post_title&#8221; font_container=&#8221;tag:h1|text_align:left&#8221; use_theme_fonts=&#8221;yes&#8221; css=&#8221;&#8221;][vc_column_text css=&#8221;&#8221;]Zaober\u00e1me sa z\u00e1kazkovou v\u00fdrobou z nehrdzavej\u00facej ocele. V\u010faka dlhoro\u010dn\u00fdm sk\u00fasenostiam v tomto odbore pon\u00fakame v\u00fdrobu na vysokej kvalitat\u00edvnej \u00farovni. N\u00e1\u0161 kon\u0161truk\u010dn\u00fd t\u00edm s vyu\u017eit\u00edm modern\u00fdch 3D kresliacich programov v\u00e1m navrhne a spracuje rie\u0161enia u\u0161it\u00e9 priamo na mieru.<\/p>\n<h3>Stroje pre chemick\u00fd a potravin\u00e1rsky priemysel<\/h3>\n<p>Dopravn\u00edky, val\u010dekov\u00e9 dr\u00e1hy, um\u00fdva\u010dky, mie\u0161a\u010dky, pr\u00e1\u010dky na ovocie. Samozrejmos\u0165ou k vyr\u00e1ban\u00fdm strojom s\u00fa potravin\u00e1rske a CE certifik\u00e1ty<\/p>\n<p><img loading=\"lazy\" decoding=\"async\" class=\"wp-image-9621 size-full\" src=\"https:\/\/www.jvmmetal.cz\/wp-content\/uploads\/2018\/09\/potravin\u00e1\u0159sk\u00fd-stroj.jpg\" alt=\"\" width=\"650\" height=\"581\" srcset=\"https:\/\/www.jvmmetal.cz\/wp-content\/uploads\/2018\/09\/potravin\u00e1\u0159sk\u00fd-stroj.jpg 650w, https:\/\/www.jvmmetal.cz\/wp-content\/uploads\/2018\/09\/potravin\u00e1\u0159sk\u00fd-stroj-336x300.jpg 336w, https:\/\/www.jvmmetal.cz\/wp-content\/uploads\/2018\/09\/potravin\u00e1\u0159sk\u00fd-stroj-600x536.jpg 600w\" sizes=\"auto, (max-width: 650px) 100vw, 650px\" \/><\/p>\n<h3>Z\u00e1kazkov\u00e1 v\u00fdroba z antikora<\/h3>\n<p>Pracovn\u00e9 stoly, r\u00e1my, vane, n\u00e1doby, drezy, tlakov\u00e9 n\u00e1doby a n\u00e1dr\u017ee, CNC oh\u00fdbanie antikorov\u00e9ho dr\u00f4tu<\/p>\n<p><style type=\"text\/css\">\n#foogallery-gallery-10912 .fg-image { width: 180px; }\n#foogallery-gallery-10912 { --fg-gutter: 5px; }<\/style>\n\t\t\t<div class=\"foogallery foogallery-container foogallery-default foogallery-lightbox-foobox fg-left fg-default fg-ready fg-light fg-loading-default fg-loaded-fade-in fg-caption-hover fg-hover-fade fg-hover-zoom\" id=\"foogallery-gallery-10912\" data-foogallery=\"{&quot;item&quot;:{&quot;showCaptionTitle&quot;:true,&quot;showCaptionDescription&quot;:true},&quot;lazy&quot;:true}\" style=\"--fg-title-line-clamp: 0; --fg-description-line-clamp: 0;\" >\n\t<div class=\"fg-item fg-type-image fg-idle\"><figure class=\"fg-item-inner\"><a href=\"https:\/\/www.jvmmetal.cz\/wp-content\/uploads\/2018\/09\/nerezov\u00e1-v\u00fdroba.jpeg\" data-caption-title=\"Nerezov\u00e1 v\u00fdroba\" data-attachment-id=\"9623\" data-type=\"image\" class=\"fg-thumb\"><span class=\"fg-image-wrap\"><img decoding=\"async\" title=\"Nerezov\u00e1 v\u00fdroba\" width=\"180\" height=\"140\" class=\"skip-lazy fg-image\" data-src-fg=\"https:\/\/www.jvmmetal.cz\/wp-content\/uploads\/cache\/2018\/09\/nerezov\u00e1-v\u00fdroba\/196924060.jpeg\" src=\"data:image\/svg+xml,%3Csvg%20xmlns%3D%22http%3A%2F%2Fwww.w3.org%2F2000%2Fsvg%22%20width%3D%22180%22%20height%3D%22140%22%20viewBox%3D%220%200%20180%20140%22%3E%3C%2Fsvg%3E\" loading=\"eager\"><\/span><span class=\"fg-image-overlay\"><\/span><\/a><figcaption class=\"fg-caption\"><div class=\"fg-caption-inner\"><div class=\"fg-caption-title\">Nerezov\u00e1 v\u00fdroba<\/div><\/div><\/figcaption><\/figure><div class=\"fg-loader\"><\/div><\/div><div class=\"fg-item fg-type-image fg-idle\"><figure class=\"fg-item-inner\"><a href=\"https:\/\/www.jvmmetal.cz\/wp-content\/uploads\/2018\/09\/nerezov\u00e1-n\u00e1doba.jpg\" data-caption-title=\"Nerezov\u00e1 n\u00e1doba\" data-attachment-id=\"9625\" data-type=\"image\" class=\"fg-thumb\"><span class=\"fg-image-wrap\"><img decoding=\"async\" title=\"Nerezov\u00e1 n\u00e1doba\" width=\"180\" height=\"140\" class=\"skip-lazy fg-image\" data-src-fg=\"https:\/\/www.jvmmetal.cz\/wp-content\/uploads\/cache\/2018\/09\/nerezov\u00e1-n\u00e1doba\/3277734014.jpg\" src=\"data:image\/svg+xml,%3Csvg%20xmlns%3D%22http%3A%2F%2Fwww.w3.org%2F2000%2Fsvg%22%20width%3D%22180%22%20height%3D%22140%22%20viewBox%3D%220%200%20180%20140%22%3E%3C%2Fsvg%3E\" loading=\"eager\"><\/span><span class=\"fg-image-overlay\"><\/span><\/a><figcaption class=\"fg-caption\"><div class=\"fg-caption-inner\"><div class=\"fg-caption-title\">Nerezov\u00e1 n\u00e1doba<\/div><\/div><\/figcaption><\/figure><div class=\"fg-loader\"><\/div><\/div><div class=\"fg-item fg-type-image fg-idle\"><figure class=\"fg-item-inner\"><a href=\"https:\/\/www.jvmmetal.cz\/wp-content\/uploads\/2018\/09\/zak\u00e1zkov\u00e1-v\u00fdroba-z-nerezu.jpg\" data-caption-title=\"Zak\u00e1zkov\u00e1 v\u00fdroba z nerezu\" data-attachment-id=\"9627\" data-type=\"image\" class=\"fg-thumb\"><span class=\"fg-image-wrap\"><img decoding=\"async\" title=\"Zak\u00e1zkov\u00e1 v\u00fdroba z nerezu\" width=\"180\" height=\"140\" class=\"skip-lazy fg-image\" data-src-fg=\"https:\/\/www.jvmmetal.cz\/wp-content\/uploads\/cache\/2018\/09\/zak\u00e1zkov\u00e1-v\u00fdroba-z-nerezu\/887313858.jpg\" src=\"data:image\/svg+xml,%3Csvg%20xmlns%3D%22http%3A%2F%2Fwww.w3.org%2F2000%2Fsvg%22%20width%3D%22180%22%20height%3D%22140%22%20viewBox%3D%220%200%20180%20140%22%3E%3C%2Fsvg%3E\" loading=\"eager\"><\/span><span class=\"fg-image-overlay\"><\/span><\/a><figcaption class=\"fg-caption\"><div class=\"fg-caption-inner\"><div class=\"fg-caption-title\">Zak\u00e1zkov\u00e1 v\u00fdroba z nerezu<\/div><\/div><\/figcaption><\/figure><div class=\"fg-loader\"><\/div><\/div><div class=\"fg-item fg-type-image fg-idle\"><figure class=\"fg-item-inner\"><a href=\"https:\/\/www.jvmmetal.cz\/wp-content\/uploads\/2018\/09\/nerezov\u00fd-st\u016fl.jpg\" data-caption-title=\"Nerezov\u00fd st\u016fl\" data-attachment-id=\"9624\" data-type=\"image\" class=\"fg-thumb\"><span class=\"fg-image-wrap\"><img decoding=\"async\" title=\"Nerezov\u00fd st\u016fl\" width=\"180\" height=\"140\" class=\"skip-lazy fg-image\" data-src-fg=\"https:\/\/www.jvmmetal.cz\/wp-content\/uploads\/cache\/2018\/09\/nerezov\u00fd-st\u016fl\/944381698.jpg\" src=\"data:image\/svg+xml,%3Csvg%20xmlns%3D%22http%3A%2F%2Fwww.w3.org%2F2000%2Fsvg%22%20width%3D%22180%22%20height%3D%22140%22%20viewBox%3D%220%200%20180%20140%22%3E%3C%2Fsvg%3E\" loading=\"eager\"><\/span><span class=\"fg-image-overlay\"><\/span><\/a><figcaption class=\"fg-caption\"><div class=\"fg-caption-inner\"><div class=\"fg-caption-title\">Nerezov\u00fd st\u016fl<\/div><\/div><\/figcaption><\/figure><div class=\"fg-loader\"><\/div><\/div><\/div>\n[\/vc_column_text][vc_empty_space][vc_column_text]<\/p>\n<h3>Zv\u00e1ranie nehrdzavej\u00facej ocele<\/h3>\n<p>Zaober\u00e1me sa zv\u00e1ran\u00edm antikorov\u00e9ho potrubia, kon\u0161truk\u010dn\u00fdch r\u00e1mov, n\u00e1dr\u017e\u00ed a v\u00fdrobn\u00fdch celkov.<\/p>\n<p>131 \u2013 obl\u00fakov\u00e9 zv\u00e1ranie taviacou sa elektr\u00f3dou v inertnom plyne \u2013 MIG<br \/>\n135 \u2013 obl\u00fakov\u00e9 zv\u00e1ranie taviacou sa elektr\u00f3dou v akt\u00edvnom plyne \u2013 MAG<br \/>\n141 \u2013 obl\u00fakov\u00e9 zv\u00e1ranie netaviacou sa elektr\u00f3dou v inertnom plyne v TIG (WIG)<br \/>\n121 \u2013 zv\u00e1ranie pod tavidlom s dr\u00f4tenou elektr\u00f3dou<\/p>\n<style type=\"text\/css\">\n#foogallery-gallery-10913 .fg-image { width: 240px; }\n#foogallery-gallery-10913 { --fg-gutter: 5px; }<\/style>\n\t\t\t<div class=\"foogallery foogallery-container foogallery-default foogallery-lightbox-foobox fg-left fg-default fg-ready fg-light fg-loading-default fg-loaded-fade-in fg-caption-hover fg-hover-fade fg-hover-zoom\" id=\"foogallery-gallery-10913\" data-foogallery=\"{&quot;item&quot;:{&quot;showCaptionTitle&quot;:true,&quot;showCaptionDescription&quot;:true},&quot;lazy&quot;:true}\" style=\"--fg-title-line-clamp: 0; --fg-description-line-clamp: 0;\" >\n\t<div class=\"fg-item fg-type-image fg-idle\"><figure class=\"fg-item-inner\"><a href=\"https:\/\/www.jvmmetal.cz\/wp-content\/uploads\/2018\/09\/sva\u0159ov\u00e1n\u00ed-nerezov\u00e9-oceli.jpg\" data-caption-title=\"Sva\u0159ov\u00e1n\u00ed nerezov\u00e9 oceli\" data-attachment-id=\"9628\" data-type=\"image\" class=\"fg-thumb\"><span class=\"fg-image-wrap\"><img fetchpriority=\"high\" decoding=\"async\" title=\"Sva\u0159ov\u00e1n\u00ed nerezov\u00e9 oceli\" width=\"240\" height=\"220\" class=\"skip-lazy fg-image\" data-src-fg=\"https:\/\/www.jvmmetal.cz\/wp-content\/uploads\/cache\/2018\/09\/sva\u0159ov\u00e1n\u00ed-nerezov\u00e9-oceli\/3961055279.jpg\" src=\"data:image\/svg+xml,%3Csvg%20xmlns%3D%22http%3A%2F%2Fwww.w3.org%2F2000%2Fsvg%22%20width%3D%22240%22%20height%3D%22220%22%20viewBox%3D%220%200%20240%20220%22%3E%3C%2Fsvg%3E\" loading=\"eager\"><\/span><span class=\"fg-image-overlay\"><\/span><\/a><figcaption class=\"fg-caption\"><div class=\"fg-caption-inner\"><div class=\"fg-caption-title\">Sva\u0159ov\u00e1n\u00ed nerezov\u00e9 oceli<\/div><\/div><\/figcaption><\/figure><div class=\"fg-loader\"><\/div><\/div><div class=\"fg-item fg-type-image fg-idle\"><figure class=\"fg-item-inner\"><a href=\"https:\/\/www.jvmmetal.cz\/wp-content\/uploads\/2018\/09\/sva\u0159ov\u00e1n\u00ed-nerezu.jpg\" data-caption-title=\"Sva\u0159ov\u00e1n\u00ed nerezu\" data-attachment-id=\"9629\" data-type=\"image\" class=\"fg-thumb\"><span class=\"fg-image-wrap\"><img decoding=\"async\" title=\"Sva\u0159ov\u00e1n\u00ed nerezu\" width=\"240\" height=\"220\" class=\"skip-lazy fg-image\" data-src-fg=\"https:\/\/www.jvmmetal.cz\/wp-content\/uploads\/cache\/2018\/09\/sva\u0159ov\u00e1n\u00ed-nerezu\/2683398687.jpg\" src=\"data:image\/svg+xml,%3Csvg%20xmlns%3D%22http%3A%2F%2Fwww.w3.org%2F2000%2Fsvg%22%20width%3D%22240%22%20height%3D%22220%22%20viewBox%3D%220%200%20240%20220%22%3E%3C%2Fsvg%3E\" loading=\"eager\"><\/span><span class=\"fg-image-overlay\"><\/span><\/a><figcaption class=\"fg-caption\"><div class=\"fg-caption-inner\"><div class=\"fg-caption-title\">Sva\u0159ov\u00e1n\u00ed nerezu<\/div><\/div><\/figcaption><\/figure><div class=\"fg-loader\"><\/div><\/div><div class=\"fg-item fg-type-image fg-idle\"><figure class=\"fg-item-inner\"><a href=\"https:\/\/www.jvmmetal.cz\/wp-content\/uploads\/2018\/09\/nerezov\u00fd-r\u00e1m.jpg\" data-caption-title=\"Nerezov\u00fd r\u00e1m\" data-attachment-id=\"9630\" data-type=\"image\" class=\"fg-thumb\"><span class=\"fg-image-wrap\"><img decoding=\"async\" title=\"Nerezov\u00fd r\u00e1m\" width=\"240\" height=\"220\" class=\"skip-lazy fg-image\" data-src-fg=\"https:\/\/www.jvmmetal.cz\/wp-content\/uploads\/cache\/2018\/09\/nerezov\u00fd-r\u00e1m\/1837669476.jpg\" src=\"data:image\/svg+xml,%3Csvg%20xmlns%3D%22http%3A%2F%2Fwww.w3.org%2F2000%2Fsvg%22%20width%3D%22240%22%20height%3D%22220%22%20viewBox%3D%220%200%20240%20220%22%3E%3C%2Fsvg%3E\" loading=\"eager\"><\/span><span class=\"fg-image-overlay\"><\/span><\/a><figcaption class=\"fg-caption\"><div class=\"fg-caption-inner\"><div class=\"fg-caption-title\">Nerezov\u00fd r\u00e1m<\/div><\/div><\/figcaption><\/figure><div class=\"fg-loader\"><\/div><\/div><\/div>\n\n<p>[\/vc_column_text][vc_raw_html]W3NjIG5hbWU9ImtvbnRha3RuaS1mb3JtLWFjY29yZGVvbi1zayJdWy9zY10=[\/vc_raw_html][\/vc_column][vc_column width=&#8221;1\/3&#8243;][vc_widget_sidebar sidebar_id=&#8221;blog-sidebar&#8221;][\/vc_column][\/vc_row]<\/p>\n<\/div>","protected":false},"excerpt":{"rendered":"<p>[vc_row][vc_column width=&#8221;2\/3&#8243;][vc_custom_heading source=&#8221;post_title&#8221; font_container=&#8221;tag:h1|text_align:left&#8221; use_theme_fonts=&#8221;yes&#8221; css=&#8221;&#8221;][vc_column_text css=&#8221;&#8221;]Zaober\u00e1me sa z\u00e1kazkovou v\u00fdrobou z nehrdzavej\u00facej ocele. V\u010faka dlhoro\u010dn\u00fdm sk\u00fasenostiam v tomto odbore pon\u00fakame v\u00fdrobu na vysokej kvalitat\u00edvnej \u00farovni. N\u00e1\u0161 kon\u0161truk\u010dn\u00fd<\/p>\n","protected":false},"author":11,"featured_media":6965,"parent":0,"menu_order":0,"comment_status":"closed","ping_status":"open","template":"","meta":{"footnotes":""},"categories":[161,130],"tags":[],"class_list":["post-9108","page","type-page","status-publish","has-post-thumbnail","hentry","category-sluzby","category-sluzby-sk"],"_links":{"self":[{"href":"https:\/\/www.jvmmetal.cz\/sk\/wp-json\/wp\/v2\/pages\/9108","targetHints":{"allow":["GET"]}}],"collection":[{"href":"https:\/\/www.jvmmetal.cz\/sk\/wp-json\/wp\/v2\/pages"}],"about":[{"href":"https:\/\/www.jvmmetal.cz\/sk\/wp-json\/wp\/v2\/types\/page"}],"author":[{"embeddable":true,"href":"https:\/\/www.jvmmetal.cz\/sk\/wp-json\/wp\/v2\/users\/11"}],"replies":[{"embeddable":true,"href":"https:\/\/www.jvmmetal.cz\/sk\/wp-json\/wp\/v2\/comments?post=9108"}],"version-history":[{"count":5,"href":"https:\/\/www.jvmmetal.cz\/sk\/wp-json\/wp\/v2\/pages\/9108\/revisions"}],"predecessor-version":[{"id":12179,"href":"https:\/\/www.jvmmetal.cz\/sk\/wp-json\/wp\/v2\/pages\/9108\/revisions\/12179"}],"wp:featuredmedia":[{"embeddable":true,"href":"https:\/\/www.jvmmetal.cz\/sk\/wp-json\/wp\/v2\/media\/6965"}],"wp:attachment":[{"href":"https:\/\/www.jvmmetal.cz\/sk\/wp-json\/wp\/v2\/media?parent=9108"}],"wp:term":[{"taxonomy":"category","embeddable":true,"href":"https:\/\/www.jvmmetal.cz\/sk\/wp-json\/wp\/v2\/categories?post=9108"},{"taxonomy":"post_tag","embeddable":true,"href":"https:\/\/www.jvmmetal.cz\/sk\/wp-json\/wp\/v2\/tags?post=9108"}],"curies":[{"name":"wp","href":"https:\/\/api.w.org\/{rel}","templated":true}]}}