{"id":9122,"date":"2020-03-13T18:21:18","date_gmt":"2020-03-13T18:21:18","guid":{"rendered":"https:\/\/www.jvmmetal.cz\/?p=9122"},"modified":"2026-01-23T12:35:55","modified_gmt":"2026-01-23T12:35:55","slug":"roboticke-zvaranie","status":"publish","type":"page","link":"https:\/\/www.jvmmetal.cz\/sk\/roboticke-zvaranie\/","title":{"rendered":"Robotick\u00e9 zv\u00e1ranie"},"content":{"rendered":"<div class=\"wpb-content-wrapper\"><p>[vc_row][vc_column width=&#8221;2\/3&#8243;][vc_custom_heading source=&#8221;post_title&#8221; font_container=&#8221;tag:h1|text_align:left&#8221; use_theme_fonts=&#8221;yes&#8221; css=&#8221;&#8221;][vc_column_text]Pon\u00fakame vo\u013en\u00e9 kapacity pri kooper\u00e1cii obl\u00fakov\u00e9ho zv\u00e1rania s\u00e9riov\u00fdch dielov na robotick\u00fdch zv\u00e1rac\u00edch pracovisk\u00e1ch. K dispoz\u00edcii m\u00e1me nieko\u013eko zv\u00e1rac\u00edch robotov, na ktor\u00fdch sme schopn\u00ed zvari\u0165 diely r\u00f4znych ve\u013ekost\u00ed a tvarov. Robotick\u00e9 zv\u00e1ranie je ve\u013emi efekt\u00edvna a tak aj cenovo dostupn\u00e1 met\u00f3da pre s\u00e9riov\u00fa v\u00fdrobu.<\/p>\n<style type=\"text\/css\">\n#foogallery-gallery-10896 .fg-image { width: 300px; }\n#foogallery-gallery-10896 { --fg-gutter: 5px; }<\/style>\n\t\t\t<div class=\"foogallery foogallery-container foogallery-default foogallery-lightbox-foobox fg-left fg-default fg-ready fg-light fg-loading-default fg-loaded-fade-in fg-caption-hover fg-hover-fade fg-hover-zoom\" id=\"foogallery-gallery-10896\" data-foogallery=\"{&quot;item&quot;:{&quot;showCaptionTitle&quot;:true,&quot;showCaptionDescription&quot;:true},&quot;lazy&quot;:true}\" style=\"--fg-title-line-clamp: 0; --fg-description-line-clamp: 0;\" >\n\t<div class=\"fg-item fg-type-image fg-idle\"><figure class=\"fg-item-inner\"><a href=\"https:\/\/www.jvmmetal.cz\/wp-content\/uploads\/2019\/01\/Robotick\u00e9-sva\u0159ov\u00e1n\u00ed.jpg\" data-caption-title=\"Robotick\u00e9 sva\u0159ov\u00e1n\u00ed\" data-attachment-id=\"9771\" data-type=\"image\" class=\"fg-thumb\"><span class=\"fg-image-wrap\"><img fetchpriority=\"high\" decoding=\"async\" title=\"Robotick\u00e9 sva\u0159ov\u00e1n\u00ed\" width=\"300\" height=\"220\" class=\"skip-lazy fg-image\" data-src-fg=\"https:\/\/www.jvmmetal.cz\/wp-content\/uploads\/cache\/2019\/01\/Robotick\u00e9-sva\u0159ov\u00e1n\u00ed\/3755382881.jpg\" src=\"data:image\/svg+xml,%3Csvg%20xmlns%3D%22http%3A%2F%2Fwww.w3.org%2F2000%2Fsvg%22%20width%3D%22300%22%20height%3D%22220%22%20viewBox%3D%220%200%20300%20220%22%3E%3C%2Fsvg%3E\" loading=\"eager\"><\/span><span class=\"fg-image-overlay\"><\/span><\/a><figcaption class=\"fg-caption\"><div class=\"fg-caption-inner\"><div class=\"fg-caption-title\">Robotick\u00e9 sva\u0159ov\u00e1n\u00ed<\/div><\/div><\/figcaption><\/figure><div class=\"fg-loader\"><\/div><\/div><div class=\"fg-item fg-type-image fg-idle\"><figure class=\"fg-item-inner\"><a href=\"https:\/\/www.jvmmetal.cz\/wp-content\/uploads\/2019\/01\/Robotick\u00e9-sva\u0159ovac\u00ed-pracovi\u0161t\u011b.jpg\" data-caption-title=\"Robotick\u00e9 sva\u0159ovac\u00ed pracovi\u0161t\u011b\" data-attachment-id=\"9772\" data-type=\"image\" class=\"fg-thumb\"><span class=\"fg-image-wrap\"><img decoding=\"async\" title=\"Robotick\u00e9 sva\u0159ovac\u00ed pracovi\u0161t\u011b\" width=\"300\" height=\"220\" class=\"skip-lazy fg-image\" data-src-fg=\"https:\/\/www.jvmmetal.cz\/wp-content\/uploads\/cache\/2019\/01\/Robotick\u00e9-sva\u0159ovac\u00ed-pracovi\u0161t\u011b\/3599959572.jpg\" src=\"data:image\/svg+xml,%3Csvg%20xmlns%3D%22http%3A%2F%2Fwww.w3.org%2F2000%2Fsvg%22%20width%3D%22300%22%20height%3D%22220%22%20viewBox%3D%220%200%20300%20220%22%3E%3C%2Fsvg%3E\" loading=\"eager\"><\/span><span class=\"fg-image-overlay\"><\/span><\/a><figcaption class=\"fg-caption\"><div class=\"fg-caption-inner\"><div class=\"fg-caption-title\">Robotick\u00e9 sva\u0159ovac\u00ed pracovi\u0161t\u011b<\/div><\/div><\/figcaption><\/figure><div class=\"fg-loader\"><\/div><\/div><\/div>\n\n<p>[\/vc_column_text][vc_empty_space][vc_column_text]Sme schopn\u00ed pon\u00faknu\u0165 v\u00fdrobu ve\u013ek\u00fdch s\u00e9ri\u00ed s po\u010dtom tis\u00edcov kusov mesa\u010dne, ale aj men\u0161ie v\u00fdrobn\u00e9 s\u00e9rie.<br \/>\nK dispoz\u00edcii m\u00e1me nieko\u013eko sk\u00fasen\u00fdch certifikovan\u00fdch zv\u00e1ra\u010dov, ktor\u00ed s\u00fa schopn\u00ed zavari\u0165 aj to, \u010do zv\u00e1rac\u00ed robot nezvl\u00e1dne.<\/p>\n<h3>Zv\u00e1ranie met\u00f3dou MIG \/ MAG<\/h3>\n<p>ednou z mo\u017enost\u00ed je, \u017ee si z\u00e1kazn\u00edk dod\u00e1 vlastn\u00e9 polotovary, ktor\u00e9 u n\u00e1s iba zvar\u00edme do celku.<br \/>\nSamozrejmos\u0165ou je aj mo\u017enos\u0165 \u010fal\u0161ej spolupr\u00e1ce pri v\u00fdrobe. Pon\u00fakame rezanie, v\u0155tanie, lisovanie, fr\u00e9zovanie, s\u00fastru\u017eenie, br\u00fasenie a lakovanie.<br \/>\nPre konkr\u00e9tne dopyt n\u00e1s nev\u00e1hajte\u00a0<a href=\"https:\/\/www.jvmmetal.cz\/sk\/kontakt-sk\/\">kontaktova\u0165<\/a><\/p>\n<style type=\"text\/css\">\n#foogallery-gallery-10894 .fg-image { width: 300px; }\n#foogallery-gallery-10894 { --fg-gutter: 5px; }<\/style>\n\t\t\t<div class=\"foogallery foogallery-container foogallery-default foogallery-lightbox-foobox fg-left fg-default fg-ready fg-light fg-loading-default fg-loaded-fade-in fg-caption-hover fg-hover-fade fg-hover-zoom\" id=\"foogallery-gallery-10894\" data-foogallery=\"{&quot;item&quot;:{&quot;showCaptionTitle&quot;:true,&quot;showCaptionDescription&quot;:true},&quot;lazy&quot;:true}\" style=\"--fg-title-line-clamp: 0; --fg-description-line-clamp: 0;\" >\n\t<div class=\"fg-item fg-type-image fg-idle\"><figure class=\"fg-item-inner\"><a href=\"https:\/\/www.jvmmetal.cz\/wp-content\/uploads\/2018\/09\/svarovani-konstrukci-1.jpg\" data-caption-title=\"Sva\u0159ov\u00e1n\u00ed konstrukc\u00ed\" data-attachment-id=\"9659\" data-type=\"image\" class=\"fg-thumb\"><span class=\"fg-image-wrap\"><img decoding=\"async\" title=\"Sva\u0159ov\u00e1n\u00ed konstrukc\u00ed\" width=\"300\" height=\"330\" class=\"skip-lazy fg-image\" data-src-fg=\"https:\/\/www.jvmmetal.cz\/wp-content\/uploads\/cache\/2018\/09\/svarovani-konstrukci-1\/1363908100.jpg\" src=\"data:image\/svg+xml,%3Csvg%20xmlns%3D%22http%3A%2F%2Fwww.w3.org%2F2000%2Fsvg%22%20width%3D%22300%22%20height%3D%22330%22%20viewBox%3D%220%200%20300%20330%22%3E%3C%2Fsvg%3E\" loading=\"eager\"><\/span><span class=\"fg-image-overlay\"><\/span><\/a><figcaption class=\"fg-caption\"><div class=\"fg-caption-inner\"><div class=\"fg-caption-title\">Sva\u0159ov\u00e1n\u00ed konstrukc\u00ed<\/div><\/div><\/figcaption><\/figure><div class=\"fg-loader\"><\/div><\/div><div class=\"fg-item fg-type-image fg-idle\"><figure class=\"fg-item-inner\"><a href=\"https:\/\/www.jvmmetal.cz\/wp-content\/uploads\/2018\/09\/svareni-co2.jpg\" data-caption-title=\"Sv\u00e1\u0159en\u00ed co2\" data-attachment-id=\"9600\" data-type=\"image\" class=\"fg-thumb\"><span class=\"fg-image-wrap\"><img decoding=\"async\" title=\"Sv\u00e1\u0159en\u00ed co2\" width=\"300\" height=\"330\" class=\"skip-lazy fg-image\" data-src-fg=\"https:\/\/www.jvmmetal.cz\/wp-content\/uploads\/cache\/2018\/09\/svareni-co2\/3363237464.jpg\" src=\"data:image\/svg+xml,%3Csvg%20xmlns%3D%22http%3A%2F%2Fwww.w3.org%2F2000%2Fsvg%22%20width%3D%22300%22%20height%3D%22330%22%20viewBox%3D%220%200%20300%20330%22%3E%3C%2Fsvg%3E\" loading=\"eager\"><\/span><span class=\"fg-image-overlay\"><\/span><\/a><figcaption class=\"fg-caption\"><div class=\"fg-caption-inner\"><div class=\"fg-caption-title\">Sv\u00e1\u0159en\u00ed co2<\/div><\/div><\/figcaption><\/figure><div class=\"fg-loader\"><\/div><\/div><\/div>\n\n<style type=\"text\/css\">\n#foogallery-gallery-10898 .fg-image { width: 180px; }\n#foogallery-gallery-10898 { --fg-gutter: 5px; }<\/style>\n\t\t\t<div class=\"foogallery foogallery-container foogallery-default foogallery-lightbox-foobox fg-left fg-default fg-ready fg-light fg-loading-default fg-loaded-fade-in fg-caption-hover fg-hover-fade fg-hover-zoom\" id=\"foogallery-gallery-10898\" data-foogallery=\"{&quot;item&quot;:{&quot;showCaptionTitle&quot;:true,&quot;showCaptionDescription&quot;:true},&quot;lazy&quot;:true}\" style=\"--fg-title-line-clamp: 0; --fg-description-line-clamp: 0;\" >\n\t<div class=\"fg-item fg-type-image fg-idle\"><figure class=\"fg-item-inner\"><a href=\"https:\/\/www.jvmmetal.cz\/wp-content\/uploads\/2019\/01\/naraznik-vyroba.jpg\" data-caption-title=\"N\u00e1razn\u00edk - v\u00fdroba\" data-attachment-id=\"9773\" data-type=\"image\" class=\"fg-thumb\"><span class=\"fg-image-wrap\"><img decoding=\"async\" title=\"N\u00e1razn\u00edk - v\u00fdroba\" width=\"180\" height=\"140\" class=\"skip-lazy fg-image\" data-src-fg=\"https:\/\/www.jvmmetal.cz\/wp-content\/uploads\/cache\/2019\/01\/naraznik-vyroba\/418799552.jpg\" src=\"data:image\/svg+xml,%3Csvg%20xmlns%3D%22http%3A%2F%2Fwww.w3.org%2F2000%2Fsvg%22%20width%3D%22180%22%20height%3D%22140%22%20viewBox%3D%220%200%20180%20140%22%3E%3C%2Fsvg%3E\" loading=\"eager\"><\/span><span class=\"fg-image-overlay\"><\/span><\/a><figcaption class=\"fg-caption\"><div class=\"fg-caption-inner\"><div class=\"fg-caption-title\">N\u00e1razn\u00edk - v\u00fdroba<\/div><\/div><\/figcaption><\/figure><div class=\"fg-loader\"><\/div><\/div><div class=\"fg-item fg-type-image fg-idle\"><figure class=\"fg-item-inner\"><a href=\"https:\/\/www.jvmmetal.cz\/wp-content\/uploads\/2019\/01\/Svarovana-nadrz.jpg\" data-caption-title=\"Sva\u0159ovan\u00e1 n\u00e1dr\u017e\" data-attachment-id=\"9774\" data-type=\"image\" class=\"fg-thumb\"><span class=\"fg-image-wrap\"><img decoding=\"async\" title=\"Sva\u0159ovan\u00e1 n\u00e1dr\u017e\" width=\"180\" height=\"140\" class=\"skip-lazy fg-image\" data-src-fg=\"https:\/\/www.jvmmetal.cz\/wp-content\/uploads\/cache\/2019\/01\/Svarovana-nadrz\/147792843.jpg\" src=\"data:image\/svg+xml,%3Csvg%20xmlns%3D%22http%3A%2F%2Fwww.w3.org%2F2000%2Fsvg%22%20width%3D%22180%22%20height%3D%22140%22%20viewBox%3D%220%200%20180%20140%22%3E%3C%2Fsvg%3E\" loading=\"eager\"><\/span><span class=\"fg-image-overlay\"><\/span><\/a><figcaption class=\"fg-caption\"><div class=\"fg-caption-inner\"><div class=\"fg-caption-title\">Sva\u0159ovan\u00e1 n\u00e1dr\u017e<\/div><\/div><\/figcaption><\/figure><div class=\"fg-loader\"><\/div><\/div><div class=\"fg-item fg-type-image fg-idle\"><figure class=\"fg-item-inner\"><a href=\"https:\/\/www.jvmmetal.cz\/wp-content\/uploads\/2019\/01\/svarovani-kovu.jpg\" data-caption-title=\"Sva\u0159ov\u00e1n\u00ed kovu\" data-attachment-id=\"9775\" data-type=\"image\" class=\"fg-thumb\"><span class=\"fg-image-wrap\"><img decoding=\"async\" title=\"Sva\u0159ov\u00e1n\u00ed kovu\" width=\"180\" height=\"140\" class=\"skip-lazy fg-image\" data-src-fg=\"https:\/\/www.jvmmetal.cz\/wp-content\/uploads\/cache\/2019\/01\/svarovani-kovu\/2601722827.jpg\" src=\"data:image\/svg+xml,%3Csvg%20xmlns%3D%22http%3A%2F%2Fwww.w3.org%2F2000%2Fsvg%22%20width%3D%22180%22%20height%3D%22140%22%20viewBox%3D%220%200%20180%20140%22%3E%3C%2Fsvg%3E\" loading=\"eager\"><\/span><span class=\"fg-image-overlay\"><\/span><\/a><figcaption class=\"fg-caption\"><div class=\"fg-caption-inner\"><div class=\"fg-caption-title\">Sva\u0159ov\u00e1n\u00ed kovu<\/div><\/div><\/figcaption><\/figure><div class=\"fg-loader\"><\/div><\/div><div class=\"fg-item fg-type-image fg-idle\"><figure class=\"fg-item-inner\"><a href=\"https:\/\/www.jvmmetal.cz\/wp-content\/uploads\/2019\/01\/seriova-vyroba.jpg\" data-caption-title=\"S\u00e9riov\u00e1 v\u00fdroba\" data-attachment-id=\"9776\" data-type=\"image\" class=\"fg-thumb\"><span class=\"fg-image-wrap\"><img decoding=\"async\" title=\"S\u00e9riov\u00e1 v\u00fdroba\" width=\"180\" height=\"140\" class=\"skip-lazy fg-image\" data-src-fg=\"https:\/\/www.jvmmetal.cz\/wp-content\/uploads\/cache\/2019\/01\/seriova-vyroba\/2259808897.jpg\" src=\"data:image\/svg+xml,%3Csvg%20xmlns%3D%22http%3A%2F%2Fwww.w3.org%2F2000%2Fsvg%22%20width%3D%22180%22%20height%3D%22140%22%20viewBox%3D%220%200%20180%20140%22%3E%3C%2Fsvg%3E\" loading=\"eager\"><\/span><span class=\"fg-image-overlay\"><\/span><\/a><figcaption class=\"fg-caption\"><div class=\"fg-caption-inner\"><div class=\"fg-caption-title\">S\u00e9riov\u00e1 v\u00fdroba<\/div><\/div><\/figcaption><\/figure><div class=\"fg-loader\"><\/div><\/div><\/div>\n\n<p>[\/vc_column_text][vc_raw_html]W3NjIG5hbWU9ImtvbnRha3RuaS1mb3JtLWFjY29yZGVvbi1zayJdWy9zY10=[\/vc_raw_html][\/vc_column][vc_column width=&#8221;1\/3&#8243;][vc_widget_sidebar sidebar_id=&#8221;blog-sidebar&#8221;][\/vc_column][\/vc_row]<\/p>\n<\/div>","protected":false},"excerpt":{"rendered":"<p>Pon\u00fakame vo\u013en\u00e9 kapacity pri kooper\u00e1cii obl\u00fakov\u00e9ho zv\u00e1rania s\u00e9riov\u00fdch dielov na robotick\u00fdch zv\u00e1rac\u00edch pracovisk\u00e1ch. <\/p>\n","protected":false},"author":11,"featured_media":7936,"parent":0,"menu_order":0,"comment_status":"closed","ping_status":"open","template":"","meta":{"footnotes":""},"categories":[161,130],"tags":[],"class_list":["post-9122","page","type-page","status-publish","has-post-thumbnail","hentry","category-sluzby","category-sluzby-sk"],"_links":{"self":[{"href":"https:\/\/www.jvmmetal.cz\/sk\/wp-json\/wp\/v2\/pages\/9122","targetHints":{"allow":["GET"]}}],"collection":[{"href":"https:\/\/www.jvmmetal.cz\/sk\/wp-json\/wp\/v2\/pages"}],"about":[{"href":"https:\/\/www.jvmmetal.cz\/sk\/wp-json\/wp\/v2\/types\/page"}],"author":[{"embeddable":true,"href":"https:\/\/www.jvmmetal.cz\/sk\/wp-json\/wp\/v2\/users\/11"}],"replies":[{"embeddable":true,"href":"https:\/\/www.jvmmetal.cz\/sk\/wp-json\/wp\/v2\/comments?post=9122"}],"version-history":[{"count":9,"href":"https:\/\/www.jvmmetal.cz\/sk\/wp-json\/wp\/v2\/pages\/9122\/revisions"}],"predecessor-version":[{"id":12192,"href":"https:\/\/www.jvmmetal.cz\/sk\/wp-json\/wp\/v2\/pages\/9122\/revisions\/12192"}],"wp:featuredmedia":[{"embeddable":true,"href":"https:\/\/www.jvmmetal.cz\/sk\/wp-json\/wp\/v2\/media\/7936"}],"wp:attachment":[{"href":"https:\/\/www.jvmmetal.cz\/sk\/wp-json\/wp\/v2\/media?parent=9122"}],"wp:term":[{"taxonomy":"category","embeddable":true,"href":"https:\/\/www.jvmmetal.cz\/sk\/wp-json\/wp\/v2\/categories?post=9122"},{"taxonomy":"post_tag","embeddable":true,"href":"https:\/\/www.jvmmetal.cz\/sk\/wp-json\/wp\/v2\/tags?post=9122"}],"curies":[{"name":"wp","href":"https:\/\/api.w.org\/{rel}","templated":true}]}}