{"id":9124,"date":"2020-03-13T18:26:57","date_gmt":"2020-03-13T18:26:57","guid":{"rendered":"https:\/\/www.jvmmetal.cz\/?page_id=9124"},"modified":"2020-12-16T09:54:50","modified_gmt":"2020-12-16T09:54:50","slug":"o-nas-2","status":"publish","type":"page","link":"https:\/\/www.jvmmetal.cz\/sk\/o-nas-2\/","title":{"rendered":"O n\u00e1s"},"content":{"rendered":"<div class=\"wpb-content-wrapper\"><p>[vc_row][vc_column width=&#8221;2\/3&#8243;][vc_empty_space][vc_column_text]<\/p>\n<h1>JVM metal s.r.o. | dopravn\u00edky | robotiz\u00e1cia a priemyseln\u00e1 automatiz\u00e1cia<\/h1>\n<p>Sme stroj\u00e1rensk\u00e1 spolo\u010dnos\u0165 JVM metal s.r.o. nadv\u00e4zuj\u00faca na trad\u00edciu rodinnej <strong>firmy Miroslava Vancla<\/strong>, ktor\u00e1 bola zalo\u017een\u00e1 v roku 1993.<\/p>\n<p>U\u017e od po\u010diatku existencie boli kvalita, spo\u013eahlivos\u0165 a sol\u00eddne spr\u00e1vanie k z\u00e1kazn\u00edkovi z\u00e1kladom na\u0161ej obchodnej politiky. Od roku 2004 sme sa za\u010dali zameriava\u0165 na v\u00fdrobu p\u00e1sov\u00fdch dopravn\u00edkov, val\u010dekov\u00fdch dopravn\u00edkov a \u010fal\u0161iu manipula\u010dn\u00fa techniku.<\/p>\n<p>V s\u00fa\u010dasnej dobe pon\u00fakame kompletn\u00e9 rie\u0161enia v oblasti manipul\u00e1cie, automatiz\u00e1cie a robotiz\u00e1cie v\u00fdroby.<br \/>\nV na\u0161om sortimente n\u00e1jdete v\u0161etky druhy <a href=\"https:\/\/www.jvmmetal.cz\/sk\/pasove-dopravniky-sk\/\">p\u00e1sov\u00fdch<\/a> a <a href=\"https:\/\/www.jvmmetal.cz\/sk\/valcekove-dopravniky\/\">v\u00e1l\u010dekov\u00fdch dopravn\u00edkov<\/a>, <a href=\"https:\/\/www.jvmmetal.cz\/sk\/priemyselna-automatizacia-robotizacia\/\">robotick\u00e9 pracovisko<\/a>, automatick\u00e9 p\u00e1skovacie a ovinovacie linky, a mnoho \u010fal\u0161\u00edch individu\u00e1lnych rie\u0161en\u00ed.<\/p>\n<p>M\u00e1me vlastn\u00e9 kon\u0161truk\u010dn\u00e9 oddelenie, kde rie\u0161ime v\u00fdvoj nov\u00fdch strojov a spracov\u00e1vame v\u00fdrobn\u00fa dokument\u00e1ciu.<br \/>\nVo v\u00fdrobn\u00fdch priestoroch firmy staviame kompletn\u00e9 strojn\u00e9 zariadenia, vr\u00e1tane osadenia pneumatick\u00fdch, hydraulick\u00fdch a elektroprvkov. Po vyroben\u00ed stroja je samozrejmos\u0165ou mont\u00e1\u017e a o\u017eivenie u z\u00e1kazn\u00edka, vr\u00e1tane za\u0161kolenia obsluhy a \u00fadr\u017eby.[\/vc_column_text][vc_raw_html]W3NjIG5hbWU9ImtvbnRha3RuaS1mb3JtLWFjY29yZGVvbi1zayJdWy9zY10=[\/vc_raw_html][vc_empty_space][vc_single_image image=&#8221;9670&#8243; img_size=&#8221;full&#8221;][\/vc_column][vc_column width=&#8221;1\/3&#8243;][vc_widget_sidebar sidebar_id=&#8221;blog-sidebar&#8221;][\/vc_column][\/vc_row]<\/p>\n<\/div>","protected":false},"excerpt":{"rendered":"<p>[vc_row][vc_column width=&#8221;2\/3&#8243;][vc_empty_space][vc_column_text] JVM metal s.r.o. | dopravn\u00edky | robotiz\u00e1cia a priemyseln\u00e1 automatiz\u00e1cia Sme stroj\u00e1rensk\u00e1 spolo\u010dnos\u0165 JVM metal s.r.o. nadv\u00e4zuj\u00faca na trad\u00edciu rodinnej firmy Miroslava Vancla, ktor\u00e1 bola<\/p>\n","protected":false},"author":11,"featured_media":0,"parent":0,"menu_order":0,"comment_status":"closed","ping_status":"closed","template":"","meta":{"footnotes":""},"categories":[],"tags":[],"class_list":["post-9124","page","type-page","status-publish","hentry"],"_links":{"self":[{"href":"https:\/\/www.jvmmetal.cz\/sk\/wp-json\/wp\/v2\/pages\/9124","targetHints":{"allow":["GET"]}}],"collection":[{"href":"https:\/\/www.jvmmetal.cz\/sk\/wp-json\/wp\/v2\/pages"}],"about":[{"href":"https:\/\/www.jvmmetal.cz\/sk\/wp-json\/wp\/v2\/types\/page"}],"author":[{"embeddable":true,"href":"https:\/\/www.jvmmetal.cz\/sk\/wp-json\/wp\/v2\/users\/11"}],"replies":[{"embeddable":true,"href":"https:\/\/www.jvmmetal.cz\/sk\/wp-json\/wp\/v2\/comments?post=9124"}],"version-history":[{"count":4,"href":"https:\/\/www.jvmmetal.cz\/sk\/wp-json\/wp\/v2\/pages\/9124\/revisions"}],"predecessor-version":[{"id":10414,"href":"https:\/\/www.jvmmetal.cz\/sk\/wp-json\/wp\/v2\/pages\/9124\/revisions\/10414"}],"wp:attachment":[{"href":"https:\/\/www.jvmmetal.cz\/sk\/wp-json\/wp\/v2\/media?parent=9124"}],"wp:term":[{"taxonomy":"category","embeddable":true,"href":"https:\/\/www.jvmmetal.cz\/sk\/wp-json\/wp\/v2\/categories?post=9124"},{"taxonomy":"post_tag","embeddable":true,"href":"https:\/\/www.jvmmetal.cz\/sk\/wp-json\/wp\/v2\/tags?post=9124"}],"curies":[{"name":"wp","href":"https:\/\/api.w.org\/{rel}","templated":true}]}}