{"id":9189,"date":"2018-09-18T08:06:01","date_gmt":"2018-09-18T08:06:01","guid":{"rendered":"https:\/\/www.jvmmetal.cz\/?page_id=9189"},"modified":"2026-01-23T10:15:16","modified_gmt":"2026-01-23T10:15:16","slug":"priemyselna-automatizacia-robotizacia","status":"publish","type":"page","link":"https:\/\/www.jvmmetal.cz\/sk\/priemyselna-automatizacia-robotizacia\/","title":{"rendered":"Priemyseln\u00e1 automatiz\u00e1cia \/ Robotiz\u00e1cia"},"content":{"rendered":"<div class=\"wpb-content-wrapper\"><p>[vc_row][vc_column width=&#8221;2\/3&#8243;][vc_custom_heading source=&#8221;post_title&#8221; font_container=&#8221;tag:h1|text_align:left&#8221; use_theme_fonts=&#8221;yes&#8221; css=&#8221;&#8221;]<div id=\"mpc_grid_posts_1569e4165b88286\" class=\"mpc-grid-posts mpc-init mpc-init mpc-transition mpc-overlay--fade mpc-item--fade mpc-layout--style_1  \"  data-grid-cols=\"2\"><div class=\"mpc-grid-sizer\"><\/div><div onclick=\"\" class=\"mpc-post\"><div class=\"mpc-post__wrapper\"><div class=\"mpc-post__thumbnail\" data-mpc_src=\"https:\/\/www.jvmmetal.cz\/wp-content\/uploads\/2019\/02\/Paletizace-robotick\u00e1-800x400.jpg\" data-mpc_link=\"https:\/\/www.jvmmetal.cz\/sk\/automaticka-paletizacia-depaletizacia\/\"><div class=\"mpc-post__overlay mpc-transition\"><div class=\"mpc-post--vertical-wrap\"><div class=\"mpc-post--vertical\" data-mpc_link=\"https:\/\/www.jvmmetal.cz\/sk\/automaticka-paletizacia-depaletizacia\/\"><a href=\"https:\/\/www.jvmmetal.cz\/sk\/automaticka-paletizacia-depaletizacia\/\" title=\"\u010c\u00edtaj viac o Automatick\u00e1 paletiz\u00e1cia \/ depaletiz\u00e1cia\" class=\"mpc-icon-anchor\"><i class=\"mpc-post-overlay__icon mpc-type--readmore fa fa-angle-double-up\"><\/i><\/a><div class=\"mpc-post__content mpc-transition\"><h3 class=\"mpc-post__heading mpc-transition mpc-typography--mpc_preset_17 mpc-text-overflow\"><a href=\"https:\/\/www.jvmmetal.cz\/sk\/automaticka-paletizacia-depaletizacia\/\" title=\"Automatick\u00e1 paletiz\u00e1cia \/ depaletiz\u00e1cia\">Automatick\u00e1 paletiz\u00e1cia \/ depaletiz\u00e1cia<\/a><\/h3><\/div><\/div><\/div><\/div><\/div><div class=\"mpc-post__content mpc-transition\"><h3 class=\"mpc-post__heading mpc-transition mpc-typography--mpc_preset_17 mpc-text-overflow\"><a href=\"https:\/\/www.jvmmetal.cz\/sk\/automaticka-paletizacia-depaletizacia\/\" title=\"Automatick\u00e1 paletiz\u00e1cia \/ depaletiz\u00e1cia\">Automatick\u00e1 paletiz\u00e1cia \/ depaletiz\u00e1cia<\/a><\/h3><\/div><\/div><\/div><\/div><script type=\"text\/javascript\">var _mpc_grid_posts_1569e4165b88286_atts = {\"preset\":\"mpc_preset_3\",\"cols\":\"2\",\"gap\":\"15\",\"post_type\":\"ids\",\"ids\":\"9191\",\"items_number\":\"16\",\"thumb_height\":\"200\",\"title_font_preset\":\"mpc_preset_17\",\"title_font_color\":\"#000000\",\"title_font_size\":\"16\",\"title_font_line_height\":\"1.5\",\"title_font_transform\":\"none\",\"title_font_align\":\"center\",\"meta_layout\":\"\",\"meta_font_preset\":\"mpc_preset_1\",\"meta_font_color\":\"#777777\",\"meta_font_size\":\"12\",\"meta_font_line_height\":\"1.5\",\"meta_font_transform\":\"none\",\"meta_font_align\":\"center\",\"meta_link_color\":\"#777777\",\"description_font_preset\":\"mpc_preset_1\",\"background_color\":\"#f97f1b\",\"border_css\":\"border-color:#d1d1d1;border-radius:5px;\",\"padding_divider\":\"true\",\"padding_css\":\"padding-top:10px;padding-bottom:10px;\",\"overlay_color\":\"rgba(242,151,96,0.46)\",\"lightbox_disable\":\"true\",\"lightbox_icon\":\"etl etl-magnifying-glass\",\"lightbox_icon_color\":\"#ffffff\",\"lightbox_icon_size\":\"48\",\"hover_lightbox_color\":\"#f8bf4d\",\"readmore_icon\":\"fa fa-angle-double-up\",\"readmore_icon_color\":\"rgba(255,255,255,0)\",\"readmore_icon_size\":\"668\",\"hover_readmore_color\":\"rgba(255,255,255,0.01)\",\"overlay_icons_padding_css\":\"padding:0px;\",\"overlay_icons_margin_css\":\"margin:0px;\",\"mpc_pagination__preset\":\"mpc_preset_5\"}, _mpc_grid_posts_1569e4165b88286_query = {\"post_type\":\"ids\",\"taxonomies\":\"\",\"ids\":\"9191\",\"order\":\"ASC\",\"include_exclude_type\":\"include\",\"orderby\":\"date\",\"items_number\":\"16\",\"target\":\"mpc_grid_posts_1569e4165b88286\",\"callback\":\"MPC_Grid_Posts\"};<\/script>[vc_empty_space css=&#8221;.vc_custom_1582546026775{margin: 0px !important;padding: 0px !important;}&#8221;][vc_column_text css=&#8221;.vc_custom_1608111049965{border-radius: 20px !important;}&#8221;]Pon\u00fakame kompletn\u00fa dod\u00e1vku robotick\u00fdch pracov\u00edsk pre v\u0161etky odvetvia priemyselnej automatiz\u00e1cie.<br \/>\n<a href=\"https:\/\/www.jvmmetal.cz\/sk\/priemyselna-automatizacia-robotizacia\/\">Priemyseln\u00e1 robotiz\u00e1cia a priemyseln\u00e1 automatiz\u00e1cia<\/a> v\u00fdroby v\u00e1m nahrad\u00ed nedostatok pracovnej sily a zr\u00fdchli va\u0161e v\u00fdrobn\u00e9 procesy.<\/p>\n<p>Navrhneme v\u00e1m robotick\u00e9 pracovisko presne na mieru va\u0161ej po\u017eiadavky.<br \/>\nZakladanie alebo odoberanie dielov, paletiz\u00e1cia, depaletiz\u00e1cie, robotick\u00e9 br\u00fasenie, robotick\u00e9 zv\u00e1ranie a mnoho \u010fal\u0161\u00edch \u00fakonov sa d\u00e1 s na\u0161imi priemyseln\u00fdmi robotmi zvl\u00e1dnu\u0165 v automatickom re\u017eime.<\/p>\n<p>Na\u0161a firma sa, okrem in\u00e9ho, zaober\u00e1 aj dopravn\u00edkov\u00fdmi syst\u00e9mami, ktor\u00e9 v kombin\u00e1cii s priemyseln\u00fdm robotom u\u013eah\u010dia a zr\u00fdchlia v\u00e1\u0161 v\u00fdrobn\u00fd proces.<\/p>\n<p>V na\u0161ej ponuke je cel\u00fd rad priemyseln\u00fdch robotov predov\u0161etk\u00fdm zna\u010dky FANUC<br \/>\nZ tohto radu robotov v\u00e1m v\u017edy vyberieme najoptim\u00e1lnej\u0161ie rie\u0161enie pre va\u0161u aplik\u00e1ciu tak, aby bol robot dostato\u010dne r\u00fdchly, mal po\u017eadovan\u00fa nosnos\u0165 a dosah, a z\u00e1rove\u0148 aby to bolo rie\u0161enie ekonomicky optim\u00e1lne.<\/p>\n<p>Pon\u00fakame kolaborat\u00edvne roboty, ktor\u00e9 m\u00f4\u017eu pracova\u0165 v bl\u00edzkosti \u010dloveka bez potreby ochrann\u00e9ho oplotenia,<br \/>\nRoboty pre potravin\u00e1rstvo, Mal\u00e9 osadzovacie roboty, Ve\u013ek\u00e9 roboty a\u017e do nosnosti 2 300\u00a0kg<\/p>\n<p>Na\u0161ou snahou je vyrobi\u0165 robotick\u00e9 pracovisko v\u017edy v najvy\u0161\u0161ej mo\u017enej kvalite tak, aby bola dodr\u017ean\u00e1 maxim\u00e1lna presnos\u0165, r\u00fdchlos\u0165 a kvalita v\u00fdroby.<\/p>\n<p>Pred samotnou realiz\u00e1ciou v\u00e1m dod\u00e1me 3D simul\u00e1ciu pracoviska, kde sa vyladia pracovn\u00e9 procesy.<br \/>\nOh\u013eadom nez\u00e1v\u00e4zn\u00e9ho dopytu va\u0161ej po\u017eiadavky n\u00e1s nev\u00e1hajte \u00a0<a href=\"https:\/\/www.jvmmetal.cz\/sk\/kontakt-sk\/\">kontaktova\u0165.<br \/>\n<\/a>[\/vc_column_text][vc_raw_html]W3NjIG5hbWU9ImtvbnRha3RuaS1mb3JtLWFjY29yZGVvbi1zayJdWy9zY10=[\/vc_raw_html][vc_column_text]<\/p>\n<h3><strong>Fotogalerie robotizace:<\/strong><\/h3>\n<style type=\"text\/css\">\n#foogallery-gallery-10950.fg-justified .fg-item { margin-right: 2px; margin-bottom: 2px; }\n#foogallery-gallery-10950.fg-justified .fg-image { height: 150px; }<\/style>\n\t\t\t<div class=\"foogallery foogallery-container foogallery-justified foogallery-lightbox-foobox fg-justified fg-ready fg-light fg-loading-default fg-loaded-fade-in fg-caption-hover fg-hover-fade fg-hover-zoom2\" id=\"foogallery-gallery-10950\" data-foogallery=\"{&quot;item&quot;:{&quot;showCaptionTitle&quot;:true,&quot;showCaptionDescription&quot;:false},&quot;lazy&quot;:true,&quot;template&quot;:{&quot;rowHeight&quot;:150,&quot;maxRowHeight&quot;:225,&quot;margins&quot;:2,&quot;align&quot;:&quot;center&quot;,&quot;lastRow&quot;:&quot;smart&quot;}}\" style=\"--fg-title-line-clamp: 0; --fg-description-line-clamp: 0;\" >\n\t<div class=\"fg-item fg-type-image fg-idle\"><figure class=\"fg-item-inner\"><a href=\"https:\/\/www.jvmmetal.cz\/wp-content\/uploads\/2019\/02\/automaticka-Robotizace.jpg\" data-caption-title=\"Automatizace robotizace\" data-attachment-id=\"9788\" data-type=\"image\" class=\"fg-thumb\"><span class=\"fg-image-wrap\"><img fetchpriority=\"high\" decoding=\"async\" title=\"Automatizace robotizace\" height=\"225\" width=\"300\" class=\"skip-lazy fg-image\" data-src-fg=\"https:\/\/www.jvmmetal.cz\/wp-content\/uploads\/cache\/2019\/02\/automaticka-Robotizace\/244950204.jpg\" src=\"data:image\/svg+xml,%3Csvg%20xmlns%3D%22http%3A%2F%2Fwww.w3.org%2F2000%2Fsvg%22%20width%3D%22300%22%20height%3D%22225%22%20viewBox%3D%220%200%20300%20225%22%3E%3C%2Fsvg%3E\" loading=\"eager\"><\/span><span class=\"fg-image-overlay\"><\/span><\/a><figcaption class=\"fg-caption\"><div class=\"fg-caption-inner\"><div class=\"fg-caption-title\">Automatizace robotizace<\/div><\/div><\/figcaption><\/figure><div class=\"fg-loader\"><\/div><\/div><div class=\"fg-item fg-type-image fg-idle\"><figure class=\"fg-item-inner\"><a href=\"https:\/\/www.jvmmetal.cz\/wp-content\/uploads\/2019\/02\/automatizace-robotizace.png\" data-caption-title=\"Automatizace robotizace\" data-attachment-id=\"9789\" data-type=\"image\" class=\"fg-thumb\"><span class=\"fg-image-wrap\"><img decoding=\"async\" title=\"Automatizace robotizace\" height=\"225\" width=\"300\" class=\"skip-lazy fg-image\" data-src-fg=\"https:\/\/www.jvmmetal.cz\/wp-content\/uploads\/cache\/2019\/02\/automatizace-robotizace\/4137202326.png\" src=\"data:image\/svg+xml,%3Csvg%20xmlns%3D%22http%3A%2F%2Fwww.w3.org%2F2000%2Fsvg%22%20width%3D%22300%22%20height%3D%22225%22%20viewBox%3D%220%200%20300%20225%22%3E%3C%2Fsvg%3E\" loading=\"eager\"><\/span><span class=\"fg-image-overlay\"><\/span><\/a><figcaption class=\"fg-caption\"><div class=\"fg-caption-inner\"><div class=\"fg-caption-title\">Automatizace robotizace<\/div><\/div><\/figcaption><\/figure><div class=\"fg-loader\"><\/div><\/div><div class=\"fg-item fg-type-image fg-idle\"><figure class=\"fg-item-inner\"><a href=\"https:\/\/www.jvmmetal.cz\/wp-content\/uploads\/2019\/02\/male-prumyslove-roboty.png\" data-caption-title=\"Mal\u00e9 pr\u016fmyslov\u00e9 roboty\" data-attachment-id=\"9790\" data-type=\"image\" class=\"fg-thumb\"><span class=\"fg-image-wrap\"><img decoding=\"async\" title=\"Mal\u00e9 pr\u016fmyslov\u00e9 roboty\" height=\"225\" width=\"300\" class=\"skip-lazy fg-image\" data-src-fg=\"https:\/\/www.jvmmetal.cz\/wp-content\/uploads\/cache\/2019\/02\/male-prumyslove-roboty\/1412403240.png\" src=\"data:image\/svg+xml,%3Csvg%20xmlns%3D%22http%3A%2F%2Fwww.w3.org%2F2000%2Fsvg%22%20width%3D%22300%22%20height%3D%22225%22%20viewBox%3D%220%200%20300%20225%22%3E%3C%2Fsvg%3E\" loading=\"eager\"><\/span><span class=\"fg-image-overlay\"><\/span><\/a><figcaption class=\"fg-caption\"><div class=\"fg-caption-inner\"><div class=\"fg-caption-title\">Mal\u00e9 pr\u016fmyslov\u00e9 roboty<\/div><\/div><\/figcaption><\/figure><div class=\"fg-loader\"><\/div><\/div><div class=\"fg-item fg-type-image fg-idle\"><figure class=\"fg-item-inner\"><a href=\"https:\/\/www.jvmmetal.cz\/wp-content\/uploads\/2019\/02\/maly-prumyslovy-robot.png\" data-caption-title=\"Mal\u00fd pr\u016fmyslov\u00fd robot\" data-attachment-id=\"9791\" data-type=\"image\" class=\"fg-thumb\"><span class=\"fg-image-wrap\"><img decoding=\"async\" title=\"Mal\u00fd pr\u016fmyslov\u00fd robot\" height=\"225\" width=\"300\" class=\"skip-lazy fg-image\" data-src-fg=\"https:\/\/www.jvmmetal.cz\/wp-content\/uploads\/cache\/2019\/02\/maly-prumyslovy-robot\/1483864194.png\" src=\"data:image\/svg+xml,%3Csvg%20xmlns%3D%22http%3A%2F%2Fwww.w3.org%2F2000%2Fsvg%22%20width%3D%22300%22%20height%3D%22225%22%20viewBox%3D%220%200%20300%20225%22%3E%3C%2Fsvg%3E\" loading=\"eager\"><\/span><span class=\"fg-image-overlay\"><\/span><\/a><figcaption class=\"fg-caption\"><div class=\"fg-caption-inner\"><div class=\"fg-caption-title\">Mal\u00fd pr\u016fmyslov\u00fd robot<\/div><\/div><\/figcaption><\/figure><div class=\"fg-loader\"><\/div><\/div><div class=\"fg-item fg-type-image fg-idle\"><figure class=\"fg-item-inner\"><a href=\"https:\/\/www.jvmmetal.cz\/wp-content\/uploads\/2019\/02\/P\u0159ehled-pr\u016fmyslov\u00fdch-robot\u016f.jpg\" data-caption-title=\"P\u0159ehled pr\u016fmyslov\u00fdch robot\u016f\" data-attachment-id=\"9792\" data-type=\"image\" class=\"fg-thumb\"><span class=\"fg-image-wrap\"><img decoding=\"async\" title=\"P\u0159ehled pr\u016fmyslov\u00fdch robot\u016f\" height=\"225\" width=\"417\" class=\"skip-lazy fg-image\" data-src-fg=\"https:\/\/www.jvmmetal.cz\/wp-content\/uploads\/cache\/2019\/02\/P\u0159ehled-pr\u016fmyslov\u00fdch-robot\u016f\/19243180.jpg\" src=\"data:image\/svg+xml,%3Csvg%20xmlns%3D%22http%3A%2F%2Fwww.w3.org%2F2000%2Fsvg%22%20width%3D%22417%22%20height%3D%22225%22%20viewBox%3D%220%200%20417%20225%22%3E%3C%2Fsvg%3E\" loading=\"eager\"><\/span><span class=\"fg-image-overlay\"><\/span><\/a><figcaption class=\"fg-caption\"><div class=\"fg-caption-inner\"><div class=\"fg-caption-title\">P\u0159ehled pr\u016fmyslov\u00fdch robot\u016f<\/div><\/div><\/figcaption><\/figure><div class=\"fg-loader\"><\/div><\/div><div class=\"fg-item fg-type-image fg-idle\"><figure class=\"fg-item-inner\"><a href=\"https:\/\/www.jvmmetal.cz\/wp-content\/uploads\/2019\/02\/robor-fanuc.png\" data-caption-title=\"Robot Fanuc\" data-attachment-id=\"9793\" data-type=\"image\" class=\"fg-thumb\"><span class=\"fg-image-wrap\"><img decoding=\"async\" title=\"Robot Fanuc\" height=\"225\" width=\"300\" class=\"skip-lazy fg-image\" data-src-fg=\"https:\/\/www.jvmmetal.cz\/wp-content\/uploads\/cache\/2019\/02\/robor-fanuc\/2771389317.png\" src=\"data:image\/svg+xml,%3Csvg%20xmlns%3D%22http%3A%2F%2Fwww.w3.org%2F2000%2Fsvg%22%20width%3D%22300%22%20height%3D%22225%22%20viewBox%3D%220%200%20300%20225%22%3E%3C%2Fsvg%3E\" loading=\"eager\"><\/span><span class=\"fg-image-overlay\"><\/span><\/a><figcaption class=\"fg-caption\"><div class=\"fg-caption-inner\"><div class=\"fg-caption-title\">Robot Fanuc<\/div><\/div><\/figcaption><\/figure><div class=\"fg-loader\"><\/div><\/div><div class=\"fg-item fg-type-image fg-idle\"><figure class=\"fg-item-inner\"><a href=\"https:\/\/www.jvmmetal.cz\/wp-content\/uploads\/2019\/02\/Robot-Fanuc.jpg\" data-caption-title=\"Robot Fanuc\" data-attachment-id=\"9794\" data-type=\"image\" class=\"fg-thumb\"><span class=\"fg-image-wrap\"><img decoding=\"async\" title=\"Robot Fanuc\" height=\"225\" width=\"330\" class=\"skip-lazy fg-image\" data-src-fg=\"https:\/\/www.jvmmetal.cz\/wp-content\/uploads\/cache\/2019\/02\/Robot-Fanuc\/1859401727.jpg\" src=\"data:image\/svg+xml,%3Csvg%20xmlns%3D%22http%3A%2F%2Fwww.w3.org%2F2000%2Fsvg%22%20width%3D%22330%22%20height%3D%22225%22%20viewBox%3D%220%200%20330%20225%22%3E%3C%2Fsvg%3E\" loading=\"eager\"><\/span><span class=\"fg-image-overlay\"><\/span><\/a><figcaption class=\"fg-caption\"><div class=\"fg-caption-inner\"><div class=\"fg-caption-title\">Robot Fanuc<\/div><\/div><\/figcaption><\/figure><div class=\"fg-loader\"><\/div><\/div><div class=\"fg-item fg-type-image fg-idle\"><figure class=\"fg-item-inner\"><a href=\"https:\/\/www.jvmmetal.cz\/wp-content\/uploads\/2019\/02\/Robotick\u00e9-zakl\u00e1d\u00e1n\u00ed-d\u00edl\u016f.png\" data-caption-title=\"Robotick\u00e9 zakl\u00e1d\u00e1n\u00ed d\u00edl\u016f\" data-attachment-id=\"9795\" data-type=\"image\" class=\"fg-thumb\"><span class=\"fg-image-wrap\"><img decoding=\"async\" title=\"Robotick\u00e9 zakl\u00e1d\u00e1n\u00ed d\u00edl\u016f\" height=\"225\" width=\"300\" class=\"skip-lazy fg-image\" data-src-fg=\"https:\/\/www.jvmmetal.cz\/wp-content\/uploads\/cache\/2019\/02\/Robotick\u00e9-zakl\u00e1d\u00e1n\u00ed-d\u00edl\u016f\/1708711919.png\" src=\"data:image\/svg+xml,%3Csvg%20xmlns%3D%22http%3A%2F%2Fwww.w3.org%2F2000%2Fsvg%22%20width%3D%22300%22%20height%3D%22225%22%20viewBox%3D%220%200%20300%20225%22%3E%3C%2Fsvg%3E\" loading=\"eager\"><\/span><span class=\"fg-image-overlay\"><\/span><\/a><figcaption class=\"fg-caption\"><div class=\"fg-caption-inner\"><div class=\"fg-caption-title\">Robotick\u00e9 zakl\u00e1d\u00e1n\u00ed d\u00edl\u016f<\/div><\/div><\/figcaption><\/figure><div class=\"fg-loader\"><\/div><\/div><div class=\"fg-item fg-type-image fg-idle\"><figure class=\"fg-item-inner\"><a href=\"https:\/\/www.jvmmetal.cz\/wp-content\/uploads\/2019\/02\/Roboticke-pracoviste.jpg\" data-caption-title=\"Robotick\u00e9 pracovi\u0161t\u011b\" data-attachment-id=\"9796\" data-type=\"image\" class=\"fg-thumb\"><span class=\"fg-image-wrap\"><img decoding=\"async\" title=\"Robotick\u00e9 pracovi\u0161t\u011b\" height=\"225\" width=\"300\" class=\"skip-lazy fg-image\" data-src-fg=\"https:\/\/www.jvmmetal.cz\/wp-content\/uploads\/cache\/2019\/02\/Roboticke-pracoviste\/328557256.jpg\" src=\"data:image\/svg+xml,%3Csvg%20xmlns%3D%22http%3A%2F%2Fwww.w3.org%2F2000%2Fsvg%22%20width%3D%22300%22%20height%3D%22225%22%20viewBox%3D%220%200%20300%20225%22%3E%3C%2Fsvg%3E\" loading=\"eager\"><\/span><span class=\"fg-image-overlay\"><\/span><\/a><figcaption class=\"fg-caption\"><div class=\"fg-caption-inner\"><div class=\"fg-caption-title\">Robotick\u00e9 pracovi\u0161t\u011b<\/div><\/div><\/figcaption><\/figure><div class=\"fg-loader\"><\/div><\/div><div class=\"fg-item fg-type-image fg-idle\"><figure class=\"fg-item-inner\"><a href=\"https:\/\/www.jvmmetal.cz\/wp-content\/uploads\/2019\/02\/roboticke-svarovani.png\" data-caption-title=\"Robotick\u00e9 sva\u0159ov\u00e1n\u00ed\" data-attachment-id=\"9797\" data-type=\"image\" class=\"fg-thumb\"><span class=\"fg-image-wrap\"><img decoding=\"async\" title=\"Robotick\u00e9 sva\u0159ov\u00e1n\u00ed\" height=\"225\" width=\"300\" class=\"skip-lazy fg-image\" data-src-fg=\"https:\/\/www.jvmmetal.cz\/wp-content\/uploads\/cache\/2019\/02\/roboticke-svarovani\/2100271049.png\" src=\"data:image\/svg+xml,%3Csvg%20xmlns%3D%22http%3A%2F%2Fwww.w3.org%2F2000%2Fsvg%22%20width%3D%22300%22%20height%3D%22225%22%20viewBox%3D%220%200%20300%20225%22%3E%3C%2Fsvg%3E\" loading=\"eager\"><\/span><span class=\"fg-image-overlay\"><\/span><\/a><figcaption class=\"fg-caption\"><div class=\"fg-caption-inner\"><div class=\"fg-caption-title\">Robotick\u00e9 sva\u0159ov\u00e1n\u00ed<\/div><\/div><\/figcaption><\/figure><div class=\"fg-loader\"><\/div><\/div><div class=\"fg-item fg-type-image fg-idle\"><figure class=\"fg-item-inner\"><a href=\"https:\/\/www.jvmmetal.cz\/wp-content\/uploads\/2019\/02\/roboticke-uchopovace.png\" data-caption-title=\"Robotick\u00e9 uchopova\u010de\" data-attachment-id=\"9798\" data-type=\"image\" class=\"fg-thumb\"><span class=\"fg-image-wrap\"><img decoding=\"async\" title=\"Robotick\u00e9 uchopova\u010de\" height=\"225\" width=\"300\" class=\"skip-lazy fg-image\" data-src-fg=\"https:\/\/www.jvmmetal.cz\/wp-content\/uploads\/cache\/2019\/02\/roboticke-uchopovace\/28622897.png\" src=\"data:image\/svg+xml,%3Csvg%20xmlns%3D%22http%3A%2F%2Fwww.w3.org%2F2000%2Fsvg%22%20width%3D%22300%22%20height%3D%22225%22%20viewBox%3D%220%200%20300%20225%22%3E%3C%2Fsvg%3E\" loading=\"eager\"><\/span><span class=\"fg-image-overlay\"><\/span><\/a><figcaption class=\"fg-caption\"><div class=\"fg-caption-inner\"><div class=\"fg-caption-title\">Robotick\u00e9 uchopova\u010de<\/div><\/div><\/figcaption><\/figure><div class=\"fg-loader\"><\/div><\/div><div class=\"fg-item fg-type-image fg-idle\"><figure class=\"fg-item-inner\"><a href=\"https:\/\/www.jvmmetal.cz\/wp-content\/uploads\/2019\/02\/roboticke-zakladani.png\" data-caption-title=\"Robotick\u00e9 zakl\u00e1d\u00e1n\u00ed\" data-attachment-id=\"9799\" data-type=\"image\" class=\"fg-thumb\"><span class=\"fg-image-wrap\"><img decoding=\"async\" title=\"Robotick\u00e9 zakl\u00e1d\u00e1n\u00ed\" height=\"225\" width=\"300\" class=\"skip-lazy fg-image\" data-src-fg=\"https:\/\/www.jvmmetal.cz\/wp-content\/uploads\/cache\/2019\/02\/roboticke-zakladani\/1169473193.png\" src=\"data:image\/svg+xml,%3Csvg%20xmlns%3D%22http%3A%2F%2Fwww.w3.org%2F2000%2Fsvg%22%20width%3D%22300%22%20height%3D%22225%22%20viewBox%3D%220%200%20300%20225%22%3E%3C%2Fsvg%3E\" loading=\"eager\"><\/span><span class=\"fg-image-overlay\"><\/span><\/a><figcaption class=\"fg-caption\"><div class=\"fg-caption-inner\"><div class=\"fg-caption-title\">Robotick\u00e9 zakl\u00e1d\u00e1n\u00ed<\/div><\/div><\/figcaption><\/figure><div class=\"fg-loader\"><\/div><\/div><\/div>\n\n<p>[\/vc_column_text][\/vc_column][vc_column width=&#8221;1\/3&#8243;][vc_widget_sidebar sidebar_id=&#8221;blog-sidebar&#8221;][\/vc_column][\/vc_row]<\/p>\n<\/div>","protected":false},"excerpt":{"rendered":"<p>[vc_row][vc_column width=&#8221;2\/3&#8243;][vc_custom_heading source=&#8221;post_title&#8221; font_container=&#8221;tag:h1|text_align:left&#8221; use_theme_fonts=&#8221;yes&#8221; css=&#8221;&#8221;][vc_empty_space css=&#8221;.vc_custom_1582546026775{margin: 0px !important;padding: 0px !important;}&#8221;][vc_column_text css=&#8221;.vc_custom_1608111049965{border-radius: 20px !important;}&#8221;]Pon\u00fakame kompletn\u00fa dod\u00e1vku robotick\u00fdch pracov\u00edsk pre v\u0161etky odvetvia priemyselnej automatiz\u00e1cie. Priemyseln\u00e1 robotiz\u00e1cia a priemyseln\u00e1<\/p>\n","protected":false},"author":11,"featured_media":8059,"parent":0,"menu_order":2,"comment_status":"closed","ping_status":"closed","template":"","meta":{"footnotes":""},"categories":[161,130],"tags":[],"class_list":["post-9189","page","type-page","status-publish","has-post-thumbnail","hentry","category-sluzby","category-sluzby-sk"],"_links":{"self":[{"href":"https:\/\/www.jvmmetal.cz\/sk\/wp-json\/wp\/v2\/pages\/9189","targetHints":{"allow":["GET"]}}],"collection":[{"href":"https:\/\/www.jvmmetal.cz\/sk\/wp-json\/wp\/v2\/pages"}],"about":[{"href":"https:\/\/www.jvmmetal.cz\/sk\/wp-json\/wp\/v2\/types\/page"}],"author":[{"embeddable":true,"href":"https:\/\/www.jvmmetal.cz\/sk\/wp-json\/wp\/v2\/users\/11"}],"replies":[{"embeddable":true,"href":"https:\/\/www.jvmmetal.cz\/sk\/wp-json\/wp\/v2\/comments?post=9189"}],"version-history":[{"count":7,"href":"https:\/\/www.jvmmetal.cz\/sk\/wp-json\/wp\/v2\/pages\/9189\/revisions"}],"predecessor-version":[{"id":12071,"href":"https:\/\/www.jvmmetal.cz\/sk\/wp-json\/wp\/v2\/pages\/9189\/revisions\/12071"}],"wp:featuredmedia":[{"embeddable":true,"href":"https:\/\/www.jvmmetal.cz\/sk\/wp-json\/wp\/v2\/media\/8059"}],"wp:attachment":[{"href":"https:\/\/www.jvmmetal.cz\/sk\/wp-json\/wp\/v2\/media?parent=9189"}],"wp:term":[{"taxonomy":"category","embeddable":true,"href":"https:\/\/www.jvmmetal.cz\/sk\/wp-json\/wp\/v2\/categories?post=9189"},{"taxonomy":"post_tag","embeddable":true,"href":"https:\/\/www.jvmmetal.cz\/sk\/wp-json\/wp\/v2\/tags?post=9189"}],"curies":[{"name":"wp","href":"https:\/\/api.w.org\/{rel}","templated":true}]}}