{"id":9264,"date":"2018-09-18T08:08:02","date_gmt":"2018-09-18T08:08:02","guid":{"rendered":"https:\/\/www.jvmmetal.cz\/?page_id=9264"},"modified":"2026-01-23T12:32:55","modified_gmt":"2026-01-23T12:32:55","slug":"kovovyroba-2","status":"publish","type":"page","link":"https:\/\/www.jvmmetal.cz\/sk\/kovovyroba-2\/","title":{"rendered":"Kovov\u00fdroba"},"content":{"rendered":"<div class=\"wpb-content-wrapper\"><p>[vc_row][vc_column width=&#8221;2\/3&#8243;][vc_custom_heading source=&#8221;post_title&#8221; font_container=&#8221;tag:h1|text_align:left&#8221; use_theme_fonts=&#8221;yes&#8221; css=&#8221;&#8221;]<header class=\"kd-section-title vc_col-lg-6 vc_col-sm-8 text-left solid-line sep-border-width-2     vc_custom_1584610433522\" ><h2 class=\"separator_on\" >Kovov\u00fdroba - na\u0161a ponuka<\/h2><div class=\"kd-separator below_title\" ><div class=\"kd-separator-line\" ><\/div><\/div><\/header><div id=\"mpc_grid_posts_3269f59987b532b\" class=\"mpc-grid-posts mpc-init mpc-init mpc-transition mpc-overlay--fade mpc-item--fade mpc-layout--style_1  \"  data-grid-cols=\"3\"><div class=\"mpc-grid-sizer\"><\/div><div onclick=\"\" class=\"mpc-post\"><div class=\"mpc-post__wrapper\"><div class=\"mpc-post__thumbnail\" data-mpc_src=\"https:\/\/www.jvmmetal.cz\/wp-content\/uploads\/2018\/09\/sva\u0159ov\u00e1n\u00ed-nerezov\u00e9-oceli-400x225.jpg\" data-mpc_link=\"https:\/\/www.jvmmetal.cz\/sk\/antikorova-vyroba\/\"><div class=\"mpc-post__overlay mpc-transition\"><div class=\"mpc-post--vertical-wrap\"><div class=\"mpc-post--vertical\" data-mpc_link=\"https:\/\/www.jvmmetal.cz\/sk\/antikorova-vyroba\/\"><a href=\"https:\/\/www.jvmmetal.cz\/sk\/antikorova-vyroba\/\" title=\"\u010c\u00edtaj viac o Antikorov\u00e1 v\u00fdroba\" class=\"mpc-icon-anchor\"><i class=\"mpc-post-overlay__icon mpc-type--readmore fa fa-stop\"><\/i><\/a><div class=\"mpc-post__content mpc-transition\"><h3 class=\"mpc-post__heading mpc-transition mpc-typography--preset_0 mpc-text-overflow\"><a href=\"https:\/\/www.jvmmetal.cz\/sk\/antikorova-vyroba\/\" title=\"Antikorov\u00e1 v\u00fdroba\">Antikorov\u00e1 v\u00fdroba<\/a><\/h3><\/div><\/div><\/div><\/div><\/div><div class=\"mpc-post__content mpc-transition\"><h3 class=\"mpc-post__heading mpc-transition mpc-typography--preset_0 mpc-text-overflow\"><a href=\"https:\/\/www.jvmmetal.cz\/sk\/antikorova-vyroba\/\" title=\"Antikorov\u00e1 v\u00fdroba\">Antikorov\u00e1 v\u00fdroba<\/a><\/h3><\/div><\/div><\/div><div onclick=\"\" class=\"mpc-post\"><div class=\"mpc-post__wrapper\"><div class=\"mpc-post__thumbnail\" data-mpc_src=\"https:\/\/www.jvmmetal.cz\/wp-content\/uploads\/2018\/09\/oh\u00fdb\u00e1n\u00ed-dr\u00e1t\u016f-1-400x267.jpg\" data-mpc_link=\"https:\/\/www.jvmmetal.cz\/sk\/cnc-ohybanie-drotov-3d\/\"><div class=\"mpc-post__overlay mpc-transition\"><div class=\"mpc-post--vertical-wrap\"><div class=\"mpc-post--vertical\" data-mpc_link=\"https:\/\/www.jvmmetal.cz\/sk\/cnc-ohybanie-drotov-3d\/\"><a href=\"https:\/\/www.jvmmetal.cz\/sk\/cnc-ohybanie-drotov-3d\/\" title=\"\u010c\u00edtaj viac o CNC Oh\u00fdbanie dr\u00f4tov 3D\" class=\"mpc-icon-anchor\"><i class=\"mpc-post-overlay__icon mpc-type--readmore fa fa-stop\"><\/i><\/a><div class=\"mpc-post__content mpc-transition\"><h3 class=\"mpc-post__heading mpc-transition mpc-typography--preset_0 mpc-text-overflow\"><a href=\"https:\/\/www.jvmmetal.cz\/sk\/cnc-ohybanie-drotov-3d\/\" title=\"CNC Oh\u00fdbanie dr\u00f4tov 3D\">CNC Oh\u00fdbanie dr\u00f4tov 3D<\/a><\/h3><\/div><\/div><\/div><\/div><\/div><div class=\"mpc-post__content mpc-transition\"><h3 class=\"mpc-post__heading mpc-transition mpc-typography--preset_0 mpc-text-overflow\"><a href=\"https:\/\/www.jvmmetal.cz\/sk\/cnc-ohybanie-drotov-3d\/\" title=\"CNC Oh\u00fdbanie dr\u00f4tov 3D\">CNC Oh\u00fdbanie dr\u00f4tov 3D<\/a><\/h3><\/div><\/div><\/div><div onclick=\"\" class=\"mpc-post\"><div class=\"mpc-post__wrapper\"><div class=\"mpc-post__thumbnail\" data-mpc_src=\"https:\/\/www.jvmmetal.cz\/wp-content\/uploads\/2018\/09\/tvarove-\u0159ez\u00e1n\u00ed-plechu-400x300.jpg\" data-mpc_link=\"https:\/\/www.jvmmetal.cz\/sk\/lisovanie\/\"><div class=\"mpc-post__overlay mpc-transition\"><div class=\"mpc-post--vertical-wrap\"><div class=\"mpc-post--vertical\" data-mpc_link=\"https:\/\/www.jvmmetal.cz\/sk\/lisovanie\/\"><a href=\"https:\/\/www.jvmmetal.cz\/sk\/lisovanie\/\" title=\"\u010c\u00edtaj viac o Lisovanie\" class=\"mpc-icon-anchor\"><i class=\"mpc-post-overlay__icon mpc-type--readmore fa fa-stop\"><\/i><\/a><div class=\"mpc-post__content mpc-transition\"><h3 class=\"mpc-post__heading mpc-transition mpc-typography--preset_0 mpc-text-overflow\"><a href=\"https:\/\/www.jvmmetal.cz\/sk\/lisovanie\/\" title=\"Lisovanie\">Lisovanie<\/a><\/h3><\/div><\/div><\/div><\/div><\/div><div class=\"mpc-post__content mpc-transition\"><h3 class=\"mpc-post__heading mpc-transition mpc-typography--preset_0 mpc-text-overflow\"><a href=\"https:\/\/www.jvmmetal.cz\/sk\/lisovanie\/\" title=\"Lisovanie\">Lisovanie<\/a><\/h3><\/div><\/div><\/div><div onclick=\"\" class=\"mpc-post\"><div class=\"mpc-post__wrapper\"><div class=\"mpc-post__thumbnail\" data-mpc_src=\"https:\/\/www.jvmmetal.cz\/wp-content\/uploads\/2019\/01\/Robotick\u00e9-sva\u0159ovac\u00ed-pracovi\u0161t\u011b-400x267.jpg\" data-mpc_link=\"https:\/\/www.jvmmetal.cz\/sk\/roboticke-zvaranie\/\"><div class=\"mpc-post__overlay mpc-transition\"><div class=\"mpc-post--vertical-wrap\"><div class=\"mpc-post--vertical\" data-mpc_link=\"https:\/\/www.jvmmetal.cz\/sk\/roboticke-zvaranie\/\"><a href=\"https:\/\/www.jvmmetal.cz\/sk\/roboticke-zvaranie\/\" title=\"\u010c\u00edtaj viac o Robotick\u00e9 zv\u00e1ranie\" class=\"mpc-icon-anchor\"><i class=\"mpc-post-overlay__icon mpc-type--readmore fa fa-stop\"><\/i><\/a><div class=\"mpc-post__content mpc-transition\"><h3 class=\"mpc-post__heading mpc-transition mpc-typography--preset_0 mpc-text-overflow\"><a href=\"https:\/\/www.jvmmetal.cz\/sk\/roboticke-zvaranie\/\" title=\"Robotick\u00e9 zv\u00e1ranie\">Robotick\u00e9 zv\u00e1ranie<\/a><\/h3><\/div><\/div><\/div><\/div><\/div><div class=\"mpc-post__content mpc-transition\"><h3 class=\"mpc-post__heading mpc-transition mpc-typography--preset_0 mpc-text-overflow\"><a href=\"https:\/\/www.jvmmetal.cz\/sk\/roboticke-zvaranie\/\" title=\"Robotick\u00e9 zv\u00e1ranie\">Robotick\u00e9 zv\u00e1ranie<\/a><\/h3><\/div><\/div><\/div><\/div>[vc_empty_space][vc_column_text]<strong>Antikorov\u00e1 v\u00fdroba<\/strong>\u00a0&#8211; z\u00e1kazkov\u00e1 v\u00fdroboa z nehrdzavej\u00facej ocele. V\u010faka dlhoro\u010dn\u00fdm sk\u00fasenostiam v tomto odbore pon\u00fakame v\u00fdrobu na vysokej kvalitat\u00edvnej \u00farovni.<\/p>\n<p><strong>CNC Oh\u00fdbanie dr\u00f4tov 3D<\/strong>\u00a0&#8211; presn\u00e9 oh\u00fdbanie dr\u00f4tu na CNC oh\u00fdbac\u00edch centr\u00e1ch.<\/p>\n<p><strong>Valcovanie z\u00e1vitov <\/strong>\u00a0&#8211;\u00a0hlavnou prednos\u0165ou valcovania z\u00e1vitov je ve\u013ek\u00e1 pevnos\u0165 materi\u00e1lu, ktor\u00e1 vznik\u00e1 spracovan\u00edm za studena.<\/p>\n<p><strong>Zv\u00e1ranie<\/strong>\u00a0&#8211; zv\u00e1ranie nerezu &#8211; <strong>TIG<\/strong>, tj. zv\u00e1ranie v ochrannej atmosf\u00e9re inertn\u00e9ho plynu (arg\u00f3n).<\/p>\n<p><strong>Lisovanie<\/strong>\u00a0&#8211;\u00a0disponujeme v\u00fdstredn\u00edkov\u00fdmi a hydraulick\u00fdmi lismi s ve\u013ek\u00fdm mno\u017estvom lisovac\u00edch, stri\u017en\u00fdch a ohybov\u00fdch lisovac\u00edch n\u00e1strojov.<\/p>\n<p><strong>Rezanie plazmou<\/strong> &#8211; pon\u00fakame presn\u00e9 rezanie na profesion\u00e1lnej CNC plazmov\u00e9 reza\u010dke.Jsme schopn\u00ed docieli\u0165 vysokej presnosti aj pri v\u00e4\u010d\u0161ej sile plechu.<\/p>\n<p>V\u010faka n\u00e1\u0161mu vybavenie, znalostiam a sk\u00fasenostiam sme schopn\u00ed realizova\u0165 priemyseln\u00e9 logistick\u00e9 linky, ale aj z\u00e1kazkov\u00fa a s\u00e9riov\u00fa kovov\u00fdrobu, z\u00e1mo\u010dn\u00edcke pr\u00e1ce, samonosn\u00e9 br\u00e1ny, kovov\u00e1 schodiska a \u010fal\u0161ie produkty.[\/vc_column_text][\/vc_column][vc_column width=&#8221;1\/3&#8243;][vc_widget_sidebar sidebar_id=&#8221;blog-sidebar&#8221;][\/vc_column][\/vc_row]<\/p>\n<\/div>","protected":false},"excerpt":{"rendered":"<p>[vc_row][vc_column width=&#8221;2\/3&#8243;][vc_custom_heading source=&#8221;post_title&#8221; font_container=&#8221;tag:h1|text_align:left&#8221; use_theme_fonts=&#8221;yes&#8221; css=&#8221;&#8221;][vc_empty_space][vc_column_text]Antikorov\u00e1 v\u00fdroba\u00a0&#8211; z\u00e1kazkov\u00e1 v\u00fdroboa z nehrdzavej\u00facej ocele. V\u010faka dlhoro\u010dn\u00fdm sk\u00fasenostiam v tomto odbore pon\u00fakame v\u00fdrobu na vysokej kvalitat\u00edvnej \u00farovni. CNC Oh\u00fdbanie dr\u00f4tov<\/p>\n","protected":false},"author":11,"featured_media":9772,"parent":0,"menu_order":4,"comment_status":"closed","ping_status":"closed","template":"","meta":{"footnotes":""},"categories":[161,130],"tags":[],"class_list":["post-9264","page","type-page","status-publish","has-post-thumbnail","hentry","category-sluzby","category-sluzby-sk"],"_links":{"self":[{"href":"https:\/\/www.jvmmetal.cz\/sk\/wp-json\/wp\/v2\/pages\/9264","targetHints":{"allow":["GET"]}}],"collection":[{"href":"https:\/\/www.jvmmetal.cz\/sk\/wp-json\/wp\/v2\/pages"}],"about":[{"href":"https:\/\/www.jvmmetal.cz\/sk\/wp-json\/wp\/v2\/types\/page"}],"author":[{"embeddable":true,"href":"https:\/\/www.jvmmetal.cz\/sk\/wp-json\/wp\/v2\/users\/11"}],"replies":[{"embeddable":true,"href":"https:\/\/www.jvmmetal.cz\/sk\/wp-json\/wp\/v2\/comments?post=9264"}],"version-history":[{"count":3,"href":"https:\/\/www.jvmmetal.cz\/sk\/wp-json\/wp\/v2\/pages\/9264\/revisions"}],"predecessor-version":[{"id":12188,"href":"https:\/\/www.jvmmetal.cz\/sk\/wp-json\/wp\/v2\/pages\/9264\/revisions\/12188"}],"wp:featuredmedia":[{"embeddable":true,"href":"https:\/\/www.jvmmetal.cz\/sk\/wp-json\/wp\/v2\/media\/9772"}],"wp:attachment":[{"href":"https:\/\/www.jvmmetal.cz\/sk\/wp-json\/wp\/v2\/media?parent=9264"}],"wp:term":[{"taxonomy":"category","embeddable":true,"href":"https:\/\/www.jvmmetal.cz\/sk\/wp-json\/wp\/v2\/categories?post=9264"},{"taxonomy":"post_tag","embeddable":true,"href":"https:\/\/www.jvmmetal.cz\/sk\/wp-json\/wp\/v2\/tags?post=9264"}],"curies":[{"name":"wp","href":"https:\/\/api.w.org\/{rel}","templated":true}]}}